{"id":11665,"date":"2025-11-29T00:17:28","date_gmt":"2025-11-29T00:17:28","guid":{"rendered":"https:\/\/asura.lv\/product\/adjustable-balcony-mounting-bracket-for-photovoltaic-panels-sbr02\/"},"modified":"2025-12-12T16:01:54","modified_gmt":"2025-12-12T14:01:54","slug":"adjustable-balcony-mounting-bracket-for-photovoltaic-panels-sbr02","status":"publish","type":"product","link":"https:\/\/asura.lv\/lt\/produktas\/adjustable-balcony-mounting-bracket-for-photovoltaic-panels-sbr02\/","title":{"rendered":"Reguliuojamas balkono tvirtinimo laikiklis fotovoltin\u0117ms plok\u0161t\u0117ms SBR02"},"content":{"rendered":"<h3>Reguliuojamas balkono tvirtinimo laikiklis fotovoltin\u0117ms plok\u0161t\u0117ms SBR02<\/h3>\n<p>Reguliuojamas laikiklis SBR02 leid\u017eia montuoti fotovoltines plok\u0161tes ant balkono tur\u0117kl\u0173 ar tvor\u0173. Konstrukcijoje naudojama trikampi\u0173 laikikli\u0173 ir W40B tvirtinimo b\u0117geli\u0173 sistema, kuri u\u017etikrina tvirt\u0105 ir patvar\u0173 tvirtinim\u0105. Tuo pa\u010diu metu gaminys yra labai patvarus ir atsparus pa\u017eeidimams.<\/p>\n<p>\n<img decoding=\"async\" alt=\"Fotovoltin\u0117 plok\u0161t\u0117 pritvirtinta prie tur\u0117kl\u0173 m\u0117lyname fone\" border=\"0\" src=\"https:\/\/assets.innpro.pl\/18340\/24359\/1.jpg\"\/>\n<\/p>\n<h3>Tvirtinimas kabliukais ir var\u017etais<\/h3>\n<p>Rinkinys tvirtinamas prie vertikali\u0173 arba horizontali\u0173 baliustrad\u0173 kabliukais ir \u0161e\u0161iabriauniais var\u017etais. D\u0117l to visas daiktas stovi stabiliai ir leid\u017eia saugiai pritvirtinti plok\u0161tes.<\/p>\n<p>\n<img decoding=\"async\" alt=\"Balkono su fotovoltin\u0117mis plok\u0161t\u0117mis ant baliustrados m\u0117lyname fone maketas\" border=\"0\" src=\"https:\/\/assets.innpro.pl\/18340\/24359\/5.jpg\"\/>\n<\/p>\n<h3>Reguliuojamas dizainas<\/h3>\n<p>Reguliuojamas dizainas leid\u017eia optimaliai i\u0161d\u0117styti fotovoltines plok\u0161tes saul\u0117s at\u017evilgiu. Taigi galite m\u0117gautis puikiu j\u0173 na\u0161umu ir maksimaliai padidinti energijos gamyb\u0105!<\/p>\n<p>\n<img decoding=\"async\" alt=\"Du tur\u0117klai su pritvirtintomis fotovoltin\u0117mis plok\u0161t\u0117mis m\u0117lyname fone\" border=\"0\" src=\"https:\/\/assets.innpro.pl\/18340\/24359\/3.jpg\"\/>\n<\/p>\n<div class=\"table-wrapper\">\n<p>B\u00a0<\/p>\n<h3><\/h3>\n<table>\n<tbody>\n<tr>\n<th>Pavadinimas<\/th>\n<td>Reguliuojamas balkono tvirtinimo laikiklis fotovoltin\u0117ms plok\u0161t\u0117ms<\/td>\n<\/tr>\n<tr>\n<th>Modelis<\/th>\n<td>SBR02<\/td>\n<\/tr>\n<tr>\n<th>Paskirtis<\/th>\n<td>Balkon\u0173 tur\u0117klai ir tvoros<\/td>\n<\/tr>\n<tr>\n<th>Konstrukcija<\/th>\n<td>Trikampiai laikikliai + W40B b\u0117gelis<\/td>\n<\/tr>\n<\/tbody>\n<\/table>\n<\/div>\n","protected":false},"excerpt":{"rendered":"<p>Reguliuojamas balkono tvirtinimo laikiklis fotovoltin\u0117ms plok\u0161t\u0117ms SBR02 Reguliuojamas laikiklis SBR02 leid\u017eia montuoti fotovoltines plok\u0161tes ant balkono tur\u0117kl\u0173 ar tvor\u0173. Konstrukcijoje naudojama trikampi\u0173 laikikli\u0173 ir W40B tvirtinimo b\u0117geli\u0173 sistema, kuri u\u017etikrina tvirt\u0105 ir patvar\u0173 tvirtinim\u0105. Tuo pa\u010diu metu gaminys yra labai patvarus ir atsparus pa\u017eeidimams. Tvirtinimas kabliukais ir var\u017etais Rinkinys tvirtinamas prie vertikali\u0173 arba horizontali\u0173 baliustrad\u0173 [&#8230;]\n","protected":false},"featured_media":11666,"comment_status":"open","ping_status":"closed","template":"","meta":[],"product_brand":[247],"product_cat":[965],"product_tag":[],"class_list":{"0":"post-11665","1":"product","2":"type-product","3":"status-publish","4":"has-post-thumbnail","6":"product_brand-ecoflow","7":"product_cat-accessories-photovoltaic-panels-photovoltaic-panels","9":"first","10":"outofstock","11":"taxable","12":"shipping-taxable","13":"purchasable","14":"product-type-simple"},"aioseo_notices":[],"_links":{"self":[{"href":"https:\/\/asura.lv\/lt\/wp-json\/wp\/v2\/product\/11665","targetHints":{"allow":["GET"]}}],"collection":[{"href":"https:\/\/asura.lv\/lt\/wp-json\/wp\/v2\/product"}],"about":[{"href":"https:\/\/asura.lv\/lt\/wp-json\/wp\/v2\/types\/product"}],"replies":[{"embeddable":true,"href":"https:\/\/asura.lv\/lt\/wp-json\/wp\/v2\/comments?post=11665"}],"wp:featuredmedia":[{"embeddable":true,"href":"https:\/\/asura.lv\/lt\/wp-json\/wp\/v2\/media\/11666"}],"wp:attachment":[{"href":"https:\/\/asura.lv\/lt\/wp-json\/wp\/v2\/media?parent=11665"}],"wp:term":[{"taxonomy":"product_brand","embeddable":true,"href":"https:\/\/asura.lv\/lt\/wp-json\/wp\/v2\/product_brand?post=11665"},{"taxonomy":"product_cat","embeddable":true,"href":"https:\/\/asura.lv\/lt\/wp-json\/wp\/v2\/product_cat?post=11665"},{"taxonomy":"product_tag","embeddable":true,"href":"https:\/\/asura.lv\/lt\/wp-json\/wp\/v2\/product_tag?post=11665"}],"curies":[{"name":"wp","href":"https:\/\/api.w.org\/{rel}","templated":true}]}}