{"id":11689,"date":"2025-11-29T00:17:26","date_gmt":"2025-11-29T00:17:26","guid":{"rendered":"https:\/\/asura.lv\/product\/smart-switchbot-relay-switch-1pm\/"},"modified":"2025-12-12T16:01:53","modified_gmt":"2025-12-12T14:01:53","slug":"smart-switchbot-relay-switch-1pm","status":"publish","type":"product","link":"https:\/\/asura.lv\/lt\/produktas\/smart-switchbot-relay-switch-1pm\/","title":{"rendered":"\u201eSmart SwitchBot\u201c rel\u0117s jungiklis 13:00."},"content":{"rendered":"<h3>I\u0161manusis \u201eSwitchBot Relay Switch 1PM\u201c jungiklis<\/h3>\n<p>\u201eSwitchBot Relay Switch 1PM\u201c yra pa\u017eangus \u012frenginys, palaikantis \u201eMatter\u201c protokol\u0105, u\u017etikrinant\u012f skland\u0173 s\u0105veik\u0105 su keliomis i\u0161mani\u0173j\u0173 nam\u0173 platformomis. Tur\u0117dami \u201eMatter\u201c sertifikat\u0105, galite vienu metu valdyti du \u201eBluetooth SwitchBot\u201c \u012frenginius, integruodami juos su \u201eApple Home\u201c, \u201eAlexa\u201c, \u201eGoogle Home\u201c ir \u201eSmartThings\u201c \u2013 visa tai i\u0161 vienos program\u0117l\u0117s. \u0160is sprendimas panaikina poreik\u012f perjungti skirtingas platformas, tod\u0117l yra patogus ir paprastas naudoti.<\/p>\n<p>\n<img decoding=\"async\" alt=\"Orange SwitchBot modulis su AC 100-240V ir DC 24-30V prijungimo schema, m\u0117lyn\u0173 gnybt\u0173 vaizdas i\u0161 vir\u0161aus\" border=\"0\" src=\"https:\/\/assets.innpro.pl\/18517\/24636\/1.jpg\"\/>\n<\/p>\n<h3>Patobulintas \u201eBluetooth\u201c tinklas<\/h3>\n<p>\u012emontuotas \u201eBluetooth\u201c kartotuvas, esantis \u201eRelay Switch 1PM\u201c, gali palaikyti iki 10 \u201eBluetooth SwitchBot\u201c \u012frengini\u0173, i\u0161pl\u0117sdamas tinklo diapazon\u0105 iki 80 metr\u0173 atviroje erdv\u0117je. \u0160i funkcija u\u017etikrina, kad ry\u0161ys i\u0161likt\u0173 stabilus net didesniuose namuose, u\u017etikrinant patikim\u0105 ry\u0161\u012f tarp \u012frengini\u0173. Galite nuotoliniu b\u016bdu per\u017ei\u016br\u0117ti kiekvieno prijungto \u012frenginio b\u016bsen\u0105 ir prijungti juos prie automatizavimo sistem\u0173, taip sukurdami visapus\u0119 i\u0161mani\u0173j\u0173 nam\u0173 sistem\u0105.<\/p>\n<p>\n<img decoding=\"async\" alt=\"Moteris ir vaikas gamina maist\u0105 virtuv\u0117je, de\u0161in\u0117je \u2013 \u201eSwitchBot\u201c laid\u0173 schema u\u017e \u0161viesos jungiklio\" border=\"0\" src=\"https:\/\/assets.innpro.pl\/18517\/24636\/2.jpg\"\/>\n<\/p>\n<h3>Momentin\u0117 automatizacija nekei\u010diant \u012frengini\u0173<\/h3>\n<p>\u201eSwitchBot\u201c relinis jungiklis 1PM vos per 10 minu\u010di\u0173 paver\u010dia tradicin\u012f ap\u0161vietim\u0105 ir prietaisus i\u0161maniosiomis sistemomis. Jums nereikia keisti esam\u0173 jungikli\u0173 ar laid\u0173 \u2013 produktas puikiai veikia su sieniniais jungikliais, lempomis, \u0161ildytuvais, lub\u0173 ventiliatoriais ir kt. Kompakti\u0161ki matmenys (42 x 36 x 16 mm) ir vos 27 gram\u0173 svoris leid\u017eia diskreti\u0161kai montuoti tiesiai \u012f \u012fleid\u017eiam\u0105sias d\u0117\u017eutes.<\/p>\n<p>\n<img decoding=\"async\" alt=\"ESP52 mikroschemos ant spausdintin\u0117s plok\u0161t\u0117s su m\u0117lynu foniniu ap\u0161vietimu stambus planas, fone elektroniniai komponentai\" border=\"0\" src=\"https:\/\/assets.innpro.pl\/18517\/24636\/4.jpg\"\/>\n<\/p>\n<h3>I\u0161samus energijos suvartojimo steb\u0117jimas<\/h3>\n<p>1PM i\u0161siskiria pa\u017eangia energijos suvartojimo steb\u0117jimo realiuoju laiku funkcija. Galite steb\u0117ti i\u0161samias energijos ataskaitas su nemokama metine prieiga prie duomen\u0173 debesies, eksportuoti statistik\u0105 ir optimizuoti energijos suvartojim\u0105, taip suma\u017eindami s\u0105skaitas. \u012erenginys rodo dienos energijos suvartojim\u0105, bendr\u0105 \u012fjungimo laik\u0105, gali\u0105, srov\u0119, \u012ftamp\u0105 ir bendr\u0105 ankstesn\u0117s dienos gali\u0105.<\/p>\n<p>\n<img decoding=\"async\" alt=\"\u201eSwitchBot\u201c modulio priekinis vaizdas, kuriame rodoma laid\u0173 schema su pa\u017eym\u0117tomis O, SW, L ir N \u012f\u0117jimais\" border=\"0\" src=\"https:\/\/assets.innpro.pl\/18517\/24636\/5.jpg\"\/>\n<\/p>\n<h3>Daugiakanalis valdymas<\/h3>\n<p>\u201eSwitchBot Relay Switch 1PM\u201c si\u016blo patog\u0173 valdym\u0105 balsu per \u201eAlexa\u201c, \u201eSiri\u201c ir \u201eGoogle Assistant\u201c, leid\u017eiant\u012f valdyti \u012frenginius laisv\u0173 rank\u0173 \u012franga. Nuotolinio valdymo funkcija veikia per \u201eWi-Fi\u201c ir \u201eBluetooth\u201c, u\u017etikrindama vietin\u012f valdym\u0105 net ir nutr\u016bkus interneto ry\u0161iui. Galite nustatyti pasirinktinius tvarkara\u0161\u010dius, kad nakt\u012f automati\u0161kai i\u0161jungtum\u0117te \u0161viesas ir taupytum\u0117te energij\u0105, ir naudoti judesio jutiklius, kad automati\u0161kai \u012fjungtum\u0117te \u0161viesas atidarius duris.<\/p>\n<p>\n<img decoding=\"async\" alt=\"Du \u201eSwitchBot\u201c moduliai oran\u017einiame korpuse su m\u0117lynais gnybtais, vaizdas i\u0161 skirting\u0173 perspektyv\u0173\" border=\"0\" src=\"https:\/\/assets.innpro.pl\/18517\/24636\/7.jpg\"\/>\n<\/p>\n<h3>Auk\u0161\u010diausio lygio saugumas<\/h3>\n<p>\u201eSwitchBot\u201c relinis jungiklis 1PM turi i\u0161samias saugos funkcijas, \u012fskaitant apsaug\u0105 nuo perkaitimo (automatinis i\u0161sijungimas esant auk\u0161tesnei nei 100 \u00b0C temperat\u016brai), perkrovos ir avarinio elektros energijos tiekimo i\u0161jungimo funkcij\u0105. V0 korpusas, pagamintas i\u0161 ugniai atsparios med\u017eiagos ir turintis ES, CE bei ROHS sertifikatus, garantuoja auk\u0161\u010diausi\u0105 j\u016bs\u0173 nam\u0173 elektros sistemos saugos lyg\u012f. Produktas palaiko tiek kintam\u0105j\u0105 (100\u2013240 V, maks. 16 A), tiek nuolatin\u0119 (24 V\u201330 V, maks. 10 A) srov\u0119.<\/p>\n<p>\n<img decoding=\"async\" alt=\"SwitchBot modulio skerspj\u016bvis, kuriame pavaizduota elektronin\u0117 plok\u0161t\u0117, ekranu apsaugota mikroschema ir gnybtai\" border=\"0\" src=\"https:\/\/assets.innpro.pl\/18517\/24636\/3.jpg\"\/>\n<\/p>\n<h3>Lankst\u016bs jungikli\u0173 veikimo re\u017eimai<\/h3>\n<p>Rel\u0117s jungiklio 1PM modelis palaiko \u012fvairi\u0173 tip\u0173 jungiklius. Perjungimo jungiklio re\u017eimas palaiko \u201e\u012fjungta\u201c ir \u201ei\u0161jungta\u201c b\u016bsenas, idealiai tinka tradiciniams \u0161viesos jungikliams. Momentinis jungiklis yra spyruoklin\u0117 parinktis, kuri laikinai pakei\u010dia rel\u0117s b\u016bsen\u0105 paspaudus, da\u017enai naudojama su dur\u0173 skambu\u010diais ir prieigos kontrol\u0117s sistemomis. Atskiras jungiklis fizi\u0161kai atskiria sienin\u012f jungikl\u012f nuo \u012frenginio, tod\u0117l galima valdyti nepriklausomai. Kra\u0161tinis jungiklis reaguoja \u012f kiekvien\u0105 mygtuko paspaudim\u0105, keisdamas b\u016bsen\u0105 nepriklausomai nuo ankstesn\u0117s pad\u0117ties, kuri idealiai tinka lubiniams \u0161viestuvams.<\/p>\n<p>\n<img decoding=\"async\" alt=\"SwitchBot modulis su matoma laid\u0173 schema, MAX 16A, antras modulis matomas fone\" border=\"0\" src=\"https:\/\/assets.innpro.pl\/18517\/24636\/6.jpg\"\/>\n<\/p>\n<div class=\"table-wrapper\">\n<p>\u0412\u00a0<\/p>\n<h3><\/h3>\n<table>\n<tbody>\n<tr>\n<th>Gamintojas<\/th>\n<td>SwitchBot<\/td>\n<\/tr>\n<tr>\n<th>Modelis<\/th>\n<td>Relinis jungiklis 1PM<\/td>\n<\/tr>\n<tr>\n<th>Matmenys<\/th>\n<td>42 x 36 x 16 mm (\u00b10,5 mm)<\/td>\n<\/tr>\n<tr>\n<th>Svoris<\/th>\n<td>27 g (\u00b10,9 uncijos)<\/td>\n<\/tr>\n<tr>\n<th>Med\u017eiaga<\/th>\n<td>PC<\/td>\n<\/tr>\n<tr>\n<th>Kintamosios srov\u0117s maitinimo \u0161altinis<\/th>\n<td>100\u2013240 V 50\/60 Hz<\/td>\n<\/tr>\n<tr>\n<th>Nuolatin\u0117s srov\u0117s maitinimo \u0161altinis<\/th>\n<td>24 V\u201330 V<\/td>\n<\/tr>\n<tr>\n<th>Maksimali kintamosios srov\u0117s i\u0161\u0117jimo srov\u0117<\/th>\n<td>16 A<\/td>\n<\/tr>\n<tr>\n<th>Maksimali nuolatin\u0117s srov\u0117s i\u0161\u0117jimo srov\u0117<\/th>\n<td>10 A<\/td>\n<\/tr>\n<tr>\n<th>Prijungimo b\u016bdas<\/th>\n<td>\u201eWi-Fi\u201c + BLE<\/td>\n<\/tr>\n<tr>\n<th>\u012erengimo b\u016bdas<\/th>\n<td>Integruotas<\/td>\n<\/tr>\n<tr>\n<th>\u201eBluetooth\u201c veikimo atstumas (patalpose)<\/th>\n<td>Maksimalus 10 metr\u0173 \/ 33 p\u0117dos<\/td>\n<\/tr>\n<tr>\n<th>\u201eBluetooth\u201c veikimo atstumas (lauke)<\/th>\n<td>daugiausia 30 metr\u0173 \/ 100 p\u0117d\u0173<\/td>\n<\/tr>\n<tr>\n<th>\u201eWi-Fi\u201c veikimo atstumas (patalpose)<\/th>\n<td>daugiausia 30 metr\u0173 \/ 100 p\u0117d\u0173<\/td>\n<\/tr>\n<tr>\n<th>\u201eWi-Fi\u201c veikimo atstumas (lauke)<\/th>\n<td>daugiausia 50 metr\u0173 \/ 160 p\u0117d\u0173<\/td>\n<\/tr>\n<tr>\n<th>Sertifikatai<\/th>\n<td>ES, CE, ROHS<\/td>\n<\/tr>\n<tr>\n<th>Mygtuko funkcija<\/th>\n<td>\u012ejungimo \/ i\u0161jungimo valdymas<\/td>\n<\/tr>\n<tr>\n<th>Energijos matavimas<\/th>\n<td>Taip (dienos, m\u0117nesio ir met\u0173 energijos suvartojimas su 1 met\u0173 duomen\u0173 saugojimo apribojimu)<\/td>\n<\/tr>\n<tr>\n<th>Apsauga nuo perkrovos<\/th>\n<td>Automatinis i\u0161\u0117jimo atjungimas perkrovos atveju perkrova<\/td>\n<\/tr>\n<tr>\n<th>Apsauga nuo perkaitimo<\/th>\n<td>Momentinis atjungimas, jei temperat\u016bra vir\u0161ija 100 \u00b0C<\/td>\n<\/tr>\n<tr>\n<th>Re\u017eim\u0173 perjungimas<\/th>\n<td>Perjungimas, momentinis, atjungtas, kra\u0161tinis<\/td>\n<\/tr>\n<tr>\n<th>\u201eMatter\u201c palaikymas<\/th>\n<td>Taip (galimyb\u0117 prid\u0117ti \u012frengin\u012f prie \u201eHome\u201c program\u0117l\u0117s ir prijungti papildomus \u201eMatter\u201c \u012frenginius)<\/td>\n<\/tr>\n<tr>\n<th>Maksimalus prijungt\u0173 \u201eBluetooth\u201c \u012frengini\u0173 skai\u010dius<\/th>\n<td>10<\/td>\n<\/tr>\n<tr><\/tr>\n<\/tbody>\n<\/table>\n<\/div>\n","protected":false},"excerpt":{"rendered":"<p>I\u0161manusis \u201eSwitchBot Relay Switch 1PM\u201c jungiklis \u201eSwitchBot Relay Switch 1PM\u201c yra pa\u017eangus \u012frenginys, palaikantis \u201eMatter\u201c protokol\u0105, u\u017etikrinant\u012f skland\u0173 s\u0105veik\u0105 su keliomis i\u0161mani\u0173j\u0173 nam\u0173 platformomis. Tur\u0117dami \u201eMatter\u201c sertifikat\u0105, galite vienu metu valdyti du \u201eBluetooth SwitchBot\u201c \u012frenginius, integruodami juos su \u201eApple Home\u201c, \u201eAlexa\u201c, \u201eGoogle Home\u201c ir \u201eSmartThings\u201c \u2013 visa tai i\u0161 vienos program\u0117l\u0117s. \u0160is sprendimas panaikina poreik\u012f [&#8230;]\n","protected":false},"featured_media":11690,"comment_status":"open","ping_status":"closed","template":"","meta":[],"product_brand":[460],"product_cat":[932],"product_tag":[],"class_list":{"0":"post-11689","1":"product","2":"type-product","3":"status-publish","4":"has-post-thumbnail","6":"product_brand-switchbot","7":"product_cat-switches","9":"first","10":"outofstock","11":"taxable","12":"shipping-taxable","13":"purchasable","14":"product-type-simple"},"aioseo_notices":[],"_links":{"self":[{"href":"https:\/\/asura.lv\/lt\/wp-json\/wp\/v2\/product\/11689","targetHints":{"allow":["GET"]}}],"collection":[{"href":"https:\/\/asura.lv\/lt\/wp-json\/wp\/v2\/product"}],"about":[{"href":"https:\/\/asura.lv\/lt\/wp-json\/wp\/v2\/types\/product"}],"replies":[{"embeddable":true,"href":"https:\/\/asura.lv\/lt\/wp-json\/wp\/v2\/comments?post=11689"}],"wp:featuredmedia":[{"embeddable":true,"href":"https:\/\/asura.lv\/lt\/wp-json\/wp\/v2\/media\/11690"}],"wp:attachment":[{"href":"https:\/\/asura.lv\/lt\/wp-json\/wp\/v2\/media?parent=11689"}],"wp:term":[{"taxonomy":"product_brand","embeddable":true,"href":"https:\/\/asura.lv\/lt\/wp-json\/wp\/v2\/product_brand?post=11689"},{"taxonomy":"product_cat","embeddable":true,"href":"https:\/\/asura.lv\/lt\/wp-json\/wp\/v2\/product_cat?post=11689"},{"taxonomy":"product_tag","embeddable":true,"href":"https:\/\/asura.lv\/lt\/wp-json\/wp\/v2\/product_tag?post=11689"}],"curies":[{"name":"wp","href":"https:\/\/api.w.org\/{rel}","templated":true}]}}