{"id":11701,"date":"2025-11-29T00:17:25","date_gmt":"2025-11-29T00:17:25","guid":{"rendered":"https:\/\/asura.lv\/product\/switchbot-smart-standing-lamp\/"},"modified":"2025-12-12T16:01:52","modified_gmt":"2025-12-12T14:01:52","slug":"switchbot-smart-standing-lamp","status":"publish","type":"product","link":"https:\/\/asura.lv\/lt\/produktas\/switchbot-smart-standing-lamp\/","title":{"rendered":"\u201eSwitchBot\u201c i\u0161manioji stovimoji lempa."},"content":{"rendered":"<h3>I\u0161manusis \u201eSwitchBot\u201c tor\u0161eras<\/h3>\n<p>\u201eSwitchBot\u201c tor\u0161eras \u2013 tai modernus stacionarus \u0161viestuvas, kuris bet kur\u012f kambar\u012f paver\u010dia i\u0161mania erdve, kupina galimybi\u0173. \u0160is modelis, turintis \u201eMatter\u201c sertifikat\u0105, yra visi\u0161kai suderinamas su \u201eApple Home\u201c, \u201eAlexa\u201c, \u201eGoogle Home\u201c ir daugeliu kit\u0173 i\u0161mani\u0173j\u0173 nam\u0173 platform\u0173, tod\u0117l jas galima skland\u017eiai integruoti be papildom\u0173 valdymo pult\u0173. \u201eSwitchBot\u201c si\u016blo vietin\u012f valdym\u0105, kuris veikia net ir nesant interneto ry\u0161io, u\u017etikrinant greit\u0105 reagavim\u0105 ir geresn\u012f privatum\u0105. \u0160viestuvo auk\u0161tis yra 135 cm, o pagrindo skersmuo \u2013 20 cm, tod\u0117l jis idealiai tinka miegamiesiems, svetain\u0117ms, biurams, ra\u0161omiesiems stalams ar knyg\u0173 lentynoms, o minimalistinis dizainas su eleganti\u0161ku aliuminio korpusu puikiai dera prie modernaus interjero.<\/p>\n<p>\n<img decoding=\"async\" alt=\"\u017daidim\u0173 stalas su RGB foniniu ap\u0161vietimu, monitoriumi ir garsiakalbiais su m\u0117lynai violetiniu LED ap\u0161vietimu\" border=\"0\" src=\"https:\/\/assets.innpro.pl\/18515\/24634\/1.jpg\"\/>\n<\/p>\n<h3>Spalv\u0173 spektras j\u016bs\u0173 rankose<\/h3>\n<p>Stovintis \u0161viestuvas \u201eSwitchBot\u201c kei\u010dia nam\u0173 ap\u0161vietimo naudojimo b\u016bd\u0105, si\u016blydamas pa\u017eangi\u0105 RGB+CCT technologij\u0105 3 viename formatu. \u0160viestuvas suteikia prieig\u0105 prie visos RGB spalv\u0173 palet\u0117s su temperat\u016bra nuo 2700 K iki 6500 K, tod\u0117l galite rinktis i\u0161 daugiau nei 16 milijon\u0173 spalv\u0173 ir sukurti tobul\u0105 nuotaik\u0105 bet kokiai progai. \u201eSwitchBot\u201c tor\u0161eras, kurio ry\u0161kumo lygis siekia iki 1200 liumen\u0173, ir reguliuojamas daugiau nei 100 % diapazonas, puikiai tinka skaitymui, darbui, miegui ar \u0161ventinei atmosferai kurti. D\u0117l gausyb\u0117s spalv\u0173 pasirinkim\u0173 galite suasmeninti ap\u0161vietim\u0105 pagal norim\u0105 sukurti nuotaik\u0105.<\/p>\n<p>\n<img decoding=\"async\" alt=\"Jaukus svetain\u0117s interjeras su televizoriumi, \u0161vies\u0173 girlianda ir baneriu\" border=\"0\" day\"=\"\" happy=\"\" mother's=\"\" na=\"\" src=\"https:\/\/assets.innpro.pl\/18515\/24634\/5.jpg\" \u0415\u203acianie\"=\"\"\/>\n<\/p>\n<h3>Individualus valdymas<\/h3>\n<p>\u201eSwitchBot\u201c \u0161viestuvas si\u016blo itin universali\u0105 valdymo sistem\u0105, pritaikyt\u0105 j\u016bs\u0173 gyvenimo b\u016bdui ir pageidavimams. Ap\u0161vietim\u0105 galite valdyti balsu per \u201eAlexa\u201c, \u201eGoogle Assist\u201c arba \u201eSiri\u201c spar\u010diuosius klavi\u0161us, tod\u0117l patogiai \u012fjungsite, i\u0161jungsite arba keisite spalvas neliesdami telefono. Speciali program\u0117l\u0117 leid\u017eia visi\u0161kai suasmeninti nustatymus, kurti pasirinktinius ap\u0161vietimo scenarijus ir tvarkara\u0161\u010dius ir netgi nuotoliniu b\u016bdu valdyti i\u0161 bet kurios pasaulio vietos. Taip pat rasite infraraudon\u0173j\u0173 spinduli\u0173 nuotolinio valdymo pult\u0105 su 24 klavi\u0161ais ir laidin\u012f valdikl\u012f, kurie suteikia alternatyvius valdymo b\u016bdus be interneto ar i\u0161maniojo telefono. Valdymo sistema veikia per \u201eWi-Fi\u201c ir \u201eBluetooth\u201c, u\u017etikrindama stabil\u0173 ry\u0161\u012f ir greit\u0105 reagavim\u0105 \u012f j\u016bs\u0173 komandas, o galimyb\u0117 kurti automatizavim\u0105 leid\u017eia ap\u0161vietimui prisitaikyti prie j\u016bs\u0173 gyvenimo b\u016bdo, netgi palaikant scenarijus, kurie padeda j\u016bs\u0173 vaikams u\u017emigti.<\/p>\n<p>\n<img decoding=\"async\" alt=\"Spalving\u0105 LED tor\u0161er\u012f valdantis i\u0161manusis telefonas su mobili\u0105ja program\u0117le violetin\u0117s-ro\u017ein\u0117s spalvos kambaryje\" border=\"0\" src=\"https:\/\/assets.innpro.pl\/18515\/24634\/4.jpg\"\/>\n<\/p>\n<h3>Technologijos be kompromis\u0173<\/h3>\n<p>\u201eSwitchBot\u201c tor\u0161er\u012f suk\u016br\u0117me atsi\u017evelgdami \u012f auk\u0161\u010diausi\u0105 konstrukcijos kokyb\u0119 ir funkcionalum\u0105. Auk\u0161\u010diausios kokyb\u0117s silikoninis \u0161viesos skydelis u\u017etikrina nat\u016bral\u0173, ilgalaik\u012f per\u0161vie\u010diamum\u0105 ir garantuoja skland\u0173, nepertraukiam\u0105 ap\u0161vietim\u0105 be matom\u0173 tarp\u0173 ar \u0161viesos juost\u0173, i\u0161skirdamas \u0161\u012f gamin\u012f i\u0161 konkurent\u0173. Tvirtas aliuminio korpusas ne tik atrodo eleganti\u0161kai, bet ir efektyviai i\u0161sklaido \u0161ilum\u0105, u\u017etikrindamas ilgalaik\u012f veikim\u0105 be perkaitimo. Plataus kampo ap\u0161vietimo technologija su 100 laipsni\u0173 kampu leid\u017eia \u0161vies\u0105 tolygiai paskirstyti patalpoje, pa\u0161alinant ta\u0161kinio \u0161altinio efekt\u0105 ir sukuriant malon\u0173, \u0161veln\u0173 \u0161vyt\u0117jim\u0105. D\u0117l kompakti\u0161ko dyd\u017eio ir galimyb\u0117s pastatyti tiek vertikaliai, tiek horizontaliai, \u201eSwitchBot\u201c lempa puikiai telpa bet kuriame kampe: po sofa, \u0161alia lovos, ant stalo ar knyg\u0173 lentynos, u\u017etikrindama maksimal\u0173 dizaino lankstum\u0105 neu\u017eimdama vertingos vietos.<\/p>\n<p>\n<img decoding=\"async\" alt=\"Minimalistinis LED tor\u0161eras miegamajame \u0161alia augalo, \u0161ilta geltona \u0161viesa prie lovos\" border=\"0\" src=\"https:\/\/assets.innpro.pl\/18515\/24634\/6.jpg\"\/>\n<\/p>\n<h3>I\u0161mani\u0173j\u0173 nam\u0173 ekosistema<\/h3>\n<p>\u201eSwitchBot\u201c tor\u0161eras \u012fgauna dar daugiau galimybi\u0173, kai j\u012f integruojate su kitais \u201eSwitchBot\u201c ekosistemos \u012frenginiais. Galimyb\u0117 sinchronizuoti su judesio jutikliu leid\u017eia automati\u0161kai ap\u0161viesti kambar\u012f iki 30 % ry\u0161kumu nakt\u012f, kai aptinkamas judesys, u\u017etikrinant saug\u0173 jud\u0117jim\u0105 tamsoje be akinimo. Derinant j\u012f su kontaktiniu jutikliu, galima sukurti i\u0161manius pasveikinimo scenarijus, kurie automati\u0161kai \u012fjungia \u0161viesas, kai atidarote duris gr\u012f\u017e\u0119 namo, sukuria \u0161ilt\u0105 atmosfer\u0105 ir taupo energij\u0105, automati\u0161kai i\u0161sijungdami jums i\u0161\u0117jus. Prid\u0117j\u0119 \u201eStrip Light 3\u201c LED juosteles arba \u201eSpotlight Cams\u201c, galite sukurti \u012ftraukiant\u012f aplinkos ap\u0161vietimo sistem\u0105, kuri pagerina vizualin\u0119 patirt\u012f \u017ei\u016brint filmus ar \u017eaid\u017eiant \u017eaidimus, pakeldama pramog\u0173 patirt\u012f \u012f kit\u0105 lyg\u012f. Integracija su \u201eHub 3\u201c arba \u201eLock Ultra\u201c leid\u017eia dar labiau patobulinti automatizavim\u0105, \u012fskaitant galimyb\u0119 valdyti visus \u0161viestuvus ir prietaisus vienu prisilietimu, tod\u0117l j\u016bs\u0173 namai tampa tikrai i\u0161man\u016bs.<\/p>\n<p>\n<img decoding=\"async\" alt=\"LED juostel\u0117 po sofa, ap\u0161vie\u010dianti grindis \u0161ilta geltona \u0161viesa \u2013 dekoratyvinis ap\u0161vietimas\" border=\"0\" src=\"https:\/\/assets.innpro.pl\/18515\/24634\/8.jpg\"\/>\n<\/p>\n<h3>Pridedama<\/h3>\n<ul class=\"list-disc pl-5\">\n<li>I\u0161manusis \u201eSwitchBot\u201c stovintis \u0161viestuvas<\/li>\n<li>Nuotolinio valdymo pultas (24 klavi\u0161ai)<\/li>\n<li>Laidinis valdiklis<\/li>\n<li>Maitinimo laidas<\/li>\n<li>Naudotojo vadovas<\/li>\n<\/ul>\n<div class=\"table-wrapper\">\n<p>B\u00a0<\/p>\n<h3><\/h3>\n<table>\n<tbody>\n<tr>\n<th>Gamintojas<\/th>\n<td>SwitchBot<\/td>\n<\/tr>\n<tr>\n<th>Modelis<\/th>\n<td>Tvirtinamasis \u0161viestuvas<\/td>\n<\/tr>\n<tr>\n<th>\u0160viestuvo auk\u0161tis<\/th>\n<td>135 cm<\/td>\n<\/tr>\n<tr>\n<th>Conto skersmuo<\/th>\n<td>20 cm<\/td>\n<\/tr>\n<tr>\n<th>Conto storis<\/th>\n<td>1,6 cm<\/td>\n<\/tr>\n<tr>\n<th>Svoris<\/th>\n<td>1266 g<\/td>\n<\/tr>\n<tr>\n<th>Ap\u0161vietimo tipas<\/th>\n<td>RGB+CCT (3 viename)<\/td>\n<\/tr>\n<tr>\n<th>Ry\u0161kumas<\/th>\n<td>iki 1200 liumenai<\/td>\n<\/tr>\n<tr>\n<th>Spalv\u0173 temperat\u016bra<\/th>\n<td>2700K &#8211; 6500K<\/td>\n<\/tr>\n<tr>\n<th>Ry\u0161kumo reguliavimas<\/th>\n<td>daugiau nei 100 %<\/td>\n<\/tr>\n<tr>\n<th>Spalv\u0173 gama<\/th>\n<td>16 milijon\u0173 spalv\u0173<\/td>\n<\/tr>\n<tr>\n<th>Ap\u0161vietimo kampas<\/th>\n<td>100\u00b0<\/td>\n<\/tr>\n<tr>\n<th>Korpuso med\u017eiaga<\/th>\n<td>aliuminis<\/td>\n<\/tr>\n<tr>\n<th>\u0160viesos skydo med\u017eiaga<\/th>\n<td>auk\u0161\u010diausios kokyb\u0117s silikonas<\/td>\n<\/tr>\n<tr>\n<th>Ry\u0161ys<\/th>\n<td>\u201eWi-Fi\u201c, \u201eBluetooth\u201c, \u201eMatter\u201c<\/td>\n<\/tr>\n<tr>\n<th>Valdymas<\/th>\n<td>Program\u0117l\u0117, IR 24 klavi\u0161\u0173 nuotolinio valdymo pultas, laidinis valdiklis, balsas (\u201eAlexa\u201c, \u201eGoogle Assistant\u201c, \u201eSiri\u201c) Spartieji klavi\u0161ai)<\/td>\n<\/tr>\n<tr>\n<th>Suderinamumas<\/th>\n<td>\u201eApple Home\u201c, \u201eAlexa\u201c, \u201eGoogle Home\u201c, \u201eMatter\u201c, IFTTT<\/td>\n<\/tr>\n<tr>\n<th>Maitinimo \u0161altinis<\/th>\n<td>laidinis<\/td>\n<\/tr>\n<tr><\/tr>\n<\/tbody>\n<\/table>\n<\/div>\n","protected":false},"excerpt":{"rendered":"<p>I\u0161manusis \u201eSwitchBot\u201c tor\u0161eras \u201eSwitchBot\u201c tor\u0161eras \u2013 tai modernus stacionarus \u0161viestuvas, kuris bet kur\u012f kambar\u012f paver\u010dia i\u0161mania erdve, kupina galimybi\u0173. \u0160is modelis, turintis \u201eMatter\u201c sertifikat\u0105, yra visi\u0161kai suderinamas su \u201eApple Home\u201c, \u201eAlexa\u201c, \u201eGoogle Home\u201c ir daugeliu kit\u0173 i\u0161mani\u0173j\u0173 nam\u0173 platform\u0173, tod\u0117l jas galima skland\u017eiai integruoti be papildom\u0173 valdymo pult\u0173. \u201eSwitchBot\u201c si\u016blo vietin\u012f valdym\u0105, kuris veikia net [&#8230;]\n","protected":false},"featured_media":11702,"comment_status":"open","ping_status":"closed","template":"","meta":[],"product_brand":[460],"product_cat":[974],"product_tag":[],"class_list":{"0":"post-11701","1":"product","2":"type-product","3":"status-publish","4":"has-post-thumbnail","6":"product_brand-switchbot","7":"product_cat-floor-lamps","9":"first","10":"outofstock","11":"taxable","12":"shipping-taxable","13":"purchasable","14":"product-type-simple"},"aioseo_notices":[],"_links":{"self":[{"href":"https:\/\/asura.lv\/lt\/wp-json\/wp\/v2\/product\/11701","targetHints":{"allow":["GET"]}}],"collection":[{"href":"https:\/\/asura.lv\/lt\/wp-json\/wp\/v2\/product"}],"about":[{"href":"https:\/\/asura.lv\/lt\/wp-json\/wp\/v2\/types\/product"}],"replies":[{"embeddable":true,"href":"https:\/\/asura.lv\/lt\/wp-json\/wp\/v2\/comments?post=11701"}],"wp:featuredmedia":[{"embeddable":true,"href":"https:\/\/asura.lv\/lt\/wp-json\/wp\/v2\/media\/11702"}],"wp:attachment":[{"href":"https:\/\/asura.lv\/lt\/wp-json\/wp\/v2\/media?parent=11701"}],"wp:term":[{"taxonomy":"product_brand","embeddable":true,"href":"https:\/\/asura.lv\/lt\/wp-json\/wp\/v2\/product_brand?post=11701"},{"taxonomy":"product_cat","embeddable":true,"href":"https:\/\/asura.lv\/lt\/wp-json\/wp\/v2\/product_cat?post=11701"},{"taxonomy":"product_tag","embeddable":true,"href":"https:\/\/asura.lv\/lt\/wp-json\/wp\/v2\/product_tag?post=11701"}],"curies":[{"name":"wp","href":"https:\/\/api.w.org\/{rel}","templated":true}]}}