{"id":11929,"date":"2025-11-29T00:17:03","date_gmt":"2025-11-29T00:17:03","guid":{"rendered":"https:\/\/asura.lv\/product\/gosund-ep2-z-zigbee-smart-socket-two-pack-10a\/"},"modified":"2025-12-12T16:01:36","modified_gmt":"2025-12-12T14:01:36","slug":"gosund-ep2-z-zigbee-smart-socket-two-pack-10a","status":"publish","type":"product","link":"https:\/\/asura.lv\/lt\/produktas\/gosund-ep2-z-zigbee-smart-socket-two-pack-10a\/","title":{"rendered":"\u201eGosund EP2-Z ZigBee\u201c i\u0161manusis lizdas (dviej\u0173 vnt. pakuot\u0117je) 10A"},"content":{"rendered":"<h3>\u201eZigBee Gosund EP2-Z\u201c i\u0161manusis lizdas (dviej\u0173 vnt. pakuot\u0117je) 10A<\/h3>\n<p>\u201eGosund EP2-Z 10A ZigBee\u201c i\u0161manusis lizdas yra prakti\u0161kas sprendimas \u017emon\u0117ms, norintiems lengvai padidinti savo nam\u0173 funkcionalum\u0105. D\u0117l \u201eZigBee\u201c technologijos ir kompakti\u0161ko dizaino (4 cm plo\u010dio ir 6,8 cm auk\u0161\u010dio) EP2-Z modelis idealiai tinka lizdams su ribota erdve, neu\u017eblokuojant kaimynini\u0173 \u012f\u0117jim\u0173. Produktui reikalingas \u201eZigBee\u201c valdymo pultas (\u0161akotuvas nepridedamas), kuris u\u017etikrina stabil\u0173 ry\u0161\u012f su nam\u0173 tinklu ir leid\u017eia skland\u017eiai valdyti \u012frenginius mobili\u0105ja program\u0117le. Nuotolinis valdymas, energijos suvartojimo steb\u0117jimas, laiko planavimas ir suderinamumas su balso asistentais daro EP2-Z patikimu \u012frankiu kasdieniam naudojimui i\u0161maniuosiuose namuose.<\/p>\n<p>\n<img decoding=\"async\" alt=\"Trys i\u0161manieji lizdai prijungti prie maitinimo lizdo, o \u0161alia matomas baltas valdymo modulis\" border=\"0\" src=\"https:\/\/assets.innpro.pl\/18212\/24183\/1.jpg\"\/>\n<\/p>\n<h3>Nuotolinis valdymas i\u0161 program\u0117l\u0117s<\/h3>\n<p>\u201eGosund EP2-Z\u201c leid\u017eia visi\u0161kai valdyti prijungtus \u012frenginius i\u0161 bet kurios vietos. Naudodami mobili\u0105j\u0105 program\u0117l\u0119, vartotojai gali \u012fjungti ir i\u0161jungti buitinius prietaisus net b\u016bdami toli nuo nam\u0173. Tai idealiai tinka tiems, kurie nori \u012fsitikinti, kad joks prietaisas nelikt\u0173 \u012fjungtas nety\u010dia, ir tiems, kurie m\u0117gsta gr\u012f\u017eti \u012f jau \u0161ildomus ar ap\u0161viestus namus.<\/p>\n<p>\n<img decoding=\"async\" alt=\"Padalintas ekranas su \u012fjungtais \u0161viesos \u017eidiniais svetain\u0117je vir\u0161uje ir moterimi, valdan\u010dia i\u0161man\u0173j\u012f telefon\u0105 traukinio platformoje apa\u010dioje\" border=\"0\" src=\"https:\/\/assets.innpro.pl\/18212\/24183\/2.jpg\"\/>\n<\/p>\n<h3>Energijos suvartojimo steb\u0117jimas<\/h3>\n<p>Integruota energijos steb\u0117jimo funkcija leid\u017eia vartotojui realiuoju laiku steb\u0117ti prijungt\u0173 \u012frengini\u0173 energijos suvartojim\u0105. Program\u0117l\u0117je pateikiamos i\u0161samios grafikos ir duomenys, tod\u0117l EP2-Z padeda optimizuoti energijos suvartojim\u0105 namuose, o tai rei\u0161kia realias santaupas. Tai ypa\u010d naudinga prietaisams, kurie veikia ilg\u0105 laik\u0105 arba lieka bud\u0117jimo re\u017eime.<\/p>\n<p>\n<img decoding=\"async\" alt=\"I\u0161manusis lizdas su \u012fki\u0161tu laidu ir \u0161vie\u010dian\u010diu \u017ealiu \u017eiedu, sumontuotas \u0161alia stovin\u010dios lempos\" border=\"0\" src=\"https:\/\/assets.innpro.pl\/18212\/24183\/3.jpg\"\/>\n<\/p>\n<h3>Tvarkara\u0161\u010diai ir laikma\u010diai<\/h3>\n<p>\u201eGosund EP2-Z\u201c lizdas turi tvarkara\u0161\u010di\u0173 ir laikma\u010di\u0173 nustatymo funkcij\u0105, kuri leid\u017eia automati\u0161kai valdyti prietais\u0173 veikim\u0105. Galima suplanuoti tiksl\u0173 laik\u0105, kada \u012franga \u012fjungiama ir i\u0161jungiama, o tai padidina naudojimo komfort\u0105 ir skatina energijos vartojimo efektyvum\u0105. Toks sprendimas puikiai veikia tiek atliekant kasdienius darbus, tiek ilgesn\u012f laik\u0105 neb\u016bnant namuose.<\/p>\n<p>\n<img decoding=\"async\" alt=\"Pri i\u0161maniojo lizdo prijungtas oro kondicionierius, valdomas i\u0161maniojo telefono program\u0117le su dideliu \u012fjungimo-i\u0161jungimo mygtuku\" border=\"0\" src=\"https:\/\/assets.innpro.pl\/18212\/24183\/4.jpg\"\/>\n<\/p>\n<h3>Valdymas balsu<\/h3>\n<p>EP2-Z gaminys veikia su populiariausiais balso asistentais, tokiais kaip \u201eAmazon Alexa\u201c ir \u201eGoogle Assistant\u201c. Tai leid\u017eia \u012frenginius \u012fjungti ir i\u0161jungti paprastomis balso komandomis, o tai ne tik patogu, bet ir idealiai tinka \u017emon\u0117ms su ribotu judrumu ar u\u017eimtomis rankomis.<\/p>\n<p>\n<img decoding=\"async\" alt=\"Vyras ne\u012fgaliojo ve\u017eim\u0117lyje valdo plan\u0161etin\u012f kompiuter\u012f, fone \u2013 ventiliatorius, prijungtas prie i\u0161maniojo lizdo su \u017ealiu ap\u0161vietimu\" border=\"0\" src=\"https:\/\/assets.innpro.pl\/18212\/24183\/5.jpg\"\/>\n<\/p>\n<h3>Pridedama<\/h3>\n<ul class=\"list-disc pl-5\">\n<li>i\u0161manusis lizdas (4 vnt.)<\/li>\n<li>naudojimo instrukcija<\/li>\n<\/ul>\n<div class=\"table-wrapper\">\n<p>\u0412\u00a0<\/p>\n<h3><\/h3>\n<table>\n<tbody>\n<\/tbody>\n<\/table>\n<\/div>\n","protected":false},"excerpt":{"rendered":"<p>\u201eZigBee Gosund EP2-Z\u201c i\u0161manusis lizdas (dviej\u0173 vnt. pakuot\u0117je) 10A \u201eGosund EP2-Z 10A ZigBee\u201c i\u0161manusis lizdas yra prakti\u0161kas sprendimas \u017emon\u0117ms, norintiems lengvai padidinti savo nam\u0173 funkcionalum\u0105. D\u0117l \u201eZigBee\u201c technologijos ir kompakti\u0161ko dizaino (4 cm plo\u010dio ir 6,8 cm auk\u0161\u010dio) EP2-Z modelis idealiai tinka lizdams su ribota erdve, neu\u017eblokuojant kaimynini\u0173 \u012f\u0117jim\u0173. Produktui reikalingas \u201eZigBee\u201c valdymo pultas (\u0161akotuvas [&#8230;]\n","protected":false},"featured_media":11930,"comment_status":"open","ping_status":"closed","template":"","meta":[],"product_brand":[166],"product_cat":[962],"product_tag":[],"class_list":{"0":"post-11929","1":"product","2":"type-product","3":"status-publish","4":"has-post-thumbnail","6":"product_brand-gosund","7":"product_cat-power-plugs","9":"first","10":"outofstock","11":"taxable","12":"shipping-taxable","13":"purchasable","14":"product-type-simple"},"aioseo_notices":[],"_links":{"self":[{"href":"https:\/\/asura.lv\/lt\/wp-json\/wp\/v2\/product\/11929","targetHints":{"allow":["GET"]}}],"collection":[{"href":"https:\/\/asura.lv\/lt\/wp-json\/wp\/v2\/product"}],"about":[{"href":"https:\/\/asura.lv\/lt\/wp-json\/wp\/v2\/types\/product"}],"replies":[{"embeddable":true,"href":"https:\/\/asura.lv\/lt\/wp-json\/wp\/v2\/comments?post=11929"}],"wp:featuredmedia":[{"embeddable":true,"href":"https:\/\/asura.lv\/lt\/wp-json\/wp\/v2\/media\/11930"}],"wp:attachment":[{"href":"https:\/\/asura.lv\/lt\/wp-json\/wp\/v2\/media?parent=11929"}],"wp:term":[{"taxonomy":"product_brand","embeddable":true,"href":"https:\/\/asura.lv\/lt\/wp-json\/wp\/v2\/product_brand?post=11929"},{"taxonomy":"product_cat","embeddable":true,"href":"https:\/\/asura.lv\/lt\/wp-json\/wp\/v2\/product_cat?post=11929"},{"taxonomy":"product_tag","embeddable":true,"href":"https:\/\/asura.lv\/lt\/wp-json\/wp\/v2\/product_tag?post=11929"}],"curies":[{"name":"wp","href":"https:\/\/api.w.org\/{rel}","templated":true}]}}