{"id":12013,"date":"2025-11-29T00:16:55","date_gmt":"2025-11-29T00:16:55","guid":{"rendered":"https:\/\/asura.lv\/product\/smartring-colmi-r10-17-9mm-7-black\/"},"modified":"2025-12-12T16:01:29","modified_gmt":"2025-12-12T14:01:29","slug":"smartring-colmi-r10-17-9mm-7-black","status":"publish","type":"product","link":"https:\/\/asura.lv\/lt\/produktas\/smartring-colmi-r10-17-9mm-7-black\/","title":{"rendered":"I\u0161manusis \u017eiedas Colmi R10 17.9MM 7 (juodas)"},"content":{"rendered":"<h3>I\u0161manusis \u017eiedas \u201eColmi R10 17.9MM 7\u201c (juodas)<\/h3>\n<p>\u201eColmi R10\u201c yra i\u0161manusis \u017eiedas, kuriame suderintos aktyvumo ir sveikatos steb\u0117jimo funkcijos su minimalistiniu dizainu. Jame yra daugyb\u0117 jutikli\u0173, tod\u0117l galite steb\u0117ti pagrindinius k\u016bno parametrus vis\u0105 par\u0105. Naudodami pridedam\u0105 program\u0117l\u0119 galite pasiekti duomenis realiuoju laiku ir ai\u0161kiai matyti statistik\u0105 \u2013 nene\u0161iodami laikrod\u017eio ar apyrank\u0117s.<\/p>\n<p>\n<img decoding=\"async\" alt=\"3 i\u0161manieji laikrod\u017eiai ir \u201eColmi\u201c \u012fkrovimo d\u0117klas ant balt\u0173 platform\u0173.\" border=\"0\" src=\"https:\/\/assets.innpro.pl\/18188\/24148\/9.jpg\"\/>\n<\/p>\n<h3>Vis\u0105 par\u0105 veikiantis sveikatos steb\u0117jimas<\/h3>\n<p>\u201eColmi R10\u201c nuolat analizuoja j\u016bs\u0173 \u0161irdies ritm\u0105, deguonies kiek\u012f kraujyje (SpO\u209a), streso lyg\u012f ir k\u016bno temperat\u016br\u0105. Tai suteikia geresn\u012f supratim\u0105 apie j\u016bs\u0173 b\u016bkl\u0119 \u2013 tiek aktyvumo, tiek ramyb\u0117s b\u016bsenoje. \u012erenginys veikia savaranki\u0161kai, ta\u010diau prijungtas prie QRing program\u0117l\u0117s per \u201eBluetooth\u201c, jis sinchronizuoja ir atnaujina duomenis automati\u0161kai.<\/p>\n<p>\n<img decoding=\"async\" alt=\"Moteris su i\u0161maniuoju \u017eiedu ant pir\u0161to. \u0160alia i\u0161maniojo telefono ir i\u0161maniojo \u017eiedo.\" border=\"0\" src=\"https:\/\/assets.innpro.pl\/18188\/24148\/3.jpg\"\/>\n<\/p>\n<h3>Miego ir atsigavimo analiz\u0117<\/h3>\n<p>\u012erenginys tiksliai fiksuoja j\u016bs\u0173 miego trukm\u0119 ir kokyb\u0119, i\u0161skirdamas jo fazes: gil\u0173 mieg\u0105, lengv\u0105 mieg\u0105 ir pabudimo laik\u0105. Program\u0117l\u0117je rasite i\u0161samias ataskaitas, kurios pad\u0117s jums nustatyti \u012fpro\u010dius, turin\u010dius \u012ftakos miegui ir gerinan\u010dius jo kokyb\u0119.<\/p>\n<p>\n<img decoding=\"async\" alt=\"Moteris su i\u0161maniuoju \u017eiedu ant pir\u0161to laiko i\u0161man\u0173j\u012f telefon\u0105 su \u012fjungta program\u0117le.\" border=\"0\" src=\"https:\/\/assets.innpro.pl\/18188\/24148\/5.jpg\"\/>\n<\/p>\n<h3>Veiklos ir mank\u0161tos steb\u0117jimas<\/h3>\n<p>\u201eColmi R10\u201c fiksuoja \u017eingsni\u0173 skai\u010di\u0173, nueit\u0105 atstum\u0105 ir sudegintas kalorijas. Jis taip pat palaiko skirtingus treniruot\u0117s re\u017eimus, tod\u0117l galite pritaikyti matavim\u0105 prie veiklos tipo. Visi duomenys pateikiami dienos, savait\u0117s ir m\u0117nesio statistikos forma.<\/p>\n<p>\n<img decoding=\"async\" alt=\"Moteris su pir\u0161tu u\u017ed\u0117tu i\u0161maniuoju \u017eiedu, atsiremianti \u012f baseino kra\u0161t\u0105.\" border=\"0\" src=\"https:\/\/assets.innpro.pl\/18188\/24148\/4.jpg\"\/>\n<\/p>\n<h3>Patogus naudojimas ir tvirtas dizainas<\/h3>\n<p>D\u0117l lengvo dizaino i\u0161manusis laikrodis prakti\u0161kai nepastebimas ant pir\u0161to. Jis pagamintas i\u0161 patvari\u0173 med\u017eiag\u0173, o \u0161lifuota apdaila suteikia jam eleganti\u0161k\u0105 i\u0161vaizd\u0105. D\u0117klas atitinka 5ATM atsparumo vandeniui standart\u0105, o tai rei\u0161kia, kad jame galite laisvai plauti rankas, praustis du\u0161e ir net plaukioti.<\/p>\n<p>\n<img decoding=\"async\" alt=\"2 i\u0161manieji \u017eiedai baltame fone.\" border=\"0\" src=\"https:\/\/assets.innpro.pl\/18188\/24148\/7.jpg\"\/>\n<\/p>\n<h3>\u012ekrovimo d\u0117klas<\/h3>\n<p>Pridedamas kompakti\u0161kas \u012fkrovimo d\u0117klas. Jis leid\u017eia R10 atnaujinti energij\u0105 iki 13 kart\u0173 vienu \u012fkrovimu. Vienas \u012fkrovimas leid\u017eia \u012frenginiui veikti apie 3\u20135 dienas, priklausomai nuo naudojimo intensyvumo.<\/p>\n<p>\n<img decoding=\"async\" alt=\"Juodas d\u0117klas ir i\u0161manusis \u017eiedas baltame ir m\u0117lyname fone.\" border=\"0\" src=\"https:\/\/assets.innpro.pl\/18188\/24148\/8.jpg\"\/>\n<\/p>\n<h3>Pridedama<\/h3>\n<ul class=\"list-disc pl-5\">\n<li>smartring<\/li>\n<li>USB-A\u2013USB-C laidas<\/li>\n<li>\u012fkrovimo d\u0117klas<\/li>\n<li>naudotojo vadovas<\/li>\n<\/ul>\n<div class=\"table-wrapper\">\n<p>B\u00a0<\/p>\n<h3>Bendra<\/h3>\n<table>\n<tbody>\n<tr>\n<th>Gamintojas<\/th>\n<td>Colmi<\/td>\n<\/tr>\n<tr>\n<th>Modelis<\/th>\n<td>R10<\/td>\n<\/tr>\n<tr>\n<th>Dydis<\/th>\n<td>7<\/td>\n<\/tr>\n<tr>\n<th>Vidinis skersmuo<\/th>\n<td>17,9 mm<\/td>\n<\/tr>\n<tr>\n<th>Storis<\/th>\n<td>2,7 mm<\/td>\n<\/tr>\n<tr>\n<th>Spalva<\/th>\n<td>juoda<\/td>\n<\/tr>\n<tr>\n<th>Svoris<\/th>\n<td>4,7 g<\/td>\n<\/tr>\n<tr>\n<th>Suderinamos operacin\u0117s sistemos<\/th>\n<td>\u201eAndroid 4.4\u201c ir naujesn\u0117s versijos; \u201eiOS 8.0\u201c ir naujesn\u0117s versijos; \u201eHarmony OS\u201c<\/td>\n<\/tr>\n<tr>\n<th>Program\u0117l\u0117<\/th>\n<td>QRing<\/td>\n<\/tr>\n<tr>\n<th>Atsparumas vandeniui<\/th>\n<td>5ATM<\/td>\n<\/tr>\n<tr>\n<th>Atnaujinimai<\/th>\n<td>OTA<\/td>\n<\/tr>\n<tr>\n<th>Program\u0117l\u0117s kalbos<\/th>\n<td>dan\u0173, ukrainie\u010di\u0173, rus\u0173, kroat\u0173, vengr\u0173, hindi, indonezie\u010di\u0173, turk\u0173, hebraj\u0173, graik\u0173, vokie\u010di\u0173, ital\u0173, latvi\u0173, \u010dek\u0173, slovak\u0173, slov\u0117n\u0173, japon\u0173, pranc\u016bz\u0173, lenk\u0173, taj\u0173, est\u0173, \u0161ved\u0173, lietuvi\u0173, supaprastinta kin\u0173, tradicin\u0117 kin\u0173, rumun\u0173, angl\u0173, oland\u0173, portugal\u0173, ispan\u0173, vietnamie\u010di\u0173, arab\u0173, kor\u0117jie\u010di\u0173, malaizie\u010di\u0173<\/td>\n<\/tr>\n<\/tbody>\n<\/table>\n<p>\u0412\u00a0<\/p>\n<h3>Aparatin\u0117 \u012franga<\/h3>\n<table>\n<tbody>\n<tr>\n<th>Lust\u0173 rinkinys<\/th>\n<td>REALTEK RTL8762E<\/td>\n<\/tr>\n<tr>\n<th>\u201eFlash\u201c atmintis atmintis<\/th>\n<td>ROM512Kb<\/td>\n<\/tr>\n<tr>\n<th>\u0160irdies ritmo jutiklis<\/th>\n<td>Vcare VC30F<\/td>\n<\/tr>\n<tr>\n<th>G jutiklis<\/th>\n<td>STK8321<\/td>\n<\/tr>\n<tr>\n<th>\u201eBluetooth\u201c<\/th>\n<td>5.0<\/td>\n<\/tr>\n<tr>\n<th>Baterijos tipas<\/th>\n<td>Li\u010dio polimeras (i\u0161manusis \u017eiedas \/ \u012fkrovimo d\u0117\u017eut\u0117)<\/td>\n<\/tr>\n<tr>\n<th>Baterijos talpa<\/th>\n<td>15 mA (i\u0161manusis \u017eiedas); 200 mAh (\u012fkrovimo d\u0117klas)<\/td>\n<\/tr>\n<tr>\n<th>\u012ekrovimas<\/th>\n<td>Magnetinis 2 kontakt\u0173 laidas (\u201esmartring\u201c), USB-C (\u012fkrovimo d\u0117klas)<\/td>\n<\/tr>\n<tr>\n<th>\u012ekrovimo cikl\u0173 skai\u010dius<\/th>\n<td>Daugiau nei 300 (i\u0161manusis \u017eiedas \/ \u012fkrovimo d\u0117klas)<\/td>\n<\/tr>\n<tr>\n<th>\u012ekrovimo laikas<\/th>\n<td>apytiksl. 1 val. (i\u0161manusis \u017eiedas \/ \u012fkrovimo d\u0117klas)<\/td>\n<\/tr>\n<tr>\n<th>Veikimo laikas<\/th>\n<td>3\u20135 dienos (i\u0161manusis \u017eiedas)<\/td>\n<\/tr>\n<\/tbody>\n<\/table>\n<p>\u0412\u00a0<\/p>\n<h3>Funkcijos<\/h3>\n<table>\n<tbody>\n<tr>\n<th>Programos funkcijos<\/th>\n<td>\u017eingsniai, aktyvumas, kalorijos, miego data, atstumas, sveikatos steb\u0117jimo nustatymai, \u0161irdies ritmas, fotografavimas, vienet\u0173 sistema, mank\u0161ta (21 re\u017eimas), programin\u0117s \u012frangos atnaujinimas, mank\u0161tos \u012fra\u0161as, sistemos nustatymai, sl\u0117gis, tikslas, deguonies lygis kraujyje, naudotojo profilis, temperat\u016bra, \u012frenginio informacija<\/td>\n<\/tr>\n<\/tbody>\n<\/table>\n<\/div>\n","protected":false},"excerpt":{"rendered":"<p>I\u0161manusis \u017eiedas \u201eColmi R10 17.9MM 7\u201c (juodas) \u201eColmi R10\u201c yra i\u0161manusis \u017eiedas, kuriame suderintos aktyvumo ir sveikatos steb\u0117jimo funkcijos su minimalistiniu dizainu. Jame yra daugyb\u0117 jutikli\u0173, tod\u0117l galite steb\u0117ti pagrindinius k\u016bno parametrus vis\u0105 par\u0105. Naudodami pridedam\u0105 program\u0117l\u0119 galite pasiekti duomenis realiuoju laiku ir ai\u0161kiai matyti statistik\u0105 \u2013 nene\u0161iodami laikrod\u017eio ar apyrank\u0117s. Vis\u0105 par\u0105 veikiantis sveikatos [&#8230;]\n","protected":false},"featured_media":12014,"comment_status":"open","ping_status":"closed","template":"","meta":[],"product_brand":[471],"product_cat":[992],"product_tag":[],"class_list":{"0":"post-12013","1":"product","2":"type-product","3":"status-publish","4":"has-post-thumbnail","6":"product_brand-colmi","7":"product_cat-smartrings-smartwatches","9":"first","10":"outofstock","11":"taxable","12":"shipping-taxable","13":"purchasable","14":"product-type-simple"},"aioseo_notices":[],"_links":{"self":[{"href":"https:\/\/asura.lv\/lt\/wp-json\/wp\/v2\/product\/12013","targetHints":{"allow":["GET"]}}],"collection":[{"href":"https:\/\/asura.lv\/lt\/wp-json\/wp\/v2\/product"}],"about":[{"href":"https:\/\/asura.lv\/lt\/wp-json\/wp\/v2\/types\/product"}],"replies":[{"embeddable":true,"href":"https:\/\/asura.lv\/lt\/wp-json\/wp\/v2\/comments?post=12013"}],"wp:featuredmedia":[{"embeddable":true,"href":"https:\/\/asura.lv\/lt\/wp-json\/wp\/v2\/media\/12014"}],"wp:attachment":[{"href":"https:\/\/asura.lv\/lt\/wp-json\/wp\/v2\/media?parent=12013"}],"wp:term":[{"taxonomy":"product_brand","embeddable":true,"href":"https:\/\/asura.lv\/lt\/wp-json\/wp\/v2\/product_brand?post=12013"},{"taxonomy":"product_cat","embeddable":true,"href":"https:\/\/asura.lv\/lt\/wp-json\/wp\/v2\/product_cat?post=12013"},{"taxonomy":"product_tag","embeddable":true,"href":"https:\/\/asura.lv\/lt\/wp-json\/wp\/v2\/product_tag?post=12013"}],"curies":[{"name":"wp","href":"https:\/\/api.w.org\/{rel}","templated":true}]}}