{"id":12103,"date":"2025-11-29T00:16:46","date_gmt":"2025-11-29T00:16:46","guid":{"rendered":"https:\/\/asura.lv\/product\/bramka-zigbee-sonoff-dongle-plus-mg24-home-assistant-openhab-zigbee2mqtt\/"},"modified":"2025-12-12T16:01:23","modified_gmt":"2025-12-12T14:01:23","slug":"bramka-zigbee-sonoff-dongle-plus-mg24-home-assistant-openhab-zigbee2mqtt","status":"publish","type":"product","link":"https:\/\/asura.lv\/lt\/produktas\/bramka-zigbee-sonoff-dongle-plus-mg24-home-assistant-openhab-zigbee2mqtt\/","title":{"rendered":"\u201eBramka ZigBee SONOFF Dongle Plus MG24\u201c (nam\u0173 asistentas, \u201eopenHAB\u201c, \u201eZigbee2MQTT\u201c)"},"content":{"rendered":"<h3>SONOFF Dongle Plus MG24 (Home Assistant, openHAB, Zigbee2MQTT) ZigBee \u0161liuzas<\/h3>\n<p>SONOFF Dongle Plus MG24 yra universalus USB \u0161liuzas, leid\u017eiantis integruoti ZigBee ir Thread \u012frenginius su populiariomis atvirojo kodo platformomis. Su juo galite lengvai i\u0161pl\u0117sti savo i\u0161mani\u0173j\u0173 nam\u0173 sistem\u0105, pagr\u012fst\u0105 Home Assistant, Zigbee2MQTT, openHAB arba ioBroker, \u012fgydami visi\u0161k\u0105 nam\u0173 automatizavimo kontrol\u0119 ir suderinamum\u0105 su keliomis ekosistemomis.<\/p>\n<p>\n<img decoding=\"async\" alt=\"ZigBee \u0161liuzas tamsiai m\u0117lyname fone.\" border=\"0\" src=\"https:\/\/assets.innpro.pl\/18111\/24042\/4.jpg\"\/>\n<\/p>\n<h3>Greitas ir stabilus veikimas<\/h3>\n<p>\u012erenginys pagr\u012fstas galingu EFR32MG24 lustu, kuris si\u016blo 1536 KB \u201eFlash\u201c atminties ir 256 KB RAM. Prakti\u0161kai tai rei\u0161kia greitesn\u012f komand\u0173 apdorojim\u0105, stabil\u0173 ry\u0161\u012f ir galimyb\u0119 palaikyti daugiau prijungt\u0173 \u201eZigBee\u201c \u012frengini\u0173.<\/p>\n<p>\n<img decoding=\"async\" alt=\"\u201eZigBee\u201c \u0161liuzas prijungtas prie ne\u0161iojamojo kompiuterio su rodoma \u201eSonoff\u201c svetaine.\" border=\"0\" src=\"https:\/\/assets.innpro.pl\/18111\/24042\/3.jpg\"\/>\n<\/p>\n<h3>Distance iki 200 metr\u0173<\/h3>\n<p>\u201eDongle Plus MG24\u201c turi nuimam\u0105 anten\u0105, kurios maksimalus stiprinimas yra 4,5 dBi, o tai \u017eymiai padidina ry\u0161io diapazon\u0105. Atviroje erdv\u0117je signalas gali pasiekti iki 200 metr\u0173, tod\u0117l lengva sukurti plat\u0173 \u201eZigBee\u201c tinkl\u0105 visuose namuose ar biure. Be to, komplekte yra 1 metro USB prailginimo laidas, skirtas geriau i\u0161d\u0117styti \u0161liuz\u0105 ir suma\u017einti trukd\u017eius.<\/p>\n<p>\n<img decoding=\"async\" alt=\"\u201eZigBee Sonoff\u201c \u0161liuzas tamsiame fone.\" border=\"0\" src=\"https:\/\/assets.innpro.pl\/18111\/24042\/2.jpg\"\/>\n<\/p>\n<h3>Lanksti programin\u0117 \u012franga<\/h3>\n<p>\u201eSONOFF Dongle Plus MG24\u201c palaiko kelis veikimo re\u017eimus \u2013 jis gali veikti kaip \u201eZigBee\u201c koordinatorius, \u201eZigBee\u201c mar\u0161rutizatorius, \u201eThread RCP\u201c arba \u201eMultiPAN\u201c re\u017eimu, leisdamas vienu metu naudoti \u201eZigBee\u201c ir \u201eThread\u201c. \u012ekelti programin\u0119 \u012frang\u0105 yra itin paprasta d\u0117l specialios \u201eSONOFF Dongle Flasher\u201c priemon\u0117s, kuri leid\u017eia atnaujinti program\u0105 internetu ma\u017edaug per minut\u0119.<\/p>\n<p>\n<img decoding=\"async\" alt=\"\u201eZigBee Sonoff\u201c \u0161liuzas su rinkinio turiniu ir pakuote tamsiame fone.\" border=\"0\" src=\"https:\/\/assets.innpro.pl\/18111\/24042\/1.jpg\"\/>\n<\/p>\n<h3>Tvirtas ir patvarus dizainas<\/h3>\n<p>Produkto korpusas pagamintas i\u0161 aliuminio, kuris u\u017etikrina ilgaam\u017ei\u0161kum\u0105 ir atsparum\u0105 pa\u017eeidimams. \u012erenginys buvo i\u0161bandytas grie\u017etomis s\u0105lygomis \u2013 \u012fskaitant atsparumo temperat\u016brai ir korozijai bandymus arba daugiau nei 500 USB prijungimo ir atjungimo cikl\u0173. Tai garantuoja patikimum\u0105 kasdieniam naudojimui.<\/p>\n<p>\n<img decoding=\"async\" alt=\"\u201eZigBee Sonoff\u201c \u0161liuzas su USB jungtimi tamsiame fone.\" border=\"0\" src=\"https:\/\/assets.innpro.pl\/18111\/24042\/5.jpg\"\/>\n<\/p>\n<h3>Pridedama<\/h3>\n<ul class=\"list-disc pl-5\">\n<li>\u0161liuzas<\/li>\n<li>USB-A (ki\u0161tukas) \u012f USB-A (lizdas) laidas<\/li>\n<li>naudotojo vadovas<\/li>\n<\/ul>\n<div class=\"table-wrapper\">\n<p>\u0412\u00a0<\/p>\n<h3><\/h3>\n<table>\n<tbody>\n<tr>\n<th>Gamintojas<\/th>\n<td>Sonoff<\/td>\n<\/tr>\n<tr>\n<th>Modelis<\/th>\n<td>Dongle Plus MG24<\/td>\n<\/tr>\n<tr>\n<th>\u012e\u0117jimo \u012ftampa<\/th>\n<td>5V \/ 500 mA<\/td>\n<\/tr>\n<tr>\n<th>Zigbee<\/th>\n<td>IEEE 802.15.4<\/td>\n<\/tr>\n<tr>\n<th>Darbin\u0117 temperat\u016bra<\/th>\n<td>-10 \u00b0C ~ 60 \u00b0C<\/td>\n<\/tr>\n<tr>\n<th>Med\u017eiaga<\/th>\n<td>aliuminis, PC, ABS<\/td>\n<\/tr>\n<tr>\n<th>Spalva<\/th>\n<td>pilka<\/td>\n<\/tr>\n<tr>\n<th>Matmenys<\/th>\n<td>151,5 x 62,5 mm<\/td>\n<\/tr>\n<\/tbody>\n<\/table>\n<\/div>\n","protected":false},"excerpt":{"rendered":"<p>SONOFF Dongle Plus MG24 (Home Assistant, openHAB, Zigbee2MQTT) ZigBee \u0161liuzas SONOFF Dongle Plus MG24 yra universalus USB \u0161liuzas, leid\u017eiantis integruoti ZigBee ir Thread \u012frenginius su populiariomis atvirojo kodo platformomis. Su juo galite lengvai i\u0161pl\u0117sti savo i\u0161mani\u0173j\u0173 nam\u0173 sistem\u0105, pagr\u012fst\u0105 Home Assistant, Zigbee2MQTT, openHAB arba ioBroker, \u012fgydami visi\u0161k\u0105 nam\u0173 automatizavimo kontrol\u0119 ir suderinamum\u0105 su keliomis ekosistemomis. [&#8230;]\n","protected":false},"featured_media":12104,"comment_status":"open","ping_status":"closed","template":"","meta":[],"product_brand":[203],"product_cat":[1001],"product_tag":[],"class_list":{"0":"post-12103","1":"product","2":"type-product","3":"status-publish","4":"has-post-thumbnail","6":"product_brand-sonoff","7":"product_cat-smart-hubs","9":"first","10":"outofstock","11":"taxable","12":"shipping-taxable","13":"purchasable","14":"product-type-simple"},"aioseo_notices":[],"_links":{"self":[{"href":"https:\/\/asura.lv\/lt\/wp-json\/wp\/v2\/product\/12103","targetHints":{"allow":["GET"]}}],"collection":[{"href":"https:\/\/asura.lv\/lt\/wp-json\/wp\/v2\/product"}],"about":[{"href":"https:\/\/asura.lv\/lt\/wp-json\/wp\/v2\/types\/product"}],"replies":[{"embeddable":true,"href":"https:\/\/asura.lv\/lt\/wp-json\/wp\/v2\/comments?post=12103"}],"wp:featuredmedia":[{"embeddable":true,"href":"https:\/\/asura.lv\/lt\/wp-json\/wp\/v2\/media\/12104"}],"wp:attachment":[{"href":"https:\/\/asura.lv\/lt\/wp-json\/wp\/v2\/media?parent=12103"}],"wp:term":[{"taxonomy":"product_brand","embeddable":true,"href":"https:\/\/asura.lv\/lt\/wp-json\/wp\/v2\/product_brand?post=12103"},{"taxonomy":"product_cat","embeddable":true,"href":"https:\/\/asura.lv\/lt\/wp-json\/wp\/v2\/product_cat?post=12103"},{"taxonomy":"product_tag","embeddable":true,"href":"https:\/\/asura.lv\/lt\/wp-json\/wp\/v2\/product_tag?post=12103"}],"curies":[{"name":"wp","href":"https:\/\/api.w.org\/{rel}","templated":true}]}}