{"id":12187,"date":"2025-11-29T00:16:38","date_gmt":"2025-11-29T00:16:38","guid":{"rendered":"https:\/\/asura.lv\/product\/flytec-v020-12000mah-bait-boat\/"},"modified":"2025-12-12T16:01:16","modified_gmt":"2025-12-12T14:01:16","slug":"flytec-v020-12000mah-bait-boat","status":"publish","type":"product","link":"https:\/\/asura.lv\/lt\/produktas\/flytec-v020-12000mah-bait-boat\/","title":{"rendered":"\u201eFlytec V020\u201c 12000 mAh masalo valtis"},"content":{"rendered":"<h3>\u201eFlytec V020\u201c 12000 mAh masalo valtis<\/h3>\n<p>Tikslus masalas su GPS<\/p>\n<p>\u201eFlytec V020\u201c 12000 mAh masalo valtis yra idealus pasirinkimas me\u0161keriotojams, vertinantiems patogum\u0105 ir efektyvum\u0105. D\u0117l integruoto GPS modulio galite nustatyti iki 40 pad\u0117ties nustatymo ta\u0161k\u0173, kurie leid\u017eia tiksliai mesti masal\u0105 visada tose pa\u010diose vietose. Be to, jei baterija prad\u0117s i\u0161sikrauti arba prarasite atstum\u0105, valtis automati\u0161kai gr\u012f\u0161 \u012f pradin\u012f ta\u0161k\u0105.<\/p>\n<p>\n<img decoding=\"async\" alt=\"Juoda nuotolinio valdymo masalo valtis juda tamsiame vandenyje su GPS nuotolinio valdymo pultu rankoje priekiniame plane\" border=\"0\" src=\"https:\/\/assets.innpro.pl\/18125\/24059\/1.jpg\"\/>\n<\/p>\n<h3>Trys masalo talpyklos<\/h3>\n<p>Modelis turi tris kameras \u2013 dvi \u0161onines ir vien\u0105 galin\u0119 \u2013 tod\u0117l galite lengvai reguliuoti masalo kiek\u012f ir pateikimo b\u016bd\u0105. \u0160is sprendimas leid\u017eia efektyviai \u017evejoti \u012fvairiomis s\u0105lygomis ir tiekti mi\u0161in\u012f tiksliai ten, kur jo reikia.<\/p>\n<p>\n<img decoding=\"async\" alt=\"Pilka masalo valtis su raudonais akcentais, trys kameros ir antena, pl\u016bduriuojanti ramiame vandenyje\" border=\"0\" src=\"https:\/\/assets.innpro.pl\/18125\/24059\/4.jpg\"\/>\n<\/p>\n<h3>Stabilus vairavimas ir dvigubas variklis<\/h3>\n<p>Dviguba pavara su apsaugomis nuo pa\u017eeidim\u0173 garantuoja patikim\u0105 veikim\u0105, o v\u0117jo pasiprie\u0161inimo ma\u017einimo sistema leid\u017eia val\u010diai plaukti stabiliai net ir esant stipresniems g\u016bsiams. Vairavimo diapazonas iki 500 metr\u0173 leid\u017eia laisvai tyrin\u0117ti didelius vandens telkinius, o speciali pastovaus grei\u010dio palaikymo funkcija leid\u017eia plaukti pastoviu grei\u010diu, nereikia nuolat valdyti vairalazd\u017ei\u0173.<\/p>\n<p>\n<img decoding=\"async\" alt=\"Juodas jauko valtel\u0117 su jauku kameroje, greitai judanti m\u0117lyname vandenyje su baltomis putomis aplink\" border=\"0\" src=\"https:\/\/assets.innpro.pl\/18125\/24059\/7.jpg\"\/>\n<\/p>\n<h3>Galinga baterija, u\u017etikrinanti iki 4 valand\u0173 veikimo<\/h3>\n<p>Rasite 7,4 volto, 12 000 mAh li\u010dio baterij\u0105, kuri u\u017etikrina iki 4 valand\u0173 nepertraukiamo veikimo. \u012ekrovimas trunka 6\u20138 valandas, tod\u0117l \u012frenginys itin prakti\u0161kas kasdieniam naudojimui.<\/p>\n<p>\n<img decoding=\"async\" alt=\"Pilka masalo valtis su atviromis antenomis ir raudonu akcentu, gulinti ant \u017ealios \u017eol\u0117s\" border=\"0\" src=\"https:\/\/assets.innpro.pl\/18125\/24059\/2.jpg\"\/>\n<\/p>\n<h3>LED \u017eibintai naktinei \u017evejybai<\/h3>\n<p>Galingi LED \u017eibintai padidina valties matomum\u0105 sutemus, tod\u0117l lengviau orientuotis vandenyje ir dar labiau pritraukia \u017euvis. Tai leid\u017eia t\u0119sti \u017evejyb\u0105 net nakt\u012f, \u012fgyjant prana\u0161um\u0105 ten, kur kitiems tenka nutraukti \u017evejyb\u0105.<\/p>\n<p>\n<img decoding=\"async\" alt=\"Balta ir juoda masalo valtis ant vandens su raudonu apsaugos nuo vagyst\u0117s signalizacijos mygtuku kadre i\u0161 arti\" border=\"0\" src=\"https:\/\/assets.innpro.pl\/18125\/24059\/6.jpg\"\/>\n<\/p>\n<h3>Funkcionalus nuotolinio valdymo pultas su LCD ekranu<\/h3>\n<p>Jis valdomas 2,4 GHz da\u017enio nuotolinio valdymo pultu, kuris turi lengvai \u012fskaitom\u0105 LCD ekran\u0105. I\u0161 jo taip pat programuosite GPS ta\u0161kus arba patikrinsite veikimo b\u016bsen\u0105. Veikimui reik\u0117s 4 AA baterij\u0173 (parduodamos atskirai).<\/p>\n<p>\n<img decoding=\"async\" alt=\"Masalo valtis su jauku kameroje e\u017eere ir GPS nuotolinio valdymo pulteliu rankoje, rodan\u010diu WiFi signalo piktogram\u0105\" border=\"0\" src=\"https:\/\/assets.innpro.pl\/18125\/24059\/8.jpg\"\/>\n<\/p>\n<h3>Papildomos \u017evejybos galimyb\u0117s<\/h3>\n<p>Valtis taip pat leid\u017eia u\u017ekabinti val\u0105 ir kabliuk\u0105 gale, tod\u0117l galite u\u017emesti kabliuk\u0105 tose vietose, kuri\u0173 nepasiektum\u0117te klasikine me\u0161kere. \u0160is prakti\u0161kas sprendimas padidina j\u016bs\u0173 komfort\u0105 ir \u017evejybos galimybes.<\/p>\n<p>\n<img decoding=\"async\" alt=\"Masalo valties ant j\u016bros pavir\u0161iaus grafika su povandeniniu \u017euv\u0173 ir kabliuko vaizdu i\u0161 arti\" border=\"0\" src=\"https:\/\/assets.innpro.pl\/18125\/24059\/5.jpg\"\/>\n<\/p>\n<h3>Tvirta konstrukcija<\/h3>\n<p>Korpusas, pagamintas i\u0161 patvaraus ABS plastiko, pasi\u017eymi atsparumu sm\u016bgiams ir vandens purslams. D\u0117l kompakti\u0161k\u0173 matmen\u0173 valt\u012f lengva transportuoti ir laikyti, tod\u0117l j\u0105 visada galite tur\u0117ti po ranka.<\/p>\n<p>\n<img decoding=\"async\" alt=\"Pilkai juodas masalo valtelis su keturiomis kameromis ir antena, pl\u016bduriuojan\u010dia ant banguojan\u010dio vandens, vaizdas i\u0161 vir\u0161aus\" border=\"0\" src=\"https:\/\/assets.innpro.pl\/18125\/24059\/3.jpg\"\/>\n<\/p>\n<h3>Pridedama<\/h3>\n<ul class=\"list-disc pl-5\">\n<li>Masalo valtelis<\/li>\n<li>\u012ekraunama baterija<\/li>\n<li>Nuotolinio valdymo pultas su LCD ekranu<\/li>\n<li>\u012ekroviklis<\/li>\n<li>USB laidas<\/li>\n<li>Sraigtai (2 vnt.)<\/li>\n<li>Naudotojo vadovas<\/li>\n<\/ul>\n<div class=\"table-wrapper\">\n<p>B\u00a0<\/p>\n<h3><\/h3>\n<table>\n<tbody>\n<tr>\n<th>Gamintojas<\/th>\n<td>Flytec<\/td>\n<\/tr>\n<tr>\n<th>Modelis<\/th>\n<td>V020<\/td>\n<\/tr>\n<tr>\n<th>Spalva<\/th>\n<td>Juoda<\/td>\n<\/tr>\n<tr>\n<th>Med\u017eiaga<\/th>\n<td>ABS<\/td>\n<\/tr>\n<tr>\n<th>Valdymo da\u017enis<\/th>\n<td>2.4G<\/td>\n<\/tr>\n<tr>\n<th>Valdymo atstumas<\/th>\n<td>iki 500 m<\/td>\n<\/tr>\n<tr>\n<th>Akumuliatoriaus talpa<\/th>\n<td>7.4V 12000 mAh<\/td>\n<\/tr>\n<tr>\n<th>Veikimo laikas<\/th>\n<td>iki 4 valand\u0173<\/td>\n<\/tr>\n<tr>\n<th>\u012ekrovimo laikas<\/th>\n<td>6-8 valandos<\/td>\n<\/tr>\n<tr>\n<th>Svoris<\/th>\n<td>apie 2219 g<\/td>\n<\/tr>\n<tr>\n<th>Matmenys<\/th>\n<td>49 \u00d7 26,4 \u00d7 28,1 cm<\/td>\n<\/tr>\n<tr>\n<th>Nuotolinio valdymo pulto maitinimo \u0161altinis<\/th>\n<td>4 \u00d7 AA 1,5 V baterijos (parduodamos atskirai)<\/td>\n<\/tr>\n<tr><\/tr>\n<\/tbody>\n<\/table>\n<\/div>\n","protected":false},"excerpt":{"rendered":"<p>\u201eFlytec V020\u201c 12000 mAh masalo valtis Tikslus masalas su GPS \u201eFlytec V020\u201c 12000 mAh masalo valtis yra idealus pasirinkimas me\u0161keriotojams, vertinantiems patogum\u0105 ir efektyvum\u0105. D\u0117l integruoto GPS modulio galite nustatyti iki 40 pad\u0117ties nustatymo ta\u0161k\u0173, kurie leid\u017eia tiksliai mesti masal\u0105 visada tose pa\u010diose vietose. Be to, jei baterija prad\u0117s i\u0161sikrauti arba prarasite atstum\u0105, valtis automati\u0161kai [&#8230;]\n","protected":false},"featured_media":12188,"comment_status":"open","ping_status":"closed","template":"","meta":[],"product_brand":[787],"product_cat":[1007],"product_tag":[],"class_list":{"0":"post-12187","1":"product","2":"type-product","3":"status-publish","4":"has-post-thumbnail","6":"product_brand-flytec","7":"product_cat-bait-boats","9":"first","10":"outofstock","11":"taxable","12":"shipping-taxable","13":"purchasable","14":"product-type-simple"},"aioseo_notices":[],"_links":{"self":[{"href":"https:\/\/asura.lv\/lt\/wp-json\/wp\/v2\/product\/12187","targetHints":{"allow":["GET"]}}],"collection":[{"href":"https:\/\/asura.lv\/lt\/wp-json\/wp\/v2\/product"}],"about":[{"href":"https:\/\/asura.lv\/lt\/wp-json\/wp\/v2\/types\/product"}],"replies":[{"embeddable":true,"href":"https:\/\/asura.lv\/lt\/wp-json\/wp\/v2\/comments?post=12187"}],"wp:featuredmedia":[{"embeddable":true,"href":"https:\/\/asura.lv\/lt\/wp-json\/wp\/v2\/media\/12188"}],"wp:attachment":[{"href":"https:\/\/asura.lv\/lt\/wp-json\/wp\/v2\/media?parent=12187"}],"wp:term":[{"taxonomy":"product_brand","embeddable":true,"href":"https:\/\/asura.lv\/lt\/wp-json\/wp\/v2\/product_brand?post=12187"},{"taxonomy":"product_cat","embeddable":true,"href":"https:\/\/asura.lv\/lt\/wp-json\/wp\/v2\/product_cat?post=12187"},{"taxonomy":"product_tag","embeddable":true,"href":"https:\/\/asura.lv\/lt\/wp-json\/wp\/v2\/product_tag?post=12187"}],"curies":[{"name":"wp","href":"https:\/\/api.w.org\/{rel}","templated":true}]}}