{"id":12271,"date":"2025-11-29T00:16:31","date_gmt":"2025-11-29T00:16:31","guid":{"rendered":"https:\/\/asura.lv\/product\/freewell-52-mm-base-ring-with-lid-for-real-locking-vnd\/"},"modified":"2025-12-12T16:01:12","modified_gmt":"2025-12-12T14:01:12","slug":"freewell-52-mm-base-ring-with-lid-for-real-locking-vnd","status":"publish","type":"product","link":"https:\/\/asura.lv\/lt\/produktas\/freewell-52-mm-base-ring-with-lid-for-real-locking-vnd\/","title":{"rendered":"\u201eFreewell\u201c 52 mm pagrindo \u017eiedas su dangteliu, skirtas \u201eReal Locking VND\u201c"},"content":{"rendered":"<h3>\u201eFreewell\u201c 52 mm pagrindo \u017eiedas su dangteliu, skirtas \u201eReal Locking VND\u201c<\/h3>\n<p>\u201eFreewell\u201c 52 mm pagrindo \u017eiedas yra nepakei\u010diama \u201eReal Locking VND\/CPL\u201c sistemos dalis, leid\u017eianti saugiai ir greitai pritvirtinti filtrus prie objektyvo. Pagamintas i\u0161 precizi\u0161kai frezuoto aliuminio, jis u\u017etikrina tvirt\u0105 tvirtinim\u0105 ir suderinamum\u0105 su likusia sistemos dalimi \u2013 nuo \u200b\u200bVND filtr\u0173 iki dangteli\u0173. 52 mm modelis tinka objektyvams su tokiu sriegiu ir leid\u017eia sistem\u0105 i\u0161pl\u0117sti iki ma\u017eesni\u0173 skersmen\u0173.<\/p>\n<p>\n<img decoding=\"async\" alt=\"\u201eFreewell\u201c NFC skydas laikomas rankoje.\" border=\"0\" src=\"https:\/\/assets.innpro.pl\/18271\/24253\/1.jpg\"\/>\n<\/p>\n<h3>Dangtelis su NFC \u2013 apsauga ir greita prieiga prie informacijos<\/h3>\n<p>Komplekte yra dviej\u0173 u\u017esegim\u0173 apsauginis dangtelis su \u012fmontuotu NFC moduliu. Jis suteikia tiesiogin\u0119 prieig\u0105 prie naudotojo vadov\u0173, garantij\u0173 ir pagalbin\u0117s med\u017eiagos \u2013 tereikia priglausti i\u0161man\u0173j\u012f telefon\u0105. Pats dangtelis efektyviai apsaugo objektyv\u0105 arba pritvirtint\u0105 filtr\u0105 nuo dulki\u0173, \u012fbr\u0117\u017eim\u0173 ir mechanini\u0173 pa\u017eeidim\u0173 transportavimo metu.<\/p>\n<p>\n<img decoding=\"async\" alt=\"Juodas ir raudonas \u201eFreewell NFC\u201c skydas \u0161viesiame fone.\" border=\"0\" src=\"https:\/\/assets.innpro.pl\/18271\/24253\/4.jpg\"\/>\n<\/p>\n<h3>I\u0161ple\u010diamas<\/h3>\n<p>Pagrindinis \u017eiedas yra \u201eFreewell Real Locking\u201c filtr\u0173 rinkinio i\u0161pl\u0117timo pagrindas. Jis tiekiamas \u012fvairi\u0173 dyd\u017ei\u0173 (nuo 49 mm iki 82 mm), tod\u0117l sistem\u0105 galite pritaikyti skirtingiems objektyvams. Tai leid\u017eia naudoti vien\u0105 filtr\u0173 rinkin\u012f su keliais fotoaparatais, i\u0161laikant suderinamum\u0105 ir patogum\u0105.<\/p>\n<p>\n<img decoding=\"async\" alt=\"Pagrindinis \u017eiedas ir skydas su \u201eFreewell NFC\u201c \u0161viesiame fone.\" border=\"0\" src=\"https:\/\/assets.innpro.pl\/18271\/24253\/2.jpg\"\/>\n<\/p>\n<h3>\u012etraukta<\/h3>\n<ul class=\"list-disc pl-5\">\n<li>pagrindinis \u017eiedas<\/li>\n<li>ekranas su NFC<\/li>\n<\/ul>\n<div class=\"table-wrapper\">\n<p>\u0412\u00a0<\/p>\n<h3><\/h3>\n<table>\n<tbody>\n<tr>\n<th>Gamintojas<\/th>\n<td>Freewell<\/td>\n<\/tr>\n<tr>\n<th>Produkto kodas<\/th>\n<td>FW-L1-BL52<\/td>\n<\/tr>\n<tr>\n<th>\u017diedo matmenys<\/th>\n<td>i\u0161orinis skersmuo 89,3 mm, storis 4,8 mm<\/td>\n<\/tr>\n<tr>\n<th>\u017diedo svoris<\/th>\n<td>5,7 g<\/td>\n<\/tr>\n<tr>\n<th>Dangtelio su NFC matmenys<\/th>\n<td>i\u0161orinis skersmuo 102,9 mm, storis 6,1 mm<\/td>\n<\/tr>\n<tr>\n<th>Ekrano su NFC svoris<\/th>\n<td>25,9 g<\/td>\n<\/tr>\n<\/tbody>\n<\/table>\n<\/div>\n","protected":false},"excerpt":{"rendered":"<p>\u201eFreewell\u201c 52 mm pagrindo \u017eiedas su dangteliu, skirtas \u201eReal Locking VND\u201c \u201eFreewell\u201c 52 mm pagrindo \u017eiedas yra nepakei\u010diama \u201eReal Locking VND\/CPL\u201c sistemos dalis, leid\u017eianti saugiai ir greitai pritvirtinti filtrus prie objektyvo. Pagamintas i\u0161 precizi\u0161kai frezuoto aliuminio, jis u\u017etikrina tvirt\u0105 tvirtinim\u0105 ir suderinamum\u0105 su likusia sistemos dalimi \u2013 nuo \u200b\u200bVND filtr\u0173 iki dangteli\u0173. 52 mm modelis [&#8230;]\n","protected":false},"featured_media":12272,"comment_status":"open","ping_status":"closed","template":"","meta":[],"product_brand":[491],"product_cat":[1016],"product_tag":[],"class_list":{"0":"post-12271","1":"product","2":"type-product","3":"status-publish","4":"has-post-thumbnail","6":"product_brand-freewell","7":"product_cat-for-cameras-and-camcorders","9":"first","10":"outofstock","11":"taxable","12":"shipping-taxable","13":"purchasable","14":"product-type-simple"},"aioseo_notices":[],"_links":{"self":[{"href":"https:\/\/asura.lv\/lt\/wp-json\/wp\/v2\/product\/12271","targetHints":{"allow":["GET"]}}],"collection":[{"href":"https:\/\/asura.lv\/lt\/wp-json\/wp\/v2\/product"}],"about":[{"href":"https:\/\/asura.lv\/lt\/wp-json\/wp\/v2\/types\/product"}],"replies":[{"embeddable":true,"href":"https:\/\/asura.lv\/lt\/wp-json\/wp\/v2\/comments?post=12271"}],"wp:featuredmedia":[{"embeddable":true,"href":"https:\/\/asura.lv\/lt\/wp-json\/wp\/v2\/media\/12272"}],"wp:attachment":[{"href":"https:\/\/asura.lv\/lt\/wp-json\/wp\/v2\/media?parent=12271"}],"wp:term":[{"taxonomy":"product_brand","embeddable":true,"href":"https:\/\/asura.lv\/lt\/wp-json\/wp\/v2\/product_brand?post=12271"},{"taxonomy":"product_cat","embeddable":true,"href":"https:\/\/asura.lv\/lt\/wp-json\/wp\/v2\/product_cat?post=12271"},{"taxonomy":"product_tag","embeddable":true,"href":"https:\/\/asura.lv\/lt\/wp-json\/wp\/v2\/product_tag?post=12271"}],"curies":[{"name":"wp","href":"https:\/\/api.w.org\/{rel}","templated":true}]}}