{"id":12319,"date":"2025-11-29T00:16:25","date_gmt":"2025-11-29T00:16:25","guid":{"rendered":"https:\/\/asura.lv\/product\/freewell-sunshield-for-fuji-gfx-100rf-black\/"},"modified":"2025-12-12T16:01:08","modified_gmt":"2025-12-12T14:01:08","slug":"freewell-sunshield-for-fuji-gfx-100rf-black","status":"publish","type":"product","link":"https:\/\/asura.lv\/lt\/produktas\/freewell-sunshield-for-fuji-gfx-100rf-black\/","title":{"rendered":"\u201eFreewell\u201c apsauginis skydelis nuo saul\u0117s, skirtas \u201eFuji GFX 100RF\u201c (juodas)"},"content":{"rendered":"<h3>\u201eFreewell Real\u201c objektyvo gaubtas, skirtas \u201eFuji GFX 100RF\u201c (juodas)<\/h3>\n<p>\u201eFreewell Real\u201c objektyvo gaubtas, skirtas \u201eFuji GFX100RF\u201c, turi kei\u010diam\u0105 49 mm filtr\u0105, kuris sujungia poliarizacij\u0105 (CPL) su \u201eBlack Mist 1\/4\u201c efektu. CPL filtras suma\u017eina \u0161viesos atspind\u017eius nuo toki\u0173 pavir\u0161i\u0173 kaip vanduo, stiklas ir metalas ir pagerina spalv\u0173 sodrum\u0105 \u2013 puikiai tinka peiza\u017e\u0173 fotografijai. Be to, \u201eBlack Mist\u201c subtiliai su\u0161velnina \u0161vies\u0105, i\u0161lygina kontrastus ir suteikia pro\u017eektoriams (pvz., \u017eibintams, saul\u0117lyd\u017eiui) nat\u016brali\u0105 ir \u012fsp\u016bding\u0105 i\u0161vaizd\u0105.<\/p>\n<p>\n<img decoding=\"async\" alt=\"Fotoaparatas su prie med\u017eio pritvirtintu skydeliu nuo saul\u0117s.\" border=\"0\" src=\"https:\/\/assets.innpro.pl\/18258\/24238\/2.jpg\"\/>\n<\/p>\n<h3>Reguliavimas be prisilietimo ir pasukama konstrukcija<\/h3>\n<p>D\u0117l speciali\u0173 skirtuk\u0173 filtr\u0105 galima pasukti jo nelie\u010diant, o tai padidina patogum\u0105 ir suma\u017eina stiklo u\u017esiter\u0161imo rizik\u0105. Be to, dangtel\u012f galima tiesiog pakreipti, kad greitai pakeistum\u0117te filtr\u0105 nenuimant viso dizaino. Suderinamumas su bet kuriuo 49 mm filtru suteikia laisv\u0119 dirbti \u012fvairiomis s\u0105lygomis.<\/p>\n<p>\n<img decoding=\"async\" alt=\"Prie fotoaparato objektyvo pritvirtinto saul\u0117s skydelio stambus planas.\" border=\"0\" src=\"https:\/\/assets.innpro.pl\/18258\/24238\/4.jpg\"\/>\n<\/p>\n<h3>Patvarus, lengvas ir paruo\u0161tas darbui lauke<\/h3>\n<p>Gaubtas pagamintas i\u0161 CNC aliuminio, kuris garantuoja patvarum\u0105 ir i\u0161laiko ma\u017e\u0105 svor\u012f. Be to, pridedamas magnetinis dangtelis su NFC leid\u017eia greitai pasiekti instrukcijas ir pagalb\u0105 i\u0161maniajame telefone.<\/p>\n<p>\n<img decoding=\"async\" alt=\"Apsauginio nuo saul\u0117s ir NFC dangtelio montavimas.\" border=\"0\" src=\"https:\/\/assets.innpro.pl\/18258\/24238\/6.jpg\"\/>\n<\/p>\n<h3>Pridedama<\/h3>\n<ul class=\"list-disc pl-5\">\n<li>apsauga nuo saul\u0117s<\/li>\n<li>CPL\/GMIST filtras<\/li>\n<li>magnetinis dangtelis su NFC<\/li>\n<li>valymo \u0161luost\u0117<\/li>\n<\/ul>\n<div class=\"table-wrapper\">\n<p>B\u00a0<\/p>\n<h3><\/h3>\n<table>\n<tbody>\n<tr>\n<th>Gamintojas<\/th>\n<td>Freewell<\/td>\n<\/tr>\n<tr>\n<th>Produkto kodas<\/th>\n<td>FW-GFX100RF-RLH-B<\/td>\n<\/tr>\n<tr>\n<th>Suderinamumas<\/th>\n<td>Fuji GFX 100RF<\/td>\n<\/tr>\n<\/tbody>\n<\/table>\n<\/div>\n","protected":false},"excerpt":{"rendered":"<p>\u201eFreewell Real\u201c objektyvo gaubtas, skirtas \u201eFuji GFX 100RF\u201c (juodas) \u201eFreewell Real\u201c objektyvo gaubtas, skirtas \u201eFuji GFX100RF\u201c, turi kei\u010diam\u0105 49 mm filtr\u0105, kuris sujungia poliarizacij\u0105 (CPL) su \u201eBlack Mist 1\/4\u201c efektu. CPL filtras suma\u017eina \u0161viesos atspind\u017eius nuo toki\u0173 pavir\u0161i\u0173 kaip vanduo, stiklas ir metalas ir pagerina spalv\u0173 sodrum\u0105 \u2013 puikiai tinka peiza\u017e\u0173 fotografijai. Be to, \u201eBlack [&#8230;]\n","protected":false},"featured_media":12320,"comment_status":"open","ping_status":"closed","template":"","meta":[],"product_brand":[491],"product_cat":[1016],"product_tag":[],"class_list":{"0":"post-12319","1":"product","2":"type-product","3":"status-publish","4":"has-post-thumbnail","6":"product_brand-freewell","7":"product_cat-for-cameras-and-camcorders","9":"first","10":"outofstock","11":"taxable","12":"shipping-taxable","13":"purchasable","14":"product-type-simple"},"aioseo_notices":[],"_links":{"self":[{"href":"https:\/\/asura.lv\/lt\/wp-json\/wp\/v2\/product\/12319","targetHints":{"allow":["GET"]}}],"collection":[{"href":"https:\/\/asura.lv\/lt\/wp-json\/wp\/v2\/product"}],"about":[{"href":"https:\/\/asura.lv\/lt\/wp-json\/wp\/v2\/types\/product"}],"replies":[{"embeddable":true,"href":"https:\/\/asura.lv\/lt\/wp-json\/wp\/v2\/comments?post=12319"}],"wp:featuredmedia":[{"embeddable":true,"href":"https:\/\/asura.lv\/lt\/wp-json\/wp\/v2\/media\/12320"}],"wp:attachment":[{"href":"https:\/\/asura.lv\/lt\/wp-json\/wp\/v2\/media?parent=12319"}],"wp:term":[{"taxonomy":"product_brand","embeddable":true,"href":"https:\/\/asura.lv\/lt\/wp-json\/wp\/v2\/product_brand?post=12319"},{"taxonomy":"product_cat","embeddable":true,"href":"https:\/\/asura.lv\/lt\/wp-json\/wp\/v2\/product_cat?post=12319"},{"taxonomy":"product_tag","embeddable":true,"href":"https:\/\/asura.lv\/lt\/wp-json\/wp\/v2\/product_tag?post=12319"}],"curies":[{"name":"wp","href":"https:\/\/api.w.org\/{rel}","templated":true}]}}