{"id":12421,"date":"2025-11-29T00:16:16","date_gmt":"2025-11-29T00:16:16","guid":{"rendered":"https:\/\/asura.lv\/product\/sunnylife-1-4-cat-eared-quick-mount-for-op-3-pink\/"},"modified":"2025-12-12T16:01:02","modified_gmt":"2025-12-12T14:01:02","slug":"sunnylife-1-4-cat-eared-quick-mount-for-op-3-pink","status":"publish","type":"product","link":"https:\/\/asura.lv\/lt\/produktas\/sunnylife-1-4-cat-eared-quick-mount-for-op-3-pink\/","title":{"rendered":"\u201eSunnylife\u201c 1\/4 colio greito tvirtinimo antgalis OP 3 (ro\u017einis)"},"content":{"rendered":"<h3>\u201eSunnylife\u201c 1\/4 colio kat\u0117s aus\u0173 formos greito tvirtinimo elementas, skirtas \u201eOP 3\u201c (ro\u017einis)<\/h3>\n<p>\u201eSunnylife\u201c laikiklis, skirtas \u201eOsmo Pocket 3\u201c kamerai kat\u0117s aus\u0173 formos, yra lengvas, bet patvarus adapteris, pagamintas i\u0161 CNC (kompiuterizuoto skaitmeninio valdymo, med\u017eiag\u0173 apdorojimo proceso, kurio metu naudojamas kompiuterizuotas) aliuminio, kuris sujungia greit\u0105 tvirtinim\u0105 ir didel\u012f i\u0161pl\u0117timo potencial\u0105. Jis turi 1\/4 colio sriegius, \u0161altos jungties laikikl\u012f ir sulankstom\u0105 2 kontakt\u0173 laikikl\u012f, tod\u0117l galite lengvai prijungti papildomus priedus, tokius kaip mikrofonai, \u0161viestuvai arba \u201eSunnylife AD824\u201c adapter\u012f. Jis suderinamas su originaliais ir spalvingais \u201eSunnylife K933\/K990\u201c ir \u201e754\u201c serijos d\u0117klais, o \u012fmontuoti mink\u0161ti pamink\u0161tinimai apsaugo \u201ePocket 3\u201c kamer\u0105 nuo \u012fbr\u0117\u017eim\u0173 ir sm\u016bgi\u0173. \u0160is prakti\u0161kas sprendimas u\u017etikrina stabilum\u0105, saugum\u0105 ir lankstum\u0105 \u012fvairiuose \u012fra\u0161ymo scenarijuose.<\/p>\n<p>\n<img decoding=\"async\" alt=\"DJI Pocket kamera su ro\u017einiu \u201eSunnylife\u201c laikikliu, \u0161alia trij\u0173 skirting\u0173 metalini\u0173 laikikli\u0173 versij\u0173: sidabrin\u0117s, ro\u017ein\u0117s ir juodos spalvos\" border=\"0\" src=\"https:\/\/assets.innpro.pl\/18052\/23949\/1.jpg\"\/>\n<\/p>\n<h3>Platios i\u0161pl\u0117timo galimyb\u0117s<\/h3>\n<p>Adapteris si\u016blo \u012fvairias s\u0105sajas, \u012fskaitant 1\/4 colio srieg\u012f, sulankstom\u0105 2 kontakt\u0173 laikikl\u012f, \u0161altos jungties laikikl\u012f ir speciali\u0105 s\u0105saj\u0105 \u201ePocket 3\u201c. 1\/4 colio sriegis leid\u017eia prijungti \u201eDJI Pocket 3\u201c prie kameros, kad padidintum\u0117te kadro kamp\u0105 (reikalingas 1\/4 colio \u0161altos jungties adapteris, nepridedamas). D\u0117l \u0161altos jungties priedas suderinamas su tokiais priedais kaip blykst\u0117s ir mikrofonai. Unikali \u201ekat\u0117s aus\u0173\u201c forma leid\u017eia greitai nustatyti ir lengvai sumontuoti laikikl\u012f. Tai supaprastina ir intuityvina pried\u0173 montavim\u0105.<\/p>\n<p>\n<img decoding=\"async\" alt=\"DJI Pocket kameros, pritvirtintos prie ro\u017einio \u201eSunnylife BK016\u201c laikiklio, apa\u010dios stambus planas animacini\u0173 ka\u010di\u0173 fone\" border=\"0\" src=\"https:\/\/assets.innpro.pl\/18052\/23949\/2.jpg\"\/>\n<\/p>\n<h3>Visi\u0161kas suderinamumas su \u201eSunnylife\u201c priedais<\/h3>\n<p>\u201ePocket 3\u201c kameros adapteris leid\u017eia prijungti \u201eSunnylife AD824\u201c adapter\u012f ir gauti dvi 2 coli\u0173 s\u0105sajas. Sulankstomas 2 kontakt\u0173 laikiklis leid\u017eia naudoti laikikl\u012f su daugeliu \u201eSunnylife\u201c pried\u0173, pavyzd\u017eiui, tvirtinant \u201ePocket 3\u201c prie dvira\u010dio horizontalioje pad\u0117tyje, o tai suma\u017eina pasiprie\u0161inim\u0105 ir palengvina ekrano valdym\u0105. Be to, laikiklis leid\u017eia lengvai reguliuoti \u012fra\u0161ymo kamp\u0105 naudojant str\u0117l\u0117s svirt\u012f.<\/p>\n<p>\n<img decoding=\"async\" alt=\"Trys nuotraukos, kuriose matyti \u201eDJI Pocket\u201c kamera rausvame laikiklyje, pritvirtinta prie adapterio ir pritvirtinta prie kuprin\u0117s bei kr\u016btin\u0117s dir\u017e\u0173\" border=\"0\" src=\"https:\/\/assets.innpro.pl\/18052\/23949\/3.jpg\"\/>\n<\/p>\n<h3>Apsauga ir stabilumas naudojimo metu<\/h3>\n<p>Laikiklis skirtas naudoti su originaliu \u201eSunnylife K933\/K990\u201c apsauginiu dangteliu ir d\u0117klu. Jis taip pat suderinamas su \u201eSunnylife\u201c 754 serijos apsauginiais d\u0117klais, suteikian\u010diais \u201ePocket 3\u201c visapusi\u0161k\u0105 apsaug\u0105 \u2013 magnetin\u012f laikikl\u012f ir d\u0117kl\u0105 galima naudoti vienu metu \u012fra\u0161ant.<\/p>\n<p>\n<img decoding=\"async\" alt=\"Du \u201eSunnylife BK016\u201c metaliniai laikikliai sidabro ir ro\u017ein\u0117s spalvos, parodyti atskirai baltame fone\" border=\"0\" src=\"https:\/\/assets.innpro.pl\/18052\/23949\/4.jpg\"\/>\n<\/p>\n<h3>Papildoma apsauga<\/h3>\n<p>Integruoti mink\u0161ti pamink\u0161tinimai stabilizuoja laikikl\u012f, apsaugodami j\u012f nuo \u012fbr\u0117\u017eim\u0173 ir sm\u016bgi\u0173. Taigi galite b\u016bti tikri, kad j\u016bs\u0173 \u201ePocket 3\u201c kamera i\u0161liks saugi ir tinkamai pritvirtinta bet kokioje situacijoje.<\/p>\n<p>\n<img decoding=\"async\" alt=\"DJI Pocket kamera su rausvu laikikliu, pritvirtinta ant \u201eSony\u201c fotoaparato su dideliu objektyvu, laikoma rankose\" border=\"0\" src=\"https:\/\/assets.innpro.pl\/18052\/23949\/5.jpg\"\/>\n<\/p>\n<div class=\"table-wrapper\">\n<p>B\u00a0<\/p>\n<h3><\/h3>\n<table>\n<tbody>\n<tr>\n<th>Gamintojas<\/th>\n<td>Sunnylife<\/td>\n<\/tr>\n<tr>\n<th>Modelis<\/th>\n<td>OP3-BK016<\/td>\n<\/tr>\n<tr>\n<th>Konstrukcijos med\u017eiaga<\/th>\n<td>Aliuminio lydinys<\/td>\n<\/tr>\n<tr>\n<th>Svoris<\/th>\n<td>28 g<\/td>\n<\/tr>\n<tr>\n<th>Matmenys<\/th>\n<td>42 x 46 x 24 mm<\/td>\n<\/tr>\n<tr>\n<th>Spalva<\/th>\n<td>Ro\u017ein\u0117<\/td>\n<\/tr>\n<\/tbody>\n<\/table>\n<\/div>\n","protected":false},"excerpt":{"rendered":"<p>\u201eSunnylife\u201c 1\/4 colio kat\u0117s aus\u0173 formos greito tvirtinimo elementas, skirtas \u201eOP 3\u201c (ro\u017einis) \u201eSunnylife\u201c laikiklis, skirtas \u201eOsmo Pocket 3\u201c kamerai kat\u0117s aus\u0173 formos, yra lengvas, bet patvarus adapteris, pagamintas i\u0161 CNC (kompiuterizuoto skaitmeninio valdymo, med\u017eiag\u0173 apdorojimo proceso, kurio metu naudojamas kompiuterizuotas) aliuminio, kuris sujungia greit\u0105 tvirtinim\u0105 ir didel\u012f i\u0161pl\u0117timo potencial\u0105. Jis turi 1\/4 colio sriegius, [&#8230;]\n","protected":false},"featured_media":12422,"comment_status":"open","ping_status":"closed","template":"","meta":[],"product_brand":[432],"product_cat":[875],"product_tag":[],"class_list":{"0":"post-12421","1":"product","2":"type-product","3":"status-publish","4":"has-post-thumbnail","6":"product_brand-sunnylife","7":"product_cat-for-gimbals","9":"first","10":"outofstock","11":"taxable","12":"shipping-taxable","13":"purchasable","14":"product-type-simple"},"aioseo_notices":[],"_links":{"self":[{"href":"https:\/\/asura.lv\/lt\/wp-json\/wp\/v2\/product\/12421","targetHints":{"allow":["GET"]}}],"collection":[{"href":"https:\/\/asura.lv\/lt\/wp-json\/wp\/v2\/product"}],"about":[{"href":"https:\/\/asura.lv\/lt\/wp-json\/wp\/v2\/types\/product"}],"replies":[{"embeddable":true,"href":"https:\/\/asura.lv\/lt\/wp-json\/wp\/v2\/comments?post=12421"}],"wp:featuredmedia":[{"embeddable":true,"href":"https:\/\/asura.lv\/lt\/wp-json\/wp\/v2\/media\/12422"}],"wp:attachment":[{"href":"https:\/\/asura.lv\/lt\/wp-json\/wp\/v2\/media?parent=12421"}],"wp:term":[{"taxonomy":"product_brand","embeddable":true,"href":"https:\/\/asura.lv\/lt\/wp-json\/wp\/v2\/product_brand?post=12421"},{"taxonomy":"product_cat","embeddable":true,"href":"https:\/\/asura.lv\/lt\/wp-json\/wp\/v2\/product_cat?post=12421"},{"taxonomy":"product_tag","embeddable":true,"href":"https:\/\/asura.lv\/lt\/wp-json\/wp\/v2\/product_tag?post=12421"}],"curies":[{"name":"wp","href":"https:\/\/api.w.org\/{rel}","templated":true}]}}