{"id":12469,"date":"2025-11-29T00:16:10","date_gmt":"2025-11-29T00:16:10","guid":{"rendered":"https:\/\/asura.lv\/product\/niimbot-k2-portable-label-printer-white\/"},"modified":"2025-12-12T16:01:00","modified_gmt":"2025-12-12T14:01:00","slug":"niimbot-k2-portable-label-printer-white","status":"publish","type":"product","link":"https:\/\/asura.lv\/lt\/produktas\/niimbot-k2-portable-label-printer-white\/","title":{"rendered":"Ne\u0161iojamas etike\u010di\u0173 spausdintuvas \u201eNiimbot K2\u201c (baltas)"},"content":{"rendered":"<h3>Ne\u0161iojamas \u201eNiimbot K2\u201c etike\u010di\u0173 spausdintuvas (baltas)<\/h3>\n<p>\u201eNiimbot K2\u201c etike\u010di\u0173 spausdintuvas yra pa\u017eangus, ta\u010diau kompakti\u0161kas \u012frenginys, leid\u017eiantis greitai ir patogiai spausdinti etiketes ir apyrankes \u2013 tiek namuose, tiek profesionalioje aplinkoje. D\u0117l modernaus dizaino ir intuityvaus valdymo jis idealiai tiks <a href=\"http:\/\/m.in\">be kita ko<\/a> maitinimo, medicinin\u0117s prie\u017ei\u016bros, ma\u017emenin\u0117s prekybos, juvelyrikos pramon\u0117s ar nam\u0173 erdv\u0117s organizavimo srityse.<\/p>\n<p>\n<img decoding=\"async\" alt=\"Komplekte yra baltas \u201eNIIMBOT\u201c etike\u010di\u0173 spausdintuvas, d\u0117\u017eut\u0117, laidai, maitinimo \u0161altinis ir naudotojo vadovas \u0161viesiai m\u0117lyname fone\" border=\"0\" src=\"https:\/\/assets.innpro.pl\/18093\/24005\/1.jpg\"\/>\n<\/p>\n<h3>Platus pritaikymo ir format\u0173 pasirinkimas<\/h3>\n<p>\u012erenginys palaiko etiketes nuo 20 iki 60 mm plo\u010dio, tod\u0117l galite j\u012f lengvai pritaikyti savo poreikiams \u2013 nuo \u200b\u200bligonini\u0173 apyranki\u0173 ir sand\u0117li\u0173 \u017eym\u0117jim\u0173 iki drabu\u017ei\u0173 etike\u010di\u0173 ir maisto produkt\u0173 etike\u010di\u0173. \u201eNiimbot K2\u201c suteikia kasdien reikaling\u0105 lankstum\u0105 ir daugiafunkci\u0161kum\u0105.<\/p>\n<p>\n<img decoding=\"async\" alt=\"Baltas NIIMBOT spausdintuvas spausdina maisto produkto, pavadinto \u201ePato jerky\u201c, etiket\u0119 su informacija portugal\u0173 kalba\" border=\"0\" src=\"https:\/\/assets.innpro.pl\/18093\/24005\/2.jpg\"\/>\n<\/p>\n<h3>\u012esp\u016bdinga popieriaus talpa<\/h3>\n<p>K2 turi erdv\u0173 kameros d\u0117kl\u0105 iki 110 mm skersmens ritin\u0117liams, tod\u0117l jis yra 4 kartus efektyvesnis nei \u012fprasti ne\u0161iojamieji spausdintuvai. Vienas \u012fkrovimas gali sutalpinti iki 1300 etike\u010di\u0173, tod\u0117l galima ilgai dirbti be da\u017eno eksploatacini\u0173 med\u017eiag\u0173 papildymo.<\/p>\n<p>\n<img decoding=\"async\" alt=\"Atviro NIIMBOT spausdintuvo vidus su matomais etike\u010di\u0173 ritin\u0117liu ir mechanizmo komponentais\" border=\"0\" src=\"https:\/\/assets.innpro.pl\/18093\/24005\/3.jpg\"\/>\n<\/p>\n<h3>Lengvas valdymas ir moderni program\u0117l\u0117<\/h3>\n<p>Palaikantis mobili\u0105sias ir asmenines program\u0117les, spausdintuvas si\u016blo daugiau nei 8700 paruo\u0161t\u0173 naudoti \u0161ablon\u0173, etike\u010di\u0173 redaktori\u0173 su QR ir br\u016bk\u0161nini\u0173 kod\u0173 palaikymu, dinamin\u0119 dat\u0105 ir laik\u0105 bei tris greito duomen\u0173 \u012fvedimo b\u016bdus: tekst\u0105, vaizd\u0105, nuskaitym\u0105. Visa tai ai\u0161kioje ir intuityvioje s\u0105sajoje, taip pat palaikoma realiuoju laiku.<\/p>\n<p>\n<img decoding=\"async\" alt=\"Du balti NIIMBOT spausdintuvai, vienas spausdina etiket\u0119 \u201ePato jerky\u201c, o kitas \u2013 m\u0117lyn\u0105 etiket\u0119 su QR kodu\" border=\"0\" src=\"https:\/\/assets.innpro.pl\/18093\/24005\/4.jpg\"\/>\n<\/p>\n<h3>Kompakti\u0161kas dizainas ir mobilumas<\/h3>\n<p>Eleganti\u0161kas, minimalistinis baltos spalvos korpusas puikiai dera prie bet kokio interjero ir darbo vietos. D\u0117l kompakti\u0161ko dyd\u017eio ir integruotos USB B tipo \u012fkrovimo funkcijos \u201eNiimbot K2\u201c yra idealus pasirinkimas tiems, kurie vertina mobilum\u0105 ir patogum\u0105 \u2013 tiek biure, tiek lauke.<\/p>\n<p>\n<img decoding=\"async\" alt=\"Baltas NIIMBOT spausdintuvas \u0161alia i\u0161vynioto sta\u010diakampi\u0173 etike\u010di\u0173 ritin\u0117lio \u0161viesiai m\u0117lyname fone\" border=\"0\" src=\"https:\/\/assets.innpro.pl\/18093\/24005\/5.jpg\"\/>\n<\/p>\n<h3>Pridedama<\/h3>\n<ul class=\"list-disc pl-5\">\n<li>\u201eNiimbot K2\u201c etike\u010di\u0173 spausdintuvas (baltas)<\/li>\n<li>USB B tipo laidas<\/li>\n<li>maitinimo adapteris<\/li>\n<li>naudotojo vadovas<\/li>\n<\/ul>\n<div class=\"table-wrapper\">\n<p>B\u00a0<\/p>\n<h3><\/h3>\n<table>\n<tbody>\n<tr>\n<th>Gamintojas<\/th>\n<td>Niimbot<\/td>\n<\/tr>\n<tr>\n<th>Modelis<\/th>\n<td>K2<\/td>\n<\/tr>\n<tr>\n<th>Spalva<\/th>\n<td>balta<\/td>\n<\/tr>\n<tr>\n<th>Etike\u010di\u0173 plotis<\/th>\n<td>nuo 20 mm iki 60 mm<\/td>\n<\/tr>\n<tr>\n<th>Ritino skersmuo<\/th>\n<td>iki 110 mm<\/td>\n<\/tr>\n<tr>\n<th>Ritino talpa<\/th>\n<td>iki 1300 etike\u010di\u0173<\/td>\n<\/tr>\n<tr>\n<th>Ry\u0161is<\/th>\n<td>USB-B<\/td>\n<\/tr>\n<tr><\/tr>\n<\/tbody>\n<\/table>\n<\/div>\n","protected":false},"excerpt":{"rendered":"<p>Ne\u0161iojamas \u201eNiimbot K2\u201c etike\u010di\u0173 spausdintuvas (baltas) \u201eNiimbot K2\u201c etike\u010di\u0173 spausdintuvas yra pa\u017eangus, ta\u010diau kompakti\u0161kas \u012frenginys, leid\u017eiantis greitai ir patogiai spausdinti etiketes ir apyrankes \u2013 tiek namuose, tiek profesionalioje aplinkoje. D\u0117l modernaus dizaino ir intuityvaus valdymo jis idealiai tiks be kita ko maitinimo, medicinin\u0117s prie\u017ei\u016bros, ma\u017emenin\u0117s prekybos, juvelyrikos pramon\u0117s ar nam\u0173 erdv\u0117s organizavimo srityse. Platus pritaikymo [&#8230;]\n","protected":false},"featured_media":12470,"comment_status":"open","ping_status":"closed","template":"","meta":[],"product_brand":[470],"product_cat":[1022],"product_tag":[],"class_list":{"0":"post-12469","1":"product","2":"type-product","3":"status-publish","4":"has-post-thumbnail","6":"product_brand-niimbot","7":"product_cat-labels","9":"first","10":"outofstock","11":"taxable","12":"shipping-taxable","13":"purchasable","14":"product-type-simple"},"aioseo_notices":[],"_links":{"self":[{"href":"https:\/\/asura.lv\/lt\/wp-json\/wp\/v2\/product\/12469","targetHints":{"allow":["GET"]}}],"collection":[{"href":"https:\/\/asura.lv\/lt\/wp-json\/wp\/v2\/product"}],"about":[{"href":"https:\/\/asura.lv\/lt\/wp-json\/wp\/v2\/types\/product"}],"replies":[{"embeddable":true,"href":"https:\/\/asura.lv\/lt\/wp-json\/wp\/v2\/comments?post=12469"}],"wp:featuredmedia":[{"embeddable":true,"href":"https:\/\/asura.lv\/lt\/wp-json\/wp\/v2\/media\/12470"}],"wp:attachment":[{"href":"https:\/\/asura.lv\/lt\/wp-json\/wp\/v2\/media?parent=12469"}],"wp:term":[{"taxonomy":"product_brand","embeddable":true,"href":"https:\/\/asura.lv\/lt\/wp-json\/wp\/v2\/product_brand?post=12469"},{"taxonomy":"product_cat","embeddable":true,"href":"https:\/\/asura.lv\/lt\/wp-json\/wp\/v2\/product_cat?post=12469"},{"taxonomy":"product_tag","embeddable":true,"href":"https:\/\/asura.lv\/lt\/wp-json\/wp\/v2\/product_tag?post=12469"}],"curies":[{"name":"wp","href":"https:\/\/api.w.org\/{rel}","templated":true}]}}