{"id":12493,"date":"2025-11-29T00:16:08","date_gmt":"2025-11-29T00:16:08","guid":{"rendered":"https:\/\/asura.lv\/product\/niimbot-b21s-portable-label-printer-pink\/"},"modified":"2025-12-12T16:00:58","modified_gmt":"2025-12-12T14:00:58","slug":"niimbot-b21s-portable-label-printer-pink","status":"publish","type":"product","link":"https:\/\/asura.lv\/lt\/produktas\/niimbot-b21s-portable-label-printer-pink\/","title":{"rendered":"Ne\u0161iojamas etike\u010di\u0173 spausdintuvas \u201eNiimbot B21S\u201c (ro\u017einis)"},"content":{"rendered":"<h3>Ne\u0161iojamas etike\u010di\u0173 spausdintuvas \u201eNimbot B21S\u201c (ro\u017einis)<\/h3>\n<p>Ne\u0161iojamas etike\u010di\u0173 spausdintuvas \u201eNimbot B21S\u201c puikiai tiks parduotuv\u0117je, namuose ar darbe. Jam nereikia ra\u0161alo ir jis leid\u017eia atspausdinti kelias etiketes per sekund\u0119. Jis apr\u016bpintas 1200 mAh baterija, kuri u\u017etikrina ilg\u0105 veikimo laik\u0105. \u012erenginio valdym\u0105 palengvina program\u0117l\u0117, o \u201eBluetooth\u201c ry\u0161ys u\u017etikrina greit\u0105 ir stabil\u0173 ry\u0161\u012f.<\/p>\n<p>\n<img decoding=\"async\" alt=\"Ant stalo stovi penki skirting\u0173 spalv\u0173 (juodos, ro\u017ein\u0117s, kremin\u0117s, raudonos, \u017ealios) terminiai spausdintuvai, kuri\u0173 kiekvienas spausdina skirting\u0105 etiket\u0119\" border=\"0\" src=\"https:\/\/assets.innpro.pl\/18089\/24001\/1.jpg\"\/>\n<\/p>\n<h3>Naudinga kasdieniam naudojimui<\/h3>\n<p>\u201eNiimbot\u201c terminis spausdintuvas bus naudojamas \u012fvairiose situacijose. J\u012f naudosite namuose prieskoniams ar maisto produkt\u0173 pakuot\u0117ms \u017eenklinti. \u201eB21S\u201c taip pat pravers parduotuv\u0117je \u017eymint produktus EAN kodais, spausdinant kainas ir galiojimo datas arba kuriant QR kodus.<\/p>\n<p>\n<img decoding=\"async\" alt=\"Penki \u012fstri\u017eai i\u0161d\u0117styti terminiai spausdintuvai spalvotame fone, parodyti i\u0161 vir\u0161aus juodos, kremin\u0117s, raudonos, m\u0117tin\u0117s ir \u017ealios spalvos\" border=\"0\" src=\"https:\/\/assets.innpro.pl\/18089\/24001\/4.jpg\"\/>\n<\/p>\n<h3>Speciali program\u0117l\u0117<\/h3>\n<p>Nor\u0117dami prad\u0117ti naudoti spausdintuv\u0105, atsisi\u0173skite speciali\u0105 \u201eNiimbot\u201c program\u0117l\u0119 \u2013 ji suderinama su \u201eAndroid\u201c ir \u201eiOS\u201c. Joje galite kurti etiketes, tinkinti \u0161rift\u0105, turinio kiek\u012f ir kt. Ji leid\u017eia spausdinti br\u016bk\u0161ninius kodus, QR kodus, \u201eExcel\u201c lenteles arba laik\u0105 ir dat\u0105. Ji taip pat palaiko serijin\u012f spausdinim\u0105, nuskaitym\u0105 arba jaustukus ir balso \u012fvest\u012f. Galimyb\u0117s beveik neribotos!<\/p>\n<p>\n<img decoding=\"async\" alt=\"Ro\u017einis terminis spausdintuvas atspausdina apskrit\u0105 etiket\u0119 su avies logotipu, kosmetika, lipduk\u0173 ritin\u0117liu ir \u0161alia gulin\u010di\u0173 g\u0117li\u0173 nuotrauka\" border=\"0\" src=\"https:\/\/assets.innpro.pl\/18089\/24001\/2.jpg\"\/>\n<\/p>\n<h3>Pridedama<\/h3>\n<ul class=\"list-disc pl-5\">\n<li>terminis spausdintuvas<\/li>\n<li>USB-A\u2013USB-C laidas<\/li>\n<li>etike\u010di\u0173 ritin\u0117lis<\/li>\n<li>naudotojo vadovas<\/li>\n<\/ul>\n<div class=\"table-wrapper\">\n<p>B\u00a0<\/p>\n<h3><\/h3>\n<table>\n<tbody>\n<tr>\n<th>Gamintojas<\/th>\n<td>Niimbot<\/td>\n<\/tr>\n<tr>\n<th>Modelis<\/th>\n<td>B21S<\/td>\n<\/tr>\n<tr>\n<th>Spalva<\/th>\n<td>ro\u017ein\u0117<\/td>\n<\/tr>\n<tr>\n<th>Svoris<\/th>\n<td>299 g<\/td>\n<\/tr>\n<tr>\n<th>Matmenys<\/th>\n<td>130 x 94 x 61 mm<\/td>\n<\/tr>\n<tr>\n<th>Ritin\u0117lio plotis<\/th>\n<td>20\u201348 mm<\/td>\n<\/tr>\n<tr>\n<th>Baterijos talpa<\/th>\n<td>1200 mAh<\/td>\n<\/tr>\n<tr>\n<th>\u012ekrovimo laikas<\/th>\n<td>3\u20134 h<\/td>\n<\/tr>\n<tr>\n<th>Maitinimas<\/th>\n<td>4 dBm maks.<\/td>\n<\/tr>\n<tr>\n<th>\u012e\u0117jimo \u012ftampa<\/th>\n<td>5 V \/ 1 A nuolatin\u0117 srov\u0117<\/td>\n<\/tr>\n<tr>\n<th>\u012ekrovimo prievadas<\/th>\n<td>USB-C<\/td>\n<\/tr>\n<tr>\n<th>Darbin\u0117 temperat\u016bra<\/th>\n<td>5 \u00b0C ~ 40 \u00b0C<\/td>\n<\/tr>\n<tr>\n<th>Rai\u0161ka<\/th>\n<td>203 dpi<\/td>\n<\/tr>\n<tr>\n<th>Tipas<\/th>\n<td>terminis<\/td>\n<\/tr>\n<tr>\n<th>Jungtis<\/th>\n<td>\u201eBluetooth\u201c, USB-C<\/td>\n<\/tr>\n<\/tbody>\n<\/table>\n<\/div>\n","protected":false},"excerpt":{"rendered":"<p>Ne\u0161iojamas etike\u010di\u0173 spausdintuvas \u201eNimbot B21S\u201c (ro\u017einis) Ne\u0161iojamas etike\u010di\u0173 spausdintuvas \u201eNimbot B21S\u201c puikiai tiks parduotuv\u0117je, namuose ar darbe. Jam nereikia ra\u0161alo ir jis leid\u017eia atspausdinti kelias etiketes per sekund\u0119. Jis apr\u016bpintas 1200 mAh baterija, kuri u\u017etikrina ilg\u0105 veikimo laik\u0105. \u012erenginio valdym\u0105 palengvina program\u0117l\u0117, o \u201eBluetooth\u201c ry\u0161ys u\u017etikrina greit\u0105 ir stabil\u0173 ry\u0161\u012f. Naudinga kasdieniam naudojimui \u201eNiimbot\u201c terminis [&#8230;]\n","protected":false},"featured_media":12494,"comment_status":"open","ping_status":"closed","template":"","meta":[],"product_brand":[470],"product_cat":[1022],"product_tag":[],"class_list":{"0":"post-12493","1":"product","2":"type-product","3":"status-publish","4":"has-post-thumbnail","6":"product_brand-niimbot","7":"product_cat-labels","9":"first","10":"outofstock","11":"taxable","12":"shipping-taxable","13":"purchasable","14":"product-type-simple"},"aioseo_notices":[],"_links":{"self":[{"href":"https:\/\/asura.lv\/lt\/wp-json\/wp\/v2\/product\/12493","targetHints":{"allow":["GET"]}}],"collection":[{"href":"https:\/\/asura.lv\/lt\/wp-json\/wp\/v2\/product"}],"about":[{"href":"https:\/\/asura.lv\/lt\/wp-json\/wp\/v2\/types\/product"}],"replies":[{"embeddable":true,"href":"https:\/\/asura.lv\/lt\/wp-json\/wp\/v2\/comments?post=12493"}],"wp:featuredmedia":[{"embeddable":true,"href":"https:\/\/asura.lv\/lt\/wp-json\/wp\/v2\/media\/12494"}],"wp:attachment":[{"href":"https:\/\/asura.lv\/lt\/wp-json\/wp\/v2\/media?parent=12493"}],"wp:term":[{"taxonomy":"product_brand","embeddable":true,"href":"https:\/\/asura.lv\/lt\/wp-json\/wp\/v2\/product_brand?post=12493"},{"taxonomy":"product_cat","embeddable":true,"href":"https:\/\/asura.lv\/lt\/wp-json\/wp\/v2\/product_cat?post=12493"},{"taxonomy":"product_tag","embeddable":true,"href":"https:\/\/asura.lv\/lt\/wp-json\/wp\/v2\/product_tag?post=12493"}],"curies":[{"name":"wp","href":"https:\/\/api.w.org\/{rel}","templated":true}]}}