{"id":12529,"date":"2025-11-29T00:16:04","date_gmt":"2025-11-29T00:16:04","guid":{"rendered":"https:\/\/asura.lv\/product\/powerbank-ecoflow-rapid-pro-20000-230w-built-in-100w-cable\/"},"modified":"2025-12-12T16:00:55","modified_gmt":"2025-12-12T14:00:55","slug":"powerbank-ecoflow-rapid-pro-20000-230w-built-in-100w-cable","status":"publish","type":"product","link":"https:\/\/asura.lv\/lt\/produktas\/powerbank-ecoflow-rapid-pro-20000-230w-built-in-100w-cable\/","title":{"rendered":"Ne\u0161iojamoji baterija \u201eEcoFlow RAPID Pro 20000 230W\u201c (su integruotu 100 W laidu)"},"content":{"rendered":"<h3>\u201eEcoFlow RAPID Pro 20000\u201c 230 W i\u0161orin\u0117 baterija (su \u012fmontuotu 100 W laidu)<\/h3>\n<p>\u201eEcoFlow RAPID Pro\u201c \u2013 tai didelio na\u0161umo i\u0161orin\u0117 baterija, skirta intensyviam naudojimui lauke, kelion\u0117se ir kasdieniame darbe. Tur\u0117dama 20 000 mAh (72 Wh) bendr\u0105 talp\u0105, 3 USB-C (universali nuoseklioji magistral\u0117, universali duomen\u0173 ir maitinimo jungtis) prievadus ir \u012fmontuot\u0105 laid\u0105 (100 W), ji pasi\u017eymi maksimal\u0173 lankstum\u0105 ir \u012fkrovimo greit\u012f. D\u0117l kompakti\u0161ko dyd\u017eio (145\u201355\u201356 mm) ir ergonomi\u0161ko dizaino ji lengvai telpa \u012f kuprin\u0117s \u0161onin\u0119 ki\u0161en\u0119, o atsparumas kritimams ir ugniai daro j\u0105 idealiu palydovu \u012fvairiomis s\u0105lygomis.<\/p>\n<p>\n<img decoding=\"async\" alt=\"Vyras s\u0117di traukinyje ir kalba telefonu. \u0160alia jo ant stalo stovi ne\u0161iojamas kompiuteris, prijungtas prie i\u0161orin\u0117s baterijos su ekranu.\" border=\"0\" src=\"https:\/\/assets.innpro.pl\/17968\/23827\/6.jpg\"\/>\n<\/p>\n<h3>\u012ekraukite kelis \u012frenginius vienu metu \u2013 iki 230 vat\u0173<\/h3>\n<p>Tur\u0117damas 3 USB-C i\u0161vestis ir USB-C laid\u0105, \u201eRAPID Pro\u201c leid\u017eia vienu metu \u012fkrauti iki keturi\u0173 \u012frengini\u0173 visu galingumu, pvz., du ne\u0161iojamuosius kompiuterius, i\u0161man\u0173j\u012f telefon\u0105 ir plan\u0161etin\u012f kompiuter\u012f. Bendra i\u0161\u0117jimo galia siekia net 230 vat\u0173, tod\u0117l galite greitai \u012fkrauti \u201eMacBook Pro\u201c, \u201eSteam Deck\u201c, \u201eiPhone\u201c ar kitus mobiliuosius \u012frenginius. Integruotas laidas palaiko dvikrypt\u012f greit\u0105j\u012f \u012fkrovim\u0105 iki 100 vat\u0173, o du papildomi prievadai si\u016blo 65 vat\u0173 gali\u0105.<\/p>\n<p>\n<img decoding=\"async\" alt=\"\u201eEcoFlow\u201c i\u0161orin\u0117 baterija, prijungta prie 2 ne\u0161iojam\u0173j\u0173 kompiuteri\u0173, i\u0161maniojo telefono ir TWS ausini\u0173.\" border=\"0\" src=\"https:\/\/assets.innpro.pl\/17968\/23827\/11.jpg\"\/>\n<\/p>\n<h3>Greitai \u012fkraunama i\u0161orin\u0117 baterija<\/h3>\n<p>\u201eRAPID Pro\u201c \u017eavi ne tik savo na\u0161umu, bet ir dideliu \u012fkrovimo grei\u010diu. Naudodami special\u0173 \u201eEcoFlow RAPID Pro\u201c stalin\u012f \u012fkrovikl\u012f (120 W \u012fvestis per \u201ePogo Pin\u201c jungt\u012f + USB, universali nuoseklioji magistral\u0117 \u2013 universali jungtis duomenims ir maitinimui), galite papildyti 80 % talpos vos per 19 minu\u010di\u0173. \u012ekraunant per vien\u0105 100 W USB-C prievad\u0105, 80 % talpa pasiekiama vos per 39 minutes, o naudojant 120 W USB \u012fvest\u012f \u2013 tik per 25 minutes.<\/p>\n<p>\n<img decoding=\"async\" alt=\"Vyras s\u0117di prie savo stalo, laiko puodel\u012f ir dirba prie\u0161ais savo ne\u0161iojam\u0105j\u012f kompiuter\u012f. \u0160alia jo guli kamera, o \u201eEcoFlow\u201c i\u0161orin\u0117 baterija \u012fjungta \u012f elektros lizd\u0105.\" border=\"0\" src=\"https:\/\/assets.innpro.pl\/17968\/23827\/10.jpg\"\/>\n<\/p>\n<h3>Energija, kurios pakanka ilgiau<\/h3>\n<p>Tur\u0117damas 10 718 mAh nauding\u0105j\u0105 talp\u0105 (esant 14,4 V \u012ftampai), \u201eRAPID Pro\u201c tiekia energijos ma\u017edaug 3,2 karto \u201eiPhone 16\u201c \u012fkrovimui, vienam pilnam \u201eMacBook Air\u201c \u012fkrovimui (49,9 Wh) arba vienam pilnam \u201eSteam Deck\u201c \u012fkrovimui (40\u201350 Wh). \u201eX-VELO\u201c technologija (\u201eX-VELO\u201c, \u201eEcoFlow\u201c sukurta didelio tankio li\u010dio jon\u0173 element\u0173 technologija su siliciu ir anglimi) dar labiau optimizuoja temperat\u016bros valdym\u0105 ir suma\u017eina energijos nuostolius, tod\u0117l u\u017etikrina ilgalaik\u012f ir stabil\u0173 veikim\u0105 net ekstremaliomis s\u0105lygomis \u2013 \u012frenginys buvo i\u0161bandytas net -20 \u00b0C temperat\u016broje.<\/p>\n<p>\n<img decoding=\"async\" alt=\"Vyras su tamsiais mar\u0161kiniais s\u0117di ant k\u0117d\u0117s ir rankose laiko fotoaparat\u0105. \u0160alia jo ant stalo yra ne\u0161iojamas kompiuteris, dronas ir i\u0161orin\u0117 baterija. Tolumoje matyti vanduo ir med\u017eiai.\" border=\"0\" src=\"https:\/\/assets.innpro.pl\/17968\/23827\/7.jpg\"\/>\n<\/p>\n<h3>I\u0161manioji apsauga ir maksimalus na\u0161umas<\/h3>\n<p>D\u0117l \u201eX-Guard\u201c sistemos (\u201eX-Guard\u201c, \u201eEcoFlow\u201c \u0161ilumin\u0117s ir perkrovos apsaugos sistema), \u201eRAPID Pro\u201c nuolat stebi temperat\u016br\u0105 ir veikimo saugum\u0105, atlikdamas iki 10 milijon\u0173 matavim\u0173 per dien\u0105. I\u0161maniosios BMS (akumuliatoriaus valdymo sistemos) ir EMS (energijos valdymo sistemos) u\u017etikrina subalansuot\u0105 visos sistemos veikim\u0105, u\u017ekertant keli\u0105 perkaitimui, perkrovai ar per dideliam i\u0161sikrovimui.<\/p>\n<p>\n<img decoding=\"async\" alt=\"Miega tamsiaplauk\u0117 moteris. \u0160alia lovos ant naktinio stalelio guli i\u0161manusis telefonas ir i\u0161manusis laikrodis, prijungti prie i\u0161orin\u0117s baterijos maitinimo lizde.\" border=\"0\" src=\"https:\/\/assets.innpro.pl\/17968\/23827\/1.jpg\"\/>\n<\/p>\n<h3>Patogus valdymas<\/h3>\n<p>I\u0161orin\u0117 baterija turi lengvai \u012fskaitom\u0105 1,54 colio LCD (skyst\u0173j\u0173 kristal\u0173) ekran\u0105, kuriame rodoma \u012fkrovimo b\u016bsena, temperat\u016bra, \u012ftampa ir re\u017eimas. Taip pat galite pritaikyti ekrano i\u0161vaizd\u0105 \u2013 nustatyti pageidaujam\u0105 grafik\u0105 arba susikurti savo bud\u0117jimo re\u017eimo ekran\u0105 naudodami \u201eEcoFlow Power Management\u201c program\u0117l\u0119. Program\u0117l\u0117 taip pat leid\u017eia \u012fjungti akumuliatoriaus optimizavimo re\u017eim\u0105, kuris pailgina tiek i\u0161orin\u0117s baterijos, tiek \u012fkraunam\u0173 \u012frengini\u0173 veikimo laik\u0105.<\/p>\n<p>\n<img decoding=\"async\" alt=\"Vyras \u012f juod\u0105 kuprin\u0119 \u012fdeda i\u0161orin\u0119 baterij\u0105 su ekranu.\" border=\"0\" src=\"https:\/\/assets.innpro.pl\/17968\/23827\/5.jpg\"\/>\n<\/p>\n<h3>Kompakti\u0161kas ir paruo\u0161tas bet kokiems i\u0161\u0161\u016bkiams<\/h3>\n<p>\u201eRAPID Pro\u201c sujungia didel\u0119 gali\u0105, kompakti\u0161k\u0105 dizain\u0105 ir tvirtum\u0105. D\u0117klas yra atsparus kritimams i\u0161 1 metro auk\u0161\u010dio ir ugniai, tod\u0117l idealiai tinka tiek kasdieniam naudojimui, tiek sud\u0117tingomis s\u0105lygomis. D\u0117l integruoto USB-C laido (60 cm) nereikia galvoti apie papildomus laidus.<\/p>\n<p>\n<img decoding=\"async\" alt=\"3 vyrai s\u0117di prie stalo ir kalbasi. 2 i\u0161 j\u0173 naudoja ne\u0161iojamuosius kompiuterius, o vienas \u2013 plan\u0161etin\u012f kompiuter\u012f. Ne\u0161iojamoji baterija guli stalo viduryje.\" border=\"0\" src=\"https:\/\/assets.innpro.pl\/17968\/23827\/13.jpg\"\/>\n<\/p>\n<h3>Pridedama<\/h3>\n<ul class=\"list-disc pl-5\">\n<li>i\u0161orin\u0117 baterija<\/li>\n<li>d\u0117klas<\/li>\n<\/ul>\n<div class=\"table-wrapper\">\n<p>B\u00a0<\/p>\n<h3><\/h3>\n<table>\n<tbody>\n<tr>\n<th>Gamintojas<\/th>\n<td>EcoFlow<\/td>\n<\/tr>\n<tr>\n<th>Modelis<\/th>\n<td>RAPID Pro<\/td>\n<\/tr>\n<tr>\n<th>Bendra talpa<\/th>\n<td>20 000 mAh (72 Wh)<\/td>\n<\/tr>\n<tr>\n<th>Naudojama talpa<\/th>\n<td>10 718 mAh (14,4 V)<\/td>\n<\/tr>\n<tr>\n<th>Matmenys<\/th>\n<td>145 x 55 x 56 mm<\/td>\n<\/tr>\n<tr>\n<th>Svoris<\/th>\n<td>563,8 g<\/td>\n<\/tr>\n<tr>\n<th>Laido ilgis<\/th>\n<td>60 cm<\/td>\n<\/tr>\n<tr>\n<th>\u012ekraunama baterija<\/th>\n<td>li\u010dio<\/td>\n<\/tr>\n<tr>\n<th>\u012ekrovimo cikl\u0173 skai\u010dius<\/th>\n<td>400 cikl\u0173 iki 80 % talpos<\/td>\n<\/tr>\n<tr>\n<th>Baterijos tipas<\/th>\n<td>21700-50 SE<\/td>\n<\/tr>\n<tr>\n<th>Celi\u0173 skai\u010dius<\/th>\n<td>4S1P<\/td>\n<\/tr>\n<tr>\n<th>Privadai ir jungtys<\/th>\n<td>x3 USB-C + USB-C laidas (i\u0161 viso 230 vat\u0173)<\/td>\n<\/tr>\n<tr>\n<th>I\u0161\u0117jimo galia<\/th>\n<td>USB-C laidas: dvikryptis greitasis \u012fkrovimas iki 100 vat\u0173; (USB-C prievadai: 65 W<\/td>\n<\/tr>\n<tr>\n<th>\u012evesties galia<\/th>\n<td>USB-C laidas: 100 W; \u201ePogo Pin\u201c jungtis: 120 W; bendra USB \u012fvesties galia: 120 W; bendra \u201ePogo Pin\u201c + USB \u012fvesties galia: 120 W (0\u201380 % per 47 minutes)<\/td>\n<\/tr>\n<tr>\n<th>Ekranas<\/th>\n<td>LCD<\/td>\n<\/tr>\n<tr>\n<th>Atsparumas kritimui<\/th>\n<td>Iki 1 m<\/td>\n<\/tr>\n<tr>\n<th>Atsparumas ugniai<\/th>\n<td>taip<\/td>\n<\/tr>\n<tr>\n<th>\u012ekrovimo temperat\u016bra<\/th>\n<td>20\u201330 \u00b0C<\/td>\n<\/tr>\n<tr>\n<th>I\u0161krovimo temperat\u016bra<\/th>\n<td>0\u201345 \u00b0C<\/td>\n<\/tr>\n<tr>\n<th>Sand\u0117liavimas temperat\u016bra<\/th>\n<td>-10\u201345 \u00b0C<\/td>\n<\/tr>\n<\/tbody>\n<\/table>\n<\/div>\n","protected":false},"excerpt":{"rendered":"<p>\u201eEcoFlow RAPID Pro 20000\u201c 230 W i\u0161orin\u0117 baterija (su \u012fmontuotu 100 W laidu) \u201eEcoFlow RAPID Pro\u201c \u2013 tai didelio na\u0161umo i\u0161orin\u0117 baterija, skirta intensyviam naudojimui lauke, kelion\u0117se ir kasdieniame darbe. Tur\u0117dama 20 000 mAh (72 Wh) bendr\u0105 talp\u0105, 3 USB-C (universali nuoseklioji magistral\u0117, universali duomen\u0173 ir maitinimo jungtis) prievadus ir \u012fmontuot\u0105 laid\u0105 (100 W), ji [&#8230;]\n","protected":false},"featured_media":12530,"comment_status":"open","ping_status":"closed","template":"","meta":[],"product_brand":[247],"product_cat":[1025],"product_tag":[],"class_list":{"0":"post-12529","1":"product","2":"type-product","3":"status-publish","4":"has-post-thumbnail","6":"product_brand-ecoflow","7":"product_cat-powerbanks","9":"first","10":"outofstock","11":"taxable","12":"shipping-taxable","13":"purchasable","14":"product-type-simple"},"aioseo_notices":[],"_links":{"self":[{"href":"https:\/\/asura.lv\/lt\/wp-json\/wp\/v2\/product\/12529","targetHints":{"allow":["GET"]}}],"collection":[{"href":"https:\/\/asura.lv\/lt\/wp-json\/wp\/v2\/product"}],"about":[{"href":"https:\/\/asura.lv\/lt\/wp-json\/wp\/v2\/types\/product"}],"replies":[{"embeddable":true,"href":"https:\/\/asura.lv\/lt\/wp-json\/wp\/v2\/comments?post=12529"}],"wp:featuredmedia":[{"embeddable":true,"href":"https:\/\/asura.lv\/lt\/wp-json\/wp\/v2\/media\/12530"}],"wp:attachment":[{"href":"https:\/\/asura.lv\/lt\/wp-json\/wp\/v2\/media?parent=12529"}],"wp:term":[{"taxonomy":"product_brand","embeddable":true,"href":"https:\/\/asura.lv\/lt\/wp-json\/wp\/v2\/product_brand?post=12529"},{"taxonomy":"product_cat","embeddable":true,"href":"https:\/\/asura.lv\/lt\/wp-json\/wp\/v2\/product_cat?post=12529"},{"taxonomy":"product_tag","embeddable":true,"href":"https:\/\/asura.lv\/lt\/wp-json\/wp\/v2\/product_tag?post=12529"}],"curies":[{"name":"wp","href":"https:\/\/api.w.org\/{rel}","templated":true}]}}