{"id":12649,"date":"2025-11-29T00:15:53","date_gmt":"2025-11-29T00:15:53","guid":{"rendered":"https:\/\/asura.lv\/product\/smart-edge-lit-ceiling-lamp-yeelight-mars-c400\/"},"modified":"2025-12-12T16:00:48","modified_gmt":"2025-12-12T14:00:48","slug":"smart-edge-lit-ceiling-lamp-yeelight-mars-c400","status":"publish","type":"product","link":"https:\/\/asura.lv\/lt\/produktas\/smart-edge-lit-ceiling-lamp-yeelight-mars-c400\/","title":{"rendered":"I\u0161manusis kra\u0161tinio ap\u0161vietimo lubinis \u0161viestuvas \u201eYeelight Mars C400\u201c"},"content":{"rendered":"<h3>I\u0161manusis lubinis \u0161viestuvas su kra\u0161tiniu ap\u0161vietimu \u201eYeelight Mars C400\u201c<\/h3>\n<p>\u201eYeelight Mars C400\u201c \u2013 tai i\u0161manusis lubinis \u0161viestuvas, kuris privers j\u016bs\u0173 nam\u0173 ap\u0161vietim\u0105 prisitaikyti prie bet kokios situacijos. Jis derina ry\u0161ki\u0105 balt\u0105 \u0161vies\u0105 su \u012fsp\u016bdingu RGB (raudona, \u017ealia, m\u0117lyna) kra\u0161tiniu ap\u0161vietimu ir si\u016blo 16 ap\u0161vietimo re\u017eim\u0173 bei 16 milijon\u0173 spalv\u0173, kad sukurt\u0173 tobul\u0105 nuotaik\u0105. Suderinamumas su \u012fvairiais balso asistentais leid\u017eia j\u012f valdyti nuotoliniu b\u016bdu naudojant balso komandas ir program\u0117les, taip pat nuotolinio valdymo pult\u0105 arba \u201eSLISAON\u00ae\u201c jungikl\u012f (parduodamas atskirai). Reguliuojama spalv\u0173 temperat\u016bra ir skland\u016bs ry\u0161kumo nustatymai leis pritaikyti ap\u0161vietim\u0105 pagal individualius pageidavimus. \u0160viestuvas yra saugus j\u016bs\u0173 akims ir pasi\u017eymi energij\u0105 taupan\u010diu veikimu, kurio galia siekia 30 vat\u0173. Rinkit\u0117s i\u0161manius sprendimus ir \u0161iandien i\u0161sirinkite \u201eYeelight Mars C400\u201c!<\/p>\n<p>\n<img decoding=\"async\" alt=\"\u201eYeelight Mars C400\u201c lubinis \u0161viestuvas \u0161vie\u010dia balta ir spalvota \u0161viesa ant plyt\u0173 sienos.\" border=\"0\" src=\"https:\/\/assets.innpro.pl\/17834\/23660\/5.jpg\"\/>\n<\/p>\n<h3>Jums pritaikytas ap\u0161vietimas<\/h3>\n<p>\u201eMars C400\u201c si\u016blo spalv\u0173 temperat\u016bros diapazon\u0105 nuo 2700 K iki 6500 K ir be galo reguliuojam\u0105 ry\u0161kum\u0105 nuo 0 iki 100 %, tod\u0117l galite sukurti tobul\u0105 aplink\u0105 tiek darbui, tiek poilsiui. Priekin\u0117 balta \u0161viesa ir RGB \u0161onin\u0117 \u0161viesa gali veikti nepriklausomai, u\u017etikrindamos platesn\u012f \u0161viesos sklaid\u0105 ir i\u0161skirtin\u012f efekto gyl\u012f. Lempa suteikia j\u016bs\u0173 namams unikali\u0105 atmosfer\u0105, si\u016blydama iki 16 milijon\u0173 spalv\u0173 ir 16 i\u0161 anksto nustatyt\u0173 scenos re\u017eim\u0173, tinkan\u010di\u0173 bet kuriai akimirkai.<\/p>\n<p>\n<img decoding=\"async\" alt=\"Pora \u0161oka kambaryje, ap\u0161viestame \u201eYeelight Mars C400\u201c lempos, skleid\u017eian\u010dios \u012fvairiaspalv\u0119 \u0161vies\u0105.\" border=\"0\" src=\"https:\/\/assets.innpro.pl\/17834\/23660\/6.jpg\"\/>\n<\/p>\n<h3>Visi\u0161ka integracija su i\u0161maniaisiais namais<\/h3>\n<p>\u0160viestuvas veikia su populiariausiomis i\u0161mani\u0173j\u0173 nam\u0173 platformomis, \u012fskaitant \u201eGoogle Home\u201c, \u201eSmartThings\u201c, \u201eAmazon Alexa\u201c, \u201eXiaomi Home\u201c, taip pat \u201eYandex\u201c. Valdymas balsu, nuotolinis valdymas per program\u0117l\u0119 arba integracija su daikt\u0173 interneto (IoT) platformomis (daikt\u0173 internetas, sistema, leid\u017eianti \u012fvairiems elektroniniams \u012frenginiams si\u0173sti ir gauti duomenis \u2013 \u012f kitus daiktus ir sistemas ir i\u0161 j\u0173) leid\u017eia paprastai ir patogiai valdyti ap\u0161vietim\u0105. \u0160viestuvas taip pat suderinamas su nuotolinio valdymo pultu ir SLISAON\u00ae jungikliu (parduodamas atskirai).<\/p>\n<p>\n<img decoding=\"async\" alt=\"Baltas garsiakalbis, stovintis ant apvalaus stalo, integruotas su \u201eYeelight Mars C400\u201c lempa.\" border=\"0\" src=\"https:\/\/assets.innpro.pl\/17834\/23660\/3.jpg\"\/>\n<\/p>\n<h3>Komfortas ir saugumas j\u016bs\u0173 akims<\/h3>\n<p>\u0160is \u012frenginys buvo sukurtas atsi\u017evelgiant \u012f j\u016bs\u0173 sveikat\u0105 \u2013 auk\u0161tas spalv\u0173 atgavos indeksas Ra 90 tiksliai atkuria spalvas, o RG0 m\u0117lynos \u0161viesos saugos (0 rizikos grup\u0117, rei\u0161kianti \u017eemiausi\u0105 fotobiologin\u0117s m\u0117lynos \u0161viesos rizikos klas\u0119) ir nemirgan\u010dio ap\u0161vietimo sertifikatas pagal IEEE (Elektros ir elektronikos in\u017einieri\u0173 institutas \u2013 in\u017einieri\u0173 ir mokslinink\u0173 organizacija, kurianti ir tvirtinanti technin\u0117s \u012frangos standartus) standartus garantuoja saugi\u0105, akims maloni\u0105 \u0161vies\u0105. Specialus m\u0117nulio \u0161viesos re\u017eimas skleid\u017eia \u0161veln\u0173 \u0161vyt\u0117jim\u0105, puikiai tinkant\u012f nak\u010diai.<\/p>\n<p>\n<img decoding=\"async\" alt=\"\u201eYeelight Mars C400\u201c lubinis \u0161viestuvas skleid\u017eia \u0161ilt\u0105 \u0161vies\u0105 miegamajame.\" border=\"0\" src=\"https:\/\/assets.innpro.pl\/17834\/23660\/1.jpg\"\/>\n<\/p>\n<h3>Ideali atmosfera bet kokiai progai<\/h3>\n<p>Nesvarbu, ar \u017ei\u016brite film\u0105, \u017eaid\u017eiate \u017eaidim\u0105, ar palaikote m\u0117gstam\u0105 komand\u0105, \u201eYeelight Mars C400\u201c u\u017etikrins visi\u0161k\u0105 pasin\u0117rim\u0105 \u012f rengin\u012f su atmosferiniu \u0161oniniu ap\u0161vietimu. 30 vat\u0173 galios lempa efektyviai ap\u0161vies erdv\u0119 ir leis m\u0117gautis ekonomi\u0161ku energijos suvartojimu.<\/p>\n<p>\n<img decoding=\"async\" alt=\"Du vyrai, stebintys rungtynes \u200b\u200bsvetain\u0117je, ap\u0161viesti \u017ealios ir geltonos spalvos \u201eYeelight Mars C400\u201c lempos.\" border=\"0\" src=\"https:\/\/assets.innpro.pl\/17834\/23660\/4.jpg\"\/>\n<\/p>\n<div class=\"table-wrapper\">\n<p>B\u00a0<\/p>\n<h3><\/h3>\n<table>\n<tbody>\n<tr>\n<th>Gamintojas<\/th>\n<td>Yeelight<\/td>\n<\/tr>\n<tr>\n<th>Modelis<\/th>\n<td>YLXDD-0267<\/td>\n<\/tr>\n<tr>\n<th>Spalva<\/th>\n<td>Balta<\/td>\n<\/tr>\n<tr>\n<th>\u0160viesos temperat\u016bra<\/th>\n<td>2700K &#8211; 6500K<\/td>\n<\/tr>\n<tr>\n<th>M\u0117lynos \u0161viesos pavojaus lygis<\/th>\n<td>RG0<\/td>\n<\/tr>\n<tr>\n<th>Tarnavimo laikas<\/th>\n<td>Apytiksliai 50 000 valand\u0173<\/td>\n<\/tr>\n<tr>\n<th>Ap\u0161vietimas plotas<\/th>\n<td>10\u201320 m\u00b2<\/td>\n<\/tr>\n<tr>\n<th>Integracija su i\u0161maniaisiais namais<\/th>\n<td>\u201eAmazon Alexa\u201c, \u201eGoogle Home\u201c, \u201eXiaomi Home\u201c, \u201eYandex\u201c, i\u0161manieji dalykai<\/td>\n<\/tr>\n<tr>\n<th>Galia<\/th>\n<td>30 W<\/td>\n<\/tr>\n<tr>\n<th>\u0160viesos srautas<\/th>\n<td>2600 lm<\/td>\n<\/tr>\n<tr>\n<th>Matmenys<\/th>\n<td>400 x 35 mm<\/td>\n<\/tr>\n<\/tbody>\n<\/table>\n<\/div>\n","protected":false},"excerpt":{"rendered":"<p>I\u0161manusis lubinis \u0161viestuvas su kra\u0161tiniu ap\u0161vietimu \u201eYeelight Mars C400\u201c \u201eYeelight Mars C400\u201c \u2013 tai i\u0161manusis lubinis \u0161viestuvas, kuris privers j\u016bs\u0173 nam\u0173 ap\u0161vietim\u0105 prisitaikyti prie bet kokios situacijos. Jis derina ry\u0161ki\u0105 balt\u0105 \u0161vies\u0105 su \u012fsp\u016bdingu RGB (raudona, \u017ealia, m\u0117lyna) kra\u0161tiniu ap\u0161vietimu ir si\u016blo 16 ap\u0161vietimo re\u017eim\u0173 bei 16 milijon\u0173 spalv\u0173, kad sukurt\u0173 tobul\u0105 nuotaik\u0105. Suderinamumas su [&#8230;]\n","protected":false},"featured_media":12650,"comment_status":"open","ping_status":"closed","template":"","meta":[],"product_brand":[156],"product_cat":[1040],"product_tag":[],"class_list":{"0":"post-12649","1":"product","2":"type-product","3":"status-publish","4":"has-post-thumbnail","6":"product_brand-yeelight","7":"product_cat-ceiling-lamps","9":"first","10":"outofstock","11":"taxable","12":"shipping-taxable","13":"purchasable","14":"product-type-simple"},"aioseo_notices":[],"_links":{"self":[{"href":"https:\/\/asura.lv\/lt\/wp-json\/wp\/v2\/product\/12649","targetHints":{"allow":["GET"]}}],"collection":[{"href":"https:\/\/asura.lv\/lt\/wp-json\/wp\/v2\/product"}],"about":[{"href":"https:\/\/asura.lv\/lt\/wp-json\/wp\/v2\/types\/product"}],"replies":[{"embeddable":true,"href":"https:\/\/asura.lv\/lt\/wp-json\/wp\/v2\/comments?post=12649"}],"wp:featuredmedia":[{"embeddable":true,"href":"https:\/\/asura.lv\/lt\/wp-json\/wp\/v2\/media\/12650"}],"wp:attachment":[{"href":"https:\/\/asura.lv\/lt\/wp-json\/wp\/v2\/media?parent=12649"}],"wp:term":[{"taxonomy":"product_brand","embeddable":true,"href":"https:\/\/asura.lv\/lt\/wp-json\/wp\/v2\/product_brand?post=12649"},{"taxonomy":"product_cat","embeddable":true,"href":"https:\/\/asura.lv\/lt\/wp-json\/wp\/v2\/product_cat?post=12649"},{"taxonomy":"product_tag","embeddable":true,"href":"https:\/\/asura.lv\/lt\/wp-json\/wp\/v2\/product_tag?post=12649"}],"curies":[{"name":"wp","href":"https:\/\/api.w.org\/{rel}","templated":true}]}}