{"id":12703,"date":"2025-11-29T00:15:48","date_gmt":"2025-11-29T00:15:48","guid":{"rendered":"https:\/\/asura.lv\/product\/yeelight-vega-rgb-nightlight-motion-sensor-night-light\/"},"modified":"2025-12-12T16:00:45","modified_gmt":"2025-12-12T14:00:45","slug":"yeelight-vega-rgb-nightlight-motion-sensor-night-light","status":"publish","type":"product","link":"https:\/\/asura.lv\/lt\/produktas\/yeelight-vega-rgb-nightlight-motion-sensor-night-light\/","title":{"rendered":"\u201eYeelight Vega RGB NightLight\u201c judesio jutiklio naktin\u0117 lemput\u0117"},"content":{"rendered":"<h3>\u201eYeelight Vega RGB NightLight\u201c naktinis \u0161viestuvas su judesio jutikliu<\/h3>\n<p>\u201eYeelight Vega\u201c yra i\u0161manusis naktinis \u0161viestuvas, si\u016blantis iki 16 milijon\u0173 spalv\u0173 ir 11 i\u0161 anksto nustatyt\u0173 ap\u0161vietimo efekt\u0173, puikiai tinkantis sukurti unikali\u0105 atmosfer\u0105 miegamajame, svetain\u0117je ar bare. \u012erengtas aplinkos \u0161viesos jutikliu ir i\u0161maniuoju radaru, jis \u012fsijungia tik tada, kai jums jo reikia. Magnetinis tvirtinimas leid\u017eia laisvai judinti \u0161viestuv\u0105, o dvigubas gaubtas u\u017etikrina \u0161veln\u0173, tolyg\u0173 ap\u0161vietim\u0105. 2,4 vat\u0173 galia suteikia ry\u0161ki\u0105 \u0161vies\u0105, o \u012fkraunama baterija leid\u017eia naudoti iki 90 dien\u0173 be \u012fkrovimo. Minimalistinis dizainas su permatomu \u0161oniniu skydeliu, pasl\u0117ptais jutikliais ir USB-C (universaliosios nuosekliosios magistral\u0117s, s\u0105sajos standarto duomenims perduoti ir elektroniniams \u012frenginiams maitinti) prievadu leid\u017eia \u0161viestuvui tinka bet kuriame j\u016bs\u0173 nam\u0173 kambaryje.<\/p>\n<p>\n<img decoding=\"async\" alt=\"\u201eYeelight Vega\u201c naktinio \u0161viestuvo, sumontuoto ant perforuotos sienos, su violetiniu foniniu ap\u0161vietimu, stambus planas.\" border=\"0\" src=\"https:\/\/assets.innpro.pl\/17820\/23645\/4.jpg\"\/>\n<\/p>\n<h3>Ap\u0161vietimo efektai kiekvienai progai<\/h3>\n<p>\u201eYeelight Vega\u201c akimirksniu pakei\u010dia atmosfer\u0105 j\u016bs\u0173 \u017eaidim\u0173 kambaryje, svetain\u0117je, miegamajame ar net bare. Tur\u0117damas iki 16 milijon\u0173 spalv\u0173, jis sukuria atmosferin\u0119 atmosfer\u0105 bet kurioje situacijoje. Taip pat galite rinktis i\u0161 11 i\u0161 anksto nustatyt\u0173 ap\u0161vietimo re\u017eim\u0173, \u012fskaitant 6 dinaminius tekan\u010dios \u0161viesos efektus ir 5 vienos spalvos efektus. Tarp j\u0173 yra tokie i\u0161 anksto nustatyti re\u017eimai kaip sodas, saul\u0117lydis, Kal\u0117dos, vakar\u0117lis, vaivoryk\u0161t\u0117 ir mi\u0161kas.<\/p>\n<p>\n<img decoding=\"async\" alt=\"\u017daidim\u0173 stalas su monitoriumi ir priedais, ap\u0161viestas violetine \u0161viesa, ant sienos pritvirtinta \u201eYeelight Vega\u201c naktin\u0117 lemput\u0117.\" border=\"0\" src=\"https:\/\/assets.innpro.pl\/17820\/23645\/6.jpg\"\/>\n<\/p>\n<h3>Maksimalus energijos taupymas<\/h3>\n<p>\u201eYeelight Vega\u201c naktin\u0117 lemput\u0117 si\u016blo du veikimo re\u017eimus \u2013 automatin\u012f ir visada \u012fjungt\u0105. Aplinkos \u0161viesos jutiklis ir i\u0161manusis radaras reaguoja, kai jums reikia \u0161viesos, u\u017etikrindami patogum\u0105 ir energijos taupym\u0105. Pa\u017ei\u016br\u0117kite, kiek daug naudos galite gauti i\u0161 \u201eYeelight\u201c!<\/p>\n<p>\n<img decoding=\"async\" alt=\"\u201eYeelight Vega\u201c naktin\u0117 lemput\u0117, montuojama automobilio prietais\u0173 skydelio apa\u010dioje, ap\u0161viesta \u017ealiai geltona \u0161viesa.\" border=\"0\" src=\"https:\/\/assets.innpro.pl\/17820\/23645\/2.jpg\"\/>\n<\/p>\n<h3>Lengvas montavimas ir apgalvotas dizainas<\/h3>\n<p>D\u0117l magnetinio tvirtinimo galite lengvai perkelti lemp\u0105 \u012f bet kuri\u0105 viet\u0105 negr\u0119\u017edami ir nesikreipdami \u012f profesional\u0105. Dvigubo gaubto naudojimas u\u017etikrina tolyg\u0173 ir \u0161veln\u0173 \u0161viesos sklaid\u0105, kuri nevargina aki\u0173. D\u0117l itin skaidraus \u0161oninio skydelio, diskreti\u0161kai integruot\u0173 jutikli\u0173 ir intuityvaus jungiklio \u201eYeelight Vega\u201c puikiai dera prie bet kokio interjero \u2013 be nereikaling\u0173, ry\u0161ki\u0173 element\u0173.<\/p>\n<p>\n<img decoding=\"async\" alt=\"\u201eYeelight Vega\u201c naktin\u0117 lemput\u0117 \u0161vie\u010dia \u0161ilta \u0161viesa ant sienos \u0161alia s\u0117din\u010dio \u017emogaus, laikan\u010dio puodel\u012f.\" border=\"0\" src=\"https:\/\/assets.innpro.pl\/17820\/23645\/3.jpg\"\/>\n<\/p>\n<h3>Galingumas ir ilgalaikis veikimas<\/h3>\n<p>Integruotas 2,4 vat\u0173 \u0161viesos \u0161altinis u\u017etikrina ry\u0161k\u0173 ap\u0161vietim\u0105, o \u012fkraunama baterija u\u017etikrina iki 90 dien\u0173 veikim\u0105 be \u012fkrovimo. USB-C prievadas ir re\u017eimo jungiklis leid\u017eia lengvai naudoti ir \u012fkrauti. \u201eYeelight Vera\u201c yra ne tik puikus \u0161viesos \u0161altinis ir maloni nuotaika j\u016bs\u0173 namuose, bet ir paprastas b\u016bdas taupyti energij\u0105!<\/p>\n<p>\n<img decoding=\"async\" alt=\"\u201eYeelight Vega\u201c lemput\u0117 automobilyje, \u0161vie\u010dianti intensyvia rausvai oran\u017eine \u0161viesa.\" border=\"0\" src=\"https:\/\/assets.innpro.pl\/17820\/23645\/5.jpg\"\/>\n<\/p>\n<h3>Pridedama<\/h3>\n<ul class=\"list-disc pl-5\">\n<li>Naktinis \u0161viestuvas \u201eYeelight Vera\u201c<\/li>\n<li>Magnetinis laikiklis<\/li>\n<li>USB-C \u012fkrovimo laidas<\/li>\n<li>Naudotojo vadovas<\/li>\n<\/ul>\n<div class=\"table-wrapper\">\n<p>\u0412\u00a0<\/p>\n<h3><\/h3>\n<table>\n<tbody>\n<tr>\n<th>Gamintojas<\/th>\n<td>Yeelight<\/td>\n<\/tr>\n<tr>\n<th>Modelis<\/th>\n<td>YLYYD-0026<\/td>\n<\/tr>\n<tr>\n<th>Matmenys<\/th>\n<td>78 x 78 x 23 mm<\/td>\n<\/tr>\n<tr>\n<th>Nominali galia<\/th>\n<td>2,4 W<\/td>\n<\/tr>\n<tr>\n<th>Spalva<\/th>\n<td>Balta<\/td>\n<\/tr>\n<tr>\n<th>Spalv\u0173 temperat\u016bra<\/th>\n<td>RGB<\/td>\n<\/tr>\n<tr>\n<th>Akumuliatoriaus talpa<\/th>\n<td>750 mAh<\/td>\n<\/tr>\n<tr>\n<th>\u012ekrovimo prievadas<\/th>\n<td>USB-C<\/td>\n<\/tr>\n<\/tbody>\n<\/table>\n<\/div>\n","protected":false},"excerpt":{"rendered":"<p>\u201eYeelight Vega RGB NightLight\u201c naktinis \u0161viestuvas su judesio jutikliu \u201eYeelight Vega\u201c yra i\u0161manusis naktinis \u0161viestuvas, si\u016blantis iki 16 milijon\u0173 spalv\u0173 ir 11 i\u0161 anksto nustatyt\u0173 ap\u0161vietimo efekt\u0173, puikiai tinkantis sukurti unikali\u0105 atmosfer\u0105 miegamajame, svetain\u0117je ar bare. \u012erengtas aplinkos \u0161viesos jutikliu ir i\u0161maniuoju radaru, jis \u012fsijungia tik tada, kai jums jo reikia. Magnetinis tvirtinimas leid\u017eia laisvai [&#8230;]\n","protected":false},"featured_media":12704,"comment_status":"open","ping_status":"closed","template":"","meta":[],"product_brand":[156],"product_cat":[1037],"product_tag":[],"class_list":{"0":"post-12703","1":"product","2":"type-product","3":"status-publish","4":"has-post-thumbnail","6":"product_brand-yeelight","7":"product_cat-desk-and-night-lamps","9":"first","10":"outofstock","11":"taxable","12":"shipping-taxable","13":"purchasable","14":"product-type-simple"},"aioseo_notices":[],"_links":{"self":[{"href":"https:\/\/asura.lv\/lt\/wp-json\/wp\/v2\/product\/12703","targetHints":{"allow":["GET"]}}],"collection":[{"href":"https:\/\/asura.lv\/lt\/wp-json\/wp\/v2\/product"}],"about":[{"href":"https:\/\/asura.lv\/lt\/wp-json\/wp\/v2\/types\/product"}],"replies":[{"embeddable":true,"href":"https:\/\/asura.lv\/lt\/wp-json\/wp\/v2\/comments?post=12703"}],"wp:featuredmedia":[{"embeddable":true,"href":"https:\/\/asura.lv\/lt\/wp-json\/wp\/v2\/media\/12704"}],"wp:attachment":[{"href":"https:\/\/asura.lv\/lt\/wp-json\/wp\/v2\/media?parent=12703"}],"wp:term":[{"taxonomy":"product_brand","embeddable":true,"href":"https:\/\/asura.lv\/lt\/wp-json\/wp\/v2\/product_brand?post=12703"},{"taxonomy":"product_cat","embeddable":true,"href":"https:\/\/asura.lv\/lt\/wp-json\/wp\/v2\/product_cat?post=12703"},{"taxonomy":"product_tag","embeddable":true,"href":"https:\/\/asura.lv\/lt\/wp-json\/wp\/v2\/product_tag?post=12703"}],"curies":[{"name":"wp","href":"https:\/\/api.w.org\/{rel}","templated":true}]}}