{"id":12787,"date":"2025-11-29T00:15:40","date_gmt":"2025-11-29T00:15:40","guid":{"rendered":"https:\/\/asura.lv\/product\/power-bank-ecoflow-rapid-25000-mah-170w\/"},"modified":"2025-12-12T16:00:38","modified_gmt":"2025-12-12T14:00:38","slug":"power-bank-ecoflow-rapid-25000-mah-170w","status":"publish","type":"product","link":"https:\/\/asura.lv\/lt\/produktas\/power-bank-ecoflow-rapid-25000-mah-170w\/","title":{"rendered":"I\u0161orin\u0117 baterija \u201eEcoFlow RAPID\u201c 25000 mAh, 170 W"},"content":{"rendered":"<h3>\u201eEcoFlow RAPID\u201c i\u0161orin\u0117 baterija, 25 000 mAh, 170 W<\/h3>\n<p>\u201eEcoFlow RAPID\u201c i\u0161orin\u0117 baterija pasi\u017eymi 25 000 mAh talpa, kuri kartu su kompakti\u0161ku dizainu puikiai tinka darbui, kelion\u0117ms ir kasdieniam naudojimui. Ji palaiko greit\u0105j\u012f \u012fkrovim\u0105 \u2013 iki 140 vat\u0173 viename prievade ir 170 vat\u0173 kartu naudojant kelis lizdus vienu metu. Nesvarbu, ar kraunate ne\u0161iojam\u0105j\u012f kompiuter\u012f, telefon\u0105 ar plan\u0161etin\u012f kompiuter\u012f, RAPID u\u017etikrina visi\u0161k\u0105 na\u0161um\u0105 be kompromis\u0173.<\/p>\n<p>\n<img decoding=\"async\" alt=\"Moteris m\u0117lynu megztiniu pie\u0161ia ant plan\u0161etinio kompiuterio prie medinio stalo su i\u0161orine baterija ir spalving\u0173 si\u016bl\u0173 rit\u0117mis\" border=\"0\" src=\"https:\/\/assets.innpro.pl\/17736\/23528\/6.jpg\"\/>\n<\/p>\n<h3>Greitas \u012fkrovimas iki trij\u0173 \u012frengini\u0173<\/h3>\n<p>Tur\u0117dami du USB-C (universali nuoseklioji magistral\u0117 C tipo, universali duomen\u0173 ir maitinimo jungtis), vien\u0105 USB-A (universali nuoseklioji magistral\u0117 A tipo, standartin\u0117 duomen\u0173 ir \u012fkrovimo jungtis) prievadus ir bendr\u0105 iki 170 vat\u0173 gali\u0105, galite vienu metu \u012fkrauti kelis \u012frenginius neprarasdami grei\u010dio. Maksimali 140 vat\u0173 galia viename USB-C prievade netgi pakanka \u0161iuolaikiniams ne\u0161iojamiesiems kompiuteriams ir fotoaparatams maitinti. Tai idealiai tinka \u017emon\u0117ms, kurie vertina savo laik\u0105 ir nenori laukti laisvo lizdo!<\/p>\n<p>\n<img decoding=\"async\" alt=\"Trys jauni \u017emon\u0117s \u017eaid\u017eia \u017eaidimus konsol\u0117mis, prijungtomis prie i\u0161orin\u0117s baterijos, ant svetain\u0117s sofos\" border=\"0\" src=\"https:\/\/assets.innpro.pl\/17736\/23528\/9.jpg\"\/>\n<\/p>\n<h3>Talpa, suteikianti jums laisv\u0119<\/h3>\n<p>25 000 mAh baterija leid\u017eia daug kart\u0173 \u012fkrauti i\u0161man\u0173j\u012f telefon\u0105, plan\u0161etin\u012f kompiuter\u012f ar fotoaparat\u0105. Tokios energijos pakanka, pavyzd\u017eiui, ne\u0161iojamam kompiuteriui kelyje maitinti. Svarbu tai, kad \u012frenginys atitinka oro linij\u0173 saugos standartus, tod\u0117l j\u012f galite lengvai pasiimti su savimi \u012f l\u0117ktuv\u0105.<\/p>\n<p>\n<img decoding=\"async\" alt=\"Besi\u0161ypsantis vyras geltonais mar\u0161kin\u0117liais \u017eaid\u017eia telefonu traukinyje, ant stalo laikydamas ne\u0161iojam\u0105j\u012f kompiuter\u012f ir i\u0161orin\u0119 baterij\u0105\" border=\"0\" src=\"https:\/\/assets.innpro.pl\/17736\/23528\/4.jpg\"\/>\n<\/p>\n<h3>I\u0161manusis TFT ekranas<\/h3>\n<p>Integruotas TFT (plonasluoksnis tranzistorius) ekranas suteikia prieig\u0105 prie svarbiausios informacijos, susijusios su i\u0161orin\u0117s baterijos veikimu. Jo pagalba galite greitai patikrinti, pavyzd\u017eiui, kiekvieno prievado \u012fkrovimo lyg\u012f, temperat\u016br\u0105 ar esam\u0105 gali\u0105. Ekranas u\u017etikrina ai\u0161k\u0173, \u012fskaitom\u0105 vaizd\u0105 i\u0161 bet kokio kampo ir bet kokiomis ap\u0161vietimo s\u0105lygomis \u2013 net ry\u0161kioje saul\u0117s \u0161viesoje!<\/p>\n<p>\n<img decoding=\"async\" alt=\"Vyras laiko telefon\u0105, prijungt\u0105 prie juodos i\u0161orin\u0117s baterijos, vir\u0161 stalo\" border=\"0\" src=\"https:\/\/assets.innpro.pl\/17736\/23528\/8.jpg\"\/>\n<\/p>\n<h3>Pa\u017eangi apsauga<\/h3>\n<p>I\u0161orin\u0117 baterija apr\u016bpinta pa\u017eangia energijos valdymo sistema, naudojama, be kita ko, elektrin\u0117se transporto priemon\u0117se. \u012erenginys nuolat stebi \u012fkrovimo proces\u0105, apsaugodamas baterij\u0105 nuo perkaitimo, perkrovimo, per didelio i\u0161sikrovimo ir trumpojo jungimo. Tai leid\u017eia j\u012f naudoti beveik bet kokiomis s\u0105lygomis \u2013 nesijaudinant d\u0117l \u200b\u200bsaugumo.<\/p>\n<p>\n<img decoding=\"async\" alt=\"Moteris ro\u017einiais mar\u0161kin\u0117liais dirba su ne\u0161iojamuoju kompiuteriu prie stalo su i\u0161orine baterija nam\u0173 biure su knyg\u0173 lentyna\" border=\"0\" src=\"https:\/\/assets.innpro.pl\/17736\/23528\/5.jpg\"\/>\n<\/p>\n<div class=\"table-wrapper\">\n<p>B\u00a0<\/p>\n<h3>Bendra<\/h3>\n<table>\n<tbody>\n<tr>\n<th>Gamintojas<\/th>\n<td>EcoFlow<\/td>\n<\/tr>\n<tr>\n<th>Modelis<\/th>\n<td>EFRAPID25K140WB-EU<\/td>\n<\/tr>\n<tr>\n<th>Bendra celi\u0173 talpa<\/th>\n<td>25000 mAh<\/td>\n<\/tr>\n<tr>\n<th>Baterijos talpa<\/th>\n<td>14500 mAh (5 V \/ 3 A)<\/td>\n<\/tr>\n<tr>\n<th>Matmenys<\/th>\n<td>157 x 53,8 x 48,8 mm<\/td>\n<\/tr>\n<tr>\n<th>Svoris<\/th>\n<td>Apytiksliai 565 g<\/td>\n<\/tr>\n<tr>\n<th>Spalva<\/th>\n<td>Juoda<\/td>\n<\/tr>\n<\/tbody>\n<\/table>\n<p>B\u00a0<\/p>\n<h3>Baterija<\/h3>\n<table>\n<tbody>\n<tr>\n<th>Celi\u0173 chemin\u0117 sud\u0117tis<\/th>\n<td>Trij\u0173 komponent\u0173 li\u010dio<\/td>\n<\/tr>\n<tr>\n<th>Gyvenimo laikas<\/th>\n<td>Apytiksliai 300 \u012fkrovimo cikl\u0173 (iki 80 % talpos)<\/td>\n<\/tr>\n<tr>\n<th>Baterijos tipas<\/th>\n<td>Changhong Sanjie, INR21700-5000, 5 * 5000 mAh<\/td>\n<\/tr>\n<tr>\n<th>Celi\u0173 skai\u010dius<\/th>\n<td>5 5000 mAh 21700 akumuliatori\u0173, sujungt\u0173 nuosekliai<\/td>\n<\/tr>\n<\/tbody>\n<\/table>\n<p>B\u00a0<\/p>\n<h3>I\u0161vestys<\/h3>\n<table>\n<tbody>\n<tr>\n<th>Galimi i\u0161ves\u010di\u0173 prievadai<\/th>\n<td>USB-C1 140 vat\u0173, USB-C2 140 vat\u0173, USB-A 33 vatai, maksimali bendra i\u0161ves\u010di\u0173 galia 170 vat\u0173.<\/td>\n<\/tr>\n<tr>\n<th>USB-A i\u0161vestis<\/th>\n<td>33 W<\/td>\n<\/tr>\n<tr>\n<th>USB-C i\u0161vestis<\/th>\n<td>140 W<\/td>\n<\/tr>\n<\/tbody>\n<\/table>\n<p>B\u00a0<\/p>\n<h3>\u012e\u0117jimai<\/h3>\n<table>\n<tbody>\n<tr>\n<th>\u012e\u0117jimo galia<\/th>\n<td>140 W<\/td>\n<\/tr>\n<tr>\n<th>\u012ekrovimas per USB-C<\/th>\n<td>\u012ekrovimas per kelis prievadus nepalaikomas. Maksimali \u012fvesties galia vienam prievadui (USB-C1 \/ USB-C2) yra 140 vat\u0173.<\/td>\n<\/tr>\n<\/tbody>\n<\/table>\n<p>\u0412\u00a0<\/p>\n<h3>Kita<\/h3>\n<table>\n<tbody>\n<tr>\n<th>Valdymas pagal program\u0105<\/th>\n<td>Ne<\/td>\n<\/tr>\n<tr>\n<th>Ekranas<\/th>\n<td>TFT<\/td>\n<\/tr>\n<tr>\n<th>Atsparumas kritimui<\/th>\n<td>Iki 1 m<\/td>\n<\/tr>\n<tr>\n<th>Atsparumas ugniai<\/th>\n<td>V0 klas\u0117s korpusas<\/td>\n<\/tr>\n<tr>\n<th>Sertifikavimas<\/th>\n<td>EMC B klas\u0117<\/td>\n<\/tr>\n<\/tbody>\n<\/table>\n<p>\u0412\u00a0<\/p>\n<h3>Temperat\u016bra<\/h3>\n<table>\n<tbody>\n<tr>\n<th>Optimali darbin\u0117 temperat\u016bra<\/th>\n<td>Nuo 20 \u00b0C\u201330 \u00b0C<\/td>\n<\/tr>\n<tr>\n<th>\u012ekrovimo temperat\u016bra<\/th>\n<td>Nuo 0 \u00b0C iki 45 \u00b0C<\/td>\n<\/tr>\n<tr>\n<th>I\u0161krovimo temperat\u016bra<\/th>\n<td>Nuo -10 \u00b0C iki 45 \u00b0C<\/td>\n<\/tr>\n<\/tbody>\n<\/table>\n<\/div>\n","protected":false},"excerpt":{"rendered":"<p>\u201eEcoFlow RAPID\u201c i\u0161orin\u0117 baterija, 25 000 mAh, 170 W \u201eEcoFlow RAPID\u201c i\u0161orin\u0117 baterija pasi\u017eymi 25 000 mAh talpa, kuri kartu su kompakti\u0161ku dizainu puikiai tinka darbui, kelion\u0117ms ir kasdieniam naudojimui. Ji palaiko greit\u0105j\u012f \u012fkrovim\u0105 \u2013 iki 140 vat\u0173 viename prievade ir 170 vat\u0173 kartu naudojant kelis lizdus vienu metu. Nesvarbu, ar kraunate ne\u0161iojam\u0105j\u012f kompiuter\u012f, telefon\u0105 [&#8230;]\n","protected":false},"featured_media":12788,"comment_status":"open","ping_status":"closed","template":"","meta":[],"product_brand":[247],"product_cat":[1052],"product_tag":[],"class_list":{"0":"post-12787","1":"product","2":"type-product","3":"status-publish","4":"has-post-thumbnail","6":"product_brand-ecoflow","7":"product_cat-powerbanks-gsm-accessories","9":"first","10":"outofstock","11":"taxable","12":"shipping-taxable","13":"purchasable","14":"product-type-simple"},"aioseo_notices":[],"_links":{"self":[{"href":"https:\/\/asura.lv\/lt\/wp-json\/wp\/v2\/product\/12787","targetHints":{"allow":["GET"]}}],"collection":[{"href":"https:\/\/asura.lv\/lt\/wp-json\/wp\/v2\/product"}],"about":[{"href":"https:\/\/asura.lv\/lt\/wp-json\/wp\/v2\/types\/product"}],"replies":[{"embeddable":true,"href":"https:\/\/asura.lv\/lt\/wp-json\/wp\/v2\/comments?post=12787"}],"wp:featuredmedia":[{"embeddable":true,"href":"https:\/\/asura.lv\/lt\/wp-json\/wp\/v2\/media\/12788"}],"wp:attachment":[{"href":"https:\/\/asura.lv\/lt\/wp-json\/wp\/v2\/media?parent=12787"}],"wp:term":[{"taxonomy":"product_brand","embeddable":true,"href":"https:\/\/asura.lv\/lt\/wp-json\/wp\/v2\/product_brand?post=12787"},{"taxonomy":"product_cat","embeddable":true,"href":"https:\/\/asura.lv\/lt\/wp-json\/wp\/v2\/product_cat?post=12787"},{"taxonomy":"product_tag","embeddable":true,"href":"https:\/\/asura.lv\/lt\/wp-json\/wp\/v2\/product_tag?post=12787"}],"curies":[{"name":"wp","href":"https:\/\/api.w.org\/{rel}","templated":true}]}}