{"id":12811,"date":"2025-11-29T00:15:37","date_gmt":"2025-11-29T00:15:37","guid":{"rendered":"https:\/\/asura.lv\/product\/fanttik-c8-nano-electric-cutting-machine\/"},"modified":"2025-12-12T16:00:36","modified_gmt":"2025-12-12T14:00:36","slug":"fanttik-c8-nano-electric-cutting-machine","status":"publish","type":"product","link":"https:\/\/asura.lv\/lt\/produktas\/fanttik-c8-nano-electric-cutting-machine\/","title":{"rendered":"Fanttik C8 Nano elektrin\u0117 pjovimo ma\u0161ina"},"content":{"rendered":"<h3>\u201eFanttik C8 Nano\u201c elektrinis pjovimo \u012frenginys<\/h3>\n<p>\u201eFanttik C8 Nano\u201c yra belaidis elektrinis pjaustytuvas, skirtas profesionalams, tokiems kaip dizaineriai ir siuv\u0117jai, taip pat \u201epasidaryk pats\u201c ir \u201epasidaryk pats\u201c (angl. \u201epasidaryk pats\u201c) entuziastams. \u012erenginys turi tris grei\u010dio lygius, kurie leid\u017eia tiksliai reguliuoti pjovimo gali\u0105 pagal apdorojamos med\u017eiagos tip\u0105. Toks sprendimas padidina darbo proceso kontrol\u0119 ir leid\u017eia pasiekti \u0161varius, lygius kra\u0161tus tiek ploname, tiek storesniame plastike.<\/p>\n<p>\n<img decoding=\"async\" alt=\"Moteris pjauna med\u017eiag\u0105 \u201eFanttik\u201c elektriniu pjovimo \u012frenginiu.\" border=\"0\" src=\"https:\/\/assets.innpro.pl\/17821\/23646\/5.jpg\"\/>\n<\/p>\n<h3>Didel\u0117 pjovimo galia<\/h3>\n<p>Didel\u0117s magnetin\u0117s j\u0117gos variklis generuoja iki 250 aps.\/min. greit\u012f, u\u017etikrindamas 15 % didesn\u0119 pjovimo gali\u0105, palyginti su standartiniais modeliais. \u012erenginys lengvai susidoroja su kartonu, kilimu, oda, virve ar techniniu popieriumi, tod\u0117l yra universalus \u012frankis dirbtuv\u0117ms ir nam\u0173 darbams.<\/p>\n<p>\n<img decoding=\"async\" alt=\"Elektrinis pjaustytuvas su ekranu pjauna sm\u0117lio spalvos med\u017eiag\u0105.\" border=\"0\" src=\"https:\/\/assets.innpro.pl\/17821\/23646\/1.jpg\"\/>\n<\/p>\n<h3>Greitas \u012fkrovimas ir ilgas veikimo laikas<\/h3>\n<p>\u201eFanttik C8 Nano\u201c turi \u012fkraunam\u0105 baterij\u0105, kuri\u0105 galite \u012fkrauti vos per valand\u0105 naudodami pridedam\u0105 USB-C (universali nuoseklioji magistral\u0117 C tipo, universali duomen\u0173 ir maitinimo jungtis) kabel\u012f. Pilnai \u012fkrautas \u012frenginys u\u017etikrina iki 40 minu\u010di\u0173 nepertraukiamo veikimo, tod\u0117l galite efektyviai atlikti dar didesnius projektus be pertrauk\u0173.<\/p>\n<p>\n<img decoding=\"async\" alt=\"Juodas \u201eFanttik\u201c elektrinis pjaustytuvas guli ant pilko stalvir\u0161io, prijungto prie USB kabelio.\" border=\"0\" src=\"https:\/\/assets.innpro.pl\/17821\/23646\/3.jpg\"\/>\n<\/p>\n<h3>Paprastas ir saugus peilio keitimas<\/h3>\n<p>\u012erenginyje naudojama \u201eEasySwap\u201c sistema su veleno fiksavimo mechanizmu, kuris leid\u017eia greitai pakeisti peiliuk\u0105. \u0160iam procesui palengvinti pridedamas specialus metalinis \u012frankis, o visa proced\u016bra yra greita ir be traum\u0173 rizikos. Fiksavimo mechanizmas apsaugo nuo atsitiktinio pjaustytuvo \u012fjungimo kei\u010diant peiliuk\u0105, o tai padidina naudojimo saug\u0105.<\/p>\n<p>\n<img decoding=\"async\" alt=\"Elektrinio pjaustytuvo galvut\u0117s stambus planas.\" border=\"0\" src=\"https:\/\/assets.innpro.pl\/17821\/23646\/4.jpg\"\/>\n<\/p>\n<h3>Lengvai \u012fskaitomas ekranas<\/h3>\n<p>\u201eFanttik C8 Nano\u201c turi didel\u012f apval\u0173 LED (\u0161viesos diod\u0173) ekran\u0105, kurio skersmuo yra 35 mm. Ekrane nuolat rodomas akumuliatoriaus \u012fkrovos lygis ir \u0161iuo metu pasirinktas grei\u010dio re\u017eimas. Be to, \u012fmontuotas didelio ry\u0161kumo LED indikatorius efektyviai ap\u0161vie\u010dia pjovimo linij\u0105, tod\u0117l daug lengviau dirbti esant prastam ap\u0161vietimui arba sunkiai pasiekiamose vietose.<\/p>\n<p>\n<img decoding=\"async\" alt=\"Elektrinis pjaustytuvas su ekranu pjauna karton\u0105.\" border=\"0\" src=\"https:\/\/assets.innpro.pl\/17821\/23646\/2.jpg\"\/>\n<\/p>\n<h3>Pridedama<\/h3>\n<ul class=\"list-disc pl-5\">\n<li>elektrinis pjaustytuvas<\/li>\n<li>\u012fkrovimo laidas<\/li>\n<li>a\u0161men\u0173 keitimo raktas<\/li>\n<li>a\u0161menys x2<\/li>\n<li>laikymo krep\u0161ys<\/li>\n<li>naudojimo instrukcija<\/li>\n<\/ul>\n<div class=\"table-wrapper\">\n<p>B\u00a0<\/p>\n<h3><\/h3>\n<table>\n<tbody>\n<tr>\n<th>Gamintojas<\/th>\n<td>Fanttik<\/td>\n<\/tr>\n<tr>\n<th>Modelis<\/th>\n<td>C8 Nano<\/td>\n<\/tr>\n<tr>\n<th>Matmenys<\/th>\n<td>180 x 141 x 56 mm<\/td>\n<\/tr>\n<tr>\n<th>Svoris<\/th>\n<td>470 g<\/td>\n<\/tr>\n<tr>\n<th>Pjovimo gylis<\/th>\n<td>6,5 mm<\/td>\n<\/tr>\n<tr>\n<th>Greitis be apkrovos<\/th>\n<td>230 aps.\/min.<\/td>\n<\/tr>\n<tr>\n<th>Nominali \u012ftampa<\/th>\n<td>3,7 V<\/td>\n<\/tr>\n<tr>\n<th>\u012ekrovimo \u012ftampa<\/th>\n<td>5 V \/ 2 A<\/td>\n<\/tr>\n<\/tbody>\n<\/table>\n<\/div>\n","protected":false},"excerpt":{"rendered":"<p>\u201eFanttik C8 Nano\u201c elektrinis pjovimo \u012frenginys \u201eFanttik C8 Nano\u201c yra belaidis elektrinis pjaustytuvas, skirtas profesionalams, tokiems kaip dizaineriai ir siuv\u0117jai, taip pat \u201epasidaryk pats\u201c ir \u201epasidaryk pats\u201c (angl. \u201epasidaryk pats\u201c) entuziastams. \u012erenginys turi tris grei\u010dio lygius, kurie leid\u017eia tiksliai reguliuoti pjovimo gali\u0105 pagal apdorojamos med\u017eiagos tip\u0105. Toks sprendimas padidina darbo proceso kontrol\u0119 ir leid\u017eia pasiekti [&#8230;]\n","protected":false},"featured_media":12812,"comment_status":"open","ping_status":"closed","template":"","meta":[],"product_brand":[782],"product_cat":[1058],"product_tag":[],"class_list":{"0":"post-12811","1":"product","2":"type-product","3":"status-publish","4":"has-post-thumbnail","6":"product_brand-fanttik","7":"product_cat-cutting-tools","9":"first","10":"outofstock","11":"taxable","12":"shipping-taxable","13":"purchasable","14":"product-type-simple"},"aioseo_notices":[],"_links":{"self":[{"href":"https:\/\/asura.lv\/lt\/wp-json\/wp\/v2\/product\/12811","targetHints":{"allow":["GET"]}}],"collection":[{"href":"https:\/\/asura.lv\/lt\/wp-json\/wp\/v2\/product"}],"about":[{"href":"https:\/\/asura.lv\/lt\/wp-json\/wp\/v2\/types\/product"}],"replies":[{"embeddable":true,"href":"https:\/\/asura.lv\/lt\/wp-json\/wp\/v2\/comments?post=12811"}],"wp:featuredmedia":[{"embeddable":true,"href":"https:\/\/asura.lv\/lt\/wp-json\/wp\/v2\/media\/12812"}],"wp:attachment":[{"href":"https:\/\/asura.lv\/lt\/wp-json\/wp\/v2\/media?parent=12811"}],"wp:term":[{"taxonomy":"product_brand","embeddable":true,"href":"https:\/\/asura.lv\/lt\/wp-json\/wp\/v2\/product_brand?post=12811"},{"taxonomy":"product_cat","embeddable":true,"href":"https:\/\/asura.lv\/lt\/wp-json\/wp\/v2\/product_cat?post=12811"},{"taxonomy":"product_tag","embeddable":true,"href":"https:\/\/asura.lv\/lt\/wp-json\/wp\/v2\/product_tag?post=12811"}],"curies":[{"name":"wp","href":"https:\/\/api.w.org\/{rel}","templated":true}]}}