{"id":12979,"date":"2025-11-29T00:15:20","date_gmt":"2025-11-29T00:15:20","guid":{"rendered":"https:\/\/asura.lv\/product\/uperfect-usetup-e7-15-6-1920x1080-60hz-portable-touchscreen-monitor\/"},"modified":"2025-12-12T16:00:26","modified_gmt":"2025-12-12T14:00:26","slug":"uperfect-usetup-e7-15-6-1920x1080-60hz-portable-touchscreen-monitor","status":"publish","type":"product","link":"https:\/\/asura.lv\/lt\/produktas\/uperfect-usetup-e7-15-6-1920x1080-60hz-portable-touchscreen-monitor\/","title":{"rendered":"Puikus USetup E7 15,6&#8243; 1920&#215;1080 60Hz ne\u0161iojamas jutiklinio ekrano monitorius"},"content":{"rendered":"<h3>\u201eUperfect USetup E7\u201c 15,6 colio 1920 x 1080 60 Hz ne\u0161iojamas jutiklinis monitorius<\/h3>\n<p>\u201eUperfect USetup E7\u201c yra 15,6 colio ne\u0161iojamas jutiklinis monitorius su \u201eFull HD\u201c (didel\u0117s rai\u0161kos, 1920 x 1080 pikseli\u0173) skiriam\u0105ja geba, skirtas pagrindin\u0117ms biuro, multimedijos ir mobiliosioms programoms. Monitoriuje yra IPS (plok\u0161tumos perjungimo, skyst\u0173j\u0173 kristal\u0173 technologija, u\u017etikrinanti pla\u010dius \u017ei\u016br\u0117jimo kampus ir geresnes spalvas) panel\u0117 ir jungtys, leid\u017eian\u010dios lengvai prijungti \u012fvairius \u012frenginius. Monitorius si\u016blo funkcionalum\u0105 kompakti\u0161kame ABS (akrilnitrilo butadieno stireno, patvaraus plastiko) korpuse.<\/p>\n<p>\n<img decoding=\"async\" alt=\"Moteris \u017ealiu \u0161varku rankose laiko popierin\u012f puodel\u012f ir ne\u0161iojam\u0105 monitori\u0173. Fone \u2013 auk\u0161ti pastatai.\u201c border=\"0\" src=\"https:\/\/assets.innpro.pl\/17749\/23558\/4.jpg\"\/>\n<\/p>\n<h3>\u201eFull HD\u201c jutiklinis ekranas<\/h3>\n<p>1920\u20131080 rai\u0161kos ir 15,6 colio \u012fstri\u017eain\u0117s ekranas pasi\u017eymi ai\u0161kiu 16:9 formato santykiu, 10 ta\u0161k\u0173 lietimo technologija valdymui gestais ir tiksliam valdymui be pel\u0117s. 60 Hz (herc\u0173, vaizdo atnaujinim\u0173 skai\u010dius per sekund\u0119) atnaujinimo da\u017enio ir 20 ms (milisekund\u017ei\u0173) atsako laiko pakanka kasdien\u0117ms u\u017eduotims atlikti ir darbui su dokumentais.<\/p>\n<p>\n<img decoding=\"async\" alt=\"Ranka, lie\u010dianti monitoriaus ekran\u0105, kuriame rodomi \u012frenginio nustatymai ir film\u0173 program\u0117l\u0117.\" border=\"0\" src=\"https:\/\/assets.innpro.pl\/17749\/23558\/2.jpg\"\/>\n<\/p>\n<h3>IPS matrica ir matinis pavir\u0161ius<\/h3>\n<p>IPS matrica u\u017etikrina piln\u0105 178\u00b0 \u017ei\u016br\u0117jimo kamp\u0105, kad monitoriumi b\u016bt\u0173 patogu naudotis. Matinis ekrano pavir\u0161ius suma\u017eina atspind\u017eius, tod\u0117l pager\u0117ja \u012fskaitomumas gerai ap\u0161viestoje aplinkoje. 250 cd\/m\u00b2 (kandel\u0173 kvadratiniame metre, ry\u0161kumo vienetas) ry\u0161kumas ir 66 % sRGB spalv\u0173 erdv\u0117s (standartin\u0117s RGB spalv\u0173 erdv\u0117s \u2013 raudona, \u017ealia, m\u0117lyna arba raudona, \u017ealia ir m\u0117lyna) atk\u016brimas yra pakankami pagrindin\u0117ms biuro ir pramog\u0173 programoms.<\/p>\n<p>\n<img decoding=\"async\" alt=\"Ne\u0161iojamas monitorius juodame fone, kurio ekranas yra pusiau matinis, pusiau blizgus. Ekrane rodoma fig\u016bra juodu paltu tamsiai m\u0117lyname fone.\" border=\"0\" src=\"https:\/\/assets.innpro.pl\/17749\/23558\/8.jpg\"\/>\n<\/p>\n<h3>Lengvas dizainas ir VESA tvirtinimas<\/h3>\n<p>Monitorius pagamintas i\u0161 ABS plastiko, kuris u\u017etikrina ma\u017e\u0105 svor\u012f ir ger\u0105 mobilum\u0105. Korpusas suderinamas su VESA (Vaizdo elektronikos standart\u0173 asociacijos, vaizdo \u012frengini\u0173 tvirtinimo standarto) 75\u201375 mm tvirtinimo elementais, tod\u0117l j\u012f galima montuoti ant laikiklio, o maitinimas tiekiamas per kabel\u012f su USB-C (Universal Serial Bus Type-C, universali duomen\u0173 ir maitinimo jungtis) prievadu.<\/p>\n<p>\n<img decoding=\"async\" alt=\"Jaunas vyras su garbanotais plaukais ir baltais bei sm\u0117lio spalvos mar\u0161kiniais \u012fdeda ne\u0161iojam\u0105j\u012f monitori\u0173 \u012f juod\u0105 krep\u0161\u012f.\" border=\"0\" src=\"https:\/\/assets.innpro.pl\/17749\/23558\/6.jpg\"\/>\n<\/p>\n<h3>Integruoti prievadai ir garsiakalbiai<\/h3>\n<p>\u201eUSetup E7\u201c turi du USB-C prievadus, mini HDMI jungt\u012f (didel\u0117s rai\u0161kos multimedijos s\u0105saj\u0105, s\u0105saj\u0105 didel\u0117s rai\u0161kos vaizdui ir garsui) ir 3,5 mm lizd\u0105 (standartin\u0119 garso jungt\u012f). Integruoti stereo garsiakalbiai (2 \u00d7 1 W) leid\u017eia atkurti gars\u0105. Komplekt\u0105 sudaro laid\u0173 rinkinys, \u012fkroviklis, odinis d\u0117klas ir VESA tvirtinimo var\u017etai.<\/p>\n<p>\n<img decoding=\"async\" alt=\"Ne\u0161iojamasis monitorius su spalvingu fonu guli \u0161alia \u012fvairi\u0173 \u012frengini\u0173, \u012fskaitant i\u0161man\u0173j\u012f telefon\u0105, konsol\u0119 ir ne\u0161iojam\u0105j\u012f kompiuter\u012f.\" border=\"0\" src=\"https:\/\/assets.innpro.pl\/17749\/23558\/1.jpg\"\/>\n<\/p>\n<h3>Pridedama<\/h3>\n<ul class=\"list-disc pl-5\">\n<li>Ne\u0161iojamas monitorius<\/li>\n<li>Mini HDMI kabelis (1080P)<\/li>\n<li>2 USB-C (2.0) kabeliai<\/li>\n<li>5 V 3 A maitinimo adapteris<\/li>\n<li>Odinis d\u0117klas<\/li>\n<li>4 VESA M3 \u0413\u2014 4 mm var\u017etai<\/li>\n<li>Naudotojo vadovas<\/li>\n<\/ul>\n<div class=\"table-wrapper\">\n<p>\u0412\u00a0<\/p>\n<h3><\/h3>\n<table>\n<tbody>\n<tr>\n<th>Gamintojas<\/th>\n<td>Uperfect<\/td>\n<\/tr>\n<tr>\n<th>Modelis<\/th>\n<td>USetup E7<\/td>\n<\/tr>\n<tr>\n<th>Ekrano \u012fstri\u017eain\u0117<\/th>\n<td>15,6 colio (39,62 cm)<\/td>\n<\/tr>\n<tr>\n<th>Rai\u0161ka<\/th>\n<td>1920\u20131080 (\u201eFull HD\u201c)<\/td>\n<\/tr>\n<tr>\n<th>Ekrano plotas<\/th>\n<td>344,16\u2013193,59 mm<\/td>\n<\/tr>\n<tr>\n<th>Atnaujinimo da\u017enis<\/th>\n<td>60 Hz<\/td>\n<\/tr>\n<tr>\n<th>Matricos tipas<\/th>\n<td>IPS<\/td>\n<\/tr>\n<tr>\n<th>Ekrano danga<\/th>\n<td>Matinis<\/td>\n<\/tr>\n<tr>\n<th>Jutiklinis ekranas<\/th>\n<td>10 ta\u0161k\u0173<\/td>\n<\/tr>\n<tr>\n<th>\u017di\u016br\u0117jimo kampas<\/th>\n<td>178\u00b0<\/td>\n<\/tr>\n<tr>\n<th>Ry\u0161kumas<\/th>\n<td>250 cd\/m\u00b2<\/td>\n<\/tr>\n<tr>\n<th>Kontrastas<\/th>\n<td>800:1<\/td>\n<\/tr>\n<tr>\n<th>Ekrano kra\u0161tini\u0173 santykis<\/th>\n<td>16:9<\/td>\n<\/tr>\n<tr>\n<th>Atsako laikas<\/th>\n<td>20 ms<\/td>\n<\/tr>\n<tr>\n<th>Spalv\u0173 palet\u0117<\/th>\n<td>45 % NTSC \/ 66 % sRGB<\/td>\n<\/tr>\n<tr>\n<th>Spalv\u0173 skai\u010dius<\/th>\n<td>16,7 milijono (8 bit\u0173)<\/td>\n<\/tr>\n<tr>\n<th>Korpuso med\u017eiaga<\/th>\n<td>ABS<\/td>\n<\/tr>\n<tr>\n<th>Integruoti garsiakalbiai<\/th>\n<td>2 \u00d7 1 W (8O\u00a9)<\/td>\n<\/tr>\n<tr>\n<th>Jungtys<\/th>\n<td>2 x USB-C; Mini HDMI (1080P); AUX 3,5 mm<\/td>\n<\/tr>\n<tr>\n<th>VESA tvirtinimas<\/th>\n<td>75 \u00d7 75 mm (M3 \u00d7 4 mm var\u017etai)<\/td>\n<\/tr>\n<tr>\n<th>Maitinimo \u0161altinis<\/th>\n<td>7 W (pridedamas 5 V 3 A maitinimo adapteris)<\/td>\n<\/tr>\n<tr>\n<th>Integruota \u012fkraunama baterija<\/th>\n<td>ne<\/td>\n<\/tr>\n<\/tbody>\n<\/table>\n<\/div>\n","protected":false},"excerpt":{"rendered":"<p>\u201eUperfect USetup E7\u201c 15,6 colio 1920 x 1080 60 Hz ne\u0161iojamas jutiklinis monitorius \u201eUperfect USetup E7\u201c yra 15,6 colio ne\u0161iojamas jutiklinis monitorius su \u201eFull HD\u201c (didel\u0117s rai\u0161kos, 1920 x 1080 pikseli\u0173) skiriam\u0105ja geba, skirtas pagrindin\u0117ms biuro, multimedijos ir mobiliosioms programoms. Monitoriuje yra IPS (plok\u0161tumos perjungimo, skyst\u0173j\u0173 kristal\u0173 technologija, u\u017etikrinanti pla\u010dius \u017ei\u016br\u0117jimo kampus ir geresnes spalvas) [&#8230;]\n","protected":false},"featured_media":12980,"comment_status":"open","ping_status":"closed","template":"","meta":[],"product_brand":[655],"product_cat":[995],"product_tag":[],"class_list":{"0":"post-12979","1":"product","2":"type-product","3":"status-publish","4":"has-post-thumbnail","6":"product_brand-uperfect","7":"product_cat-portable-monitors","9":"first","10":"outofstock","11":"taxable","12":"shipping-taxable","13":"purchasable","14":"product-type-simple"},"aioseo_notices":[],"_links":{"self":[{"href":"https:\/\/asura.lv\/lt\/wp-json\/wp\/v2\/product\/12979","targetHints":{"allow":["GET"]}}],"collection":[{"href":"https:\/\/asura.lv\/lt\/wp-json\/wp\/v2\/product"}],"about":[{"href":"https:\/\/asura.lv\/lt\/wp-json\/wp\/v2\/types\/product"}],"replies":[{"embeddable":true,"href":"https:\/\/asura.lv\/lt\/wp-json\/wp\/v2\/comments?post=12979"}],"wp:featuredmedia":[{"embeddable":true,"href":"https:\/\/asura.lv\/lt\/wp-json\/wp\/v2\/media\/12980"}],"wp:attachment":[{"href":"https:\/\/asura.lv\/lt\/wp-json\/wp\/v2\/media?parent=12979"}],"wp:term":[{"taxonomy":"product_brand","embeddable":true,"href":"https:\/\/asura.lv\/lt\/wp-json\/wp\/v2\/product_brand?post=12979"},{"taxonomy":"product_cat","embeddable":true,"href":"https:\/\/asura.lv\/lt\/wp-json\/wp\/v2\/product_cat?post=12979"},{"taxonomy":"product_tag","embeddable":true,"href":"https:\/\/asura.lv\/lt\/wp-json\/wp\/v2\/product_tag?post=12979"}],"curies":[{"name":"wp","href":"https:\/\/api.w.org\/{rel}","templated":true}]}}