{"id":13039,"date":"2025-11-29T00:15:11","date_gmt":"2025-11-29T00:15:11","guid":{"rendered":"https:\/\/asura.lv\/product\/rainpoint-multi-zone-irrigation-controller\/"},"modified":"2025-12-12T16:00:21","modified_gmt":"2025-12-12T14:00:21","slug":"rainpoint-multi-zone-irrigation-controller","status":"publish","type":"product","link":"https:\/\/asura.lv\/lt\/produktas\/rainpoint-multi-zone-irrigation-controller\/","title":{"rendered":"\u201eRainPoint\u201c keli\u0173 zon\u0173 dr\u0117kinimo valdiklis"},"content":{"rendered":"<h3>Keli\u0173 zon\u0173 laistymo valdiklis \u201eRainPoint\u201c<\/h3>\n<p>Susipa\u017einkite su keli\u0173 zon\u0173 laistymo valdikliu \u201eRainPoint\u201c \u2013 \u012frenginiu, kuris d\u0117l didelio, lengvai \u012fskaitomo LCD ekrano ir intuityvaus valdymo mygtukais leid\u017eia per kelias akimirkas nustatyti vien\u0105 i\u0161 trij\u0173 program\u0173, nurodyti prad\u017eios laik\u0105, laik\u0105 ir laistymo da\u017enum\u0105, taip pat visi\u0161kai pritaikyti individualius kiekvienos zonos planus. Laistymo da\u017enumo pritaikymo kiekvienam m\u0117nesiui funkcija leid\u017eia ekonomi\u0161kai laistyti \u017eiem\u0105 ir ruden\u012f, o intensyviai apsaugoti augalus vasar\u0105 ir pavasar\u012f, o prijungimas prie lietaus jutiklio su pa\u017eangiu delsos re\u017eimu garantuoja i\u0161mani\u0105 laistymo pauz\u0119 po lietaus. Integruota baterija palaiko u\u017eprogramuotus re\u017eimus net ir dingus elektrai, kad j\u016bs\u0173 sodas visada gaut\u0173 tobul\u0105 vandens doz\u0119.<\/p>\n<p>\n<img decoding=\"async\" alt=\"U\u017edarytas \u201eRainPoint\u201c valdiklis, pritvirtintas prie sienos, fone matomas sodas.\" border=\"0\" src=\"https:\/\/assets.innpro.pl\/17664\/23416\/2.jpg\"\/>\n<\/p>\n<h3>Intuityvus valdymas<\/h3>\n<p>\u201eRainPoint\u201c leid\u017eia akimirksniu programuoti paprastu ratuku ir mygtukais, tod\u0117l net ir neturintis sodo automatizavimo patirties asmuo gal\u0117s sukonfig\u016bruoti \u012frengin\u012f per kelias akimirkas. Pasirinkite i\u0161 trij\u0173 i\u0161 anksto nustatyt\u0173 program\u0173, nustatykite prad\u017eios laik\u0105, nurodykite laistymo laik\u0105 nuo 1 minut\u0117s iki 4 valand\u0173 ir pasirinkite da\u017enum\u0105 \u2013 savait\u0117s dienas, dienos intervalus, lygines arba nelygines dienas. D\u0117l didelio, lengvai \u012fskaitomo LCD (skyst\u0173j\u0173 kristal\u0173) ekrano visi svarbiausi parametrai visada matomi, nereikia sp\u0117lioti, n\u0117ra ne\u012fskaitom\u0173 simboli\u0173.<\/p>\n<p>\n<img decoding=\"async\" alt=\"Asmuo, valdantis ant sienos pritvirtint\u0105 \u201eRainPoint\u201c valdikl\u012f, kai dangtelis atidarytas, o valdymo skydelis matomas.\" border=\"0\" src=\"https:\/\/assets.innpro.pl\/17664\/23416\/1.jpg\"\/>\n<\/p>\n<h3>Ekonomi\u0161kumas ir efektyvumas<\/h3>\n<p>\u201eRainPoint\u201c valdiklis leid\u017eia nustatyti visi\u0161k\u0105 sezonin\u012f reguliavim\u0105 nuo 10 % iki 200 %. Pavasar\u012f ir ruden\u012f jums reikia tik nedidel\u0117s dalies standartinio laistymo normos; vasar\u0105 laistym\u0105 galite padidinti iki dvigubai, kad susidorotum\u0117te su did\u017eiausia \u0161iluma. \u0160is sprendimas taupo vanden\u012f ir suma\u017eina s\u0105skaitas, tuo pa\u010diu u\u017etikrindamas optimal\u0173 augal\u0173 laistym\u0105 i\u0161tisus metus.<\/p>\n<p>\n<img decoding=\"async\" alt=\"\u201eRainPoint\u201c laistymo valdiklis su atidarytu dang\u010diu, matomu LCD ekranu ir valdymo mygtukais.\" border=\"0\" src=\"https:\/\/assets.innpro.pl\/17664\/23416\/4.jpg\"\/>\n<\/p>\n<h3>I\u0161manioji \u012frengini\u0173 ir \u012frengini\u0173 apsauga<\/h3>\n<p>\u201eRainPoint\u201c automati\u0161kai sustabdo laistym\u0105 pasirinktose zonose, kai aptinkamas lietus. Taip darydami galite konfig\u016bruoti i\u0161imtis \u2013 leisti pasirinktiems \u012frenginiams toliau veikti, o kitiems likti i\u0161jungtiems. Lietaus jutiklis ir galimyb\u0117 nustatyti dels\u0105 u\u017etikrina, kad ne\u0161vaistytum\u0117te n\u0117 la\u0161o vandens. Nutr\u016bko elektros tiekimas? Su \u201eRainPoint\u201c tai ne problema. Integruota atsargin\u0117 atminties baterija i\u0161saugos vis\u0105 program\u0173 ir tvarkara\u0161\u010di\u0173 konfig\u016bracij\u0105, kad, atk\u016brus elektros tiekim\u0105, valdiklis nedelsdamas atnaujins veikim\u0105 pagal j\u016bs\u0173 nustatymus. \u201eRainPoint\u201c yra patikimumo ir ramyb\u0117s sinonimas, kad ir kokia b\u016bt\u0173 situacija.<\/p>\n<p>\n<img decoding=\"async\" alt=\"\u201eRainPoint\u201c valdiklis su atviru dangteliu, pritvirtintas prie namo sienos, i\u0161 kurios atsiveria vaizdas \u012f vej\u0105.\" border=\"0\" src=\"https:\/\/assets.innpro.pl\/17664\/23416\/3.jpg\"\/>\n<\/p>\n<div class=\"table-wrapper\">\n<p>B\u00a0<\/p>\n<h3><\/h3>\n<table>\n<tbody>\n<tr>\n<th>Gamintojas<\/th>\n<td>RainPoint<\/td>\n<\/tr>\n<tr>\n<th>Modelis<\/th>\n<td>ITC1200<\/td>\n<\/tr>\n<tr>\n<th>Darbin\u0117s temperat\u016bros diapazonas<\/th>\n<td>3 \u00b0C~50 \u00b0C<\/td>\n<\/tr>\n<tr>\n<th>Laikymo temperat\u016bra<\/th>\n<td>-10\u201350 \u00b0C<\/td>\n<\/tr>\n<tr>\n<th>Sezoninis reguliavimo diapazonas<\/th>\n<td>10 %~200 %<\/td>\n<\/tr>\n<tr>\n<th>Galim\u0173 skai\u010dius programos<\/th>\n<td>3<\/td>\n<\/tr>\n<tr>\n<th>Ekranas<\/th>\n<td>LCD<\/td>\n<\/tr>\n<tr>\n<th>Maitinimo \u0161altinis<\/th>\n<td>Baterija (CR2032), elektros tinklas (230 V \/ 120 V kintamoji srov\u0117)<\/td>\n<\/tr>\n<\/tbody>\n<\/table>\n<\/div>\n","protected":false},"excerpt":{"rendered":"<p>Keli\u0173 zon\u0173 laistymo valdiklis \u201eRainPoint\u201c Susipa\u017einkite su keli\u0173 zon\u0173 laistymo valdikliu \u201eRainPoint\u201c \u2013 \u012frenginiu, kuris d\u0117l didelio, lengvai \u012fskaitomo LCD ekrano ir intuityvaus valdymo mygtukais leid\u017eia per kelias akimirkas nustatyti vien\u0105 i\u0161 trij\u0173 program\u0173, nurodyti prad\u017eios laik\u0105, laik\u0105 ir laistymo da\u017enum\u0105, taip pat visi\u0161kai pritaikyti individualius kiekvienos zonos planus. Laistymo da\u017enumo pritaikymo kiekvienam m\u0117nesiui funkcija [&#8230;]\n","protected":false},"featured_media":13040,"comment_status":"open","ping_status":"closed","template":"","meta":[],"product_brand":[781],"product_cat":[1088],"product_tag":[],"class_list":{"0":"post-13039","1":"product","2":"type-product","3":"status-publish","4":"has-post-thumbnail","6":"product_brand-rainpoint","7":"product_cat-irrigation-systems","9":"first","10":"outofstock","11":"taxable","12":"shipping-taxable","13":"purchasable","14":"product-type-simple"},"aioseo_notices":[],"_links":{"self":[{"href":"https:\/\/asura.lv\/lt\/wp-json\/wp\/v2\/product\/13039","targetHints":{"allow":["GET"]}}],"collection":[{"href":"https:\/\/asura.lv\/lt\/wp-json\/wp\/v2\/product"}],"about":[{"href":"https:\/\/asura.lv\/lt\/wp-json\/wp\/v2\/types\/product"}],"replies":[{"embeddable":true,"href":"https:\/\/asura.lv\/lt\/wp-json\/wp\/v2\/comments?post=13039"}],"wp:featuredmedia":[{"embeddable":true,"href":"https:\/\/asura.lv\/lt\/wp-json\/wp\/v2\/media\/13040"}],"wp:attachment":[{"href":"https:\/\/asura.lv\/lt\/wp-json\/wp\/v2\/media?parent=13039"}],"wp:term":[{"taxonomy":"product_brand","embeddable":true,"href":"https:\/\/asura.lv\/lt\/wp-json\/wp\/v2\/product_brand?post=13039"},{"taxonomy":"product_cat","embeddable":true,"href":"https:\/\/asura.lv\/lt\/wp-json\/wp\/v2\/product_cat?post=13039"},{"taxonomy":"product_tag","embeddable":true,"href":"https:\/\/asura.lv\/lt\/wp-json\/wp\/v2\/product_tag?post=13039"}],"curies":[{"name":"wp","href":"https:\/\/api.w.org\/{rel}","templated":true}]}}