{"id":13051,"date":"2025-11-29T00:15:10","date_gmt":"2025-11-29T00:15:10","guid":{"rendered":"https:\/\/asura.lv\/product\/rainpoint-4-zone-sprinkler-controller-with-app-bluetooth\/"},"modified":"2025-12-12T16:00:21","modified_gmt":"2025-12-12T14:00:21","slug":"rainpoint-4-zone-sprinkler-controller-with-app-bluetooth","status":"publish","type":"product","link":"https:\/\/asura.lv\/lt\/produktas\/rainpoint-4-zone-sprinkler-controller-with-app-bluetooth\/","title":{"rendered":"\u201eRainPoint\u201c 4 zon\u0173 laistymo sistemos valdiklis su program\u0117le ir \u201eBluetooth\u201c ry\u0161iu"},"content":{"rendered":"<h3>\u201eRainPoint\u201c 4 zon\u0173 laistymo valdiklis su program\u0117le, \u201eBluetooth\u201c<\/h3>\n<p>\u201eRainPoint\u201c valdiklis yra mobilus, belaidis laistymo sprendimas, veikiantis iki 12 m\u0117nesi\u0173 su viena baterija, patogiu \u201eBluetooth\u201c ir program\u0117l\u0117s valdymu. Jis si\u016blo visi\u0161k\u0105 trij\u0173 pagalbini\u0173 vo\u017etuv\u0173 ir vieno pagrindinio vo\u017etuvo valdym\u0105, suderinamum\u0105 su lietaus jutikliu, procentinio srauto valdym\u0105, a\u0161tuonis individualius laistymo grafikus kiekvienai zonai, rankin\u012f paleidim\u0105 tiek \u012frenginyje, tiek program\u0117l\u0117je, ai\u0161k\u0173 grafik\u0173 kalendori\u0173, sezoninio reguliavimo funkcij\u0105 ir \u012fsp\u0117jimus apie i\u0161sikrovusi\u0105 baterij\u0105 \u2013 visa tai IP67 klas\u0117s vandeniui atspariame korpuse. I\u0161bandykite i\u0161man\u0173j\u012f laistym\u0105 ir pamatykite, kaip paprasta i\u0161laikyti sod\u0105 ve\u0161l\u0173 negai\u0161tant laiko ir pinig\u0173.<\/p>\n<p>\n<img decoding=\"async\" alt=\"\u201eRainPoint\u201c laistymo valdiklis, sumontuotas vejos d\u0117\u017e\u0117je, prijungtas prie vo\u017etuv\u0173 ir laid\u0173.\" border=\"0\" src=\"https:\/\/assets.innpro.pl\/17666\/23418\/4.jpg\"\/>\n<\/p>\n<h3>I\u0161manus laistymas j\u016bs\u0173 augalams<\/h3>\n<p>Sukurtas vietov\u0117ms be nuolatin\u0117s prieigos prie elektros energijos, \u0161is 4 pad\u0117\u010di\u0173 nuolatin\u0117s srov\u0117s valdiklis su \u201eBluetooth\u201c ry\u0161iu yra idealus sprendimas sodams, sodams ar poilsio zonoms. D\u0117l energij\u0105 taupan\u010dio dizaino \u012frenginys nepertraukiamai veikia iki 12 m\u0117nesi\u0173 su keturiomis AA baterijomis (parduodamos atskirai), tod\u0117l nereikia da\u017enai keisti maitinimo \u0161altinio.<\/p>\n<p>\n<img decoding=\"async\" alt=\"\u201eRainPoint\u201c valdiklis ma\u017eoje vo\u017etuv\u0173 d\u0117\u017eut\u0117je, pripildytoje akmenuk\u0173, vaizdas i\u0161 vir\u0161aus.\" border=\"0\" src=\"https:\/\/assets.innpro.pl\/17666\/23418\/2.jpg\"\/>\n<\/p>\n<h3>Visi\u0161kas valdymas j\u016bs\u0173 pir\u0161t\u0173 galiukais<\/h3>\n<p>Kontroliuokite savo hidratacij\u0105 tiesiai i\u0161 savo mobiliosios program\u0117l\u0117s. \u201eBluetooth\u201c susiejimas leid\u017eia akimirksniu prisijungti ir patogiai valdyti laistytuvus. Nustatykite tvarkara\u0161\u010dius, laistykite rankiniu b\u016bdu arba keiskite vo\u017etuv\u0173 nustatymus i\u0161 savo i\u0161maniojo telefono, kad ir kur b\u016btum\u0117te. Ai\u0161kus dr\u0117kinimo kalendorius leis steb\u0117ti visus suplanuotus ciklus viename rodinyje.<\/p>\n<p>\n<img decoding=\"async\" alt=\"I\u0161maniojo telefono program\u0117l\u0117, rodanti aktyvi\u0105 purk\u0161tuvo zon\u0105 \u0161alia d\u0117\u017eut\u0117je sumontuoto \u201eRainPoint\u201c valdiklio.\" border=\"0\" src=\"https:\/\/assets.innpro.pl\/17666\/23418\/3.jpg\"\/>\n<\/p>\n<h3>Apgalvotas dizainas<\/h3>\n<p>Ai\u0161k\u016bs LED (\u0161viesos diod\u0173) indikatoriai ir intuityv\u016bs mygtukai ant korpuso leid\u017eia valdiklio nustatym\u0105 ir kasdien\u012f naudojim\u0105 padaryti malonumu. Laistymo prad\u017eia atliekama be nereikaling\u0173 komplikacij\u0173, tiek rankiniu b\u016bdu, tiek naudojant program\u0117l\u0119. Svarbu tai, kad \u201eRainPoint\u201c nebijo lietaus ar dulki\u0173. Auk\u0161ta IP67 apsaugos klas\u0117 u\u017etikrina, kad \u012frenginys i\u0161liks visi\u0161kai veikiantis net ir esant stipriam lietui ar dulk\u0117ms. Dabar galite b\u016bti ram\u016bs d\u0117l savo dr\u0117kinimo sistemos, nepaisant oro s\u0105lyg\u0173.<\/p>\n<p>\n<img decoding=\"async\" alt=\"\u201eRainPoint\u201c valdiklio vaizdas i\u0161 \u0161ono vo\u017etuvo dangtelio pavidalu.\" border=\"0\" src=\"https:\/\/assets.innpro.pl\/17666\/23418\/6.jpg\"\/>\n<\/p>\n<h3>I\u0161pl\u0117stin\u0117s funkcijos tiksliam laistymui<\/h3>\n<p>Pritaikykite valdiklio veikim\u0105 pagal savo sodo specifik\u0105, prijungdami lietaus jutikl\u012f prie valdiklio. Galimyb\u0117 nustatyti pagrindin\u012f vo\u017etuv\u0105 ir tris pagalbinius vo\u017etuvus leid\u017eia atlikti i\u0161sam\u0173 valdym\u0105. Kiekvienas vo\u017etuvas gali tur\u0117ti atskir\u0105 50 procent\u0173 vandens srauto valdym\u0105, tod\u0117l dozavimas yra tikslesnis ir taip taupomi i\u0161tekliai.<\/p>\n<p>\n<img decoding=\"async\" alt=\"\u201eRainPoint\u201c valdiklio ir vieno solenoidinio vo\u017etuvo vaizdas i\u0161 vir\u0161aus ir priekio.\" border=\"0\" src=\"https:\/\/assets.innpro.pl\/17666\/23418\/5.jpg\"\/>\n<\/p>\n<h3>Planavimo lankstumas ir naudojimo saugumas<\/h3>\n<p>Kiekvienoje zonoje galima u\u017eprogramuoti net a\u0161tuonis atskirus laistymo grafikus \u2013 nuo \u200b\u200btrump\u0173 laistymo cikl\u0173 iki ilgesni\u0173. Sezoninio reguliavimo funkcija leid\u017eia greitai pritaikyti tvarkara\u0161t\u012f prie besikei\u010dian\u010di\u0173 oro s\u0105lyg\u0173. Be to, valdiklis prane\u0161, kai i\u0161sikraus baterija, taip i\u0161vengiant neplanuot\u0173 laistymo pertraukim\u0173.<\/p>\n<p>\n<img decoding=\"async\" alt=\"\u201eRainPoint\u201c valdiklis, \u012frengtas d\u0117\u017eut\u0117je su keturiais vo\u017etuvais vejos fone.\" border=\"0\" src=\"https:\/\/assets.innpro.pl\/17666\/23418\/1.jpg\"\/>\n<\/p>\n<h3>Pridedama<\/h3>\n<ul class=\"list-disc pl-5\">\n<li>purk\u0161tuv\u0173 valdiklis<\/li>\n<li>terminalo komponentai<\/li>\n<li>naudojimo instrukcija<\/li>\n<\/ul>\n<div class=\"table-wrapper\">\n<p>\u0412\u00a0<\/p>\n<h3><\/h3>\n<table>\n<tbody>\n<tr>\n<th>Gamintojas<\/th>\n<td>RainPoint<\/td>\n<\/tr>\n<tr>\n<th>Modelis<\/th>\n<td>HIC406B<\/td>\n<\/tr>\n<tr>\n<th>Atsparumas vandeniui<\/th>\n<td>IP67<\/td>\n<\/tr>\n<tr>\n<th>Darbin\u0117 temperat\u016bra Diapazonas<\/th>\n<td>3 \u00b0C~50 \u00b0C<\/td>\n<\/tr>\n<tr>\n<th>Laikymo temperat\u016bra<\/th>\n<td>-10\u201350 \u00b0C<\/td>\n<\/tr>\n<tr>\n<th>Maitinimo \u0161altinis<\/th>\n<td>4 AA baterijos (\u012fsigyjamos atskirai)<\/td>\n<\/tr>\n<tr>\n<th>Speciali paskirtis<\/th>\n<td>\u201eRainPoint Home\u201c<\/td>\n<\/tr>\n<tr>\n<th>Matmenys<\/th>\n<td>114,74 x 98,38 x 97,87 mm<\/td>\n<\/tr>\n<tr>\n<th>Baterijos veikimo laikas<\/th>\n<td>12 m\u0117nesi\u0173<\/td>\n<\/tr>\n<tr>\n<th>Belaidis ry\u0161ys<\/th>\n<td>\u201eBluetooth\u201c<\/td>\n<\/tr>\n<\/tbody>\n<\/table>\n<\/div>\n","protected":false},"excerpt":{"rendered":"<p>\u201eRainPoint\u201c 4 zon\u0173 laistymo valdiklis su program\u0117le, \u201eBluetooth\u201c \u201eRainPoint\u201c valdiklis yra mobilus, belaidis laistymo sprendimas, veikiantis iki 12 m\u0117nesi\u0173 su viena baterija, patogiu \u201eBluetooth\u201c ir program\u0117l\u0117s valdymu. Jis si\u016blo visi\u0161k\u0105 trij\u0173 pagalbini\u0173 vo\u017etuv\u0173 ir vieno pagrindinio vo\u017etuvo valdym\u0105, suderinamum\u0105 su lietaus jutikliu, procentinio srauto valdym\u0105, a\u0161tuonis individualius laistymo grafikus kiekvienai zonai, rankin\u012f paleidim\u0105 tiek \u012frenginyje, [&#8230;]\n","protected":false},"featured_media":13052,"comment_status":"open","ping_status":"closed","template":"","meta":[],"product_brand":[781],"product_cat":[1088],"product_tag":[],"class_list":{"0":"post-13051","1":"product","2":"type-product","3":"status-publish","4":"has-post-thumbnail","6":"product_brand-rainpoint","7":"product_cat-irrigation-systems","9":"first","10":"outofstock","11":"taxable","12":"shipping-taxable","13":"purchasable","14":"product-type-simple"},"aioseo_notices":[],"_links":{"self":[{"href":"https:\/\/asura.lv\/lt\/wp-json\/wp\/v2\/product\/13051","targetHints":{"allow":["GET"]}}],"collection":[{"href":"https:\/\/asura.lv\/lt\/wp-json\/wp\/v2\/product"}],"about":[{"href":"https:\/\/asura.lv\/lt\/wp-json\/wp\/v2\/types\/product"}],"replies":[{"embeddable":true,"href":"https:\/\/asura.lv\/lt\/wp-json\/wp\/v2\/comments?post=13051"}],"wp:featuredmedia":[{"embeddable":true,"href":"https:\/\/asura.lv\/lt\/wp-json\/wp\/v2\/media\/13052"}],"wp:attachment":[{"href":"https:\/\/asura.lv\/lt\/wp-json\/wp\/v2\/media?parent=13051"}],"wp:term":[{"taxonomy":"product_brand","embeddable":true,"href":"https:\/\/asura.lv\/lt\/wp-json\/wp\/v2\/product_brand?post=13051"},{"taxonomy":"product_cat","embeddable":true,"href":"https:\/\/asura.lv\/lt\/wp-json\/wp\/v2\/product_cat?post=13051"},{"taxonomy":"product_tag","embeddable":true,"href":"https:\/\/asura.lv\/lt\/wp-json\/wp\/v2\/product_tag?post=13051"}],"curies":[{"name":"wp","href":"https:\/\/api.w.org\/{rel}","templated":true}]}}