{"id":13063,"date":"2025-11-29T00:15:09","date_gmt":"2025-11-29T00:15:09","guid":{"rendered":"https:\/\/asura.lv\/product\/drip-irrigation-accessories-rainpoint\/"},"modified":"2025-12-12T16:00:20","modified_gmt":"2025-12-12T14:00:20","slug":"drip-irrigation-accessories-rainpoint","status":"publish","type":"product","link":"https:\/\/asura.lv\/lt\/produktas\/drip-irrigation-accessories-rainpoint\/","title":{"rendered":"La\u0161elinio dr\u0117kinimo priedai \u201eRainPoint\u201c"},"content":{"rendered":"<h3>La\u0161elinio dr\u0117kinimo priedai \u201eRainPoint\u201c<\/h3>\n<p>Papildykite savo \u201eRainPoint\u201c dr\u0117kinimo rinkin\u012f pried\u0173 rinkiniu, kuris leis jums tiksliai ir efektyviai laistyti dar daugiau augal\u0173. Rinkin\u012f sudaro \u012fvairaus skersmens lanks\u010dios \u017earnos, tvirtinimo smaigai, la\u0161eliniai skleid\u0117jai, T ir kry\u017emin\u0117s jungtys bei filtras, apsaugantis nuo \u0161iuk\u0161li\u0173. Su \u0161iais komponentais galite lengvai i\u0161pl\u0117sti savo dr\u0117kinimo sistem\u0105, kad ji atitikt\u0173 g\u0117lyn\u0173, vazon\u0173 ir lysvi\u0173 i\u0161d\u0117stym\u0105 j\u016bs\u0173 sode. \u0160is sprendimas idealiai tinka, kai standartinio rinkinio pakanka 10\u201315 augal\u0173 ir reikia laistyti didesn\u012f plot\u0105.<\/p>\n<p>\n<img decoding=\"async\" alt=\"Montavimo rinkinio komponentai, \u012fskaitant laidus, skleidiklius, smaigalius, u\u017esegimo rai\u0161\u010dius, tri\u0161akius, jungtis ir filtr\u0105, i\u0161d\u0117stytus greta\" border=\"0\" src=\"https:\/\/assets.innpro.pl\/17693\/23465\/1.jpg\"\/>\n<\/p>\n<h3>\u012etraukta<\/h3>\n<ul class=\"list-disc pl-5\">\n<li>1\/4 colio pagrindinis kabelis<\/li>\n<li>At\u0161akos laidas 1\/8 colio<\/li>\n<li>La\u0161elinis skleidiklis x10<\/li>\n<li>Tvirtinimo smaigai x10<\/li>\n<li>Spaustukas x10<\/li>\n<li>T-dangtelis x4<\/li>\n<li>Kry\u017emin\u0117 jungtis<\/li>\n<li>Antisifoninis vo\u017etuvas<\/li>\n<li>Filtras<\/li>\n<\/ul>\n<div class=\"table-wrapper\">\n<p>B\u00a0<\/p>\n<h3><\/h3>\n<table>\n<tbody>\n<tr>\n<th>Gamintojas<\/th>\n<td>RainPoint<\/td>\n<\/tr>\n<tr>\n<th>Modelis<\/th>\n<td>DIK10<\/td>\n<\/tr>\n<tr>\n<th>Taikymas<\/th>\n<td>\u201eRainPoint\u201c laistymo sistemos prapl\u0117timas ITP138SP + DIK10 ir HTP115FRF + HWG023.<\/td>\n<\/tr>\n<\/tbody>\n<\/table>\n<\/div>\n","protected":false},"excerpt":{"rendered":"<p>La\u0161elinio dr\u0117kinimo priedai \u201eRainPoint\u201c Papildykite savo \u201eRainPoint\u201c dr\u0117kinimo rinkin\u012f pried\u0173 rinkiniu, kuris leis jums tiksliai ir efektyviai laistyti dar daugiau augal\u0173. Rinkin\u012f sudaro \u012fvairaus skersmens lanks\u010dios \u017earnos, tvirtinimo smaigai, la\u0161eliniai skleid\u0117jai, T ir kry\u017emin\u0117s jungtys bei filtras, apsaugantis nuo \u0161iuk\u0161li\u0173. Su \u0161iais komponentais galite lengvai i\u0161pl\u0117sti savo dr\u0117kinimo sistem\u0105, kad ji atitikt\u0173 g\u0117lyn\u0173, vazon\u0173 ir [&#8230;]\n","protected":false},"featured_media":13064,"comment_status":"open","ping_status":"closed","template":"","meta":[],"product_brand":[781],"product_cat":[1088],"product_tag":[],"class_list":{"0":"post-13063","1":"product","2":"type-product","3":"status-publish","4":"has-post-thumbnail","6":"product_brand-rainpoint","7":"product_cat-irrigation-systems","9":"first","10":"outofstock","11":"taxable","12":"shipping-taxable","13":"purchasable","14":"product-type-simple"},"aioseo_notices":[],"_links":{"self":[{"href":"https:\/\/asura.lv\/lt\/wp-json\/wp\/v2\/product\/13063","targetHints":{"allow":["GET"]}}],"collection":[{"href":"https:\/\/asura.lv\/lt\/wp-json\/wp\/v2\/product"}],"about":[{"href":"https:\/\/asura.lv\/lt\/wp-json\/wp\/v2\/types\/product"}],"replies":[{"embeddable":true,"href":"https:\/\/asura.lv\/lt\/wp-json\/wp\/v2\/comments?post=13063"}],"wp:featuredmedia":[{"embeddable":true,"href":"https:\/\/asura.lv\/lt\/wp-json\/wp\/v2\/media\/13064"}],"wp:attachment":[{"href":"https:\/\/asura.lv\/lt\/wp-json\/wp\/v2\/media?parent=13063"}],"wp:term":[{"taxonomy":"product_brand","embeddable":true,"href":"https:\/\/asura.lv\/lt\/wp-json\/wp\/v2\/product_brand?post=13063"},{"taxonomy":"product_cat","embeddable":true,"href":"https:\/\/asura.lv\/lt\/wp-json\/wp\/v2\/product_cat?post=13063"},{"taxonomy":"product_tag","embeddable":true,"href":"https:\/\/asura.lv\/lt\/wp-json\/wp\/v2\/product_tag?post=13063"}],"curies":[{"name":"wp","href":"https:\/\/api.w.org\/{rel}","templated":true}]}}