{"id":13069,"date":"2025-11-29T00:15:08","date_gmt":"2025-11-29T00:15:08","guid":{"rendered":"https:\/\/asura.lv\/product\/rainpoint-solar-drip-irrigation-kit\/"},"modified":"2025-12-12T16:00:20","modified_gmt":"2025-12-12T14:00:20","slug":"rainpoint-solar-drip-irrigation-kit","status":"publish","type":"product","link":"https:\/\/asura.lv\/lt\/produktas\/rainpoint-solar-drip-irrigation-kit\/","title":{"rendered":"\u201eRainPoint\u201c saul\u0117s la\u0161elinio dr\u0117kinimo rinkinys"},"content":{"rendered":"<h3>\u201eRainPoint\u201c saul\u0117s la\u0161elinio dr\u0117kinimo rinkinys<\/h3>\n<p>\u201eRainPoint\u201c rinkinys yra pa\u017eangi saul\u0117s la\u0161elinio dr\u0117kinimo sistema, kuri palaiko stabil\u0173 sl\u0117g\u012f ir tolyg\u0173 laistym\u0105 iki 20 augal\u0173, naudodama galing\u0105 auk\u0161\u010diausios kokyb\u0117s membranin\u012f siurbl\u012f. Jame yra i\u0161manusis lustas su apsauga nuo sausos eigos, trumpojo jungimo ir perkrovimo, taip u\u017etikrinant energijos taupym\u0105 ir ilg\u0105 tarnavimo laik\u0105. Programuojamas automatinis re\u017eimas leid\u017eia reguliuoti laistymo laik\u0105 ir da\u017enum\u0105 pagal j\u016bs\u0173 pageidavimus, o didelio efektyvumo monokristalin\u0117 saul\u0117s baterija su reguliuojamu 360\u00b0 kampu u\u017etikrina nepertraukiam\u0105 elektros energijos tiekim\u0105. Vientisa, vandeniui atspari konstrukcija su lengvai prieinamomis tvirtinimo angomis u\u017etikrina paprast\u0105 montavim\u0105 ir patikimum\u0105 bet kokiomis s\u0105lygomis, tod\u0117l \u201eRainPoint\u201c idealiai tinka namams, \u0161iltnamiams ir balkonams.<\/p>\n<p>\n<img decoding=\"async\" alt=\"\u201eRainPoint\u201c saul\u0117s rinkinys, sumontuotas g\u0117li\u0173 vazone. \u0160alia jo yra g\u0117l\u0117s ir augalai.\" border=\"0\" src=\"https:\/\/assets.innpro.pl\/17667\/23419\/6.jpg\"\/>\n<\/p>\n<h3>Galinga sistemos \u0161irdis<\/h3>\n<p>\u201eRainPoint\u201c turi galing\u0105 diafragmin\u012f siurbl\u012f ir galing\u0105 varikl\u012f, kurie garantuoja stabil\u0173 sl\u0117g\u012f ir tolyg\u0173 vandens paskirstym\u0105. D\u0117l to rinkinys gali kruop\u0161\u010diai palaistyti iki 20 vazonini\u0173 augal\u0173. Integruotas valdymo lustas stebi vandens lyg\u012f ir automati\u0161kai i\u0161jungia siurbl\u012f, kai jo tr\u016bksta, apsaugodamas j\u012f nuo perkaitimo. Be to, sistema turi trumpojo jungimo ir perkrovimo apsaug\u0105, o itin ma\u017eos energijos s\u0105naudos rei\u0161kia, kad 2000 mAh baterijos pakanka ilgalaikiam veikimui.<\/p>\n<p>\n<img decoding=\"async\" alt=\"Galingas m\u0117lynos spalvos \u201eRainPoint\u201c saul\u0117s energijos rinkinio variklis.\" border=\"0\" src=\"https:\/\/assets.innpro.pl\/17667\/23419\/3.jpg\"\/>\n<\/p>\n<h3>Tikslus veikimas jums nesant<\/h3>\n<p>\u201eRainPoint\u201c yra puikus pasirinkimas j\u016bs\u0173 augalams, kai planuojate ilgesn\u0119 kelion\u0119 toli nuo nam\u0173. Programuojamas rinkinys leid\u017eia nustatyti laistymo laik\u0105 nuo 10 sekund\u017ei\u0173 iki 20 minu\u010di\u0173 ir da\u017enum\u0105 nuo 8 valand\u0173 iki 30 dien\u0173. Lengvai \u012fskaitomas ratukas leid\u017eia greitai ir intuityviai nustatyti, tod\u0117l nereikia profesionalo pagalbos.<\/p>\n<p>\n<img decoding=\"async\" alt=\"\u201eRainPoint\u201c saul\u0117s energijos rinkinys sumontuotas ro\u017einiame vazone, \u0161alia jo yra pana\u0161\u016bs \u0161viesi\u0173 atspalvi\u0173 vazonai.\" border=\"0\" src=\"https:\/\/assets.innpro.pl\/17667\/23419\/4.jpg\"\/>\n<\/p>\n<h3>Fotovoltinis veikimas<\/h3>\n<p>Didelio efektyvumo monokristalin\u0117 saul\u0117s baterija su 360\u00b0 reguliuojamu kampu u\u017etikrina nuolatin\u0119 energijos tiekim\u0105 \u012frenginiui net ir esant nepalankiai saul\u0117s \u0161viesai. Esant \u017eemam energijos lygiui, rinkinys signalizuoja apie \u017eem\u0105 akumuliatoriaus \u012fkrovos lyg\u012f, taip i\u0161vengiant nemaloni\u0173 staigmen\u0173 veikimo metu.<\/p>\n<p>\n<img decoding=\"async\" alt=\"\u201eRainPoint\u201c saul\u0117s baterij\u0173 rinkinys, sumontuotas mediniame vazone, viduje yra spalving\u0173 g\u0117li\u0173.\" border=\"0\" src=\"https:\/\/assets.innpro.pl\/17667\/23419\/8.jpg\"\/>\n<\/p>\n<h3>Patvari konstrukcija, lengvas montavimas<\/h3>\n<p>Vientis, vientisas korpusas garantuoja puiki\u0105 apsaug\u0105 nuo dr\u0117gm\u0117s ir stichij\u0173, tod\u0117l \u201eRainPoint\u201c yra visi\u0161kai atsparus naudojimui lauke. Atviros prieigos angos leid\u017eia greitai pritvirtinti kabeli\u0173 spaustukus, taip suma\u017einant nuot\u0117ki\u0173 rizik\u0105.<\/p>\n<p>\n<img decoding=\"async\" alt=\"\u201eRainPoint\u201c saul\u0117s baterij\u0173 rinkinys, ant kurio krenta lietaus la\u0161ai. Aplinkui auga \u012fvair\u016bs augalai.\" border=\"0\" src=\"https:\/\/assets.innpro.pl\/17667\/23419\/2.jpg\"\/>\n<\/p>\n<h3>\u012etraukta<\/h3>\n<ul class=\"list-disc pl-5\">\n<li>Siurblys<\/li>\n<li>Fotovoltin\u0117 panel\u0117<\/li>\n<li>Pagrindin\u0117s linijos kabeliai<\/li>\n<li>At\u0161akos linijos kabeliai<\/li>\n<li>Filtras<\/li>\n<li>Vamzd\u017eio galinis dangtelis 3x<\/li>\n<li>Mikrola\u0161\u0117jimo skleidiklis 10x<\/li>\n<li>T formos dygliuotasis laikiklis 10x<\/li>\n<li>Skersinis laikiklis<\/li>\n<li>Antisifoninis vo\u017etuvas<\/li>\n<li>Var\u017etas 2x<\/li>\n<li>Spaustukas 10x<\/li>\n<li>Naudotojo vadovas<\/li>\n<\/ul>\n<div class=\"table-wrapper\">\n<p>\u0412\u00a0<\/p>\n<h3><\/h3>\n<table>\n<tbody>\n<tr>\n<th>Gamintojas<\/th>\n<td>RainPoint<\/td>\n<\/tr>\n<tr>\n<th>Modelis<\/th>\n<td>ITP138SP+DIK10<\/td>\n<\/tr>\n<tr>\n<th>Fotovoltin\u0117s plok\u0161t\u0117s i\u0161vestis<\/th>\n<td>5 V 1,5 W<\/td>\n<\/tr>\n<tr>\n<th>Srauto grei\u010dio diapazonas<\/th>\n<td>45 litrai per valand\u0105<\/td>\n<\/tr>\n<tr>\n<th>Laistymo trukm\u0117<\/th>\n<td>10 sekund\u017ei\u0173\u201320 minu\u010di\u0173<\/td>\n<\/tr>\n<tr>\n<th>Laistymo da\u017enis<\/th>\n<td>8 valand\u0173\u201330 dien\u0173<\/td>\n<\/tr>\n<tr>\n<th>Darbin\u0117s temperat\u016bros diapazonas<\/th>\n<td>3 \u00b0C\u201350 \u00b0C<\/td>\n<\/tr>\n<tr>\n<th>\u012ekraunamas baterija<\/th>\n<td>Li\u010dio jon\u0173 baterija, kurios talpa 2000 mAh<\/td>\n<\/tr>\n<\/tbody>\n<\/table>\n<\/div>\n","protected":false},"excerpt":{"rendered":"<p>\u201eRainPoint\u201c saul\u0117s la\u0161elinio dr\u0117kinimo rinkinys \u201eRainPoint\u201c rinkinys yra pa\u017eangi saul\u0117s la\u0161elinio dr\u0117kinimo sistema, kuri palaiko stabil\u0173 sl\u0117g\u012f ir tolyg\u0173 laistym\u0105 iki 20 augal\u0173, naudodama galing\u0105 auk\u0161\u010diausios kokyb\u0117s membranin\u012f siurbl\u012f. Jame yra i\u0161manusis lustas su apsauga nuo sausos eigos, trumpojo jungimo ir perkrovimo, taip u\u017etikrinant energijos taupym\u0105 ir ilg\u0105 tarnavimo laik\u0105. Programuojamas automatinis re\u017eimas leid\u017eia reguliuoti [&#8230;]\n","protected":false},"featured_media":13070,"comment_status":"open","ping_status":"closed","template":"","meta":[],"product_brand":[781],"product_cat":[1088],"product_tag":[],"class_list":{"0":"post-13069","1":"product","2":"type-product","3":"status-publish","4":"has-post-thumbnail","6":"product_brand-rainpoint","7":"product_cat-irrigation-systems","9":"first","10":"outofstock","11":"taxable","12":"shipping-taxable","13":"purchasable","14":"product-type-simple"},"aioseo_notices":[],"_links":{"self":[{"href":"https:\/\/asura.lv\/lt\/wp-json\/wp\/v2\/product\/13069","targetHints":{"allow":["GET"]}}],"collection":[{"href":"https:\/\/asura.lv\/lt\/wp-json\/wp\/v2\/product"}],"about":[{"href":"https:\/\/asura.lv\/lt\/wp-json\/wp\/v2\/types\/product"}],"replies":[{"embeddable":true,"href":"https:\/\/asura.lv\/lt\/wp-json\/wp\/v2\/comments?post=13069"}],"wp:featuredmedia":[{"embeddable":true,"href":"https:\/\/asura.lv\/lt\/wp-json\/wp\/v2\/media\/13070"}],"wp:attachment":[{"href":"https:\/\/asura.lv\/lt\/wp-json\/wp\/v2\/media?parent=13069"}],"wp:term":[{"taxonomy":"product_brand","embeddable":true,"href":"https:\/\/asura.lv\/lt\/wp-json\/wp\/v2\/product_brand?post=13069"},{"taxonomy":"product_cat","embeddable":true,"href":"https:\/\/asura.lv\/lt\/wp-json\/wp\/v2\/product_cat?post=13069"},{"taxonomy":"product_tag","embeddable":true,"href":"https:\/\/asura.lv\/lt\/wp-json\/wp\/v2\/product_tag?post=13069"}],"curies":[{"name":"wp","href":"https:\/\/api.w.org\/{rel}","templated":true}]}}