{"id":13093,"date":"2025-11-29T00:15:06","date_gmt":"2025-11-29T00:15:06","guid":{"rendered":"https:\/\/asura.lv\/product\/rainpoint-1-zone-irrigation-controller-with-app-2\/"},"modified":"2025-12-12T16:00:18","modified_gmt":"2025-12-12T14:00:18","slug":"rainpoint-1-zone-irrigation-controller-with-app-2","status":"publish","type":"product","link":"https:\/\/asura.lv\/lt\/produktas\/rainpoint-1-zone-irrigation-controller-with-app-2\/","title":{"rendered":"\u201eRainPoint\u201c 1 zonos laistymo valdiklis su program\u0117le"},"content":{"rendered":"<h3>\u201eRainPoint\u201c 1 zonos laistymo valdiklis su program\u0117le<\/h3>\n<p>Atraskite \u201eRainPoint\u201c laistymo valdikl\u012f \u2013 i\u0161man\u0173 sprendim\u0105, kuris pasir\u016bpins j\u016bs\u0173 sodu, taupydamas j\u016bs\u0173 laik\u0105 ir vanden\u012f. D\u0117l ry\u0161io su program\u0117le \u012frenginys pritaiko laistymo grafik\u0105 prie esam\u0173 oro s\u0105lyg\u0173 ir automati\u0161kai sustabdo darb\u0105 lyjant. Nuotolinis valdymas per pridedam\u0105 i\u0161man\u0173j\u012f centr\u0105 leid\u017eia valdyti laistym\u0105 i\u0161 bet kurios vietos, o du veikimo re\u017eimai ir iki \u0161e\u0161i\u0173 individuali\u0173 grafik\u0173 garantuoja tiksl\u0173 pasirinktos zonos laistym\u0105. Tvirtas, vandeniui atsparus korpusas (IP54), filtras ant \u012fleidimo angos ir intuityvus laikma\u010dio mygtukas su \u0161viesos diodu (LED) leid\u017eia lengvai \u012fdiegti ir naudoti. Vienu spustel\u0117jimu program\u0117l\u0117je sekite laistymo istorij\u0105 ir keiskite nustatymus. Pasirinkite \u201eRainPoint\u201c ir m\u0117gaukit\u0117s gra\u017eiu sodu be joki\u0173 r\u016bpes\u010di\u0173!<\/p>\n<p>\n<img decoding=\"async\" alt=\"\u201eRainPoint\u201c laistymo valdiklis pritvirtintas prie pilkos sienos, fone \u2013 dr\u0117kinamas sodas.\" border=\"0\" src=\"https:\/\/assets.innpro.pl\/17704\/23476\/3.jpg\"\/>\n<\/p>\n<h3>Program\u0117l\u0117 ir nuotolinio valdymo pultas<\/h3>\n<p>D\u0117l integracijos su \u201eRainPoint Tuya\u201c program\u0117le j\u016bs\u0173 laistymo sistema visada \u017eino, kas vyksta u\u017e j\u016bs\u0173 lango. Valdiklis gauna esamus or\u0173 duomenis ir, remdamasis jais, si\u016blo optimal\u0173 laistymo laik\u0105, pad\u0117damas taupyti vanden\u012f ir apsaugoti augalus nuo perlaistymo. Be to, jums nebereikia eiti prie sodo vo\u017etuvo \u2013 tiesiog susiekite valdikl\u012f su i\u0161maniuoju centru per \u201eBluetooth\u201c ry\u0161\u012f. Tvarkykite laistymo grafikus i\u0161 savo i\u0161maniojo telefono, kad ir kur b\u016btum\u0117te.<\/p>\n<p>\n<img decoding=\"async\" alt=\"Moteris su balta suknele naudoja \u201eRainPoint Tuya\u201c program\u0117l\u0119 savo i\u0161maniajame telefone.\" border=\"0\" src=\"https:\/\/assets.innpro.pl\/17704\/23476\/4.jpg\"\/>\n<\/p>\n<h3>Vienas \u012frenginys, daug galimybi\u0173<\/h3>\n<p>Valdiklis si\u016blo du lanks\u010dius re\u017eimus \u2013 laistymo re\u017eim\u0105 (klasikinis laistymas nustatytu laiku) ir intervalin\u012f re\u017eim\u0105 (trumpesni laistymo ciklai reguliariais intervalais, idealiai tinka gle\u017eniems augalams). Be to, galite nustatyti iki \u0161e\u0161i\u0173 individuali\u0173 laistymo grafik\u0173, kad gal\u0117tum\u0117te juos tiksliai pritaikyti prie pasirinktos sodo zonos poreiki\u0173. Prad\u017eios laiko ir laistymo re\u017eimo konfig\u016bravimas yra vienas juokas. Jei prognoz\u0117 numato liet\u0173, naudokite lietaus atid\u0117jimo funkcij\u0105, kad pristabdytum\u0117te laistym\u0105 24, 48 arba 72 valandoms. Tai taupo vanden\u012f ir apsaugo nuo augal\u0173 perlaistymo.<\/p>\n<p>\n<img decoding=\"async\" alt=\"\u201eRainPoint\u201c laistymo valdiklis, prijungtas prie i\u0161maniojo telefono per \u201eWi-Fi\u201c \u0161liuz\u0105 ir program\u0117l\u0119.\" border=\"0\" src=\"https:\/\/assets.innpro.pl\/17704\/23476\/2.jpg\"\/>\n<\/p>\n<h3>Tvirta konstrukcija ir paprastas montavimas<\/h3>\n<p>\u201eRainPoint\u201c yra atsparus oro s\u0105lygoms d\u0117l IP54 apsaugos lygio. \u012erenginys pagamintas i\u0161 patvari\u0173 med\u017eiag\u0173 ir turi filtr\u0105 vandens \u012fleidimo angoje. Galimyb\u0117 prijungti \u017earn\u0105 su 1 colio arba 3\/4 colio sriegiu palengvina kasdien\u012f naudojim\u0105, o laikma\u010dio mygtukas ir LED veikimo indikatorius leid\u017eia geriau valdyti laistymo sistem\u0105. Paprastas montavimas ir intuityvus valdymas u\u017etikrina, kad j\u016bs\u0173 sodas visada gaus optimali\u0105 vandens doz\u0119.<\/p>\n<p>\n<img decoding=\"async\" alt=\"\u201eRainPoint\u201c laistymo valdiklis su Wi-Fi \u0161liuzu \u0161alia pilkame fone.\" border=\"0\" src=\"https:\/\/assets.innpro.pl\/17704\/23476\/6.jpg\"\/>\n<\/p>\n<h3>Pridedama<\/h3>\n<ul class=\"list-disc pl-5\">\n<li>laistymo valdiklis<\/li>\n<li>i\u0161manusis centras HWG009WB<\/li>\n<li>tvirtinimo juosta<\/li>\n<li>naudotojo vadovas<\/li>\n<\/ul>\n<div class=\"table-wrapper\">\n<p>\u0412\u00a0<\/p>\n<h3><\/h3>\n<table>\n<tbody>\n<tr>\n<th>Gamintojas<\/th>\n<td>RainPoint<\/td>\n<\/tr>\n<tr>\n<th>Modelis<\/th>\n<td>HTV107B+HWG009WB<\/td>\n<\/tr>\n<tr>\n<th>Suderinami sriegiai<\/th>\n<td>1 colio arba 3\/4 colio vidinis sriegis, 3\/4 colio i\u0161orinis sriegis sriegiai<\/td>\n<\/tr>\n<tr>\n<th>Vandens sl\u0117gis<\/th>\n<td>0,5\u20138 barai<\/td>\n<\/tr>\n<tr>\n<th>Laistymo laikas<\/th>\n<td>Nuo 1 minut\u0117s iki 12 valand\u0173<\/td>\n<\/tr>\n<tr>\n<th>Atsparumo vandeniui lygis<\/th>\n<td>IP54<\/td>\n<\/tr>\n<tr>\n<th>Darbin\u0117 temperat\u016bra<\/th>\n<td>3 \u00b0C\u201350 \u00b0C<\/td>\n<\/tr>\n<tr>\n<th>Belaidis ry\u0161ys<\/th>\n<td>\u201eBluetooth 5.0\u201c<\/td>\n<\/tr>\n<tr>\n<th>Speciali paskirtis<\/th>\n<td>\u201eRainPoint Tuya\u201c<\/td>\n<\/tr>\n<tr>\n<th>Belaidis veikimo atstumas<\/th>\n<td>60 m (priklausomai nuo to, kokios ir kiek kli\u016b\u010di\u0173 yra tarp mazgo ir valdiklio)<\/td>\n<\/tr>\n<tr>\n<th>Maitinimo \u0161altinis<\/th>\n<td>Maitinamas baterijomis (4 AA baterijos, galima \u012fsigyti u\u017e rinkinys)<\/td>\n<\/tr>\n<\/tbody>\n<\/table>\n<\/div>\n","protected":false},"excerpt":{"rendered":"<p>\u201eRainPoint\u201c 1 zonos laistymo valdiklis su program\u0117le Atraskite \u201eRainPoint\u201c laistymo valdikl\u012f \u2013 i\u0161man\u0173 sprendim\u0105, kuris pasir\u016bpins j\u016bs\u0173 sodu, taupydamas j\u016bs\u0173 laik\u0105 ir vanden\u012f. D\u0117l ry\u0161io su program\u0117le \u012frenginys pritaiko laistymo grafik\u0105 prie esam\u0173 oro s\u0105lyg\u0173 ir automati\u0161kai sustabdo darb\u0105 lyjant. Nuotolinis valdymas per pridedam\u0105 i\u0161man\u0173j\u012f centr\u0105 leid\u017eia valdyti laistym\u0105 i\u0161 bet kurios vietos, o du [&#8230;]\n","protected":false},"featured_media":13094,"comment_status":"open","ping_status":"closed","template":"","meta":[],"product_brand":[781],"product_cat":[1088],"product_tag":[],"class_list":{"0":"post-13093","1":"product","2":"type-product","3":"status-publish","4":"has-post-thumbnail","6":"product_brand-rainpoint","7":"product_cat-irrigation-systems","9":"first","10":"outofstock","11":"taxable","12":"shipping-taxable","13":"purchasable","14":"product-type-simple"},"aioseo_notices":[],"_links":{"self":[{"href":"https:\/\/asura.lv\/lt\/wp-json\/wp\/v2\/product\/13093","targetHints":{"allow":["GET"]}}],"collection":[{"href":"https:\/\/asura.lv\/lt\/wp-json\/wp\/v2\/product"}],"about":[{"href":"https:\/\/asura.lv\/lt\/wp-json\/wp\/v2\/types\/product"}],"replies":[{"embeddable":true,"href":"https:\/\/asura.lv\/lt\/wp-json\/wp\/v2\/comments?post=13093"}],"wp:featuredmedia":[{"embeddable":true,"href":"https:\/\/asura.lv\/lt\/wp-json\/wp\/v2\/media\/13094"}],"wp:attachment":[{"href":"https:\/\/asura.lv\/lt\/wp-json\/wp\/v2\/media?parent=13093"}],"wp:term":[{"taxonomy":"product_brand","embeddable":true,"href":"https:\/\/asura.lv\/lt\/wp-json\/wp\/v2\/product_brand?post=13093"},{"taxonomy":"product_cat","embeddable":true,"href":"https:\/\/asura.lv\/lt\/wp-json\/wp\/v2\/product_cat?post=13093"},{"taxonomy":"product_tag","embeddable":true,"href":"https:\/\/asura.lv\/lt\/wp-json\/wp\/v2\/product_tag?post=13093"}],"curies":[{"name":"wp","href":"https:\/\/api.w.org\/{rel}","templated":true}]}}