{"id":13273,"date":"2025-11-29T00:13:53","date_gmt":"2025-11-29T00:13:53","guid":{"rendered":"https:\/\/asura.lv\/product\/fnirsi-dso152-portable-mini-oscilloscope\/"},"modified":"2025-12-12T15:59:20","modified_gmt":"2025-12-12T13:59:20","slug":"fnirsi-dso152-portable-mini-oscilloscope","status":"publish","type":"product","link":"https:\/\/asura.lv\/lt\/produktas\/fnirsi-dso152-portable-mini-oscilloscope\/","title":{"rendered":"Ne\u0161iojamas mini osciloskopas FNIRSI DSO152"},"content":{"rendered":"<h3>Ne\u0161iojamas mini osciloskopas FNIRSI DSO152<\/h3>\n<p>FNIRSI DSO152 yra kompakti\u0161kas osciloskopas, skirtas mobiliesiems paslaug\u0173 ir \u0161vietimo darbams. Nepaisant ki\u0161eninio dyd\u017eio (99 \u00d7 68,3 \u00d7 19,5 mm), jis si\u016blo visas funkcijas, \u012fskaitant 2,5 MS\/s diskretizavim\u0105, 200 kHz pralaidum\u0105, matavim\u0105 iki \u00b1400 V ir automatin\u012f parametr\u0173 nustatym\u0105. Integruota 1000 mAh baterija, 2,8 colio ekranas, 8 tip\u0173 parametr\u0173 matavimai ir programin\u0117s \u012frangos atnaujinimo funkcija leis \u201eFNIRSI DSO152\u201c tapti universaliu \u012frankiu, skirtu naudoti lauke, dirbtuv\u0117se ir laboratorijoje. \u012erenginys naudojamas buitin\u0117s technikos serviso, automobili\u0173 remonto, mokymo ir \u201epasidaryk pats\u201c projektuose.<\/p>\n<p>\n<img decoding=\"async\" alt=\"R\u0414\u2122ka trzyma przyrz\u0414\u2026d pomiarowy z kolorowym ekranem pokazuj\u0414\u2026cym wykres fal i parametric napi\u0414\u2122cia.\" border=\"0\" src=\"https:\/\/assets.innpro.pl\/17442\/23075\/2.jpg\"\/>\n<\/p>\n<h3>Didelio tikslumo matavimai<\/h3>\n<p>\u201eFNIRSI DSO152\u201c osciloskopas pasi\u017eymi tikru 2,5 MS\/s diskretizavimo da\u017eniu ir 200 kHz pralaidumu, tod\u0117l galima tiksliai \u012fra\u0161yti \u012ftampos signalus iki \u00b1400 V. Toks sprendimas puikiai tinka matavimams 220 V instaliacijose, taip pat impuls\u0173 ar maitinimo grandin\u0117s analizei. Vieno mygtuko matavimo nustatymai gali b\u016bti parenkami automati\u0161kai, tod\u0117l nereikia rankinio kalibravimo. Tai palengvina darb\u0105 pradedantiesiems ir sutrumpina nustatymo laik\u0105, kad b\u016bt\u0173 galima greitai diagnozuoti.<\/p>\n<p>\n<img decoding=\"async\" alt=\"Przyrz\u0414\u2026d pomiarowy z kolorowym wykresem fal ustawiony po k\u0414\u2026tem z widocznymi przyciskami bocznymi \u0415\u0458\u0413\u0456\u0415\u201at\u0414\u2026 obudow\u0414\u2026.\" border=\"0\" src=\"https:\/\/assets.innpro.pl\/17442\/23075\/4.jpg\"\/>\n<\/p>\n<h3>Signalo kalibravimas ir bandymas<\/h3>\n<p>Integruotas 1 kHz sta\u010diakampis signalo \u0161altinis leid\u017eia greitai i\u0161bandyti ir kalibruoti matavimo zond\u0105, o tai garantuoja matavim\u0173 pakartojamum\u0105 ir teisingum\u0105 nereikalaujant d\u0117l papildomos \u012frangos.<\/p>\n<p>\n<img decoding=\"async\" alt=\"Przyrz\u0414\u2026d pomiarowy z ekranem wykresu fal le\u0415\u0458y na drewnianym blacie z przymocowanym paskiem na nadgarstek.\" border=\"0\" src=\"https:\/\/assets.innpro.pl\/17442\/23075\/3.jpg\"\/>\n<\/p>\n<h3>Patogus valdymas<\/h3>\n<p>Intuityvus valdymas su jautriais mygtukais ir slankikliu, skirtu greitai slinkti ir keisti nustatymus. Funkcij\u0173 nar\u0161ymas atliekamas efektyviai ir nereikia ie\u0161koti vadovo. \u012erenginys telpa delne ir sveria vos 100 gram\u0173, tod\u0117l j\u012f lengva transportuoti ir naudoti sunkiai pasiekiamose vietose. Integruota koja leid\u017eia osciloskop\u0105 pastatyti 90\u00b0 kampu ir dirbti laisv\u0173 rank\u0173 \u012franga. Osciloskopas turi USB-C prievad\u0105, kuris palaiko tiek 5 V, tiek 1 A. \u012fkrovimas ir programin\u0117s \u012frangos atnaujinimai. Tai leid\u017eia naudoti universalius laidus ir \u012fkroviklius.<\/p>\n<p>\n<img decoding=\"async\" alt=\"Widok wn\u0414\u2122trza urz\u0414\u2026dzenia z przezroczyst\u0414\u2026 obudow\u0414\u2026, pokazuj\u0414\u2026cy niebieski accumulator \u0438 \u0455\u0458\u0413\u0456\u0415\u201ate elementy mocuj\u0414\u2026ce.\" border=\"0\" src=\"https:\/\/assets.innpro.pl\/17442\/23075\/1.jpg\"\/>\n<\/p>\n<h3>\u012etraukta:<\/h3>\n<ul class=\"list-disc pl-5\">\n<li>Ne\u0161iojamas mini osciloskopas FNIRSI DSO152<\/li>\n<li>Zondas su krokodilo spaustukais<\/li>\n<li>\u012ekrovimo laidas<\/li>\n<li>Naudotojo vadovas<\/li>\n<\/ul>\n<div class=\"table-wrapper\">\n<p>\u0412\u00a0<\/p>\n<h3><\/h3>\n<table>\n<tbody>\n<tr>\n<th>Gamintojas<\/th>\n<td>FNIRSI<\/td>\n<\/tr>\n<tr>\n<th>Modelis<\/th>\n<td>DSO152<\/td>\n<\/tr>\n<tr>\n<th>Atrankos da\u017enis<\/th>\n<td>2,5 MS\/s<\/td>\n<\/tr>\n<tr>\n<th>Da\u017enio plotis<\/th>\n<td>200 kHz<\/td>\n<\/tr>\n<tr>\n<th>Vertikalus jautrumas<\/th>\n<td>10 mV\/Div-20 V\/Div (laiptuotas pagal 1-2-5 grandin\u0119)<\/td>\n<\/tr>\n<tr>\n<th>\u012etampos diapazonas<\/th>\n<td>X1: \u00b1400 V (Vpp: 800 V)<br \/>X10: \u00b140 V (Vpp: (800 V)<\/td>\n<\/tr>\n<tr>\n<th>Paleidimo metodas<\/th>\n<td>Automatinis \/ \u012eprastas \/ Vienas<\/td>\n<\/tr>\n<tr>\n<th>Sujungimo tipas<\/th>\n<td>AC\/DC<\/td>\n<\/tr>\n<tr>\n<th>Ekranas<\/th>\n<td>2,8 colio \/ PPI: 320\u2013240<\/td>\n<\/tr>\n<tr>\n<th>\u012ekrovimas per USB<\/th>\n<td>5 V \/ 1 A<\/td>\n<\/tr>\n<tr>\n<th>Li\u010dio akumuliatoriaus talpa<\/th>\n<td>1000 mAh<\/td>\n<\/tr>\n<tr>\n<th>Da\u017enis<\/th>\n<td>1 kHz<\/td>\n<\/tr>\n<tr>\n<th>U\u017epildymo koeficientas<\/th>\n<td>50 %<\/td>\n<\/tr>\n<tr>\n<th>Matmenys<\/th>\n<td>99\u201368,3\u201319,5 mm<\/td>\n<\/tr>\n<tr>\n<th>Svoris<\/th>\n<td>100 g<\/td>\n<\/tr>\n<\/tbody>\n<\/table>\n<\/div>\n","protected":false},"excerpt":{"rendered":"<p>Ne\u0161iojamas mini osciloskopas FNIRSI DSO152 FNIRSI DSO152 yra kompakti\u0161kas osciloskopas, skirtas mobiliesiems paslaug\u0173 ir \u0161vietimo darbams. Nepaisant ki\u0161eninio dyd\u017eio (99 \u00d7 68,3 \u00d7 19,5 mm), jis si\u016blo visas funkcijas, \u012fskaitant 2,5 MS\/s diskretizavim\u0105, 200 kHz pralaidum\u0105, matavim\u0105 iki \u00b1400 V ir automatin\u012f parametr\u0173 nustatym\u0105. Integruota 1000 mAh baterija, 2,8 colio ekranas, 8 tip\u0173 parametr\u0173 matavimai [&#8230;]\n","protected":false},"featured_media":13274,"comment_status":"open","ping_status":"closed","template":"","meta":[],"product_brand":[778],"product_cat":[878],"product_tag":[],"class_list":{"0":"post-13273","1":"product","2":"type-product","3":"status-publish","4":"has-post-thumbnail","6":"product_brand-fnirsi","7":"product_cat-measuring-tools-tools-home-and-garden","9":"first","10":"outofstock","11":"taxable","12":"shipping-taxable","13":"purchasable","14":"product-type-simple"},"aioseo_notices":[],"_links":{"self":[{"href":"https:\/\/asura.lv\/lt\/wp-json\/wp\/v2\/product\/13273","targetHints":{"allow":["GET"]}}],"collection":[{"href":"https:\/\/asura.lv\/lt\/wp-json\/wp\/v2\/product"}],"about":[{"href":"https:\/\/asura.lv\/lt\/wp-json\/wp\/v2\/types\/product"}],"replies":[{"embeddable":true,"href":"https:\/\/asura.lv\/lt\/wp-json\/wp\/v2\/comments?post=13273"}],"wp:featuredmedia":[{"embeddable":true,"href":"https:\/\/asura.lv\/lt\/wp-json\/wp\/v2\/media\/13274"}],"wp:attachment":[{"href":"https:\/\/asura.lv\/lt\/wp-json\/wp\/v2\/media?parent=13273"}],"wp:term":[{"taxonomy":"product_brand","embeddable":true,"href":"https:\/\/asura.lv\/lt\/wp-json\/wp\/v2\/product_brand?post=13273"},{"taxonomy":"product_cat","embeddable":true,"href":"https:\/\/asura.lv\/lt\/wp-json\/wp\/v2\/product_cat?post=13273"},{"taxonomy":"product_tag","embeddable":true,"href":"https:\/\/asura.lv\/lt\/wp-json\/wp\/v2\/product_tag?post=13273"}],"curies":[{"name":"wp","href":"https:\/\/api.w.org\/{rel}","templated":true}]}}