{"id":13309,"date":"2025-11-29T00:13:48","date_gmt":"2025-11-29T00:13:48","guid":{"rendered":"https:\/\/asura.lv\/product\/blitzwolf-bw-i113-gan-usb-a-3xusb-c-105w-mains-charger\/"},"modified":"2025-12-12T15:59:17","modified_gmt":"2025-12-12T13:59:17","slug":"blitzwolf-bw-i113-gan-usb-a-3xusb-c-105w-mains-charger","status":"publish","type":"product","link":"https:\/\/asura.lv\/lt\/produktas\/blitzwolf-bw-i113-gan-usb-a-3xusb-c-105w-mains-charger\/","title":{"rendered":"\u201eBlitzwolf BW-i113 GaN\u201c, USB-A, 3xUSB-C, 105W tinklo \u012fkroviklis"},"content":{"rendered":"<h3>\u201eBlitzwolf BW-i113 GaN\u201c, USB-A, 3xUSB-C, 105 W tinklo \u012fkroviklis<\/h3>\n<p>\u201eBlitzwolf BW-i113 Max\u201c yra prakti\u0161kas priedas, kuriuo vienu metu atnaujinsite iki 6 \u012frengini\u0173 energij\u0105. Tur\u0117damas 105 vat\u0173 bendr\u0105 gali\u0105 ir \u201eGaN\u201c technologij\u0105, jis u\u017etikrina greit\u0105, saug\u0173 ir efektyv\u0173 j\u016bs\u0173 \u012frangos \u012fkrovim\u0105. Jis idealiai tinka biurui, namams ir kelion\u0117ms \u2013 jis palaiko ne\u0161iojam\u0173j\u0173 kompiuteri\u0173, i\u0161mani\u0173j\u0173 telefon\u0173, ausini\u0173, plan\u0161etini\u0173 kompiuteri\u0173 ir net \u201eApple Watch\u201c \u012fkrovim\u0105. Be to, \u012fmontuotas LED indikatorius rodo \u012fkrovimo b\u016bsen\u0105.<\/p>\n<p>\n<img decoding=\"async\" alt=\"\" border=\"0\" src=\"https:\/\/assets.innpro.pl\/17079\/22390\/1.jpg\"\/>\n<\/p>\n<h3>Greitas j\u016bs\u0173 \u012frengini\u0173 \u012fkrovimas<\/h3>\n<p>Tur\u0117damas 3 USB-C ir 1 USB-A prievadus, taip pat 2 belaid\u017eio \u012fkrovimo zonas (15 W telefonui ir 5 W ausin\u0117ms), BW-i113 sumaniai paskirsto energij\u0105, maksimaliai padidindamas \u012fkrovimo greit\u012f. D\u0117l to per 30 minu\u010di\u0173 \u012fkrausite \u201eSamsung Galaxy S22\u201c iki 60 %, \u201eiPhone 16\u201c iki 54 %, o \u201eMacBook Pro\u201c iki 45 %. Be to, \u012fkroviklis palaiko tokius greito \u012fkrovimo protokolus kaip PD arba QC.<\/p>\n<p>\n<img decoding=\"async\" alt=\"\" border=\"0\" src=\"https:\/\/assets.innpro.pl\/17079\/22390\/2.jpg\"\/>\n<\/p>\n<h3>Pridedama<\/h3>\n<ul class=\"list-disc pl-5\">\n<li>\u012fkroviklis<\/li>\n<li>\u012fkrovimo laidas<\/li>\n<\/ul>\n<div class=\"table-wrapper\">\n<p>\u0412\u00a0<\/p>\n<h3><\/h3>\n<table>\n<tbody>\n<tr>\n<th>Gamintojas<\/th>\n<td>Blitzwolf<\/td>\n<\/tr>\n<tr>\n<th>Modelis<\/th>\n<td>BW-i113 Max<\/td>\n<\/tr>\n<tr>\n<th>\u012e\u0117jimo \u012ftampa<\/th>\n<td>AC 100-240V, 50\/60 Hz<\/td>\n<\/tr>\n<tr>\n<th>Bendra i\u0161\u0117jimo galia<\/th>\n<td>105 W<\/td>\n<\/tr>\n<tr>\n<th>USB-C1 i\u0161vestis<\/th>\n<td>20 W<\/td>\n<\/tr>\n<tr>\n<th>USB-C2 i\u0161vestis<\/th>\n<td>20 W (maks.)<\/td>\n<\/tr>\n<tr>\n<th>USB-A i\u0161vestis<\/th>\n<td>18 W (maks.)<\/td>\n<\/tr>\n<tr>\n<th>USB-C2 + USB-C3 i\u0161vestis<\/th>\n<td>20 W + 45 W<\/td>\n<\/tr>\n<tr>\n<th>USB-C1 + USB-C3 i\u0161vestis<\/th>\n<td>20 W + 65 W<\/td>\n<\/tr>\n<tr>\n<th>USB-A + USB-C3 i\u0161vestis<\/th>\n<td>18 W + 45 W<\/td>\n<\/tr>\n<tr>\n<th>USB-A + USB-C2 i\u0161vestis<\/th>\n<td>5 V 3 A, 15 W<\/td>\n<\/tr>\n<tr>\n<th>USB-C1 + USB-A1 + USB-C3 i\u0161vestis<\/th>\n<td>20 W + 18 W + 45 W<\/td>\n<\/tr>\n<tr>\n<th>USB-C1 + (USB-A + USB-C2) + USB-C3 i\u0161vestis<\/th>\n<td>20 W + [5 V 3 A, 15 W] + 45 W<\/td>\n<\/tr>\n<tr>\n<th>Belaid\u017eio telefono \u012fkrovimo i\u0161vestis<\/th>\n<td>15 W (maks.)<\/td>\n<\/tr>\n<tr>\n<th>Belaid\u0117 i\u0161vestis ausin\u0117ms \u012fkrauti<\/th>\n<td>5 W (maks.)<\/td>\n<\/tr>\n<\/tbody>\n<\/table>\n<\/div>\n","protected":false},"excerpt":{"rendered":"<p>\u201eBlitzwolf BW-i113 GaN\u201c, USB-A, 3xUSB-C, 105 W tinklo \u012fkroviklis \u201eBlitzwolf BW-i113 Max\u201c yra prakti\u0161kas priedas, kuriuo vienu metu atnaujinsite iki 6 \u012frengini\u0173 energij\u0105. Tur\u0117damas 105 vat\u0173 bendr\u0105 gali\u0105 ir \u201eGaN\u201c technologij\u0105, jis u\u017etikrina greit\u0105, saug\u0173 ir efektyv\u0173 j\u016bs\u0173 \u012frangos \u012fkrovim\u0105. Jis idealiai tinka biurui, namams ir kelion\u0117ms \u2013 jis palaiko ne\u0161iojam\u0173j\u0173 kompiuteri\u0173, i\u0161mani\u0173j\u0173 telefon\u0173, ausini\u0173, [&#8230;]\n","protected":false},"featured_media":13310,"comment_status":"open","ping_status":"closed","template":"","meta":[],"product_brand":[224],"product_cat":[1100],"product_tag":[],"class_list":{"0":"post-13309","1":"product","2":"type-product","3":"status-publish","4":"has-post-thumbnail","6":"product_brand-blitzwolf","7":"product_cat-mains-chargers-chargers-gsm-accessories","9":"first","10":"outofstock","11":"taxable","12":"shipping-taxable","13":"purchasable","14":"product-type-simple"},"aioseo_notices":[],"_links":{"self":[{"href":"https:\/\/asura.lv\/lt\/wp-json\/wp\/v2\/product\/13309","targetHints":{"allow":["GET"]}}],"collection":[{"href":"https:\/\/asura.lv\/lt\/wp-json\/wp\/v2\/product"}],"about":[{"href":"https:\/\/asura.lv\/lt\/wp-json\/wp\/v2\/types\/product"}],"replies":[{"embeddable":true,"href":"https:\/\/asura.lv\/lt\/wp-json\/wp\/v2\/comments?post=13309"}],"wp:featuredmedia":[{"embeddable":true,"href":"https:\/\/asura.lv\/lt\/wp-json\/wp\/v2\/media\/13310"}],"wp:attachment":[{"href":"https:\/\/asura.lv\/lt\/wp-json\/wp\/v2\/media?parent=13309"}],"wp:term":[{"taxonomy":"product_brand","embeddable":true,"href":"https:\/\/asura.lv\/lt\/wp-json\/wp\/v2\/product_brand?post=13309"},{"taxonomy":"product_cat","embeddable":true,"href":"https:\/\/asura.lv\/lt\/wp-json\/wp\/v2\/product_cat?post=13309"},{"taxonomy":"product_tag","embeddable":true,"href":"https:\/\/asura.lv\/lt\/wp-json\/wp\/v2\/product_tag?post=13309"}],"curies":[{"name":"wp","href":"https:\/\/api.w.org\/{rel}","templated":true}]}}