{"id":13417,"date":"2025-11-29T00:13:38","date_gmt":"2025-11-29T00:13:38","guid":{"rendered":"https:\/\/asura.lv\/product\/ancel-s3000-diagnostic-leak-detector\/"},"modified":"2025-12-12T15:59:10","modified_gmt":"2025-12-12T13:59:10","slug":"ancel-s3000-diagnostic-leak-detector","status":"publish","type":"product","link":"https:\/\/asura.lv\/lt\/produktas\/ancel-s3000-diagnostic-leak-detector\/","title":{"rendered":"Ancel S3000 diagnostinis nuot\u0117kio detektorius"},"content":{"rendered":"<h3>\u201eAncel S3000\u201c diagnostinis nuot\u0117ki\u0173 detektorius<\/h3>\n<p>\u201eAncel S3000\u201c yra nuot\u0117ki\u0173 detektorius, leid\u017eiantis efektyviai diagnozuoti daugel\u012f transporto priemoni\u0173 sistem\u0173 naudojant d\u016bmus arba susl\u0117gt\u0105 or\u0105. Kompakti\u0161kas dizainas slepia sl\u0117gio matuokl\u012f, srauto matuokl\u012f, nepriklausom\u0105 re\u017eimo valdym\u0105 ir daugyb\u0119 saugos funkcij\u0173. \u012erenginys skirtas darbui su EVAP, turbo, EGR, \u012fsiurbimo, degal\u0173, au\u0161inimo, i\u0161metimo ir vakuumo sistemomis. Jis taip pat palaiko EGR sistem\u0173 ir vakuumo nuot\u0117ki\u0173 bandymus. D\u0117l savo na\u0161umo, naudojimo paprastumo ir universalumo jis yra paruo\u0161tas naudoti \u012frankis bet kurioms dirbtuv\u0117ms.<\/p>\n<p>\n<img decoding=\"async\" alt=\"\" border=\"0\" src=\"https:\/\/assets.innpro.pl\/16751\/21824\/5.jpg\"\/>\n<\/p>\n<h3>2 veikimo re\u017eimai<\/h3>\n<p>Diagnostinis \u201eAncel S3000\u201c nuot\u0117ki\u0173 detektorius si\u016blo 2 veikimo re\u017eimus \u2013 oro ir d\u016bm\u0173, aktyvuojamus atskirais mygtukais. Atskirais mygtukais, aktyvuojan\u010diais oro siurbl\u012f ir d\u016bm\u0173 generatori\u0173, galite prad\u0117ti bandym\u0105 tiksliai taip, kaip reikalauja sistema \u2013 neperjungdami konfig\u016bracij\u0173 ir neatjungdami komponent\u0173.<\/p>\n<p>\n<img decoding=\"async\" alt=\"\" border=\"0\" src=\"https:\/\/assets.innpro.pl\/16751\/21824\/6.jpg\"\/>\n<\/p>\n<h3>Matomas bandymo efektas<\/h3>\n<p>\u201eAncel S3000\u201c generatorius gamina tankius ir stabilius d\u016bmus, kurie efektyviai parodo nuot\u0117kio vietas \u2013 net ir ma\u017eas. Bandymo procesas prasideda \u012fpylus 20 ml bandymo alyvos, tod\u0117l galima greitai ir tiksliai diagnozuoti nei\u0161ardant sistemos. Tai taupo laik\u0105 ir padeda i\u0161vengti klaidingo veikian\u010di\u0173 komponent\u0173 keitimo. D\u016bmai i\u0161eina per atskir\u0105 i\u0161leidimo ang\u0105 korpuso \u0161one, tod\u0117l juos lengva nukreipti \u012f konkre\u010di\u0105 viet\u0105.<\/p>\n<p>\n<img decoding=\"async\" alt=\"\" border=\"0\" src=\"https:\/\/assets.innpro.pl\/16751\/21824\/1.jpg\"\/>\n<\/p>\n<h3>Tikslus parametr\u0173 valdymas<\/h3>\n<p>Prie\u0161ais \u012frengin\u012f yra sl\u0117gio matuoklis PSI vienetais ir srauto matuoklis (LPM), taip pat srauto reguliavimo ranken\u0117l\u0117. Tai leid\u017eia visi\u0161kai kontroliuoti \u012f sistem\u0105 patenkan\u010di\u0173 d\u016bm\u0173 sl\u0117g\u012f ir kiek\u012f. \u0160ie rodmenys taip pat naudojami nuot\u0117kio mastui \u012fvertinti \u2013 nuo \u200b\u200bnedidelio iki didelio. Sl\u0117gio indikatorius leid\u017eia greitai aptikti la\u0161us, kurie ai\u0161kiai rodo nuot\u0117k\u012f.<\/p>\n<p>\n<img decoding=\"async\" alt=\"\" border=\"0\" src=\"https:\/\/assets.innpro.pl\/16751\/21824\/4.jpg\"\/>\n<\/p>\n<h3>Srauto valdymas<\/h3>\n<p>Integruotas srauto matuoklis su lengvai \u012fskaitoma skale litrais per minut\u0119 leid\u017eia tiksliai reguliuoti d\u016bm\u0173 srauto stiprum\u0105 \u012f bandom\u0105j\u0105 sistem\u0105. Ma\u017eas srautas padidina d\u016bm\u0173 matomum\u0105 esant nedideliems nuot\u0117kiams, o didelis srautas leid\u017eia greitai u\u017epildyti didesnes vamzd\u017ei\u0173 ertmes. Pastovus srautas taip pat yra bandymo metodas \u2013 stabilus lygis rodo nuot\u0117k\u012f, o kritimas \u2013 jo mast\u0105.<\/p>\n<p>\n<img decoding=\"async\" alt=\"\" border=\"0\" src=\"https:\/\/assets.innpro.pl\/16751\/21824\/2.jpg\"\/>\n<\/p>\n<h3>Kompakti\u0161kas, bet patvarus dizainas<\/h3>\n<p>185\u2013130\u201385 mm metalinis korpusas yra atsparus mechaniniams pa\u017eeidimams. \u012erenginys turi kabliuk\u0105 pakabinimui ir \u201eVelcro\u201c tvirtinimo dir\u017eel\u012f, kuris palengvina darb\u0105 ank\u0161tose aptarnavimo vietose ir po transporto priemon\u0117s gaubtu. Be to, korpuse yra integruotas alyvos lygio indikatorius, leid\u017eiantis greitai patikrinti bandymo skys\u010dio kiek\u012f prie\u0161 pradedant darb\u0105. Apsauga nuo terminio poveikio leid\u017eia saugiai dirbti pla\u010diame temperat\u016br\u0173 diapazone. Apsauga nuo perkaitimo \u012fsijungia automati\u0161kai, kai temperat\u016bra vir\u0161ija 75 \u00b0C, o \u0161al\u010diui atspari sistema leid\u017eia normaliai dirbti net esant -20 \u00b0C temperat\u016brai. Sistema automati\u0161kai i\u0161jungia \u012frengin\u012f, jei temperat\u016bra per auk\u0161ta, taip apsaugodama vidinius komponentus nuo pa\u017eeidim\u0173.<\/p>\n<p>\n<img decoding=\"async\" alt=\"\" border=\"0\" src=\"https:\/\/assets.innpro.pl\/16751\/21824\/3.jpg\"\/>\n<\/p>\n<h3>Lengvas rezultat\u0173 interpretavimas<\/h3>\n<p>Indikatori\u0173 sistema leid\u017eia \u012fvertinti nuot\u0117kio dyd\u012f \u2013 n\u0117ra nuot\u0117kio, ma\u017eas nuot\u0117kis arba didelis nuot\u0117kis. Lengvai \u012fskaitomos skal\u0117s ant ciferblat\u0173 leid\u017eia greitai i\u0161analizuoti sistemos b\u016bkl\u0119, nereikalaujant papildom\u0173 matavimo \u012franki\u0173. Ir srauto matuoklis, ir sl\u0117gio matuoklis veikia kaip diagnostiniai indikatoriai, kuriuos galite steb\u0117ti realiuoju laiku.<\/p>\n<p>\n<img decoding=\"async\" alt=\"\" border=\"0\" src=\"https:\/\/assets.innpro.pl\/16751\/21824\/7.jpg\"\/>\n<\/p>\n<h3>\u012e komplekt\u0105 \u012feina:<\/h3>\n<ul class=\"list-disc pl-5\">\n<li>Diagnostinis nuot\u0117kio detektorius<\/li>\n<li>Maitinimo laidas su spaustukais (2,5 m)<\/li>\n<li>\u017darna (2,5 m)<\/li>\n<li>\u012esiurbimo adapteris<\/li>\n<li>K\u016bginiai adapteriai<\/li>\n<li>Universalus sandarinimo adapteris<\/li>\n<li>Piltuv\u0117lis<\/li>\n<li>Pakabinimo kabliukas<\/li>\n<li>Lipni juosta<\/li>\n<li>Naudotojo vadovas<\/li>\n<\/ul>\n<div class=\"table-wrapper\">\n<p>B\u00a0<\/p>\n<h3><\/h3>\n<table>\n<tbody>\n<tr>\n<th>Gamintojas<\/th>\n<td>Ancel<\/td>\n<\/tr>\n<tr>\n<th>Modelis<\/th>\n<td>S3000<\/td>\n<\/tr>\n<tr>\n<th>Matmenys<\/th>\n<td>185\u2013130\u201385 mm<\/td>\n<\/tr>\n<tr>\n<th>Srautas<\/th>\n<td><6 l\/min<\/td>\n<\/tr>\n<tr>\n<th>Maitinimo \u0161altinis<\/th>\n<td>automobilio akumuliatorius 12 V \/ 6 A<\/td>\n<\/tr>\n<tr>\n<th>Darbinis re\u017eimas<\/th>\n<td>D\u016bmai, oras<\/td>\n<\/tr>\n<tr>\n<th>Darbinis sl\u0117gis<\/th>\n<td>0,5\u20130,8 bar<\/td>\n<\/tr>\n<tr>\n<th>Maitinimo laido ilgis<\/th>\n<td>2,5 m<\/td>\n<\/tr>\n<tr>\n<th>\u017darnos ilgis<\/th>\n<td>2,5 m<\/td>\n<\/tr>\n<\/tbody>\n<\/table>\n<\/div>\n","protected":false},"excerpt":{"rendered":"<p>\u201eAncel S3000\u201c diagnostinis nuot\u0117ki\u0173 detektorius \u201eAncel S3000\u201c yra nuot\u0117ki\u0173 detektorius, leid\u017eiantis efektyviai diagnozuoti daugel\u012f transporto priemoni\u0173 sistem\u0173 naudojant d\u016bmus arba susl\u0117gt\u0105 or\u0105. Kompakti\u0161kas dizainas slepia sl\u0117gio matuokl\u012f, srauto matuokl\u012f, nepriklausom\u0105 re\u017eimo valdym\u0105 ir daugyb\u0119 saugos funkcij\u0173. \u012erenginys skirtas darbui su EVAP, turbo, EGR, \u012fsiurbimo, degal\u0173, au\u0161inimo, i\u0161metimo ir vakuumo sistemomis. Jis taip pat palaiko EGR [&#8230;]\n","protected":false},"featured_media":13418,"comment_status":"open","ping_status":"closed","template":"","meta":[],"product_brand":[654],"product_cat":[881],"product_tag":[],"class_list":{"0":"post-13417","1":"product","2":"type-product","3":"status-publish","4":"has-post-thumbnail","6":"product_brand-ancel","7":"product_cat-diagnostic-tools","9":"first","10":"outofstock","11":"taxable","12":"shipping-taxable","13":"purchasable","14":"product-type-simple"},"aioseo_notices":[],"_links":{"self":[{"href":"https:\/\/asura.lv\/lt\/wp-json\/wp\/v2\/product\/13417","targetHints":{"allow":["GET"]}}],"collection":[{"href":"https:\/\/asura.lv\/lt\/wp-json\/wp\/v2\/product"}],"about":[{"href":"https:\/\/asura.lv\/lt\/wp-json\/wp\/v2\/types\/product"}],"replies":[{"embeddable":true,"href":"https:\/\/asura.lv\/lt\/wp-json\/wp\/v2\/comments?post=13417"}],"wp:featuredmedia":[{"embeddable":true,"href":"https:\/\/asura.lv\/lt\/wp-json\/wp\/v2\/media\/13418"}],"wp:attachment":[{"href":"https:\/\/asura.lv\/lt\/wp-json\/wp\/v2\/media?parent=13417"}],"wp:term":[{"taxonomy":"product_brand","embeddable":true,"href":"https:\/\/asura.lv\/lt\/wp-json\/wp\/v2\/product_brand?post=13417"},{"taxonomy":"product_cat","embeddable":true,"href":"https:\/\/asura.lv\/lt\/wp-json\/wp\/v2\/product_cat?post=13417"},{"taxonomy":"product_tag","embeddable":true,"href":"https:\/\/asura.lv\/lt\/wp-json\/wp\/v2\/product_tag?post=13417"}],"curies":[{"name":"wp","href":"https:\/\/api.w.org\/{rel}","templated":true}]}}