{"id":13549,"date":"2025-11-29T00:13:25","date_gmt":"2025-11-29T00:13:25","guid":{"rendered":"https:\/\/asura.lv\/product\/petlibro-granary-feed-dispenser-wifi-5l-black\/"},"modified":"2025-12-12T15:59:04","modified_gmt":"2025-12-12T13:59:04","slug":"petlibro-granary-feed-dispenser-wifi-5l-black","status":"publish","type":"product","link":"https:\/\/asura.lv\/lt\/produktas\/petlibro-granary-feed-dispenser-wifi-5l-black\/","title":{"rendered":"\u201ePetlibro Granary\u201c pa\u0161ar\u0173 dozatorius, su WiFi, 5 l (juodas)"},"content":{"rendered":"<h3>\u201ePetlibro Granary\u201c WiFi maisto dozatorius, 5 l (juodas)<\/h3>\n<p>\u201ePetlibro Granary\u201c yra 5 l talpos i\u0161manusis maisto dozatorius, leid\u017eiantis nuotoliniu b\u016bdu maitinti augintin\u012f i\u0161 program\u0117l\u0117s \u2013 kad ir kur beb\u016btum\u0117te. Jis leid\u017eia tiksliai planuoti maitinim\u0105, nustatyti asmenin\u012f balso prane\u0161im\u0105 ir per\u017ei\u016br\u0117ti maitinimo \u017eurnalus. D\u0117l keturgubo sandarinimo sistemos u\u017etikrinamas maisto \u0161vie\u017eumas, o pa\u017eangus dizainas neleid\u017eia jam u\u017estrigti. Dozatorius veikia net ir dingus elektrai (naudojant baterijas), o nuimamas plieninis dubuo ir komponentai be BPA u\u017etikrina saugum\u0105 ir lengv\u0105 valym\u0105. Tai patogus, patikimas ir higieni\u0161kas sprendimas bet kuriam keturkoj\u0173 \u0161un\u0173 \u0161eimininkui.<\/p>\n<p>\n<img decoding=\"async\" alt=\"\" border=\"0\" src=\"https:\/\/assets.innpro.pl\/16814\/21890\/3.jpg\"\/>\n<\/p>\n<h3>I\u0161manus maitinimas visada po ranka<\/h3>\n<p>\u201ePetlibro Granary\u201c pakeis j\u016bs\u0173 augintinio mitybos prie\u017ei\u016bros b\u016bd\u0105. Naudodamiesi \u201eWi-Fi\u201c palaikymu (2,4 GHz ir 5 GHz) ir specialia program\u0117le, galite planuoti porcijas, pritaikyti tvarkara\u0161\u010dius ir patiekti skan\u0117stus nuotoliniu b\u016bdu \u2013 kad ir kur beb\u016btum\u0117te. Nesvarbu, ar esate darbe, ar i\u0161vyk\u0119, tereikia keli\u0173 paspaudim\u0173, kad j\u016bs\u0173 augintinis laiku gaut\u0173 \u0117dal\u0105. \u012esp\u016bdinga 5 litr\u0173 talpa u\u017etikrina, kad j\u016bs\u0173 augintinis visada tur\u0117t\u0173 reikiam\u0105 maisto kiek\u012f, o jei atsargos pritr\u016bkt\u0173, nesijaudinkite \u2013 program\u0117l\u0117 apie visk\u0105 prane\u0161!<\/p>\n<p>\n<img decoding=\"async\" alt=\"\" border=\"0\" src=\"https:\/\/assets.innpro.pl\/16814\/21890\/5.jpg\"\/>\n<\/p>\n<h3>Naujas valdymo ir patogumo lygis<\/h3>\n<p>Program\u0117l\u0117je galite \u012fjungti ir i\u0161jungti maitinimo tvarkara\u0161\u010dius vienu bakstel\u0117jimu, taip pat nustatyti asmenin\u012f balso prane\u0161im\u0105, kuris bus grojamas kiekvieno \u0117dalo metu, kad j\u016bs\u0173 augintinis jaust\u0173 j\u016bs\u0173 buvim\u0105 net ir jums nesant. Be to, program\u0117l\u0117 i\u0161saugo iki 70 naujausi\u0173 \u0161\u0117rimo \u017eurnal\u0173, \u012fskaitant neprisijungus, o prane\u0161im\u0173 funkcijos prane\u0161, jei maisto tr\u016bksta, baterija i\u0161sikrauna arba \u0161\u0117rykla gali b\u016bti u\u017eblokuota.<\/p>\n<p>\n<img decoding=\"async\" alt=\"\" border=\"0\" src=\"https:\/\/assets.innpro.pl\/16814\/21890\/8.jpg\"\/>\n<\/p>\n<h3>Pirmiausia \u2013 saugumas ir \u0161vie\u017eumas<\/h3>\n<p>Keturi\u0173 dali\u0173 sandarinimo sistema (silikoninis \u017eiedas, pasukamas dangtelis, specialus dr\u0117gm\u0119 sugeriantis mai\u0161elis ir apsaugota i\u0161leidimo anga) apsaugo maist\u0105 nuo oro ir dr\u0117gm\u0117s. Taip kiekviena porcija i\u0161lieka tokia pat \u0161vie\u017eia kaip ir pirmoji. Neslystan\u010dios kojel\u0117s stabilizuoja \u012frengin\u012f, o nailono pintas laidas apsaugo nuo perkandimo. Su \u201ePetlibro Granary\u201c j\u016bs\u0173 augintinis gauna maksimal\u0173 patogum\u0105 ir apsaug\u0105.<\/p>\n<p>\n<img decoding=\"async\" alt=\"\" border=\"0\" src=\"https:\/\/assets.innpro.pl\/16814\/21890\/7.jpg\"\/>\n<\/p>\n<h3>Sklandus maitinimas ir patikimumas<\/h3>\n<p>Inovatyvus dizainas su 45 laipsni\u0173 kampu, pla\u010dia anga ir specialiu apsaugos nuo u\u017estrigimo algoritmu padeda i\u0161vengti maitinimo problem\u0173. Dozatorius tinka sausoms granul\u0117ms nuo 2 iki 15 mm skersmens. Nutr\u016bkus elektros tiekimui, dozatorius vis tiek veikia \u2013 tereikia maitinti j\u012f baterijomis (j\u0173 n\u0117ra rinkinyje), kad b\u016bt\u0173 u\u017etikrintas nepertraukiamas maitinimas.<\/p>\n<p>\n<img decoding=\"async\" alt=\"\" border=\"0\" src=\"https:\/\/assets.innpro.pl\/16814\/21890\/6.jpg\"\/>\n<\/p>\n<h3>Lengvas valymas ir higieni\u0161kos med\u017eiagos<\/h3>\n<p>Nuimamas 304 ner\u016bdijan\u010dio plieno dubuo apsaugo nuo riebal\u0173 kaupimosi ir spuog\u0173 ant smakro. Visos su maistu besilie\u010dian\u010dios dalys yra be BPA, tod\u0117l prietaisas yra visi\u0161kai saugus j\u016bs\u0173 augintinio sveikatai. Nuimamas dizainas palengvina valym\u0105, o \u012fmontuotas infraraudon\u0173j\u0173 spinduli\u0173 jutiklis apsaugo nuo perpildymo.<\/p>\n<p>\n<img decoding=\"async\" alt=\"\" border=\"0\" src=\"https:\/\/assets.innpro.pl\/16814\/21890\/2.jpg\"\/>\n<\/p>\n<h3>Pridedama<\/h3>\n<ul class=\"list-disc pl-5\">\n<li>maisto dozatorius<\/li>\n<li>plieninis dubuo<\/li>\n<li>duben\u0117lio pagalv\u0117l\u0117<\/li>\n<li>adapteris<\/li>\n<li>maitinimo laidas<\/li>\n<li>mai\u0161elis su sausikliu<\/li>\n<li>naudojimo instrukcija<\/li>\n<\/ul>\n<div class=\"table-wrapper\">\n<p>\u0412\u00a0<\/p>\n<h3><\/h3>\n<table>\n<tbody>\n<tr>\n<th>Gamintojas<\/th>\n<td>Petlibro<\/td>\n<\/tr>\n<tr>\n<th>Modelis<\/th>\n<td>PL-AF103-34W<\/td>\n<\/tr>\n<tr>\n<th>Talpa<\/th>\n<td>5 l<\/td>\n<\/tr>\n<tr>\n<th>\u012evestis<\/th>\n<td>AC 100-240V 50\/60Hz<\/td>\n<\/tr>\n<tr>\n<th>Baterijos tipas<\/th>\n<td>Trys D tipo baterijos (nepridedamos)<\/td>\n<\/tr>\n<tr>\n<th>Darbin\u0117 temperat\u016bra<\/th>\n<td>0\u00b0C-40\u00b0C<\/td>\n<\/tr>\n<tr>\n<th>Svoris<\/th>\n<td>1,66 kg<\/td>\n<\/tr>\n<tr>\n<th>Matmenys<\/th>\n<td>340 \u00d7 190 \u00d7 190 mm<\/td>\n<\/tr>\n<tr>\n<th>Speciali paskirtis<\/th>\n<td>Taip<\/td>\n<\/tr>\n<tr>\n<th>Maitinimo \u0161altinis<\/th>\n<td>Per USB, maitinamas baterijomis<\/td>\n<\/tr>\n<tr>\n<th>Konstrukcijos med\u017eiaga<\/th>\n<td>304 ner\u016bdijantis plienas (puodeliai), med\u017eiagos be BPA (dozatorius)<\/td>\n<\/tr>\n<tr>\n<th>Jutikliai<\/th>\n<td>IRA jutiklis<\/td>\n<\/tr>\n<tr>\n<th>Rekomenduojamas pa\u0161aro dydis<\/th>\n<td>2\u201315 mm<\/td>\n<\/tr>\n<tr>\n<th>Rekomenduojamas pa\u0161aro tipas<\/th>\n<td>Sausas<\/td>\n<\/tr>\n<tr>\n<th>Ry\u0161io b\u016bdas<\/th>\n<td>\u201eWiFi 2.4\u201c GHz \/ 5 GHz<\/td>\n<\/tr>\n<tr>\n<th>Spalva<\/th>\n<td>Juoda<\/td>\n<\/tr>\n<\/tbody>\n<\/table>\n<\/div>\n","protected":false},"excerpt":{"rendered":"<p>\u201ePetlibro Granary\u201c WiFi maisto dozatorius, 5 l (juodas) \u201ePetlibro Granary\u201c yra 5 l talpos i\u0161manusis maisto dozatorius, leid\u017eiantis nuotoliniu b\u016bdu maitinti augintin\u012f i\u0161 program\u0117l\u0117s \u2013 kad ir kur beb\u016btum\u0117te. Jis leid\u017eia tiksliai planuoti maitinim\u0105, nustatyti asmenin\u012f balso prane\u0161im\u0105 ir per\u017ei\u016br\u0117ti maitinimo \u017eurnalus. D\u0117l keturgubo sandarinimo sistemos u\u017etikrinamas maisto \u0161vie\u017eumas, o pa\u017eangus dizainas neleid\u017eia jam u\u017estrigti. [&#8230;]\n","protected":false},"featured_media":13550,"comment_status":"open","ping_status":"closed","template":"","meta":[],"product_brand":[775],"product_cat":[1031],"product_tag":[],"class_list":{"0":"post-13549","1":"product","2":"type-product","3":"status-publish","4":"has-post-thumbnail","6":"product_brand-petlibro","7":"product_cat-bowls","9":"first","10":"outofstock","11":"taxable","12":"shipping-taxable","13":"purchasable","14":"product-type-simple"},"aioseo_notices":[],"_links":{"self":[{"href":"https:\/\/asura.lv\/lt\/wp-json\/wp\/v2\/product\/13549","targetHints":{"allow":["GET"]}}],"collection":[{"href":"https:\/\/asura.lv\/lt\/wp-json\/wp\/v2\/product"}],"about":[{"href":"https:\/\/asura.lv\/lt\/wp-json\/wp\/v2\/types\/product"}],"replies":[{"embeddable":true,"href":"https:\/\/asura.lv\/lt\/wp-json\/wp\/v2\/comments?post=13549"}],"wp:featuredmedia":[{"embeddable":true,"href":"https:\/\/asura.lv\/lt\/wp-json\/wp\/v2\/media\/13550"}],"wp:attachment":[{"href":"https:\/\/asura.lv\/lt\/wp-json\/wp\/v2\/media?parent=13549"}],"wp:term":[{"taxonomy":"product_brand","embeddable":true,"href":"https:\/\/asura.lv\/lt\/wp-json\/wp\/v2\/product_brand?post=13549"},{"taxonomy":"product_cat","embeddable":true,"href":"https:\/\/asura.lv\/lt\/wp-json\/wp\/v2\/product_cat?post=13549"},{"taxonomy":"product_tag","embeddable":true,"href":"https:\/\/asura.lv\/lt\/wp-json\/wp\/v2\/product_tag?post=13549"}],"curies":[{"name":"wp","href":"https:\/\/api.w.org\/{rel}","templated":true}]}}