{"id":14095,"date":"2025-11-29T00:11:28","date_gmt":"2025-11-29T00:11:28","guid":{"rendered":"https:\/\/asura.lv\/product\/powerbank-blitzwolf-bw-p22-20000mah-22-5w\/"},"modified":"2025-12-12T15:57:46","modified_gmt":"2025-12-12T13:57:46","slug":"powerbank-blitzwolf-bw-p22-20000mah-22-5w","status":"publish","type":"product","link":"https:\/\/asura.lv\/lt\/produktas\/powerbank-blitzwolf-bw-p22-20000mah-22-5w\/","title":{"rendered":"Ne\u0161iojamoji baterija BlitzWolf BW-P22 20000mAh, 22.5W"},"content":{"rendered":"<h3>I\u0161orin\u0117 baterija \u201eBlitzWolf BW-P22\u201c 20000 mAh, 22,5 W.<\/h3>\n<p>Ie\u0161kote i\u0161orin\u0117s baterijos, kuria visada galite pasikliauti? \u201eBlitzWolf BW-P22\u201c yra patogi 20 000 mAh talpos ir iki 22,5 vat\u0173 galios i\u0161orin\u0117 baterija, skirta akimirksniu \u012fkrauti j\u016bs\u0173 \u012frenginius \u2013 net kelis vienu metu. D\u0117l kompakti\u0161ko formato, skaitmeninio ekrano ir greito \u012fkrovimo palaikymo jis idealiai tinka kasdieniam naudojimui ir kelion\u0117ms.<\/p>\n<p>\n<img decoding=\"async\" alt=\"\" border=\"0\" src=\"https:\/\/assets.innpro.pl\/13811\/17045\/1.jpg\"\/>\n<\/p>\n<h3>Greitas \u012fkrovimas<\/h3>\n<p>Palaikydama PD 20W, QC 3.0 ir SCP 22.5W protokolus, i\u0161orin\u0117 baterija efektyviai maitins i\u0161maniuosius telefonus, plan\u0161etinius kompiuterius, ausines ir kitus priedus \u2013 nesvarbu, ar naudojate \u201eApple\u201c, \u201eXiaomi\u201c ar \u201eSamsung\u201c. Be to, jis pats \u012fsikrauna \u2013 pilnas \u012fkrovimas trunka tik apie 3 valandas.<\/p>\n<p>\n<img decoding=\"async\" alt=\"\" border=\"0\" src=\"https:\/\/assets.innpro.pl\/13811\/17045\/4.jpg\"\/>\n<\/p>\n<h3>Daugiau patogumo su dviem prievadais<\/h3>\n<p>BW-P22 turi USB-A ir USB-C prievadus, tod\u0117l galite vienu metu \u012fkrauti du \u012frenginius. I\u0161\u0117jimai palaiko skirtingas \u012ftampas, kad automati\u0161kai pritaikyt\u0173 gali\u0105 prie j\u016bs\u0173 konkre\u010dios \u012frangos, tod\u0117l \u012fkrovimas yra saugesnis ir efektyvesnis.<\/p>\n<p>\n<img decoding=\"async\" alt=\"\" border=\"0\" src=\"https:\/\/assets.innpro.pl\/13811\/17045\/5.jpg\"\/>\n<\/p>\n<h3>Talpa, kuria galite pasikliauti<\/h3>\n<p>Su 20 000 mAh baterija galite \u012fkrauti i\u0161man\u0173j\u012f telefon\u0105 kelis kartus. Integruotas LED ekranas informuoja apie \u012fkrovos lyg\u012f, o kompakti\u0161kas dydis (142\u201368\u201328 mm) rei\u0161kia, kad jis tilps \u012f bet kok\u012f krep\u0161\u012f ar kuprin\u0119 \u2013 ir gal\u0117site j\u012f lengvai pasiimti su savimi \u012f l\u0117ktuv\u0105.<\/p>\n<p>\n<img decoding=\"async\" alt=\"\" border=\"0\" src=\"https:\/\/assets.innpro.pl\/13811\/17045\/6.jpg\"\/>\n<\/p>\n<h3>Auk\u0161\u010diausio lygio saugos funkcijos<\/h3>\n<p>\u012erenginys apsaugo nuo perkaitimo, vir\u0161\u012ftampio, trumpojo jungimo, perkrovimo ir net elektromagnetini\u0173 lauk\u0173. Tai ne tik prakti\u0161kas, bet ir saugus sprendimas kasdieniam \u012fkrovimui.<\/p>\n<p>\n<img decoding=\"async\" alt=\"\" border=\"0\" src=\"https:\/\/assets.innpro.pl\/13811\/17045\/3.jpg\"\/>\n<\/p>\n<div class=\"table-wrapper\">\n<p>B\u00a0<\/p>\n<h3><\/h3>\n<table>\n<tbody>\n<tr>\n<th>Gamintojas<\/th>\n<td>BlitzWolf<\/td>\n<\/tr>\n<tr>\n<th>Modelis<\/th>\n<td>BW-P22<\/td>\n<\/tr>\n<tr>\n<th>Talpa<\/th>\n<td>20 000 mAh<\/td>\n<\/tr>\n<tr>\n<th>Baterijos tipas<\/th>\n<td>Li\u010dio jon\u0173<\/td>\n<\/tr>\n<tr>\n<th>I\u0161\u0117jimo galia<\/th>\n<td>22,5 W<\/td>\n<\/tr>\n<tr>\n<th>Prievadai<\/th>\n<td>USB-C (\u012fvestis \/ i\u0161vestis), USB-A (i\u0161vestis)<\/td>\n<\/tr>\n<tr>\n<th>\u012evesties \u012ftampa<\/th>\n<td>USB-C: 5 V \/ 3 A, 9 V \/ 2 A, 12 V \/ 1,5 A<\/td>\n<\/tr>\n<tr>\n<th>I\u0161vesties \u012ftampa<\/th>\n<td>USB-C: 5 V \/ 3 A, 9 V \/ 2,22 A, 12 V \/ 1,67 A; USB-A: 5 V \/ 3 A, 5 V \/ 4,5 A, 4,5 V \/ 5 A, 9 V \/ 2 A, 12 V \/ 1,5 A<\/td>\n<\/tr>\n<tr>\n<th>Palaikomi protokolai<\/th>\n<td>PD 2.0, QC 3.0, FCP<\/td>\n<\/tr>\n<tr>\n<th>Med\u017eiaga<\/th>\n<td>PC+ABS<\/td>\n<\/tr>\n<tr>\n<th>Matmenys<\/th>\n<td>142 \u00d7 68 \u00d7 28 mm<\/td>\n<\/tr>\n<tr>\n<th>Ekranas<\/th>\n<td>skaitmeninis LED<\/td>\n<\/tr>\n<\/tbody>\n<\/table>\n<\/div>\n","protected":false},"excerpt":{"rendered":"<p>I\u0161orin\u0117 baterija \u201eBlitzWolf BW-P22\u201c 20000 mAh, 22,5 W. Ie\u0161kote i\u0161orin\u0117s baterijos, kuria visada galite pasikliauti? \u201eBlitzWolf BW-P22\u201c yra patogi 20 000 mAh talpos ir iki 22,5 vat\u0173 galios i\u0161orin\u0117 baterija, skirta akimirksniu \u012fkrauti j\u016bs\u0173 \u012frenginius \u2013 net kelis vienu metu. D\u0117l kompakti\u0161ko formato, skaitmeninio ekrano ir greito \u012fkrovimo palaikymo jis idealiai tinka kasdieniam naudojimui ir [&#8230;]\n","protected":false},"featured_media":14096,"comment_status":"open","ping_status":"closed","template":"","meta":[],"product_brand":[224],"product_cat":[1052],"product_tag":[],"class_list":{"0":"post-14095","1":"product","2":"type-product","3":"status-publish","4":"has-post-thumbnail","6":"product_brand-blitzwolf","7":"product_cat-powerbanks-gsm-accessories","9":"first","10":"outofstock","11":"taxable","12":"shipping-taxable","13":"purchasable","14":"product-type-simple"},"aioseo_notices":[],"_links":{"self":[{"href":"https:\/\/asura.lv\/lt\/wp-json\/wp\/v2\/product\/14095","targetHints":{"allow":["GET"]}}],"collection":[{"href":"https:\/\/asura.lv\/lt\/wp-json\/wp\/v2\/product"}],"about":[{"href":"https:\/\/asura.lv\/lt\/wp-json\/wp\/v2\/types\/product"}],"replies":[{"embeddable":true,"href":"https:\/\/asura.lv\/lt\/wp-json\/wp\/v2\/comments?post=14095"}],"wp:featuredmedia":[{"embeddable":true,"href":"https:\/\/asura.lv\/lt\/wp-json\/wp\/v2\/media\/14096"}],"wp:attachment":[{"href":"https:\/\/asura.lv\/lt\/wp-json\/wp\/v2\/media?parent=14095"}],"wp:term":[{"taxonomy":"product_brand","embeddable":true,"href":"https:\/\/asura.lv\/lt\/wp-json\/wp\/v2\/product_brand?post=14095"},{"taxonomy":"product_cat","embeddable":true,"href":"https:\/\/asura.lv\/lt\/wp-json\/wp\/v2\/product_cat?post=14095"},{"taxonomy":"product_tag","embeddable":true,"href":"https:\/\/asura.lv\/lt\/wp-json\/wp\/v2\/product_tag?post=14095"}],"curies":[{"name":"wp","href":"https:\/\/api.w.org\/{rel}","templated":true}]}}