{"id":14125,"date":"2025-11-29T00:11:26","date_gmt":"2025-11-29T00:11:26","guid":{"rendered":"https:\/\/asura.lv\/product\/yeelight-sensor-nightlight-motion-sensor-night-light\/"},"modified":"2025-12-12T15:57:45","modified_gmt":"2025-12-12T13:57:45","slug":"yeelight-sensor-nightlight-motion-sensor-night-light","status":"publish","type":"product","link":"https:\/\/asura.lv\/lt\/produktas\/yeelight-sensor-nightlight-motion-sensor-night-light\/","title":{"rendered":"\u201eYeelight Sensor NightLight\u201c judesio jutiklio naktin\u0117 lemput\u0117"},"content":{"rendered":"<h3>\u201eYeelight Sensor NightLight\u201c judesio jutiklio naktin\u0117 lemput\u0117<\/h3>\n<p>\u201eYeelight Polaris\u201c yra ma\u017ea naktin\u0117 lemput\u0117 su judesio jutikliu, kuri skleid\u017eia \u0161veln\u0173, malon\u0173 ap\u0161vietim\u0105, kai tik jo reikia. D\u0117l \u0161iltos 2700 K spalvos ji puikiai tiks miegamajam ar vaiko kambariui. Ji taip pat i\u0161siskiria iki 180 dien\u0173 veikimo laiku ir keliomis tvirtinimo galimyb\u0117mis. Be to, lempa aptinka judes\u012f iki 7 metr\u0173 atstumu ir si\u016blo du veikimo re\u017eimus \u2013 visada \u012fjungt\u0105 ir automatin\u012f.<\/p>\n<p>\n<img decoding=\"async\" alt=\"\" border=\"0\" src=\"https:\/\/assets.innpro.pl\/13735\/16906\/2.jpg\"\/>\n<\/p>\n<h3>Veikimas iki \u0161e\u0161i\u0173 m\u0117nesi\u0173 vienu \u012fkrovimu<\/h3>\n<p>\u012emontuota 750 mAh baterija u\u017etikrina iki ma\u017edaug 180 dien\u0173 bud\u0117jimo re\u017eimo. Pamir\u0161kite da\u017en\u0105 \u012fkrovim\u0105 ir m\u0117gaukit\u0117s ramybe kelias savaites! Be to, \u0161viestuvas \u012fkraunamas per USB-C.<\/p>\n<p>\n<img decoding=\"async\" alt=\"\" border=\"0\" src=\"https:\/\/assets.innpro.pl\/13735\/16906\/5.jpg\"\/>\n<\/p>\n<h3>Judesio jutiklis, kurio veikimo atstumas iki 7 m<\/h3>\n<p>\u0160viestuvas pasi\u017eymi 120\u00b0 aptikimo kampu ir iki 7 m veikimo atstumu. Tod\u0117l jis gali greitai reaguoti \u012f j\u016bs\u0173 buvim\u0105 ir automati\u0161kai \u012fjungti \u0161viestuv\u0105, kai to reikia. Puikiai tiks prie\u0161kambariui arba miegamajam!<\/p>\n<p>\n<img decoding=\"async\" alt=\"\" border=\"0\" src=\"https:\/\/assets.innpro.pl\/13735\/16906\/4.jpg\"\/>\n<\/p>\n<h3>Maloni \u0161ilta \u0161viesos spalva<\/h3>\n<p>\u201ePolaris\u201c skleid\u017eia \u0161velni\u0105 \u0161vies\u0105, kurios spalvos temperat\u016bra yra 2700 K, kuri suteikia komfort\u0105 akims, netrikdo miego ir sukuria jauki\u0105 atmosfer\u0105. Be to, lempos skleid\u017eiamas ap\u0161vietimas yra draugi\u0161kas akims ir neakinantis \u2013 ji taip pat idealiai tiks vaiko kambariui.<\/p>\n<p>\n<img decoding=\"async\" alt=\"\" border=\"0\" src=\"https:\/\/assets.innpro.pl\/13735\/16906\/3.jpg\"\/>\n<\/p>\n<h3>Du veikimo re\u017eimai<\/h3>\n<p>Lempa turi du veikimo re\u017eimus. Automatiniu re\u017eimu jis automati\u0161kai \u012fsijungia, kai aptinka judes\u012f arba kai kambaryje tamsu \u2013 tod\u0117l galite b\u016bti tikri, kad \u0161viesa \u012fjungta tik tada, kai jums jos tikrai reikia. Kita vertus, visada \u012fjungtu re\u017eimu \u0161viesa \u0161vie\u010dia nuolat.<\/p>\n<p>\n<img decoding=\"async\" alt=\"\" border=\"0\" src=\"https:\/\/assets.innpro.pl\/13735\/16906\/6.jpg\"\/>\n<\/p>\n<h3>Keli tvirtinimo variantai<\/h3>\n<p>\u201eYeelight Polaris\u201c lemp\u0105 galima tvirtinti keliais b\u016bdais. \u012emontuotas magnetas leid\u017eia j\u0105 pritvirtinti, pavyzd\u017eiui, prie \u0161aldytuvo. Taip pat galima j\u0105 pakabinti arba priklijuoti prie sienos. Galite lengvai j\u012f pastatyti ten, kur norite!<\/p>\n<p>\n<img decoding=\"async\" alt=\"\" border=\"0\" src=\"https:\/\/assets.innpro.pl\/13735\/16906\/1.jpg\"\/>\n<\/p>\n<div class=\"table-wrapper\">\n<p>B\u00a0<\/p>\n<h3><\/h3>\n<table>\n<tbody>\n<tr>\n<th>Gamintojas<\/th>\n<td>Yeelight<\/td>\n<\/tr>\n<tr>\n<th>Modelis<\/th>\n<td>YLYYD-0024<\/td>\n<\/tr>\n<tr>\n<th>Jutikliai<\/th>\n<td>\u0160viesos jutiklis ir PIR judesio jutiklis<\/td>\n<\/tr>\n<tr>\n<th>Spalv\u0173 temperat\u016bra<\/th>\n<td>2700K<\/td>\n<\/tr>\n<tr>\n<th>Maksimali galia<\/th>\n<td>0,2 W<\/td>\n<\/tr>\n<tr>\n<th>Ry\u0161kumas<\/th>\n<td>Automatinis re\u017eimas: 3,5 lm; Visada \u012fjungtas re\u017eimas: 7 lm;<\/td>\n<\/tr>\n<tr>\n<th>Akumuliatoriaus talpa<\/th>\n<td>750 mAh<\/td>\n<\/tr>\n<tr>\n<th>Bud\u0117jimo re\u017eimo veikimo laikas<\/th>\n<td>Apytiksliai 180 dien\u0173<\/td>\n<\/tr>\n<tr>\n<th>Skersmuo<\/th>\n<td>73 mm<\/td>\n<\/tr>\n<\/tbody>\n<\/table>\n<\/div>\n","protected":false},"excerpt":{"rendered":"<p>\u201eYeelight Sensor NightLight\u201c judesio jutiklio naktin\u0117 lemput\u0117 \u201eYeelight Polaris\u201c yra ma\u017ea naktin\u0117 lemput\u0117 su judesio jutikliu, kuri skleid\u017eia \u0161veln\u0173, malon\u0173 ap\u0161vietim\u0105, kai tik jo reikia. D\u0117l \u0161iltos 2700 K spalvos ji puikiai tiks miegamajam ar vaiko kambariui. Ji taip pat i\u0161siskiria iki 180 dien\u0173 veikimo laiku ir keliomis tvirtinimo galimyb\u0117mis. Be to, lempa aptinka judes\u012f [&#8230;]\n","protected":false},"featured_media":14126,"comment_status":"open","ping_status":"closed","template":"","meta":[],"product_brand":[156],"product_cat":[1037],"product_tag":[],"class_list":{"0":"post-14125","1":"product","2":"type-product","3":"status-publish","4":"has-post-thumbnail","6":"product_brand-yeelight","7":"product_cat-desk-and-night-lamps","9":"first","10":"outofstock","11":"taxable","12":"shipping-taxable","13":"purchasable","14":"product-type-simple"},"aioseo_notices":[],"_links":{"self":[{"href":"https:\/\/asura.lv\/lt\/wp-json\/wp\/v2\/product\/14125","targetHints":{"allow":["GET"]}}],"collection":[{"href":"https:\/\/asura.lv\/lt\/wp-json\/wp\/v2\/product"}],"about":[{"href":"https:\/\/asura.lv\/lt\/wp-json\/wp\/v2\/types\/product"}],"replies":[{"embeddable":true,"href":"https:\/\/asura.lv\/lt\/wp-json\/wp\/v2\/comments?post=14125"}],"wp:featuredmedia":[{"embeddable":true,"href":"https:\/\/asura.lv\/lt\/wp-json\/wp\/v2\/media\/14126"}],"wp:attachment":[{"href":"https:\/\/asura.lv\/lt\/wp-json\/wp\/v2\/media?parent=14125"}],"wp:term":[{"taxonomy":"product_brand","embeddable":true,"href":"https:\/\/asura.lv\/lt\/wp-json\/wp\/v2\/product_brand?post=14125"},{"taxonomy":"product_cat","embeddable":true,"href":"https:\/\/asura.lv\/lt\/wp-json\/wp\/v2\/product_cat?post=14125"},{"taxonomy":"product_tag","embeddable":true,"href":"https:\/\/asura.lv\/lt\/wp-json\/wp\/v2\/product_tag?post=14125"}],"curies":[{"name":"wp","href":"https:\/\/api.w.org\/{rel}","templated":true}]}}