{"id":14227,"date":"2025-11-29T00:11:16","date_gmt":"2025-11-29T00:11:16","guid":{"rendered":"https:\/\/asura.lv\/product\/switchbot-roller-shade-matter-blackout-roller-blind\/"},"modified":"2025-12-12T15:57:41","modified_gmt":"2025-12-12T13:57:41","slug":"switchbot-roller-shade-matter-blackout-roller-blind","status":"publish","type":"product","link":"https:\/\/asura.lv\/lt\/produktas\/switchbot-roller-shade-matter-blackout-roller-blind\/","title":{"rendered":"\u201eSwitchBot Roller Shade Matter\u201c tamsinan\u010dios roleto u\u017euolaidos"},"content":{"rendered":"<h3>\u201eSwitchBot Roller Shade Matter\u201c tamsinan\u010dios \u017ealiuz\u0117s<\/h3>\n<p>Pavargote rankiniu b\u016bdu traukti \u017ealiuzes? O gal norite, kad jos pa\u010dios u\u017esidaryt\u0173 sutemus? \u201eSwitchBot Roller Shade Matter\u201c \u2013 tai i\u0161maniosios \u017ealiuz\u0117s, kurias galite valdyti telefonu, balsu, automati\u0161kai pagal grafik\u0105 arba jutikliais. Jos veikia su \u201eApple Home\u201c, \u201eAlexa\u201c, \u201eGoogle Home\u201c ir kitomis sistemomis \u2013 tereikia \u201eHub 2\u201c. Be to, jos u\u017etikrina 100 % u\u017etemdym\u0105, geriau izoliuoja kambar\u012f ir apsaugo j\u016bs\u0173 privatum\u0105. J\u012f lengva montuoti, jis be laid\u0173, gali b\u016bti maitinamas fotovoltin\u0117s plok\u0161t\u0117s \u2013 ir jis tinka beveik bet kokiam langui.<\/p>\n<p>\n<img decoding=\"async\" alt=\"\" border=\"0\" src=\"https:\/\/assets.innpro.pl\/15667\/19690\/2.jpg\"\/>\n<\/p>\n<h3>100 % pritaikymas \u2013 ilg\u012f ir montavim\u0105 sprend\u017eiate j\u016bs<\/h3>\n<p>\u201eSwitchBot\u201c roletas yra 2,2 metro (87 coli\u0173) ilgio ir sukurtas maksimaliam lankstumui. Med\u017eiag\u0105 galima lengvai pjaustyti, kad idealiai tikt\u0173 langui. Pats montavimas yra belaidis, greitas ir nereikalauja gr\u0119\u017eimo \u2013 galite j\u012f sumontuoti beveik bet kuriame kambaryje per kelias minutes. O jei norite, prijunkite saul\u0117s baterij\u0105 (parduodama atskirai) ir pamir\u0161kite apie \u012fkrovim\u0105 \u2013 energijos u\u017eteks ilgus metus.<\/p>\n<p>\n<img decoding=\"async\" alt=\"\" border=\"0\" src=\"https:\/\/assets.innpro.pl\/15667\/19690\/1.jpg\"\/>\n<\/p>\n<h3>U\u017estoja, izoliuoja, apsaugo privatum\u0105<\/h3>\n<p>Ji ne tik blokuoja \u0161vies\u0105, bet ir i\u0161 ties\u0173 pagerina j\u016bs\u0173 nam\u0173 komfort\u0105. D\u0117l u\u017etemdan\u010dios konstrukcijos \u017ealiuz\u0117s visi\u0161kai sustabdo saul\u0117s spindulius \u2013 idealiai tinka miegamiesiems, biurams ar vaik\u0173 kambariams. Be to, jos pagerina izoliacij\u0105, padeda palaikyti tinkam\u0105 temperat\u016br\u0105 viduje ir suma\u017einti energijos suvartojim\u0105. Tai taip pat apsaugo j\u016bs\u0173 privatum\u0105 \u2013 vakare, \u012fjungus \u0161vies\u0105, galite jaustis visi\u0161kai ramiai.<\/p>\n<p>\n<img decoding=\"async\" alt=\"\" border=\"0\" src=\"https:\/\/assets.innpro.pl\/15667\/19690\/4.jpg\"\/>\n<\/p>\n<h3>Nuotolinis valdymas ir visi\u0161ka automatizacija<\/h3>\n<p>Rolet\u0105 galite valdyti taip, kaip jums patogu \u2013 program\u0117le, balso komandomis (\u201eAlexa\u201c, \u201eGoogle\u201c, \u201eSiri\u201c), laikma\u010diu, \u0161viesos jutikliu arba nuotolinio valdymo pultu. Jums tereikia pasakyti \u201eAlexa, u\u017everk \u017ealiuzes\u201c arba nustatyti atidarymo ir u\u017edarymo laik\u0105, pavyzd\u017eiui, su saul\u0117tekiu. Naudodami \u201eHub 2\u201c taip pat galite prijungti rolet\u0105 prie kit\u0173 \u201eSwitchBot\u201c \u012frengini\u0173 ir susikurti savo veikimo scenarijus. Pavyzd\u017eiui: roletas atsidarys, kai ryte judesio jutiklis aptiks j\u016bs\u0173 buvim\u0105 svetain\u0117je.<\/p>\n<p>\n<img decoding=\"async\" alt=\"\" border=\"0\" src=\"https:\/\/assets.innpro.pl\/15667\/19690\/6.jpg\"\/>\n<\/p>\n<h3>Veikia su \u201eMatter\u201c \u2013 veikia su tuo, k\u0105 jau turite<\/h3>\n<p>\u201eSwitchBot\u201c roleto u\u017euolaida suderinama su \u201eMatter\u201c (naudojant \u201eSwitchBot Hub 2\u201c), o tai rei\u0161kia, kad galite j\u0105 lengvai integruoti su \u201eApple Home\u201c, \u201eGoogle Home\u201c, \u201eAmazon Alexa\u201c arba \u201eSamsung SmartThings\u201c. Nesvarbu, koki\u0105 ekosistem\u0105 pasirinksite \u2013 jums garantuojamas sklandus veikimas ir nepriekai\u0161tinga naudotojo patirtis.<\/p>\n<p>\n<img decoding=\"async\" alt=\"\" border=\"0\" src=\"https:\/\/assets.innpro.pl\/15667\/19690\/5.jpg\"\/>\n<\/p>\n<h3>Energija ilgam laikui \u2013 \u012fkraukite kart\u0105 per 8 m\u0117nesius<\/h3>\n<p>Integruota baterija vienu \u012fkrovimu veikia iki 8 m\u0117nesi\u0173. Taip pat galite prijungti saul\u0117s baterij\u0105 (nepridedama), kad gal\u0117tum\u0117te m\u0117gautis nepertraukiamu veikimu, nereik\u0117dami jungti laido. Tai patogumas, kuris tikrai atsiperka \u2013 ir dar gerai atrodo.<\/p>\n<p>\n<img decoding=\"async\" alt=\"\" border=\"0\" src=\"https:\/\/assets.innpro.pl\/15667\/19690\/8.jpg\"\/>\n<\/p>\n<div class=\"table-wrapper\">\n<p>\u0412\u00a0<\/p>\n<h3><\/h3>\n<table>\n<tbody>\n<tr>\n<th>Gamintojas<\/th>\n<td>SwitchBot<\/td>\n<\/tr>\n<tr>\n<th>Gamintojo kodas<\/th>\n<td>W5000000<\/td>\n<\/tr>\n<tr>\n<th>Audinio ilgis<\/th>\n<td>2,2 m \/ 87 coliai (galima apkarpyti)<\/td>\n<\/tr>\n<tr>\n<th>Audinio charakteristikos<\/th>\n<td>100 % u\u017etemdantis (blackout), izoliuojantis, su UV apsauga<\/td>\n<\/tr>\n<tr>\n<th>Maitinimas maitinimas<\/th>\n<td>\u012emontuota \u012fkraunama baterija (veikia iki 8 m\u0117nesi\u0173), pasirenkamas maitinimas per saul\u0117s baterij\u0105 (parduodama atskirai)<\/td>\n<\/tr>\n<tr>\n<th>Valdymas<\/th>\n<td>\u201eSwitchBot\u201c program\u0117l\u0117, balsas (\u201eAlexa\u201c, \u201eGoogle\u201c, \u201eSiri\u201c), tvarkara\u0161\u010diai, \u0161viesos jutiklis, nuotolinis valdymas<\/td>\n<\/tr>\n<tr>\n<th>Integracija su \u201eMatter\u201c<\/th>\n<td>Taip (reikalingas \u201eSwitchBot Hub 2\u201c)<\/td>\n<\/tr>\n<tr>\n<th>Suderinamumas su ekosistemomis<\/th>\n<td>\u201eApple Home\u201c, \u201eGoogle Home\u201c, \u201eAmazon Alexa\u201c, \u201eSamsung SmartThings\u201c, \u201eHome Assistant\u201c.<\/td>\n<\/tr>\n<\/tbody>\n<\/table>\n<\/div>\n","protected":false},"excerpt":{"rendered":"<p>\u201eSwitchBot Roller Shade Matter\u201c tamsinan\u010dios \u017ealiuz\u0117s Pavargote rankiniu b\u016bdu traukti \u017ealiuzes? O gal norite, kad jos pa\u010dios u\u017esidaryt\u0173 sutemus? \u201eSwitchBot Roller Shade Matter\u201c \u2013 tai i\u0161maniosios \u017ealiuz\u0117s, kurias galite valdyti telefonu, balsu, automati\u0161kai pagal grafik\u0105 arba jutikliais. Jos veikia su \u201eApple Home\u201c, \u201eAlexa\u201c, \u201eGoogle Home\u201c ir kitomis sistemomis \u2013 tereikia \u201eHub 2\u201c. Be to, jos [&#8230;]\n","protected":false},"featured_media":14228,"comment_status":"open","ping_status":"closed","template":"","meta":[],"product_brand":[460],"product_cat":[872],"product_tag":[],"class_list":{"0":"post-14227","1":"product","2":"type-product","3":"status-publish","4":"has-post-thumbnail","6":"product_brand-switchbot","7":"product_cat-uncategorized-lt","9":"first","10":"outofstock","11":"taxable","12":"shipping-taxable","13":"purchasable","14":"product-type-simple"},"aioseo_notices":[],"_links":{"self":[{"href":"https:\/\/asura.lv\/lt\/wp-json\/wp\/v2\/product\/14227","targetHints":{"allow":["GET"]}}],"collection":[{"href":"https:\/\/asura.lv\/lt\/wp-json\/wp\/v2\/product"}],"about":[{"href":"https:\/\/asura.lv\/lt\/wp-json\/wp\/v2\/types\/product"}],"replies":[{"embeddable":true,"href":"https:\/\/asura.lv\/lt\/wp-json\/wp\/v2\/comments?post=14227"}],"wp:featuredmedia":[{"embeddable":true,"href":"https:\/\/asura.lv\/lt\/wp-json\/wp\/v2\/media\/14228"}],"wp:attachment":[{"href":"https:\/\/asura.lv\/lt\/wp-json\/wp\/v2\/media?parent=14227"}],"wp:term":[{"taxonomy":"product_brand","embeddable":true,"href":"https:\/\/asura.lv\/lt\/wp-json\/wp\/v2\/product_brand?post=14227"},{"taxonomy":"product_cat","embeddable":true,"href":"https:\/\/asura.lv\/lt\/wp-json\/wp\/v2\/product_cat?post=14227"},{"taxonomy":"product_tag","embeddable":true,"href":"https:\/\/asura.lv\/lt\/wp-json\/wp\/v2\/product_tag?post=14227"}],"curies":[{"name":"wp","href":"https:\/\/api.w.org\/{rel}","templated":true}]}}