{"id":14245,"date":"2025-11-29T00:11:14","date_gmt":"2025-11-29T00:11:14","guid":{"rendered":"https:\/\/asura.lv\/product\/shelly-plug-s-mtr-gen3-ip44-12a-smart-outdoor-outlet\/"},"modified":"2025-12-12T15:57:39","modified_gmt":"2025-12-12T13:57:39","slug":"shelly-plug-s-mtr-gen3-ip44-12a-smart-outdoor-outlet","status":"publish","type":"product","link":"https:\/\/asura.lv\/lt\/produktas\/shelly-plug-s-mtr-gen3-ip44-12a-smart-outdoor-outlet\/","title":{"rendered":"\u201eShelly Plug S MTR Gen3 IP44\u201c 12A i\u0161manusis lauko lizdas"},"content":{"rendered":"<h3>\u201eShelly Plug S MTR Gen3\u201c IP44 12A i\u0161manusis lauko lizdas.<\/h3>\n<p>\u0160iuolaikiniai namai \u2013 tai ne tik patogumas, bet ir visi\u0161kas prietais\u0173 valdymas \u2013 net lauke. \u201eShelly Plug S MTR Gen3\u201c yra i\u0161manusis lauko lizdas, leid\u017eiantis valdyti ap\u0161vietim\u0105, sodo \u012frang\u0105 ir kitus elektros prietaisus, kad ir kur b\u016btum\u0117te. D\u0117l IP44 atsparumo vandeniui, \u201eApple HomeKit\u201c palaikymo ir \u201eMatter\u201c sertifikato tai idealus pasirinkimas visiems, norintiems paprastai ir efektyviai automatizuoti savo namus.<\/p>\n<p>\n<img decoding=\"async\" alt=\"\" border=\"0\" src=\"https:\/\/assets.innpro.pl\/13555\/16662\/2.jpg\"\/>\n<\/p>\n<h3>I\u0161manusis valdymas<\/h3>\n<p>Prijunkite \u201eShelly Plug S MTR Gen3\u201c tiesiai prie \u201eWi-Fi\u201c tinklo ir m\u0117gaukit\u0117s visi\u0161ku valdymu i\u0161 savo i\u0161maniojo telefono. Tur\u0117dami \u201eMatter\u201c palaikym\u0105, galite j\u012f integruoti su \u201eApple HomeKit\u201c ir valdyti balsu naudodami \u201eSiri\u201c, taip pat valdyti savo \u012frenginius \u201eApple Home\u201c program\u0117l\u0117je. Vos vienu ekrano palietimu galite \u012fjungti terasos ap\u0161vietim\u0105, \u012fjungti \u0161ildytuv\u0105 arba i\u0161jungti \u0161viesas \u012fva\u017eiavime.<\/p>\n<p>\n<img decoding=\"async\" alt=\"\" border=\"0\" src=\"https:\/\/assets.innpro.pl\/13555\/16662\/3.jpg\"\/>\n<\/p>\n<h3>Atsparus oro s\u0105lygoms \u2013 IP44<\/h3>\n<p>Lietus, sniegas, dulk\u0117s? Joki\u0173 problem\u0173. \u201eShelly Plug S MTR Gen3\u201c turi IP44 apsaugos klas\u0119, o tai rei\u0161kia, kad jis yra atsparus vandens purslams ir oro s\u0105lygoms. Taigi galite j\u012f naudoti terasoje, sode ar prie baseino be joki\u0173 r\u016bpes\u010di\u0173.<\/p>\n<p>\n<img decoding=\"async\" alt=\"\" border=\"0\" src=\"https:\/\/assets.innpro.pl\/13555\/16662\/1.jpg\"\/>\n<\/p>\n<h3>Visi\u0161ka s\u0105skait\u0173 kontrol\u0117<\/h3>\n<p>I\u0161manusis lizdas leid\u017eia steb\u0117ti energijos suvartojim\u0105 realiuoju laiku. Galite matyti, kiek elektros energijos sunaudoja kiekvienas prijungtas prietaisas, o tai leid\u017eia optimizuoti i\u0161laidas ir i\u0161vengti nereikalingo energijos \u0161vaistymo. Taip pat gausite \u012fsp\u0117jimus, jei \u012franga veiks ilgiau nei tur\u0117t\u0173, o tai pad\u0117s i\u0161vengti gedim\u0173 ir nereikaling\u0173 i\u0161laid\u0173.<\/p>\n<p>\n<img decoding=\"async\" alt=\"\" border=\"0\" src=\"https:\/\/assets.innpro.pl\/13555\/16662\/4.jpg\"\/>\n<\/p>\n<h3>Automatizavimas naujame lygyje<\/h3>\n<p>\u201eShelly Plug S MTR Gen3\u201c leid\u017eia kurti i\u0161manius scenarijus, pritaikytus j\u016bs\u0173 poreikiams. Ar norite, kad j\u016bs\u0173 sodo ap\u0161vietimas \u012fsijungt\u0173 sutemus ir i\u0161sijungt\u0173 au\u0161tant? O gal planuojate automati\u0161kai \u012fjungti terasos \u0161ildytuv\u0105 v\u0117sesniais vakarais? \u201eShelly Smart Control\u201c program\u0117l\u0117je galite nustatyti tvarkara\u0161\u010dius, veikimo taisykles ir susieti lizd\u0105 su kitais i\u0161mani\u0173j\u0173 nam\u0173 \u012frenginiais.<\/p>\n<p>\n<img decoding=\"async\" alt=\"\" border=\"0\" src=\"https:\/\/assets.innpro.pl\/13555\/16662\/7.jpg\"\/>\n<\/p>\n<h3>Daugiau atminties, didesnis na\u0161umas<\/h3>\n<p>Naujos kartos \u201eShelly\u201c i\u0161manieji prietaisai si\u016blo ne tik geresn\u012f funkcionalum\u0105, bet ir daugiau galios. Integruota 8 MB atmintis ir patentuotas \u201eShelly\u201c lustas garantuoja stabil\u0173 veikim\u0105 ir greit\u0105 reagavim\u0105 \u012f komandas. Lizd\u0105 taip pat galite naudoti kaip \u201eWi-Fi\u201c signalo stiprintuv\u0105 ir BLE \u0161liuz\u0105, padidindami i\u0161mani\u0173j\u0173 nam\u0173 veikimo diapazon\u0105.<\/p>\n<p>\n<img decoding=\"async\" alt=\"\" border=\"0\" src=\"https:\/\/assets.innpro.pl\/13555\/16662\/6.jpg\"\/>\n<\/p>\n<h3>\u201eMatter\u201c \u2013 naujas i\u0161mani\u0173j\u0173 nam\u0173 standartas<\/h3>\n<p>\u201eShelly Plug S MTR Gen3\u201c palaiko \u201eMatter\u201c \u2013 universal\u0173 i\u0161mani\u0173j\u0173 nam\u0173 \u012frengini\u0173 ry\u0161io standart\u0105. Tai rei\u0161kia, kad galite j\u012f lengvai integruoti su kitais skirting\u0173 preki\u0173 \u017eenkl\u0173 \u012frenginiais be papildom\u0173 program\u0117li\u0173 ar tilt\u0173. Net jei j\u016bs\u0173 \u201eWi-Fi\u201c tinklas nustos veikti, \u201eMatter\u201c \u012frenginiai gal\u0117s bendrauti vietoje, suteikdami jums visi\u0161k\u0105 nepriklausomyb\u0119.<\/p>\n<p>\n<img decoding=\"async\" alt=\"\" border=\"0\" src=\"https:\/\/assets.innpro.pl\/13555\/16662\/5.jpg\"\/>\n<\/p>\n<div class=\"table-wrapper\">\n<p>\u0412\u00a0<\/p>\n<h3><\/h3>\n<table>\n<tbody>\n<tr>\n<th>Gamintojas<\/th>\n<td>Shelly<\/td>\n<\/tr>\n<tr>\n<th>Modelis<\/th>\n<td>OutdoorPlugSGen3<\/td>\n<\/tr>\n<tr>\n<th>Matmenys<\/th>\n<td>56x56x103 \u00b1 0,5 mm<\/td>\n<\/tr>\n<tr>\n<th>Svoris<\/th>\n<td>85 \u00b1 1 g<\/td>\n<\/tr>\n<tr>\n<th>Suderinamas Lizdai<\/th>\n<td>CEE 7\/1, CEE 7\/3 (F \/ Schuko tipas) arba CEE 7\/5 (E tipas)<\/td>\n<\/tr>\n<tr>\n<th>Suderinami ki\u0161tukai<\/th>\n<td>CEE 7\/2, CEE 7\/4 (F \/ Schuko tipas), CEE 7\/7, CEE 7\/16 (C tipas) arba CEE 7\/17<\/td>\n<\/tr>\n<tr>\n<th>Korpuso med\u017eiaga<\/th>\n<td>Plastikas su silikonin\u0117s gumos apsauginiu dangteliu lizdui<\/td>\n<\/tr>\n<tr>\n<th>Spalva<\/th>\n<td>Mokos m\u0117lyna<\/td>\n<\/tr>\n<tr>\n<th>Aplinkos temperat\u016bra<\/th>\n<td>-25 \u00b0C iki 51 \u00b0C<\/td>\n<\/tr>\n<tr>\n<th>Dr\u0117gm\u0117<\/th>\n<td>15\u201385 % RH<\/td>\n<\/tr>\n<tr>\n<th>Maksimalus auk\u0161tis<\/th>\n<td>2000 m<\/td>\n<\/tr>\n<tr>\n<th>Kaitinimo laido temperat\u016bra<\/th>\n<td>750 \u00b0C<\/td>\n<\/tr>\n<tr>\n<th>Apsaugos laipsnis<\/th>\n<td>IP44<\/td>\n<\/tr>\n<tr>\n<th>Reikalingas priverstinis au\u0161inimas<\/th>\n<td>Ne<\/td>\n<\/tr>\n<tr>\n<th>Maitinimo \u0161altinis<\/th>\n<td>230 V ~ 50\/60 Hz<\/td>\n<\/tr>\n<tr>\n<th>Energijos suvartojimas<\/th>\n<td>< 1 W<\/td>\n<\/tr>\n<tr>\n<th>Impulsin\u0117s var\u017eos \u012ftampa<\/th>\n<td>2500 V<\/td>\n<\/tr>\n<tr>\n<th>Maksimali perjungimo \u012ftampa<\/th>\n<td>230 V ~<\/td>\n<\/tr>\n<tr>\n<th>Maksimali perjungimo srov\u0117<\/th>\n<td>12 A<\/td>\n<\/tr>\n<tr>\n<th>Maksimali i\u0161\u0117jimo galia<\/th>\n<td>2500 W (tik su var\u017eine apkrova)<\/td>\n<\/tr>\n<tr>\n<th>Perjungimo cikl\u0173 skai\u010dius<\/th>\n<td>10000<\/td>\n<\/tr>\n<tr>\n<th>Vir\u0161\u012ftampio kategorija<\/th>\n<td>II<\/td>\n<\/tr>\n<tr>\n<th>Veikimo tipas<\/th>\n<td>S1<\/td>\n<\/tr>\n<tr>\n<th>Jungiklio tipas<\/th>\n<td>Vienkryptis<\/td>\n<\/tr>\n<tr>\n<th>Jungiklio konfig\u016bracija<\/th>\n<td>SPNO (vienpolis, paprastai atviras)<\/td>\n<\/tr>\n<tr>\n<th>Grandin\u0117s pertraukiklio tipas<\/th>\n<td>Mikro<\/td>\n<\/tr>\n<tr>\n<th>Vidinis temperat\u016bros jutiklis<\/th>\n<td>Taip<\/td>\n<\/tr>\n<tr>\n<th>Voltmetras (AC)<\/th>\n<td>Taip<\/td>\n<\/tr>\n<tr>\n<th>Ampermetras (AC)<\/th>\n<td>Taip<\/td>\n<\/tr>\n<tr>\n<th>Galia ir energija metrai<\/th>\n<td>Taip<\/td>\n<\/tr>\n<tr>\n<th>\u201eWi-File\u201c protokolas<\/th>\n<td>802.11 b\/g\/n<\/td>\n<\/tr>\n<tr>\n<th>RF juosta<\/th>\n<td>2401\u20132473 MHz<\/td>\n<\/tr>\n<tr>\n<th>Maksimali RF galia<\/th>\n<td><10 dBm<\/td>\n<\/tr>\n<tr>\n<th>\u201eWi-Fi\u201c atstumas<\/th>\n<td>Iki 50 m lauke, iki 30 m patalpose (priklausomai nuo vietos s\u0105lyg\u0173)<\/td>\n<\/tr>\n<tr>\n<th>\u201eBluetooth\u201c protokolas<\/th>\n<td>4.2<\/td>\n<\/tr>\n<tr>\n<th>RF juosta<\/th>\n<td>2400\u20132483,5 MHz<\/td>\n<\/tr>\n<tr>\n<th>Maksimali RF galia<\/th>\n<td>< 4 dBm<\/td>\n<\/tr>\n<tr>\n<th>Atstumas<\/th>\n<td>Iki 30 m lauke, iki 10 m patalpose (priklausomai nuo vietos s\u0105lyg\u0173)<\/td>\n<\/tr>\n<tr>\n<th>CPU<\/th>\n<td>ESP-Shelly-C38F<\/td>\n<\/tr>\n<tr>\n<th>\u201eFlash\u201c atmintis<\/th>\n<td>8 MB<\/td>\n<\/tr>\n<tr>\n<th>Programin\u0117s \u012frangos galimyb\u0117s<\/th>\n<td>\u017diniatinklio kabliai (URL bendrinimai) 20 (su 5 URL kiekvienam \u017einiatinklio kabliui)<\/td>\n<\/tr>\n<tr>\n<th>Scenarij\u0173 ra\u0161ymas<\/th>\n<td>Taip<\/td>\n<\/tr>\n<tr>\n<th>MQTT<\/th>\n<td>Taip<\/td>\n<\/tr>\n<tr>\n<th>CoAP<\/th>\n<td>Ne<\/td>\n<\/tr>\n<\/tbody>\n<\/table>\n<\/div>\n","protected":false},"excerpt":{"rendered":"<p>\u201eShelly Plug S MTR Gen3\u201c IP44 12A i\u0161manusis lauko lizdas. \u0160iuolaikiniai namai \u2013 tai ne tik patogumas, bet ir visi\u0161kas prietais\u0173 valdymas \u2013 net lauke. \u201eShelly Plug S MTR Gen3\u201c yra i\u0161manusis lauko lizdas, leid\u017eiantis valdyti ap\u0161vietim\u0105, sodo \u012frang\u0105 ir kitus elektros prietaisus, kad ir kur b\u016btum\u0117te. D\u0117l IP44 atsparumo vandeniui, \u201eApple HomeKit\u201c palaikymo ir [&#8230;]\n","protected":false},"featured_media":14246,"comment_status":"open","ping_status":"closed","template":"","meta":[],"product_brand":[551],"product_cat":[962],"product_tag":[],"class_list":{"0":"post-14245","1":"product","2":"type-product","3":"status-publish","4":"has-post-thumbnail","6":"product_brand-shelly","7":"product_cat-power-plugs","9":"first","10":"outofstock","11":"taxable","12":"shipping-taxable","13":"purchasable","14":"product-type-simple"},"aioseo_notices":[],"_links":{"self":[{"href":"https:\/\/asura.lv\/lt\/wp-json\/wp\/v2\/product\/14245","targetHints":{"allow":["GET"]}}],"collection":[{"href":"https:\/\/asura.lv\/lt\/wp-json\/wp\/v2\/product"}],"about":[{"href":"https:\/\/asura.lv\/lt\/wp-json\/wp\/v2\/types\/product"}],"replies":[{"embeddable":true,"href":"https:\/\/asura.lv\/lt\/wp-json\/wp\/v2\/comments?post=14245"}],"wp:featuredmedia":[{"embeddable":true,"href":"https:\/\/asura.lv\/lt\/wp-json\/wp\/v2\/media\/14246"}],"wp:attachment":[{"href":"https:\/\/asura.lv\/lt\/wp-json\/wp\/v2\/media?parent=14245"}],"wp:term":[{"taxonomy":"product_brand","embeddable":true,"href":"https:\/\/asura.lv\/lt\/wp-json\/wp\/v2\/product_brand?post=14245"},{"taxonomy":"product_cat","embeddable":true,"href":"https:\/\/asura.lv\/lt\/wp-json\/wp\/v2\/product_cat?post=14245"},{"taxonomy":"product_tag","embeddable":true,"href":"https:\/\/asura.lv\/lt\/wp-json\/wp\/v2\/product_tag?post=14245"}],"curies":[{"name":"wp","href":"https:\/\/api.w.org\/{rel}","templated":true}]}}