{"id":14341,"date":"2025-11-29T00:10:09","date_gmt":"2025-11-29T00:10:09","guid":{"rendered":"https:\/\/asura.lv\/product\/baseus-primetrip-2-in-1-bike-mount-phone-holder-flashlight-black\/"},"modified":"2025-12-12T15:56:52","modified_gmt":"2025-12-12T13:56:52","slug":"baseus-primetrip-2-in-1-bike-mount-phone-holder-flashlight-black","status":"publish","type":"product","link":"https:\/\/asura.lv\/lt\/produktas\/baseus-primetrip-2-in-1-bike-mount-phone-holder-flashlight-black\/","title":{"rendered":"\u201eBaseus PrimeTrip\u201c 2 viename dvira\u010dio laikiklis, telefono laikiklis + \u017eibintuv\u0117lis (juodas)"},"content":{"rendered":"<h3>\u201eBaseus PrimeTrip 2-in-1\u201c dvira\u010dio laikiklis, telefono laikiklis + \u017eibintuv\u0117lis (juodas)<\/h3>\n<p>\u201eBaseus PrimeTrip 2-in-1\u201c yra daugiafunkcis dvira\u010dio laikiklis, kuriame sujungtas i\u0161maniojo telefono laikiklis ir galingas LED \u017eibintuv\u0117lis. D\u0117l tvirtos konstrukcijos ir gerai apgalvot\u0173 funkcij\u0173 jis ne tik u\u017etikrina naudojimo patogum\u0105, bet ir padidina saugum\u0105 bet kokios kelion\u0117s metu. Jis idealiai tinka tiek miesto mar\u0161rutams, tiek sud\u0117tingesniam reljefui.<\/p>\n<p>\n<img decoding=\"async\" alt=\"\" border=\"0\" src=\"https:\/\/assets.innpro.pl\/13043\/15924\/2.jpg\"\/>\n<\/p>\n<h3>Ry\u0161kus ir galingas \u017eibintuv\u0117lis \u2013 matomumas bet kokiomis s\u0105lygomis<\/h3>\n<p>Integruotas 400 liumen\u0173 LED \u017eibintuv\u0117lis efektyviai ap\u0161vie\u010dia keli\u0105 iki 100 metr\u0173 atstumu. Tur\u0117dami tris \u0161viesos re\u017eimus, galite reguliuoti ap\u0161vietim\u0105 pagal savo poreikius \u2013 nuo \u200b\u200bintensyvios \u0161viesos va\u017eiavimui bekele iki \u0161velnesnio miesto ap\u0161vietimo. Be to, specialus l\u0119\u0161i\u0173 dizainas u\u017etikrina tolyg\u0173 \u0161viesos sklaid\u0105, pa\u0161alindamas akinim\u0105 kitiems eismo dalyviams.<\/p>\n<p>\n<img decoding=\"async\" alt=\"\" border=\"0\" src=\"https:\/\/assets.innpro.pl\/13043\/15924\/4.jpg\"\/>\n<\/p>\n<h3>Patvari baterija \u2013 patikimas \u0161viesos \u0161altinis<\/h3>\n<p>\u017dibintuv\u0117lis apr\u016bpintas talpia 4000 mAh baterija, kuri u\u017etikrina iki 7 valand\u0173 nepertraukiamo veikimo. J\u012f galite \u012fkrauti USB-C laidu, kuris leid\u017eia greitai papildyti energij\u0105. Dar vienas privalumas \u2013 integruotas \u012fkrovimo lygio indikatorius, tod\u0117l visada \u017einote, kiek energijos liko.<\/p>\n<p>\n<img decoding=\"async\" alt=\"\" border=\"0\" src=\"https:\/\/assets.innpro.pl\/13043\/15924\/6.jpg\"\/>\n<\/p>\n<h3>Stabilus ir saugus telefono tvirtinimas<\/h3>\n<p>\u201eBaseus PrimeTrip\u201c si\u016blo saug\u0173 laikikl\u012f i\u0161maniesiems telefonams nuo 4,7 colio iki 6,7 colio, tod\u0117l jis suderinamas su dauguma \u0161iuolaikini\u0173 \u012frengini\u0173. Keturi\u0173 ta\u0161k\u0173 tvirtinimo sistema ir neslystantys \u012fd\u0117klai u\u017etikrina stabilum\u0105 net ir nelygiuose keliuose. Telefonas laikosi vietoje, kad ir kokios b\u016bt\u0173 s\u0105lygos, o lankstus reguliavimas leid\u017eia ekran\u0105 nustatyti optimaliu kampu.<\/p>\n<p>\n<img decoding=\"async\" alt=\"\" border=\"0\" src=\"https:\/\/assets.innpro.pl\/13043\/15924\/7.jpg\"\/>\n<\/p>\n<h3>Atsparumas at\u0161iaurioms s\u0105lygoms<\/h3>\n<p>Laikiklis pagamintas i\u0161 auk\u0161tos kokyb\u0117s med\u017eiag\u0173, atspari\u0173 vandeniui, dulk\u0117ms ir sm\u016bgiams. D\u0117l IPX5 atsparumo vandeniui, \u017eibintuv\u0117lis gerai veiks net ir per liet\u0173, o tvirtas korpusas apsaugo visus komponentus nuo mechanini\u0173 pa\u017eeidim\u0173.<\/p>\n<p>\n<img decoding=\"async\" alt=\"\" border=\"0\" src=\"https:\/\/assets.innpro.pl\/13043\/15924\/3.jpg\"\/>\n<\/p>\n<h3>Lengvas montavimas ir platus suderinamumas<\/h3>\n<p>Greito tvirtinimo sistema leid\u017eia akimirksniu pritvirtinti laikikl\u012f prie vairo nenaudojant \u012franki\u0173. Tinka daugumai dvira\u010di\u0173 \u2013 nuo \u200b\u200bmiesto iki turistini\u0173 ir kaln\u0173 dvira\u010di\u0173. D\u0117l universalaus spaustuko laikiklis suderinamas su vairais, kuri\u0173 skersmuo yra nuo 22 mm iki 32 mm.<\/p>\n<p>\n<img decoding=\"async\" alt=\"\" border=\"0\" src=\"https:\/\/assets.innpro.pl\/13043\/15924\/9.jpg\"\/>\n<\/p>\n<h3>Apgalvotos detal\u0117s maksimaliam patogumui<\/h3>\n<p>\u201eBaseus\u201c pasir\u016bpino kiekviena detale. \u017dibintuv\u0117lis yra nuimamas, tod\u0117l galite j\u012f naudoti kaip rankin\u012f \u017eibintuv\u0117l\u012f sustoj\u0119 ar remontuodami dvirat\u012f. Ergonomi\u0161kas mygtukas ap\u0161vietimo re\u017eimui keisti ir tiksliai pagaminti tvirtinimo elementai u\u017etikrina patog\u0173 ir intuityv\u0173 laikiklio naudojim\u0105.<\/p>\n<p>\n<img decoding=\"async\" alt=\"\" border=\"0\" src=\"https:\/\/assets.innpro.pl\/13043\/15924\/5.jpg\"\/>\n<\/p>\n<h3>Saugumas svarbiausia<\/h3>\n<p>Geras matomumas sutemus ir stabilus telefono laikiklis yra pagrindiniai saugumo aspektai va\u017eiuojant dvira\u010diu. \u201eBaseus PrimeTrip 2-in-1\u201c leid\u017eia sutelkti d\u0117mes\u012f \u012f mar\u0161rut\u0105, tuo pa\u010diu suteikiant prieig\u0105 prie navigacijos ir papildomo \u0161viesos \u0161altinio. \u0160is universalus aksesuaras bet koki\u0105 kelion\u0119 pavers malonesne ir saugesne.<\/p>\n<p>\n<img decoding=\"async\" alt=\"\" border=\"0\" src=\"https:\/\/assets.innpro.pl\/13043\/15924\/8.jpg\"\/>\n<\/p>\n<div class=\"table-wrapper\">\n<p>B\u00a0<\/p>\n<h3><\/h3>\n<table>\n<tbody>\n<tr>\n<th>Gamintojas<\/th>\n<td>Baseus<\/td>\n<\/tr>\n<tr>\n<th>Modelis<\/th>\n<td>C12569000121-00<\/td>\n<\/tr>\n<tr>\n<th>Med\u017eiaga<\/th>\n<td>Aliuminio lydinys + ABS<\/td>\n<\/tr>\n<tr>\n<th>Lemp\u0173 rutuliai<\/th>\n<td>3570 LED lemp\u0173 rutuliai<\/td>\n<\/tr>\n<tr>\n<th>Akumuliatoriaus talpa<\/th>\n<td>3000 mAh<\/td>\n<\/tr>\n<tr>\n<th>Liumen\u0173<\/th>\n<td>600 l\u016bmen\u0173<\/td>\n<\/tr>\n<tr>\n<th>Ap\u0161vietimo re\u017eimas<\/th>\n<td>Didelis-vidutinis-silpnas-SOS mirks\u0117jimas<\/td>\n<\/tr>\n<tr>\n<th>Spalv\u0173 temperat\u016bra<\/th>\n<td>6000 K (balta \u0161viesa), 3000 K (geltona \u0161viesa)<\/td>\n<\/tr>\n<tr>\n<th>\u012ekrovimo prievadas<\/th>\n<td>C tipo<\/td>\n<\/tr>\n<tr><\/tr>\n<\/tbody>\n<\/table>\n<\/div>\n","protected":false},"excerpt":{"rendered":"<p>\u201eBaseus PrimeTrip 2-in-1\u201c dvira\u010dio laikiklis, telefono laikiklis + \u017eibintuv\u0117lis (juodas) \u201eBaseus PrimeTrip 2-in-1\u201c yra daugiafunkcis dvira\u010dio laikiklis, kuriame sujungtas i\u0161maniojo telefono laikiklis ir galingas LED \u017eibintuv\u0117lis. D\u0117l tvirtos konstrukcijos ir gerai apgalvot\u0173 funkcij\u0173 jis ne tik u\u017etikrina naudojimo patogum\u0105, bet ir padidina saugum\u0105 bet kokios kelion\u0117s metu. Jis idealiai tinka tiek miesto mar\u0161rutams, tiek sud\u0117tingesniam [&#8230;]\n","protected":false},"featured_media":14342,"comment_status":"open","ping_status":"closed","template":"","meta":[],"product_brand":[95],"product_cat":[1187],"product_tag":[],"class_list":{"0":"post-14341","1":"product","2":"type-product","3":"status-publish","4":"has-post-thumbnail","6":"product_brand-baseus","7":"product_cat-mounts-bicycle-accessories","9":"first","10":"outofstock","11":"taxable","12":"shipping-taxable","13":"purchasable","14":"product-type-simple"},"aioseo_notices":[],"_links":{"self":[{"href":"https:\/\/asura.lv\/lt\/wp-json\/wp\/v2\/product\/14341","targetHints":{"allow":["GET"]}}],"collection":[{"href":"https:\/\/asura.lv\/lt\/wp-json\/wp\/v2\/product"}],"about":[{"href":"https:\/\/asura.lv\/lt\/wp-json\/wp\/v2\/types\/product"}],"replies":[{"embeddable":true,"href":"https:\/\/asura.lv\/lt\/wp-json\/wp\/v2\/comments?post=14341"}],"wp:featuredmedia":[{"embeddable":true,"href":"https:\/\/asura.lv\/lt\/wp-json\/wp\/v2\/media\/14342"}],"wp:attachment":[{"href":"https:\/\/asura.lv\/lt\/wp-json\/wp\/v2\/media?parent=14341"}],"wp:term":[{"taxonomy":"product_brand","embeddable":true,"href":"https:\/\/asura.lv\/lt\/wp-json\/wp\/v2\/product_brand?post=14341"},{"taxonomy":"product_cat","embeddable":true,"href":"https:\/\/asura.lv\/lt\/wp-json\/wp\/v2\/product_cat?post=14341"},{"taxonomy":"product_tag","embeddable":true,"href":"https:\/\/asura.lv\/lt\/wp-json\/wp\/v2\/product_tag?post=14341"}],"curies":[{"name":"wp","href":"https:\/\/api.w.org\/{rel}","templated":true}]}}