{"id":14377,"date":"2025-11-29T00:10:05","date_gmt":"2025-11-29T00:10:05","guid":{"rendered":"https:\/\/asura.lv\/product\/arzopa-a3c-pro-13-3-portable-monitor\/"},"modified":"2025-12-12T15:56:49","modified_gmt":"2025-12-12T13:56:49","slug":"arzopa-a3c-pro-13-3-portable-monitor","status":"publish","type":"product","link":"https:\/\/asura.lv\/lt\/produktas\/arzopa-a3c-pro-13-3-portable-monitor\/","title":{"rendered":"\u201eArzopa A3C Pro\u201c 13,3 colio ne\u0161iojamasis monitorius"},"content":{"rendered":"<h3>Ne\u0161iojamas \u201eArzopa A3C Pro\u201c 13,3 colio monitorius<\/h3>\n<p>\u201eArzopa A3C Pro\u201c yra ne\u0161iojamas monitorius, kuris sujungia puiki\u0105 vaizdo kokyb\u0119 su maksimaliu funkcionalumu. D\u0117l OLED matricos jis u\u017etikrina ry\u0161kias spalvas, puik\u0173 kontrast\u0105 ir greit\u0105 reagavimo laik\u0105, tod\u0117l idealiai tinka \u017eaid\u0117jams, turinio k\u016br\u0117jams ir tiems, kuriems reikia papildomo ekrano mobiliam darbui. Kompakti\u0161kas dizainas, lengvas svoris ir universalumas leid\u017eia j\u012f pasiimti bet kur \u2013 \u012f biur\u0105, kavin\u0119 ar kelion\u0119. Galimyb\u0117 keisti ekrano orientacij\u0105 i\u0161 kra\u0161tovaizd\u017eio \u012f portret\u0105 leid\u017eia lengvai pritaikyti monitori\u0173 prie esam\u0173 poreiki\u0173, padidinant komfort\u0105 ir produktyvum\u0105.<\/p>\n<p>\n<img decoding=\"async\" alt=\"\" border=\"0\" src=\"https:\/\/assets.innpro.pl\/13027\/15892\/1.jpg\"\/>\n<\/p>\n<h3>Ypa\u010d greitas reagavimas ir skland\u016bs vaizdai<\/h3>\n<p>\u201eArzopa A3C Pro\u201c monitorius pasi\u017eymi 1 ms reagavimo laiku, kuris garantuoja skland\u0173 dinaminio turinio rodym\u0105. Palyginti su&#8230; Skirtingai nuo tradicini\u0173 IPS matric\u0173, kuri\u0173 atsako laikas yra iki 30 ms, OLED matrica pa\u0161alina \u0161e\u0161\u0117liavim\u0105 ir v\u0117lavim\u0105. D\u0117l to vaizdas yra itin ai\u0161kus, o kiekvienas veiksmas ekrane rodomas realiuoju laiku, taip pagerinant vaizdin\u0119 patirt\u012f ir padidinant tikslum\u0105 \u017eaidim\u0173 metu.<\/p>\n<p>\n<img decoding=\"async\" alt=\"\" border=\"0\" src=\"https:\/\/assets.innpro.pl\/13027\/15892\/4.jpg\"\/>\n<\/p>\n<h3>Ry\u0161kios spalvos ir tobulas kontrastas<\/h3>\n<p>\u201eArzopa A3C Pro\u201c monitoriaus OLED matrica u\u017etikrina 8 bit\u0173 spalv\u0173 gyl\u012f ir tikrovi\u0161k\u0105 vaizdo atk\u016brim\u0105. Didelis 400 nit\u0173 ry\u0161kumas ir begalinis kontrastas leid\u017eia m\u0117gautis puikiu matomumu net ir \u0161viesiuose kambariuose. Be to, 100 % DCI-P3 spalv\u0173 erdv\u0117s apr\u0117ptis ir HDR10 palaikymas suteikia vaizdams detalumo, o spalvomis \u2013 ry\u0161kias ir nat\u016bralias. Tai puikus pasirinkimas grafikos dizaineriams, fotografams ir visiems, kurie vertina auk\u0161\u010diausio lygio vaizdo kokyb\u0119. Tur\u0117damas toki\u0105 pla\u010di\u0105 spalv\u0173 palet\u0119, monitorius puikiai atkuria tiek \u0161viesias, tiek tamsias scenas.<\/p>\n<p>\n<img decoding=\"async\" alt=\"\" border=\"0\" src=\"https:\/\/assets.innpro.pl\/13027\/15892\/12.jpg\"\/>\n<\/p>\n<h3>Universalus ekrano orientavimas<\/h3>\n<p>Kitas did\u017eiausias \u201eArzop A3C Pro\u201c privalumas yra galimyb\u0117 keisti ekrano orientacij\u0105 i\u0161 horizontalios \u012f vertikali\u0105. Tai leid\u017eia monitoriui prisitaikyti prie skirting\u0173 naudojimo scenarij\u0173. Vertikalus re\u017eimas ypa\u010d naudingas dirbant su dokumentais, programuojant ar nar\u0161ant internete, nes jis suteikia didesn\u012f darbo pavir\u0161i\u0173. Kita vertus, horizontalus re\u017eimas idealiai tinka \u017ei\u016br\u0117ti filmus, \u017eaisti \u017eaidimus ar redaguoti multimedij\u0105. Orientacijos keitimas vyksta akimirksniu, tod\u0117l galite lengvai pritaikyti ekran\u0105 pagal savo poreikius.<\/p>\n<p>\n<img decoding=\"async\" alt=\"\" border=\"0\" src=\"https:\/\/assets.innpro.pl\/13027\/15892\/5.jpg\"\/>\n<\/p>\n<h3>Universalus naudojimas ir platus suderinamumas<\/h3>\n<p>\u201eArzopa A3C Pro\u201c suderinamas su \u012fvairiais \u012frenginiais, tod\u0117l tinka kaip papildomas ekranas ne\u0161iojamajam kompiuteriui, i\u0161maniajam telefonui, konsolei, staliniam kompiuteriui ar plan\u0161etiniam kompiuteriui. Tur\u0117damas USB-C ir HDMI jungtis, monitori\u0173 galima prijungti prie PS4, PS5, \u201eXbox\u201c, \u201eNintendo Switch\u201c ir kit\u0173 mobili\u0173j\u0173 \u012frengini\u0173. Vos viena jungtimi galite naudoti papildom\u0105 ekran\u0105 produktyvumui padidinti arba m\u0117gautis \u017eaidimais didesniame pavir\u0161iuje.<\/p>\n<p>\n<img decoding=\"async\" alt=\"\" border=\"0\" src=\"https:\/\/assets.innpro.pl\/13027\/15892\/3.jpg\"\/>\n<\/p>\n<h3>Reguliuojamas \u017ei\u016br\u0117jimo kampas ir itin plonas dizainas<\/h3>\n<p>\u201eArzopa A3C Pro\u201c monitorius sukurtas atsi\u017evelgiant \u012f patogum\u0105. \u012emontuotas stovas leid\u017eia reguliuoti ekrano kamp\u0105 iki 80\u00b0, tod\u0117l galite nustatyti tobul\u0105 pad\u0117t\u012f darbui, film\u0173 \u017ei\u016br\u0117jimui ar \u017eaidimams. Be to, plonas, itin plonas dizainas daro monitori\u0173 lengv\u0105 ir&#8230; lengva ne\u0161iotis. Tai rei\u0161kia, kad galite j\u012f pasiimti su savimi bet kur \u2013 \u012f biur\u0105, kavin\u0119 ar \u012f komandiruot\u0119, o eleganti\u0161kas dizainas puikiai tiks bet kokioje darbo aplinkoje.<\/p>\n<p>\n<img decoding=\"async\" alt=\"\" border=\"0\" src=\"https:\/\/assets.innpro.pl\/13027\/15892\/2.jpg\"\/>\n<\/p>\n<h3>Pridedama<\/h3>\n<ul class=\"list-disc pl-5\">\n<li>ne\u0161iojamasis monitorius<\/li>\n<li>stovas<\/li>\n<li>USB-A\u2013USB-C laidas<\/li>\n<li>maitinimo laidas<\/li>\n<li>USB-C\u2013USB-C laidas<\/li>\n<li>mini HDMI\u2013HDMI laidas<\/li>\n<li>naudotojo vadovas<\/li>\n<\/ul>\n<div class=\"table-wrapper\">\n<p>B\u00a0<\/p>\n<h3><\/h3>\n<table>\n<tbody>\n<tr>\n<th>Gamintojas<\/th>\n<td>Arzopa<\/td>\n<\/tr>\n<tr>\n<th>Modelis<\/th>\n<td>A3C Pro<\/td>\n<\/tr>\n<tr>\n<th>Spalva<\/th>\n<td>pilka<\/td>\n<\/tr>\n<tr>\n<th>Ekrano \u012fstri\u017eain\u0117<\/th>\n<td>13,3 colio<\/td>\n<\/tr>\n<tr>\n<th>Rai\u0161ka<\/th>\n<td>1920 x 1080<\/td>\n<\/tr>\n<tr>\n<th>Ekrano kra\u0161tini\u0173 santykis<\/th>\n<td>16:9<\/td>\n<\/tr>\n<tr>\n<th>Ry\u0161kumas<\/th>\n<td>400 cd\/m\u00b2<\/td>\n<\/tr>\n<tr>\n<th>Spalv\u0173 gama<\/th>\n<td>150 % RGB<\/td>\n<\/tr>\n<tr>\n<th>Ekranas tipas<\/th>\n<td>OLED<\/td>\n<\/tr>\n<tr>\n<th>Atnaujinimo da\u017enis<\/th>\n<td>60 Hz<\/td>\n<\/tr>\n<tr>\n<th>Garsiakalbiai<\/th>\n<td>1 W x2<\/td>\n<\/tr>\n<tr>\n<th>\u017di\u016br\u0117jimo kampas<\/th>\n<td>horizontalus\/vertikalus: 178\u00b0<\/td>\n<\/tr>\n<tr>\n<th>Med\u017eiaga<\/th>\n<td>aliuminio lydinys<\/td>\n<\/tr>\n<tr>\n<th>Jutiklinis ekranas<\/th>\n<td>ne<\/td>\n<\/tr>\n<tr>\n<th>HDR<\/th>\n<td>HDR10<\/td>\n<\/tr>\n<tr>\n<th>Suderinamumas<\/th>\n<td>Nintendo Switch, Xbox, PS3\/4\/5, ne\u0161iojamas kompiuteris, asmeninis kompiuteris, i\u0161manusis telefonas, televizorius<\/td>\n<\/tr>\n<tr>\n<th>S\u0105saja<\/th>\n<td>USB-C, USB-C (maitinimas), mini HDMI<\/td>\n<\/tr>\n<\/tbody>\n<\/table>\n<\/div>\n","protected":false},"excerpt":{"rendered":"<p>Ne\u0161iojamas \u201eArzopa A3C Pro\u201c 13,3 colio monitorius \u201eArzopa A3C Pro\u201c yra ne\u0161iojamas monitorius, kuris sujungia puiki\u0105 vaizdo kokyb\u0119 su maksimaliu funkcionalumu. D\u0117l OLED matricos jis u\u017etikrina ry\u0161kias spalvas, puik\u0173 kontrast\u0105 ir greit\u0105 reagavimo laik\u0105, tod\u0117l idealiai tinka \u017eaid\u0117jams, turinio k\u016br\u0117jams ir tiems, kuriems reikia papildomo ekrano mobiliam darbui. Kompakti\u0161kas dizainas, lengvas svoris ir universalumas leid\u017eia [&#8230;]\n","protected":false},"featured_media":14378,"comment_status":"open","ping_status":"closed","template":"","meta":[],"product_brand":[512],"product_cat":[995],"product_tag":[],"class_list":{"0":"post-14377","1":"product","2":"type-product","3":"status-publish","4":"has-post-thumbnail","6":"product_brand-arzopa","7":"product_cat-portable-monitors","9":"first","10":"outofstock","11":"taxable","12":"shipping-taxable","13":"purchasable","14":"product-type-simple"},"aioseo_notices":[],"_links":{"self":[{"href":"https:\/\/asura.lv\/lt\/wp-json\/wp\/v2\/product\/14377","targetHints":{"allow":["GET"]}}],"collection":[{"href":"https:\/\/asura.lv\/lt\/wp-json\/wp\/v2\/product"}],"about":[{"href":"https:\/\/asura.lv\/lt\/wp-json\/wp\/v2\/types\/product"}],"replies":[{"embeddable":true,"href":"https:\/\/asura.lv\/lt\/wp-json\/wp\/v2\/comments?post=14377"}],"wp:featuredmedia":[{"embeddable":true,"href":"https:\/\/asura.lv\/lt\/wp-json\/wp\/v2\/media\/14378"}],"wp:attachment":[{"href":"https:\/\/asura.lv\/lt\/wp-json\/wp\/v2\/media?parent=14377"}],"wp:term":[{"taxonomy":"product_brand","embeddable":true,"href":"https:\/\/asura.lv\/lt\/wp-json\/wp\/v2\/product_brand?post=14377"},{"taxonomy":"product_cat","embeddable":true,"href":"https:\/\/asura.lv\/lt\/wp-json\/wp\/v2\/product_cat?post=14377"},{"taxonomy":"product_tag","embeddable":true,"href":"https:\/\/asura.lv\/lt\/wp-json\/wp\/v2\/product_tag?post=14377"}],"curies":[{"name":"wp","href":"https:\/\/api.w.org\/{rel}","templated":true}]}}