{"id":14401,"date":"2025-11-29T00:10:03","date_gmt":"2025-11-29T00:10:03","guid":{"rendered":"https:\/\/asura.lv\/product\/maono-mh700-studio-headphones-silver\/"},"modified":"2025-12-12T15:56:47","modified_gmt":"2025-12-12T13:56:47","slug":"maono-mh700-studio-headphones-silver","status":"publish","type":"product","link":"https:\/\/asura.lv\/lt\/produktas\/maono-mh700-studio-headphones-silver\/","title":{"rendered":"Maono MH700 studijos ausin\u0117s (sidabrin\u0117s)"},"content":{"rendered":"<h3>\u201eMaono MH700\u201c studijin\u0117s ausin\u0117s (sidabrin\u0117s)<\/h3>\n<p>\u201eMaono MH700\u201c \u2013 tai \u012f ausis \u012fdedamos ausin\u0117s, skirtos studijiniam darbui, vokalo \u012fra\u0161ymui ir garso mai\u0161ymui. D\u0117l dideli\u0173 50 milimetr\u0173 garsiakalbi\u0173 su neodimio magnetais jos u\u017etikrina plat\u0173 ir detal\u0173 da\u017eni\u0173 atsak\u0105 \u2013 nuo \u200b\u200bgili\u0173 \u017eem\u0173j\u0173 da\u017eni\u0173 iki ai\u0161ki\u0173 auk\u0161t\u0173 da\u017eni\u0173. Jos taip pat pasi\u017eymi ergonomi\u0161ku dizainu, leid\u017eian\u010diu patogiai dirbti net valand\u0173 valandas.<\/p>\n<p>\n<img decoding=\"async\" alt=\"\" border=\"0\" src=\"https:\/\/assets.innpro.pl\/16067\/20271\/7.jpg\"\/>\n<\/p>\n<h3>Auk\u0161tos klas\u0117s garsas<\/h3>\n<p>50 mm garsiakalbiai u\u017etikrina dinami\u0161k\u0105 ir tiksl\u0173 gars\u0105, kuris puikiai tinka tiek \u012fra\u0161ant, tiek klausantis ar redaguojant gars\u0105. Ausin\u0117s pasi\u017eymi 20 Hz\u201320 kHz da\u017eni\u0173 juosta, kuri u\u017etikrina tiksl\u0173 viso garso diapazono atk\u016brim\u0105.<\/p>\n<p>\n<img decoding=\"async\" alt=\"\" border=\"0\" src=\"https:\/\/assets.innpro.pl\/16067\/20271\/2.jpg\"\/>\n<\/p>\n<h3>Patogumas, kuris daro skirtum\u0105<\/h3>\n<p>MH700 sukurtos galvojant apie patogum\u0105. Mink\u0161ti, kv\u0117puojantys aus\u0173 kau\u0161eliai pagaminti i\u0161 odai draugi\u0161ko plastiko ir gerai priglunda prie aus\u0173 formos. Kita vertus, teleskopinis galvos lankelis su nuimamu pamink\u0161tinimu leid\u017eia lengviau pritvirtinti ausines prie galvos. Aus\u0173 kau\u0161elius galima pasukti, o tai praver\u010dia, pavyzd\u017eiui, klausantis viena ausimi gyvo \u012fra\u0161o metu.<\/p>\n<p>\n<img decoding=\"async\" alt=\"\" border=\"0\" src=\"https:\/\/assets.innpro.pl\/16067\/20271\/4.jpg\"\/>\n<\/p>\n<h3>Tvirtas dizainas ir prakti\u0161ki sprendimai<\/h3>\n<p>Ausin\u0117s yra ne tik patogios, bet ir patvarios \u2013 metaliniai galvos juostos elementai padidina j\u0173 patvarum\u0105, o nuimamas dangtelis leid\u017eia jas lengvai valyti. Visas rinkinys skirtas vartotojams, kurie da\u017enai naudoja \u012frang\u0105 \u012fvairiomis s\u0105lygomis \u2013 nuo \u200b\u200bstudijos iki \u012fra\u0161\u0173 namuose ir koncert\u0173.<\/p>\n<p>\n<img decoding=\"async\" alt=\"\" border=\"0\" src=\"https:\/\/assets.innpro.pl\/16067\/20271\/5.jpg\"\/>\n<\/p>\n<h3>Pridedama<\/h3>\n<ul class=\"list-disc pl-5\">\n<li>ausin\u0117s<\/li>\n<li>3,5 mm\u20133,5 mm laidas<\/li>\n<li>6,5 mm\u20133,5 mm laidas<\/li>\n<li>laikymo krep\u0161ys<\/li>\n<li>naudotojo vadovas<\/li>\n<\/ul>\n<div class=\"table-wrapper\">\n<p>B\u00a0<\/p>\n<h3><\/h3>\n<table>\n<tbody>\n<tr>\n<th>Gamintojas<\/th>\n<td>Maono<\/td>\n<\/tr>\n<tr>\n<th>Modelis<\/th>\n<td>MH6700<\/td>\n<\/tr>\n<tr>\n<th>Spalva<\/th>\n<td>sidabrin\u0117<\/td>\n<\/tr>\n<tr>\n<th>Keitikliai<\/th>\n<td>Neodimis, 50 mm<\/td>\n<\/tr>\n<tr>\n<th>Da\u017enio charakteristika<\/th>\n<td>20 Hz &#8211; 20 kHz<\/td>\n<\/tr>\n<tr>\n<th>Prievadai<\/th>\n<td>3,5 mm, 6,35 mm<\/td>\n<\/tr>\n<\/tbody>\n<\/table>\n<\/div>\n","protected":false},"excerpt":{"rendered":"<p>\u201eMaono MH700\u201c studijin\u0117s ausin\u0117s (sidabrin\u0117s) \u201eMaono MH700\u201c \u2013 tai \u012f ausis \u012fdedamos ausin\u0117s, skirtos studijiniam darbui, vokalo \u012fra\u0161ymui ir garso mai\u0161ymui. D\u0117l dideli\u0173 50 milimetr\u0173 garsiakalbi\u0173 su neodimio magnetais jos u\u017etikrina plat\u0173 ir detal\u0173 da\u017eni\u0173 atsak\u0105 \u2013 nuo \u200b\u200bgili\u0173 \u017eem\u0173j\u0173 da\u017eni\u0173 iki ai\u0161ki\u0173 auk\u0161t\u0173 da\u017eni\u0173. Jos taip pat pasi\u017eymi ergonomi\u0161ku dizainu, leid\u017eian\u010diu patogiai dirbti net [&#8230;]\n","protected":false},"featured_media":14402,"comment_status":"open","ping_status":"closed","template":"","meta":[],"product_brand":[541],"product_cat":[1190],"product_tag":[],"class_list":{"0":"post-14401","1":"product","2":"type-product","3":"status-publish","4":"has-post-thumbnail","6":"product_brand-maono","7":"product_cat-wired","9":"first","10":"outofstock","11":"taxable","12":"shipping-taxable","13":"purchasable","14":"product-type-simple"},"aioseo_notices":[],"_links":{"self":[{"href":"https:\/\/asura.lv\/lt\/wp-json\/wp\/v2\/product\/14401","targetHints":{"allow":["GET"]}}],"collection":[{"href":"https:\/\/asura.lv\/lt\/wp-json\/wp\/v2\/product"}],"about":[{"href":"https:\/\/asura.lv\/lt\/wp-json\/wp\/v2\/types\/product"}],"replies":[{"embeddable":true,"href":"https:\/\/asura.lv\/lt\/wp-json\/wp\/v2\/comments?post=14401"}],"wp:featuredmedia":[{"embeddable":true,"href":"https:\/\/asura.lv\/lt\/wp-json\/wp\/v2\/media\/14402"}],"wp:attachment":[{"href":"https:\/\/asura.lv\/lt\/wp-json\/wp\/v2\/media?parent=14401"}],"wp:term":[{"taxonomy":"product_brand","embeddable":true,"href":"https:\/\/asura.lv\/lt\/wp-json\/wp\/v2\/product_brand?post=14401"},{"taxonomy":"product_cat","embeddable":true,"href":"https:\/\/asura.lv\/lt\/wp-json\/wp\/v2\/product_cat?post=14401"},{"taxonomy":"product_tag","embeddable":true,"href":"https:\/\/asura.lv\/lt\/wp-json\/wp\/v2\/product_tag?post=14401"}],"curies":[{"name":"wp","href":"https:\/\/api.w.org\/{rel}","templated":true}]}}