{"id":14677,"date":"2025-11-29T00:09:37","date_gmt":"2025-11-29T00:09:37","guid":{"rendered":"https:\/\/asura.lv\/product\/igpsport-spd70-speed-sensor\/"},"modified":"2025-12-12T15:56:28","modified_gmt":"2025-12-12T13:56:28","slug":"igpsport-spd70-speed-sensor","status":"publish","type":"product","link":"https:\/\/asura.lv\/lt\/produktas\/igpsport-spd70-speed-sensor\/","title":{"rendered":"iGPSPORT SPD70 grei\u010dio jutiklis"},"content":{"rendered":"<h3>iGPSPORT SPD70 grei\u010dio jutiklis<\/h3>\n<p>iGPSPORT SPD70 grei\u010dio jutiklis teikia tikslius grei\u010dio duomenis va\u017eiuojant dvira\u010diu. D\u0117l dviej\u0173 re\u017eim\u0173 BLE 5.0 ir ANT+ technologijos jis lengvai prisijungia prie dvira\u010di\u0173 skaitikli\u0173, sportini\u0173 laikrod\u017ei\u0173 ir i\u0161mani\u0173j\u0173 telefon\u0173 program\u0117li\u0173, u\u017etikrindamas stabil\u0173 ir greit\u0105 duomen\u0173 perdavim\u0105. Jis yra atsparus vandeniui (IPX7), sm\u016bgiams ir turi \u012fsp\u016bding\u0105 baterijos veikimo laik\u0105 \u2013 iki 300 valand\u0173.<\/p>\n<p>\n<img decoding=\"async\" alt=\"\" border=\"0\" src=\"https:\/\/assets.innpro.pl\/13013\/15870\/1.jpg\"\/>\n<\/p>\n<h3>Dvigubas BLE ir ANT+ ry\u0161ys<\/h3>\n<p>Palaikydamas BLE 5.0 ir ANT+ technologij\u0105, SPD70 jutiklis suderinamas su dauguma treniruo\u010di\u0173 \u012frengini\u0173 ir program\u0117li\u0173. J\u012f galite lengvai prijungti prie dvira\u010di\u0173 skaitikli\u0173, toki\u0173 kaip \u201eiGS10S\u201c, \u201eiGS50S\u201c arba \u201eiGS620\u201c, taip pat prie \u201eAndroid\u201c arba \u201eiOS\u201c i\u0161mani\u0173j\u0173 telefon\u0173. Dviguba transmisija u\u017etikrina stabil\u0173 ir tiksl\u0173 duomen\u0173 perdavim\u0105, leid\u017eiant\u012f tiksliai steb\u0117ti savo greit\u012f realiuoju laiku.<\/p>\n<p>\n<img decoding=\"async\" alt=\"\" border=\"0\" src=\"https:\/\/assets.innpro.pl\/13013\/15870\/4.jpg\"\/>\n<\/p>\n<h3>Patvarus ir atsparus vandeniui<\/h3>\n<p>\u201eiGPSPORT SPD70\u201c yra atsparus lietui ir at\u0161iaurioms oro s\u0105lygoms pagal IPX7 standartus. Be to, tvirtas dizainas apsaugo j\u012f nuo pa\u017eeidim\u0173, atsirandan\u010di\u0173 numetus i\u0161 iki 1,5 metro auk\u0161\u010dio. Taigi, galite b\u016bti tikri, kad jutiklis patikimai veiks tiek asfalto takuose, tiek sud\u0117tingesn\u0117je vietov\u0117je.<\/p>\n<p>\n<img decoding=\"async\" alt=\"\" border=\"0\" src=\"https:\/\/assets.innpro.pl\/13013\/15870\/3.jpg\"\/>\n<\/p>\n<h3>Ilgesnis veikimo laikas<\/h3>\n<p>CR2025 baterija leid\u017eia jutikliui veikti iki 300 valand\u0173. Palyginti su ankstesniu modeliu (SPD61), veikimo laikas pailgintas iki 80 %. Papildomas privalumas \u2013 silikoninis apsauginis dangtelis apsaugo \u012frengin\u012f nuo dulki\u0173 ir sm\u016bgi\u0173, kad jis tarnaut\u0173 dar ilgiau.<\/p>\n<p>\n<img decoding=\"async\" alt=\"\" border=\"0\" src=\"https:\/\/assets.innpro.pl\/13013\/15870\/2.jpg\"\/>\n<\/p>\n<h3>\u012e komplekt\u0105 \u012feina:<\/h3>\n<ul class=\"list-disc pl-5\">\n<li>iGPSPORT SPD70 grei\u010dio jutiklis<\/li>\n<li>Silikono apsauginis dangtelis<\/li>\n<li>CR2025 baterija<\/li>\n<li>Naudotojo vadovas<\/li>\n<\/ul>\n<div class=\"table-wrapper\">\n<p>\u0412\u00a0<\/p>\n<h3><\/h3>\n<table>\n<tbody>\n<tr>\n<th>Gamintojas<\/th>\n<td>iGPSPORT<\/td>\n<\/tr>\n<tr>\n<th>Modelis<\/th>\n<td>SPD70<\/td>\n<\/tr>\n<tr>\n<th>Shock atsparumas<\/th>\n<td>Apsauga nuo nat\u016bralaus kritimo i\u0161 1,5 m auk\u0161\u010dio<\/td>\n<\/tr>\n<tr>\n<th>Svoris<\/th>\n<td>7,8 g (su CR2025 baterija)<\/td>\n<\/tr>\n<tr>\n<th>Matmenys<\/th>\n<td>35,4 x 33 x 10,8 mm<\/td>\n<\/tr>\n<tr>\n<th>Atsparumas vandeniui<\/th>\n<td>IPX7<\/td>\n<\/tr>\n<tr>\n<th>Veikimo laikas<\/th>\n<td>300 valand\u0173 su viena baterija<\/td>\n<\/tr>\n<tr>\n<th>Belaidis perdavimas<\/th>\n<td>BLE 5.0 \/ ANT+<\/td>\n<\/tr>\n<tr>\n<th>Suderinami \u012frenginiai<\/th>\n<td>iGPSPORT iGS10S, iGS50S, iGS520, iGS320, iGS620 dvira\u010di\u0173 skaitikliai; kiti su ANT+ arba BLE suderinami \u012frenginiai; i\u0161manieji telefonai su \u201eAndroid 6.0\u201c ar naujesne versija, \u201eiOS 11.0\u201c ar naujesne versija<\/td>\n<\/tr>\n<\/tbody>\n<\/table>\n<\/div>\n","protected":false},"excerpt":{"rendered":"<p>iGPSPORT SPD70 grei\u010dio jutiklis iGPSPORT SPD70 grei\u010dio jutiklis teikia tikslius grei\u010dio duomenis va\u017eiuojant dvira\u010diu. D\u0117l dviej\u0173 re\u017eim\u0173 BLE 5.0 ir ANT+ technologijos jis lengvai prisijungia prie dvira\u010di\u0173 skaitikli\u0173, sportini\u0173 laikrod\u017ei\u0173 ir i\u0161mani\u0173j\u0173 telefon\u0173 program\u0117li\u0173, u\u017etikrindamas stabil\u0173 ir greit\u0105 duomen\u0173 perdavim\u0105. Jis yra atsparus vandeniui (IPX7), sm\u016bgiams ir turi \u012fsp\u016bding\u0105 baterijos veikimo laik\u0105 \u2013 iki 300 [&#8230;]\n","protected":false},"featured_media":14678,"comment_status":"open","ping_status":"closed","template":"","meta":[],"product_brand":[732],"product_cat":[884],"product_tag":[],"class_list":{"0":"post-14677","1":"product","2":"type-product","3":"status-publish","4":"has-post-thumbnail","6":"product_brand-igpsport","7":"product_cat-sensors-bicycle-accessories","9":"first","10":"outofstock","11":"taxable","12":"shipping-taxable","13":"purchasable","14":"product-type-simple"},"aioseo_notices":[],"_links":{"self":[{"href":"https:\/\/asura.lv\/lt\/wp-json\/wp\/v2\/product\/14677","targetHints":{"allow":["GET"]}}],"collection":[{"href":"https:\/\/asura.lv\/lt\/wp-json\/wp\/v2\/product"}],"about":[{"href":"https:\/\/asura.lv\/lt\/wp-json\/wp\/v2\/types\/product"}],"replies":[{"embeddable":true,"href":"https:\/\/asura.lv\/lt\/wp-json\/wp\/v2\/comments?post=14677"}],"wp:featuredmedia":[{"embeddable":true,"href":"https:\/\/asura.lv\/lt\/wp-json\/wp\/v2\/media\/14678"}],"wp:attachment":[{"href":"https:\/\/asura.lv\/lt\/wp-json\/wp\/v2\/media?parent=14677"}],"wp:term":[{"taxonomy":"product_brand","embeddable":true,"href":"https:\/\/asura.lv\/lt\/wp-json\/wp\/v2\/product_brand?post=14677"},{"taxonomy":"product_cat","embeddable":true,"href":"https:\/\/asura.lv\/lt\/wp-json\/wp\/v2\/product_cat?post=14677"},{"taxonomy":"product_tag","embeddable":true,"href":"https:\/\/asura.lv\/lt\/wp-json\/wp\/v2\/product_tag?post=14677"}],"curies":[{"name":"wp","href":"https:\/\/api.w.org\/{rel}","templated":true}]}}