{"id":14689,"date":"2025-11-29T00:09:36","date_gmt":"2025-11-29T00:09:36","guid":{"rendered":"https:\/\/asura.lv\/product\/bike-light-rear-igpsport-tl30-smart\/"},"modified":"2025-12-12T15:56:27","modified_gmt":"2025-12-12T13:56:27","slug":"bike-light-rear-igpsport-tl30-smart","status":"publish","type":"product","link":"https:\/\/asura.lv\/lt\/produktas\/bike-light-rear-igpsport-tl30-smart\/","title":{"rendered":"Galinis dvira\u010dio \u017eibintas iGPSPORT TL30 smart"},"content":{"rendered":"<h3>iGPSPORT TL30 i\u0161manusis galinis dvira\u010dio \u017eibintas<\/h3>\n<p>iGPSPORT TL30 yra i\u0161manusis galinis dvira\u010dio \u017eibintas su \u201eBluetooth\u201c ry\u0161iu, u\u017etikrinantis saugum\u0105 ir visi\u0161k\u0105 nustatym\u0173 valdym\u0105, veikiantis su dvira\u010di\u0173 skaitikliais \u201eiGS630\u201c, \u201eiGS630S\u201c ir \u201eBSC300\u201c. Belaidis ry\u0161ys ir suderinamumas su \u201eiGPSPORT\u201c program\u0117le leid\u017eia lengvai perjungti re\u017eimus ir reguliuoti funkcijas realiuoju laiku. \u012erenginys si\u016blo 6 veikimo re\u017eimus, automatin\u012f ry\u0161kumo reguliavim\u0105, stabd\u017ei\u0173 aptikimo funkcij\u0105 ir atsparum\u0105 at\u0161iaurioms oro s\u0105lygoms (IPX7). Sinchronizavimo funkcija leid\u017eia keliems TL30 \u017eibintams vienu metu mirks\u0117ti iki 50 metr\u0173 atstumu, taip padidinant matomum\u0105 ir palengvinant va\u017eiavim\u0105 grup\u0117je. Tvirtinimo sistema leid\u017eia lengvai ir stabiliai pritvirtinti \u017eibint\u0105 prie \u012fvairi\u0173 tip\u0173 \u0161viesos stryp\u0173 \u2013 apvali\u0173, D tipo ir aerodinamini\u0173.<\/p>\n<p>\n<img decoding=\"async\" alt=\"\" border=\"0\" src=\"https:\/\/assets.innpro.pl\/13025\/15889\/8.jpg\"\/>\n<\/p>\n<h3>\u0160e\u0161i veikimo re\u017eimai<\/h3>\n<p>6 galimi ap\u0161vietimo re\u017eimai leid\u017eia pritaikyti \u017eibinto veikim\u0105 skirtingoms situacijoms. Didelis pastovus ap\u0161vietimas si\u016blo intensyvi\u0105, pastovi\u0105 \u0161vies\u0105, kuri idealiai tinka va\u017eiuoti dien\u0105. Ma\u017eas pastovus ap\u0161vietimas yra suma\u017einto ry\u0161kumo re\u017eimas, rekomenduojamas va\u017eiuojant grup\u0117je, kad neakint\u0173 kit\u0173 dviratinink\u0173. Ma\u017eas mirksintis ry\u0161kumas ir Didelis mirksintis ry\u0161kumas yra mirks\u0117jimo re\u017eimai, kurie padidina matomum\u0105 sutemus arba esant at\u0161iauresn\u0117ms oro s\u0105lygoms, kartu taupydami energij\u0105. Suasmeninimo re\u017eimas leid\u017eia pritaikyti nustatymus per program\u0117l\u0119, o bud\u0117jimo re\u017eimas leid\u017eia nedelsiant atnaujinti veikim\u0105 su minimaliomis energijos s\u0105naudomis. Maksimalus ry\u0161kumas iki 50 lm, 2 km atstumas ir platus spindulio kampas (220\u00b0) u\u017etikrina tinkam\u0105 matomum\u0105.<\/p>\n<p>\n<img decoding=\"async\" alt=\"\" border=\"0\" src=\"https:\/\/assets.innpro.pl\/13025\/15889\/10.jpg\"\/>\n<\/p>\n<h3>Stabd\u017ei\u0173 aptikimas ir ry\u0161kumo valdymas<\/h3>\n<p>TL30 turi pagrei\u010dio jutikl\u012f, kuris aptinka staig\u0173 stabdym\u0105 ir automati\u0161kai padidina \u0161viesos ry\u0161kum\u0105, kad \u012fsp\u0117t\u0173 kitus eismo dalyvius. \u0160viesos jutiklis reguliuoja \u0161viesos intensyvum\u0105 pagal lauko s\u0105lygas \u2013 tamsiose vietose, pavyzd\u017eiui, tuneliuose, \u0161viesa \u0161vie\u010dia ry\u0161kiau, o \u0161viesioje aplinkoje persijungia \u012f energijos taupymo re\u017eim\u0105.<\/p>\n<p>\n<img decoding=\"async\" alt=\"\" border=\"0\" src=\"https:\/\/assets.innpro.pl\/13025\/15889\/11.jpg\"\/>\n<\/p>\n<h3>Ilgas veikimo laikas ir magnetinis \u012fkrovimas<\/h3>\n<p>Li\u010dio jon\u0173 akumuliatorius ma\u017eo ry\u0161kumo re\u017eimu u\u017etikrina iki 50 valand\u0173 veikimo. D\u0117l magnetin\u0117s \u012fkrovimo sistemos pilnai \u012fkraunama tik per valand\u0105. Be to, \u0161viestuvas turi automatinio miego funkcij\u0105 \u2013 dvira\u010diui sustojus, jis pereina \u012f bud\u0117jimo re\u017eim\u0105, kuris taupo energij\u0105 ir u\u017etikrina iki 3000 veikimo valand\u0173.<\/p>\n<p>\n<img decoding=\"async\" alt=\"\" border=\"0\" src=\"https:\/\/assets.innpro.pl\/13025\/15889\/5.jpg\"\/>\n<\/p>\n<div class=\"table-wrapper\">\n<p>B\u00a0<\/p>\n<h3><\/h3>\n<table>\n<tbody>\n<tr>\n<th>Gamintojas<\/th>\n<td>iGPSPORT<\/td>\n<\/tr>\n<tr>\n<th>Modelis<\/th>\n<td>TL30<\/td>\n<\/tr>\n<tr>\n<th>Matmenys<\/th>\n<td>42 x 40 x 19 mm<\/td>\n<\/tr>\n<tr>\n<th>Svoris<\/th>\n<td>apytiksl. 23 g<\/td>\n<\/tr>\n<tr>\n<th>Baterijos tipas<\/th>\n<td>li\u010dio jon\u0173<\/td>\n<\/tr>\n<tr>\n<th>Veikimo laikas<\/th>\n<td>iki 50 valand\u0173<\/td>\n<\/tr>\n<tr>\n<th>Maksimalus \u0161viesos srautas<\/th>\n<td>50 lm<\/td>\n<\/tr>\n<tr>\n<th>Darbin\u0117 temperat\u016bra<\/th>\n<td>Nuo -20 \u00b0C iki 60 \u00b0C (nuo -4 \u00b0F iki 140 \u00b0F)<\/td>\n<\/tr>\n<tr>\n<th>\u012ekrovimo temperat\u016bros diapazonas<\/th>\n<td>0 \u00b0C iki 45 \u00b0C (nuo 32 \u00b0F iki 113 \u00b0F)<\/td>\n<\/tr>\n<tr>\n<th>Belaid\u017eio ry\u0161io protokolas<\/th>\n<td>BLE<\/td>\n<\/tr>\n<tr>\n<th>Atsparumas vandeniui<\/th>\n<td>IPX7<\/td>\n<\/tr>\n<tr>\n<th>I\u0161manusis funkcijos<\/th>\n<td>\u0160viesos jutiklis, automatinis miego \/ pa\u017eadinimo re\u017eimas, stabd\u017ei\u0173 aptikimas, komandos sinchronizavimas, dvira\u010di\u0173 skaitiklis ir program\u0117li\u0173 palaikymas<\/td>\n<\/tr>\n<\/tbody>\n<\/table>\n<\/div>\n","protected":false},"excerpt":{"rendered":"<p>iGPSPORT TL30 i\u0161manusis galinis dvira\u010dio \u017eibintas iGPSPORT TL30 yra i\u0161manusis galinis dvira\u010dio \u017eibintas su \u201eBluetooth\u201c ry\u0161iu, u\u017etikrinantis saugum\u0105 ir visi\u0161k\u0105 nustatym\u0173 valdym\u0105, veikiantis su dvira\u010di\u0173 skaitikliais \u201eiGS630\u201c, \u201eiGS630S\u201c ir \u201eBSC300\u201c. Belaidis ry\u0161ys ir suderinamumas su \u201eiGPSPORT\u201c program\u0117le leid\u017eia lengvai perjungti re\u017eimus ir reguliuoti funkcijas realiuoju laiku. \u012erenginys si\u016blo 6 veikimo re\u017eimus, automatin\u012f ry\u0161kumo reguliavim\u0105, stabd\u017ei\u0173 [&#8230;]\n","protected":false},"featured_media":14690,"comment_status":"open","ping_status":"closed","template":"","meta":[],"product_brand":[732],"product_cat":[1136],"product_tag":[],"class_list":{"0":"post-14689","1":"product","2":"type-product","3":"status-publish","4":"has-post-thumbnail","6":"product_brand-igpsport","7":"product_cat-lamps-bicycle-accessories","9":"first","10":"outofstock","11":"taxable","12":"shipping-taxable","13":"purchasable","14":"product-type-simple"},"aioseo_notices":[],"_links":{"self":[{"href":"https:\/\/asura.lv\/lt\/wp-json\/wp\/v2\/product\/14689","targetHints":{"allow":["GET"]}}],"collection":[{"href":"https:\/\/asura.lv\/lt\/wp-json\/wp\/v2\/product"}],"about":[{"href":"https:\/\/asura.lv\/lt\/wp-json\/wp\/v2\/types\/product"}],"replies":[{"embeddable":true,"href":"https:\/\/asura.lv\/lt\/wp-json\/wp\/v2\/comments?post=14689"}],"wp:featuredmedia":[{"embeddable":true,"href":"https:\/\/asura.lv\/lt\/wp-json\/wp\/v2\/media\/14690"}],"wp:attachment":[{"href":"https:\/\/asura.lv\/lt\/wp-json\/wp\/v2\/media?parent=14689"}],"wp:term":[{"taxonomy":"product_brand","embeddable":true,"href":"https:\/\/asura.lv\/lt\/wp-json\/wp\/v2\/product_brand?post=14689"},{"taxonomy":"product_cat","embeddable":true,"href":"https:\/\/asura.lv\/lt\/wp-json\/wp\/v2\/product_cat?post=14689"},{"taxonomy":"product_tag","embeddable":true,"href":"https:\/\/asura.lv\/lt\/wp-json\/wp\/v2\/product_tag?post=14689"}],"curies":[{"name":"wp","href":"https:\/\/api.w.org\/{rel}","templated":true}]}}