{"id":14881,"date":"2025-11-29T00:09:20","date_gmt":"2025-11-29T00:09:20","guid":{"rendered":"https:\/\/asura.lv\/product\/joyroom-magnetic-phone-holder-jr-zs418-black\/"},"modified":"2025-12-12T15:56:15","modified_gmt":"2025-12-12T13:56:15","slug":"joyroom-magnetic-phone-holder-jr-zs418-black","status":"publish","type":"product","link":"https:\/\/asura.lv\/lt\/produktas\/joyroom-magnetic-phone-holder-jr-zs418-black\/","title":{"rendered":"\u201eJoyroom\u201c magnetinis telefono laikiklis JR-ZS418, juodas"},"content":{"rendered":"<h3>Joyroom magnetinis telefono laikiklis JR-ZS418 juodas<\/h3>\n<p>Joyroom JR-ZS418 magnetinis telefono laikiklis \u2013 tai \u012frenginys, apjungiantis novatori\u0161k\u0105 dizain\u0105, funkcionalum\u0105 ir saugum\u0105. D\u0117l stipri\u0173 magnet\u0173, kampo reguliavimo ir paprasto naudojimo jis idealiai tinka ie\u0161kantiems patogumo ir stabilumo. Jei norite b\u016bti tikri, kad j\u016bs\u0173 telefonas visada bus tinkamoje vietoje, rinkit\u0117s Joyroom JR-ZS418 laikikl\u012f ir m\u0117gaukit\u0117s komfortu vis\u0105 dien\u0105!<\/p>\n<p>\n<img decoding=\"async\" alt=\"\" border=\"0\" src=\"https:\/\/assets.innpro.pl\/12911\/15705\/10.jpg\"\/>\n<\/p>\n<h3>Puikus stabilumas d\u0117l siurbtuk\u0173<\/h3>\n<p>Joyroom JR-ZS418 laikiklis turi 11 dideli\u0173 siurbtuk\u0173, kurie u\u017etikrina i\u0161skirtin\u012f stabilum\u0105. Tokiu b\u016bdu galite b\u016bti tikri, kad j\u016bs\u0173 telefonas laikysis vienoje vietoje net ir sud\u0117tingomis s\u0105lygomis. Nesijaudindami, kad j\u016bs\u0173 \u012frenginys nukris, galite m\u0117gautis ramybe ir atsipalaiduoti iki galo.<\/p>\n<p>\n<img decoding=\"async\" alt=\"\" border=\"0\" src=\"https:\/\/assets.innpro.pl\/12911\/15705\/2.jpg\"\/>\n<\/p>\n<h3>Reguliuojamas kampas \u2013 lankstumas ir patogumas<\/h3>\n<p>D\u0117l nepriklausomo laikiklio dizaino galite lengvai reguliuoti telefono kamp\u0105 pagal savo poreikius. Laikiklis si\u016blo laisv\u0105 120 laipsni\u0173 reguliavim\u0105, tod\u0117l telefon\u0105 galite laikyti tiek horizontaliai, tiek vertikaliai. Nesvarbu, ar \u017ei\u016brite film\u0105, ar naudojat\u0117s navigacija, su \u201eJoyroom JR-ZS418\u201c visada rasite tobul\u0105 kamp\u0105.<\/p>\n<p>\n<img decoding=\"async\" alt=\"\" border=\"0\" src=\"https:\/\/assets.innpro.pl\/12911\/15705\/5.jpg\"\/>\n<\/p>\n<h3>Lengvas montavimas ir nu\u0117mimas<\/h3>\n<p>Modernus nu\u0117mimo raktas yra tikra naujov\u0117 \u2013 jis leid\u017eia lengvai nuimti laikikl\u012f nepa\u017eeid\u017eiant nag\u0173, o tai yra svarbus privalumas tiems, kuriems r\u016bpi detal\u0117s. Jums nebereikia jaudintis d\u0117l nul\u016b\u017eusi\u0173 nag\u0173! Paprastas dizainas leid\u017eia greitai ir patogiai sumontuoti ir nuimti laikikl\u012f.<\/p>\n<p>\n<img decoding=\"async\" alt=\"\" border=\"0\" src=\"https:\/\/assets.innpro.pl\/12911\/15705\/8.jpg\"\/>\n<\/p>\n<h3>Patikima magnetin\u0117 galia<\/h3>\n<p>\u201eJoyroom JR-ZS418\u201c laikiklyje naudojami 20 N52 magnet\u0173, kad b\u016bt\u0173 u\u017etikrintas itin stiprus laikymas ir i\u0161skirtinis stabilumas. D\u0117l \u0161io sprendimo j\u016bs\u0173 telefonas bus tvirtai pritvirtintas net va\u017eiuojant nelygiais keliais. Stipr\u016bs magnetai rei\u0161kia, kad jums nereik\u0117s nerimauti, jog j\u016bs\u0173 telefonas paslys ar nukris.<\/p>\n<p>\n<img decoding=\"async\" alt=\"\" border=\"0\" src=\"https:\/\/assets.innpro.pl\/12911\/15705\/4.jpg\"\/>\n<\/p>\n<div class=\"table-wrapper\">\n<p>B\u00a0<\/p>\n<h3><\/h3>\n<table>\n<tbody>\n<tr>\n<th>Gamintojas<\/th>\n<td>Joyroom<\/td>\n<\/tr>\n<tr>\n<th>Modelis<\/th>\n<td>JR-ZS418<\/td>\n<\/tr>\n<tr>\n<th>Med\u017eiaga<\/th>\n<td>ABS+PC, silikonas, aliuminio lydinys<\/td>\n<\/tr>\n<tr>\n<th>Suderinami \u012frenginiai<\/th>\n<td>I\u0161manieji telefonai, kuri\u0173 dydis 4,7\u20137,0 coli\u0173<\/td>\n<\/tr>\n<tr>\n<th>Svoris<\/th>\n<td>60 g<\/td>\n<\/tr>\n<\/tbody>\n<\/table>\n<\/div>\n","protected":false},"excerpt":{"rendered":"<p>Joyroom magnetinis telefono laikiklis JR-ZS418 juodas Joyroom JR-ZS418 magnetinis telefono laikiklis \u2013 tai \u012frenginys, apjungiantis novatori\u0161k\u0105 dizain\u0105, funkcionalum\u0105 ir saugum\u0105. D\u0117l stipri\u0173 magnet\u0173, kampo reguliavimo ir paprasto naudojimo jis idealiai tinka ie\u0161kantiems patogumo ir stabilumo. Jei norite b\u016bti tikri, kad j\u016bs\u0173 telefonas visada bus tinkamoje vietoje, rinkit\u0117s Joyroom JR-ZS418 laikikl\u012f ir m\u0117gaukit\u0117s komfortu vis\u0105 dien\u0105! [&#8230;]\n","protected":false},"featured_media":14882,"comment_status":"open","ping_status":"closed","template":"","meta":[],"product_brand":[443],"product_cat":[1220],"product_tag":[],"class_list":{"0":"post-14881","1":"product","2":"type-product","3":"status-publish","4":"has-post-thumbnail","6":"product_brand-joyroom","7":"product_cat-selfie-sticks-gsm-accessories","9":"first","10":"outofstock","11":"taxable","12":"shipping-taxable","13":"purchasable","14":"product-type-simple"},"aioseo_notices":[],"_links":{"self":[{"href":"https:\/\/asura.lv\/lt\/wp-json\/wp\/v2\/product\/14881","targetHints":{"allow":["GET"]}}],"collection":[{"href":"https:\/\/asura.lv\/lt\/wp-json\/wp\/v2\/product"}],"about":[{"href":"https:\/\/asura.lv\/lt\/wp-json\/wp\/v2\/types\/product"}],"replies":[{"embeddable":true,"href":"https:\/\/asura.lv\/lt\/wp-json\/wp\/v2\/comments?post=14881"}],"wp:featuredmedia":[{"embeddable":true,"href":"https:\/\/asura.lv\/lt\/wp-json\/wp\/v2\/media\/14882"}],"wp:attachment":[{"href":"https:\/\/asura.lv\/lt\/wp-json\/wp\/v2\/media?parent=14881"}],"wp:term":[{"taxonomy":"product_brand","embeddable":true,"href":"https:\/\/asura.lv\/lt\/wp-json\/wp\/v2\/product_brand?post=14881"},{"taxonomy":"product_cat","embeddable":true,"href":"https:\/\/asura.lv\/lt\/wp-json\/wp\/v2\/product_cat?post=14881"},{"taxonomy":"product_tag","embeddable":true,"href":"https:\/\/asura.lv\/lt\/wp-json\/wp\/v2\/product_tag?post=14881"}],"curies":[{"name":"wp","href":"https:\/\/api.w.org\/{rel}","templated":true}]}}