{"id":14929,"date":"2025-11-28T23:11:03","date_gmt":"2025-11-28T23:11:03","guid":{"rendered":"https:\/\/asura.lv\/product\/usb-2-0-a-to-usb-c-3a-cable-vention-ctnwf-1m-white\/"},"modified":"2025-12-12T15:55:31","modified_gmt":"2025-12-12T13:55:31","slug":"usb-2-0-a-to-usb-c-3a-cable-vention-ctnwf-1m-white","status":"publish","type":"product","link":"https:\/\/asura.lv\/lt\/produktas\/usb-2-0-a-to-usb-c-3a-cable-vention-ctnwf-1m-white\/","title":{"rendered":"USB 2.0 A \u012f USB-C 3A laidas Vention CTNWF 1M (baltas)"},"content":{"rendered":"<h3>USB 2.0 A \u012f USB-C 3A laidas Vention CTNWF 1M (baltas)<\/h3>\n<p>USB 2.0 A \u012f USB-C Vention CTNWF laidas yra puikus sprendimas tiems, kurie vertina ir na\u0161um\u0105, ir ilgaam\u017ei\u0161kum\u0105. Maksimali 3A srov\u0117 leid\u017eia akimirksniu \u012fkrauti ir perduoti duomenis, tod\u0117l tai nepakei\u010diamas priedas kasdieniam naudojimui su moderniais \u012frenginiais.<\/p>\n<p>\n<img decoding=\"async\" border=\"0\" src=\"https:\/\/assets.innpro.pl\/12339\/14679\/1.jpg\"\/>\n<\/p>\n<h3>Patvarus ir eleganti\u0161kas dizainas<\/h3>\n<p>\u0160is laidas i\u0161siskiria tvirta PVC konstrukcija ir aliuminio korpusu, kuris suteikia ne tik esteti\u0161k\u0105 i\u0161vaizd\u0105, bet ir apsaug\u0105 nuo mechanini\u0173 pa\u017eeidim\u0173. Be to, lankstus apvalkalas neleid\u017eia laidui susipainioti, tod\u0117l j\u012f itin patogu naudoti.<\/p>\n<p>\n<img decoding=\"async\" border=\"0\" src=\"https:\/\/assets.innpro.pl\/12339\/14679\/4.jpg\"\/>\n<\/p>\n<h3>Neprilygstamas patvarumas<\/h3>\n<p>\u201eVention\u201c laidas buvo i\u0161bandytas daugiau nei 30 000 kart\u0173, tod\u0117l garantuojamas ilgaam\u017ei\u0161kumas net ir intensyviai naudojant. Sustiprintas laidas ir tvirtos jungtys u\u017etikrina, kad laidas b\u016bt\u0173 atsparus l\u016b\u017eiams ir pa\u017eeidimams, tod\u0117l tai idealus pasirinkimas tiems, kuriems reikia patikim\u0173 pried\u0173.<\/p>\n<p>\n<img decoding=\"async\" border=\"0\" src=\"https:\/\/assets.innpro.pl\/12339\/14679\/2.jpg\"\/>\n<\/p>\n<h3>Greitas duomen\u0173 perdavimas<\/h3>\n<p>\u201eVention\u201c laidas leid\u017eia vienu metu \u012fkrauti \u012frenginius ir perduoti duomenis iki 480 Mbps grei\u010diu. Nesunkiai perkelkite m\u0117gstamus filmus, muzik\u0105 ar dokumentus vos per kelias sekundes ir sutaupykite brangaus laiko.<\/p>\n<p>\n<img decoding=\"async\" border=\"0\" src=\"https:\/\/assets.innpro.pl\/12339\/14679\/6.jpg\"\/>\n<\/p>\n<h3>Universalus suderinamumas<\/h3>\n<p>USB 2.0 A\u2013USB-C laidas suderinamas su \u012fvairiais \u012frenginiais, \u012fskaitant i\u0161maniuosius telefonus, plan\u0161etinius kompiuterius ir kitus \u012frenginius, kurie palaiko USB-C jungt\u012f. D\u0117l savo universalumo jis tinka namams, darbui ir kelion\u0117ms.<\/p>\n<p>\n<img decoding=\"async\" border=\"0\" src=\"https:\/\/assets.innpro.pl\/12339\/14679\/7.jpg\"\/>\n<\/p>\n<div class=\"table-wrapper\">\n<p>B\u00a0<\/p>\n<h3><\/h3>\n<table>\n<tbody>\n<tr>\n<th>Gamintojas<\/th>\n<td>Ventiliacija<\/td>\n<\/tr>\n<tr>\n<th>Modelis<\/th>\n<td>CTNWF<\/td>\n<\/tr>\n<tr>\n<th>S\u0105saja<\/th>\n<td>USB-C\/USB-A<\/td>\n<\/tr>\n<tr>\n<th>Dengimo procesas<\/th>\n<td>Nikeliu padengtas<\/td>\n<\/tr>\n<tr>\n<th>Kreipiantis<\/th>\n<td>Alavuotas varis<\/td>\n<\/tr>\n<tr>\n<th>Ekranas<\/th>\n<td>Aliuminis folija<\/td>\n<\/tr>\n<tr>\n<th>Ekranas<\/th>\n<td>PVC + medvilnin\u0117 pyn\u0117<\/td>\n<\/tr>\n<tr>\n<th>Dangos<\/th>\n<td>PVC + aliuminio lydinys<\/td>\n<\/tr>\n<tr>\n<th>NUO<\/th>\n<td>3,8 mm<\/td>\n<\/tr>\n<tr>\n<th>Duomen\u0173 perdavimo greitis<\/th>\n<td>480 Mbps<\/td>\n<\/tr>\n<tr>\n<th>Nominali srov\u0117<\/th>\n<td>3A<\/td>\n<\/tr>\n<tr>\n<th>Nominali galia<\/th>\n<td>60 W Maks.<\/td>\n<\/tr>\n<tr>\n<th>Ilgis<\/th>\n<td>1 m<\/td>\n<\/tr>\n<\/tbody>\n<\/table>\n<\/div>\n","protected":false},"excerpt":{"rendered":"<p>USB 2.0 A \u012f USB-C 3A laidas Vention CTNWF 1M (baltas) USB 2.0 A \u012f USB-C Vention CTNWF laidas yra puikus sprendimas tiems, kurie vertina ir na\u0161um\u0105, ir ilgaam\u017ei\u0161kum\u0105. Maksimali 3A srov\u0117 leid\u017eia akimirksniu \u012fkrauti ir perduoti duomenis, tod\u0117l tai nepakei\u010diamas priedas kasdieniam naudojimui su moderniais \u012frenginiais. Patvarus ir eleganti\u0161kas dizainas \u0160is laidas i\u0161siskiria tvirta [&#8230;]\n","protected":false},"featured_media":14930,"comment_status":"open","ping_status":"closed","template":"","meta":[],"product_brand":[474],"product_cat":[1223],"product_tag":[],"class_list":{"0":"post-14929","1":"product","2":"type-product","3":"status-publish","4":"has-post-thumbnail","6":"product_brand-vention","7":"product_cat-usb-cables-cables-it-accessories","9":"first","10":"outofstock","11":"taxable","12":"shipping-taxable","13":"purchasable","14":"product-type-simple"},"aioseo_notices":[],"_links":{"self":[{"href":"https:\/\/asura.lv\/lt\/wp-json\/wp\/v2\/product\/14929","targetHints":{"allow":["GET"]}}],"collection":[{"href":"https:\/\/asura.lv\/lt\/wp-json\/wp\/v2\/product"}],"about":[{"href":"https:\/\/asura.lv\/lt\/wp-json\/wp\/v2\/types\/product"}],"replies":[{"embeddable":true,"href":"https:\/\/asura.lv\/lt\/wp-json\/wp\/v2\/comments?post=14929"}],"wp:featuredmedia":[{"embeddable":true,"href":"https:\/\/asura.lv\/lt\/wp-json\/wp\/v2\/media\/14930"}],"wp:attachment":[{"href":"https:\/\/asura.lv\/lt\/wp-json\/wp\/v2\/media?parent=14929"}],"wp:term":[{"taxonomy":"product_brand","embeddable":true,"href":"https:\/\/asura.lv\/lt\/wp-json\/wp\/v2\/product_brand?post=14929"},{"taxonomy":"product_cat","embeddable":true,"href":"https:\/\/asura.lv\/lt\/wp-json\/wp\/v2\/product_cat?post=14929"},{"taxonomy":"product_tag","embeddable":true,"href":"https:\/\/asura.lv\/lt\/wp-json\/wp\/v2\/product_tag?post=14929"}],"curies":[{"name":"wp","href":"https:\/\/api.w.org\/{rel}","templated":true}]}}