{"id":15079,"date":"2025-11-28T23:10:50","date_gmt":"2025-11-28T23:10:50","guid":{"rendered":"https:\/\/asura.lv\/product\/sunnylife-oa5-bht885-c-silicone-case-with-strap-for-osmo-action-5-pro-orange\/"},"modified":"2025-12-12T15:55:20","modified_gmt":"2025-12-12T13:55:20","slug":"sunnylife-oa5-bht885-c-silicone-case-with-strap-for-osmo-action-5-pro-orange","status":"publish","type":"product","link":"https:\/\/asura.lv\/lt\/produktas\/sunnylife-oa5-bht885-c-silicone-case-with-strap-for-osmo-action-5-pro-orange\/","title":{"rendered":"\u201eSunnylife OA5-BHT885-C\u201c silikoninis d\u0117klas su dir\u017eeliu, skirtas \u201eOSMO ACTION 5 PRO\u201c (oran\u017einis)"},"content":{"rendered":"<h3>\u201eSunnylife OA5-BHT885-C\u201c silikoninis d\u0117klas su dir\u017eeliu, skirtas \u201eOSMO ACTION 5 PRO\u201c (oran\u017einis)<\/h3>\n<p>\u201eSunnylife OA5-BHT885-C\u201c silikoninis d\u0117klas oran\u017ein\u0117s spalvos yra prakti\u0161kas ir stilingas sprendimas, skirtas \u201eOSMO ACTION 5 PRO\u201c kameroms. Produktas u\u017etikrina veiksming\u0105 apsaug\u0105 nuo \u012fbr\u0117\u017eim\u0173, sm\u016bgi\u0173 ir kit\u0173 pa\u017eeidim\u0173, neribodamas \u012frenginio funkcionalumo. Be to, jis komplektuojamas su kaklo dir\u017eeliu, kad b\u016bt\u0173 patogiau, tod\u0117l filmuoti dar lengviau ir saugiau.<\/p>\n<p>\n<img decoding=\"async\" border=\"0\" src=\"https:\/\/assets.innpro.pl\/12120\/14362\/1.jpg\"\/>\n<\/p>\n<h3>Atsparumas \u012fbr\u0117\u017eimams ir sm\u016bgiams<\/h3>\n<p>D\u0117klas pagamintas i\u0161 patvaraus ir lanks\u010dio silikono, kuris efektyviai apsaugo kamer\u0105 nuo atsitiktini\u0173 sm\u016bgi\u0173 ir \u012fbr\u0117\u017eim\u0173. D\u0117l atsparumo mechaniniams pa\u017eeidimams d\u0117klas puikiai tiks sud\u0117tingomis s\u0105lygomis \u2013 tiek kasdien naudojant, tiek ir per intensyvesnius nuotykius.<\/p>\n<p>\n<img decoding=\"async\" border=\"0\" src=\"https:\/\/assets.innpro.pl\/12120\/14362\/4.jpg\"\/>\n<\/p>\n<h3>Precizi\u0161ka apdaila<\/h3>\n<p>D\u0117kle yra reljefiniai mygtukai, kurie ne tik leid\u017eia lengvai pasiekti visas kameros funkcijas, bet ir u\u017etikrina patog\u0173 naudojim\u0105, i\u0161laikant originali\u0173 mygtuk\u0173 poj\u016bt\u012f. Tikslios i\u0161pjovos leid\u017eia netrukdomai pasiekti prievadus, jutiklin\u012f ekran\u0105 ir objektyv\u0105, u\u017etikrinant visi\u0161k\u0105 \u012frenginio funkcionalum\u0105 nenuimant d\u0117klo.<\/p>\n<p>\n<img decoding=\"async\" border=\"0\" src=\"https:\/\/assets.innpro.pl\/12120\/14362\/2.jpg\"\/>\n<\/p>\n<h3>Patogus kaklo dir\u017eelis<\/h3>\n<p>D\u0117klas komplektuojamas su kaklo dir\u017eeliu, kuris leid\u017eia patogiau ne\u0161iotis fotoaparat\u0105 ir suma\u017eina rizik\u0105 j\u012f numesti. Reguliuojamas dir\u017eelio ilgis leid\u017eia j\u012f pritaikyti pagal savo poreikius, o tvirta konstrukcija u\u017etikrina patvarum\u0105 ir patikimum\u0105 net ir esant dideliam naudojimui.<\/p>\n<p>\n<img decoding=\"async\" border=\"0\" src=\"https:\/\/assets.innpro.pl\/12120\/14362\/7.jpg\"\/>\n<\/p>\n<h3>Eleganti\u0161kas dizainas ir prakti\u0161kas sprendimas<\/h3>\n<p>Oran\u017ein\u0117 \u201eSunnylife OA5-BHT885-C\u201c d\u0117klo versija sujungia eleganti\u0161k\u0105 dizain\u0105 ir funkcionalum\u0105. Mink\u0161tas, malonus liesti silikonas yra bekvapis ir lengvai valomas. D\u0117klas sukurtas taip, kad u\u017etikrint\u0173 efektyv\u0173 \u0161ilumos i\u0161sklaidym\u0105, tod\u0117l kamera skland\u017eiai veikia net ir sud\u0117tingomis s\u0105lygomis.<\/p>\n<p>\n<img decoding=\"async\" border=\"0\" src=\"https:\/\/assets.innpro.pl\/12120\/14362\/6.jpg\"\/>\n<\/p>\n<h3>Pridedama<\/h3>\n<ul class=\"list-disc pl-5\">\n<li>Silikoninis d\u0117klas*1<\/li>\n<li>Dir\u017eelis*1<\/li>\n<\/ul>\n<div class=\"table-wrapper\">\n<p>\u0412\u00a0<\/p>\n<h3><\/h3>\n<table>\n<tbody>\n<tr>\n<th>Gamintojas<\/th>\n<td>Sunnylife<\/td>\n<\/tr>\n<tr>\n<th>Modelis<\/th>\n<td>OA5-BHT885-C<\/td>\n<\/tr>\n<tr>\n<th>Suderinami modeliai<\/th>\n<td>OSMO ACTION 5 Pro<\/td>\n<\/tr>\n<tr>\n<th>Med\u017eiaga<\/th>\n<td>Silikonas<\/td>\n<\/tr>\n<tr>\n<th>Grynasis svoris<\/th>\n<td>11 g (tik d\u0117klas)<\/td>\n<\/tr>\n<tr>\n<th>Bendrasis svoris<\/th>\n<td>29 g<\/td>\n<\/tr>\n<tr>\n<th>Pakuot\u0117s matmenys<\/th>\n<td>75 * 51 * 34 mm<\/td>\n<\/tr>\n<\/tbody>\n<\/table>\n<\/div>\n","protected":false},"excerpt":{"rendered":"<p>\u201eSunnylife OA5-BHT885-C\u201c silikoninis d\u0117klas su dir\u017eeliu, skirtas \u201eOSMO ACTION 5 PRO\u201c (oran\u017einis) \u201eSunnylife OA5-BHT885-C\u201c silikoninis d\u0117klas oran\u017ein\u0117s spalvos yra prakti\u0161kas ir stilingas sprendimas, skirtas \u201eOSMO ACTION 5 PRO\u201c kameroms. Produktas u\u017etikrina veiksming\u0105 apsaug\u0105 nuo \u012fbr\u0117\u017eim\u0173, sm\u016bgi\u0173 ir kit\u0173 pa\u017eeidim\u0173, neribodamas \u012frenginio funkcionalumo. Be to, jis komplektuojamas su kaklo dir\u017eeliu, kad b\u016bt\u0173 patogiau, tod\u0117l filmuoti dar [&#8230;]\n","protected":false},"featured_media":15080,"comment_status":"open","ping_status":"closed","template":"","meta":[],"product_brand":[432],"product_cat":[941],"product_tag":[],"class_list":{"0":"post-15079","1":"product","2":"type-product","3":"status-publish","4":"has-post-thumbnail","6":"product_brand-sunnylife","7":"product_cat-cases-and-covers","9":"first","10":"outofstock","11":"taxable","12":"shipping-taxable","13":"purchasable","14":"product-type-simple"},"aioseo_notices":[],"_links":{"self":[{"href":"https:\/\/asura.lv\/lt\/wp-json\/wp\/v2\/product\/15079","targetHints":{"allow":["GET"]}}],"collection":[{"href":"https:\/\/asura.lv\/lt\/wp-json\/wp\/v2\/product"}],"about":[{"href":"https:\/\/asura.lv\/lt\/wp-json\/wp\/v2\/types\/product"}],"replies":[{"embeddable":true,"href":"https:\/\/asura.lv\/lt\/wp-json\/wp\/v2\/comments?post=15079"}],"wp:featuredmedia":[{"embeddable":true,"href":"https:\/\/asura.lv\/lt\/wp-json\/wp\/v2\/media\/15080"}],"wp:attachment":[{"href":"https:\/\/asura.lv\/lt\/wp-json\/wp\/v2\/media?parent=15079"}],"wp:term":[{"taxonomy":"product_brand","embeddable":true,"href":"https:\/\/asura.lv\/lt\/wp-json\/wp\/v2\/product_brand?post=15079"},{"taxonomy":"product_cat","embeddable":true,"href":"https:\/\/asura.lv\/lt\/wp-json\/wp\/v2\/product_cat?post=15079"},{"taxonomy":"product_tag","embeddable":true,"href":"https:\/\/asura.lv\/lt\/wp-json\/wp\/v2\/product_tag?post=15079"}],"curies":[{"name":"wp","href":"https:\/\/api.w.org\/{rel}","templated":true}]}}