{"id":15109,"date":"2025-11-28T23:10:47","date_gmt":"2025-11-28T23:10:47","guid":{"rendered":"https:\/\/asura.lv\/product\/sunnylife-go-bhm882-tempered-glass-film-for-gopro-hero-13-black-6pcs\/"},"modified":"2025-12-12T15:55:18","modified_gmt":"2025-12-12T13:55:18","slug":"sunnylife-go-bhm882-tempered-glass-film-for-gopro-hero-13-black-6pcs","status":"publish","type":"product","link":"https:\/\/asura.lv\/lt\/produktas\/sunnylife-go-bhm882-tempered-glass-film-for-gopro-hero-13-black-6pcs\/","title":{"rendered":"\u201eSunnylife GO-BHM882\u201c gr\u016bdinto stiklo pl\u0117vel\u0117 GoPro Hero 13 kamerai, juoda, 6 vnt."},"content":{"rendered":"<h3>\u201eSunnylife GO-BHM882\u201c gr\u016bdinto stiklo pl\u0117vel\u0117, skirta \u201eGoPro Hero 13 Black\u201c, 6 vnt.<\/h3>\n<p>\u201eSunnylife GO-BHM882\u201c yra \u0161e\u0161i\u0173 gr\u016bdinto stiklo pl\u0117veli\u0173 rinkinys, specialiai sukurtas \u201eGoPro Hero 13 Black\u201c kamerai. Ji puikiai apsaugo ekran\u0105 ir objektyv\u0105 nuo \u012fbr\u0117\u017eim\u0173, \u012ftr\u016bkim\u0173 ir purvo, i\u0161laikant visi\u0161k\u0105 lietimo funkcionalum\u0105. D\u0117l patvarumo ir lengvo montavimo derinio tai puikus sprendimas tiems, kurie nori apsaugoti savo \u012frang\u0105 bet kokiomis s\u0105lygomis.<\/p>\n<p>\n<img decoding=\"async\" border=\"0\" src=\"https:\/\/assets.innpro.pl\/12110\/14349\/3.jpg\"\/>\n<\/p>\n<h3>Auk\u0161\u010diausio lygio patvarumas<\/h3>\n<p>Pagaminta i\u0161 9H kietumo gr\u016bdinto stiklo, pl\u0117vel\u0117 yra atspari \u012fbr\u0117\u017eimams, sm\u016bgiams ir nedideliems sm\u016bgiams, tod\u0117l j\u016bs\u0173 kamera visada saugi. Be to, stiklas yra atsparus sm\u016bgiams, tod\u0117l net ekstremaliomis s\u0105lygomis suma\u017e\u0117ja ekrano ir objektyvo pa\u017eeidimo rizika.<\/p>\n<p>\n<img decoding=\"async\" border=\"0\" src=\"https:\/\/assets.innpro.pl\/12110\/14349\/4.jpg\"\/>\n<\/p>\n<h3>I\u0161skirtin\u0117 vaizdo kokyb\u0117<\/h3>\n<p>\u201eSunnylife\u201c pl\u0117vel\u0117 u\u017etikrina didel\u012f 99 % \u0161viesos pralaidum\u0105, kuris i\u0161saugo tikrovi\u0161kas spalvas ir vaizdo ai\u0161kum\u0105. Tai u\u017etikrina, kad bet koks \u012fra\u0161as i\u0161liks toks pat detalus, koks b\u016bt\u0173 buv\u0119s be papildomos apsaugos, tod\u0117l tai puikus aksesuaras vaizdo tinklara\u0161tininkams ir fotografijos entuziastams.<\/p>\n<p>\n<img decoding=\"async\" border=\"0\" src=\"https:\/\/assets.innpro.pl\/12110\/14349\/6.jpg\"\/>\n<\/p>\n<h3>Patogu naudoti<\/h3>\n<p>Vos 0,33 mm storio pl\u0117vel\u0117 yra prakti\u0161kai nematoma, ta\u010diau visi\u0161kai suderinama su fotoaparato jutikliniu ekranu. Tinkamai suprojektuotas pavir\u0161ius garantuoja malon\u0173 prisilietim\u0105, prilygstant\u012f pliko ekrano pavir\u0161iaus naudojimui.<\/p>\n<p>\n<img decoding=\"async\" border=\"0\" src=\"https:\/\/assets.innpro.pl\/12110\/14349\/1.jpg\"\/>\n<\/p>\n<h3>Greitas ir paprastas montavimas<\/h3>\n<p>Auk\u0161tos kokyb\u0117s med\u017eiag\u0173 naudojimas leid\u017eia lengvai montuoti be burbuliuk\u0173. Pridedami visi reikalingi priedai, \u012fskaitant valymo \u0161luostes ir dulki\u0173 \u0161alinimo lipdukus, tod\u0117l pirm\u0105 kart\u0105 pl\u0117vel\u0119 lengva tiksliai u\u017eklijuoti.<\/p>\n<p>\n<img decoding=\"async\" border=\"0\" src=\"https:\/\/assets.innpro.pl\/12110\/14349\/2.jpg\"\/>\n<\/p>\n<h3>I\u0161samus apsaugos rinkinys<\/h3>\n<p>\u201eSunnylife GO-BHM882\u201c rinkin\u012f sudaro 6 pl\u0117vel\u0117s: po dvi ekranui, objektyvui ir ma\u017eam ekranui. Visas rinkinys supakuotas tvirtoje d\u0117\u017eut\u0117je saugiam laikymui. Taigi galite b\u016bti tikri, kad j\u016bs\u0173 \u012franga bus tinkamai apsaugota, nepriklausomai nuo situacijos.<\/p>\n<p>\n<img decoding=\"async\" border=\"0\" src=\"https:\/\/assets.innpro.pl\/12110\/14349\/5.jpg\"\/>\n<\/p>\n<h3>\u012etraukta<\/h3>\n<ul class=\"list-disc pl-5\">\n<li>Gr\u016bdinto stiklo pl\u0117vel\u0117 (didel\u0117)*2<\/li>\n<li>Gr\u016bdinto stiklo folija (vidutin\u0117)*2<\/li>\n<li>Gr\u016bdinto stiklo folija (ma\u017ea)*2<\/li>\n<li>Valymo mai\u0161elis*2<\/li>\n<li>Valymo \u0161luost\u0117*2<\/li>\n<li>Lipdukas nuo dulki\u0173*2<\/li>\n<li>Sand\u0117liavimo d\u0117\u017eut\u0117*1<\/li>\n<\/ul>\n<div class=\"table-wrapper\">\n<p>B\u00a0<\/p>\n<h3><\/h3>\n<table>\n<tbody>\n<tr>\n<th>Gamintojas<\/th>\n<td>Sunnylife<\/td>\n<\/tr>\n<tr>\n<th>Modelis<\/th>\n<td>GO-BHM882<\/td>\n<\/tr>\n<tr>\n<th>Med\u017eiaga<\/th>\n<td>Gr\u016bdintas stiklas<\/td>\n<\/tr>\n<tr>\n<th>Bendras svoris<\/th>\n<td>35 g<\/td>\n<\/tr>\n<tr>\n<th>Pakuot\u0117s matmenys<\/th>\n<td>98 * 65 * 16 mm<\/td>\n<\/tr>\n<\/tbody>\n<\/table>\n<\/div>\n","protected":false},"excerpt":{"rendered":"<p>\u201eSunnylife GO-BHM882\u201c gr\u016bdinto stiklo pl\u0117vel\u0117, skirta \u201eGoPro Hero 13 Black\u201c, 6 vnt. \u201eSunnylife GO-BHM882\u201c yra \u0161e\u0161i\u0173 gr\u016bdinto stiklo pl\u0117veli\u0173 rinkinys, specialiai sukurtas \u201eGoPro Hero 13 Black\u201c kamerai. Ji puikiai apsaugo ekran\u0105 ir objektyv\u0105 nuo \u012fbr\u0117\u017eim\u0173, \u012ftr\u016bkim\u0173 ir purvo, i\u0161laikant visi\u0161k\u0105 lietimo funkcionalum\u0105. D\u0117l patvarumo ir lengvo montavimo derinio tai puikus sprendimas tiems, kurie nori apsaugoti [&#8230;]\n","protected":false},"featured_media":15110,"comment_status":"open","ping_status":"closed","template":"","meta":[],"product_brand":[432],"product_cat":[938],"product_tag":[],"class_list":{"0":"post-15109","1":"product","2":"type-product","3":"status-publish","4":"has-post-thumbnail","6":"product_brand-sunnylife","7":"product_cat-for-sports-cameras","9":"first","10":"outofstock","11":"taxable","12":"shipping-taxable","13":"purchasable","14":"product-type-simple"},"aioseo_notices":[],"_links":{"self":[{"href":"https:\/\/asura.lv\/lt\/wp-json\/wp\/v2\/product\/15109","targetHints":{"allow":["GET"]}}],"collection":[{"href":"https:\/\/asura.lv\/lt\/wp-json\/wp\/v2\/product"}],"about":[{"href":"https:\/\/asura.lv\/lt\/wp-json\/wp\/v2\/types\/product"}],"replies":[{"embeddable":true,"href":"https:\/\/asura.lv\/lt\/wp-json\/wp\/v2\/comments?post=15109"}],"wp:featuredmedia":[{"embeddable":true,"href":"https:\/\/asura.lv\/lt\/wp-json\/wp\/v2\/media\/15110"}],"wp:attachment":[{"href":"https:\/\/asura.lv\/lt\/wp-json\/wp\/v2\/media?parent=15109"}],"wp:term":[{"taxonomy":"product_brand","embeddable":true,"href":"https:\/\/asura.lv\/lt\/wp-json\/wp\/v2\/product_brand?post=15109"},{"taxonomy":"product_cat","embeddable":true,"href":"https:\/\/asura.lv\/lt\/wp-json\/wp\/v2\/product_cat?post=15109"},{"taxonomy":"product_tag","embeddable":true,"href":"https:\/\/asura.lv\/lt\/wp-json\/wp\/v2\/product_tag?post=15109"}],"curies":[{"name":"wp","href":"https:\/\/api.w.org\/{rel}","templated":true}]}}