{"id":15385,"date":"2025-11-28T23:10:20","date_gmt":"2025-11-28T23:10:20","guid":{"rendered":"https:\/\/asura.lv\/product\/baseus-nomos-qi2-magnetic-powerbank-usb-c-10000mah-45w\/"},"modified":"2025-12-12T15:55:00","modified_gmt":"2025-12-12T13:55:00","slug":"baseus-nomos-qi2-magnetic-powerbank-usb-c-10000mah-45w","status":"publish","type":"product","link":"https:\/\/asura.lv\/lt\/produktas\/baseus-nomos-qi2-magnetic-powerbank-usb-c-10000mah-45w\/","title":{"rendered":"\u201eBaseus Nomos Qi2\u201c magnetin\u0117 i\u0161orin\u0117 baterija, USB-C, 10000mAh 45W"},"content":{"rendered":"<h3>\u201eBaseus Nomos Qi2\u201c magnetin\u0117 i\u0161orin\u0117 baterija, USB-C 10000mAh 45W<\/h3>\n<p>\u201eBaseus Nomos Qi2\u201c magnetin\u0117 i\u0161orin\u0117 baterija yra idealus sprendimas tiems, kurie vertina patikimum\u0105 ir modernum\u0105. Tur\u0117dama 10000mAh talp\u0105 ir 45W greito \u012fkrovimo palaikym\u0105, ji leid\u017eia efektyviai papildyti mobili\u0173j\u0173 \u012frengini\u0173 energij\u0105. D\u0117l magnetinio tvirtinimo ir suderinamumo su \u201eQi2\u201c technologija \u012frenginys sujungia naudojimo patogum\u0105 su pa\u017eangiomis funkcijomis.<\/p>\n<p>\n<img decoding=\"async\" border=\"0\" src=\"https:\/\/assets.innpro.pl\/12197\/14462\/1.jpg\"\/>\n<\/p>\n<h3>Greitas \u012fkrovimas bet kokioje situacijoje<\/h3>\n<p>\u201eBaseus Nomos Qi2\u201c i\u0161orin\u0117 baterija palaiko greit\u0105 \u012fkrovim\u0105 per USB-C technologij\u0105, tod\u0117l galite visi\u0161kai \u012fkrauti savo \u012frenginius per trump\u0105 laik\u0105. Be to, belaid\u017eio \u201eQi2\u201c \u012fkrovimo funkcija leid\u017eia papildyti energij\u0105 be laid\u0173. Tai puikus sprendimas tiek kelion\u0117ms, tiek kasdieniam naudojimui.<\/p>\n<p>\n<img decoding=\"async\" border=\"0\" src=\"https:\/\/assets.innpro.pl\/12197\/14462\/2.jpg\"\/>\n<\/p>\n<h3>Magnetinis laikiklis ir kompakti\u0161kas dizainas<\/h3>\n<p>D\u0117l \u012fmontuoto magnetinio laikiklio \u201eBaseus Nomos Qi2\u201c u\u017etikrina stabil\u0173 ry\u0161\u012f su suderinamais \u012frenginiais, kad b\u016bt\u0173 patogiau. D\u0117l kompakti\u0161ko ir lengvo dizaino jis telpa bet kurioje rankin\u0117je ar net ki\u0161en\u0117je, tod\u0117l yra puikus kompanionas bet kokioje situacijoje.<\/p>\n<p>\n<img decoding=\"async\" border=\"0\" src=\"https:\/\/assets.innpro.pl\/12197\/14462\/3.jpg\"\/>\n<\/p>\n<h3>Daugiafunkcionalumas ir saugus naudojimas<\/h3>\n<p>I\u0161orin\u0117 baterija leid\u017eia vienu metu \u012fkrauti tris \u012frenginius d\u0117l USB-C prievado, USB-A prievado ir belaid\u0117s technologijos derinio. Pa\u017eangios saugos funkcijos apsaugo nuo perkaitimo, vir\u0161\u012ftampio ir trumpojo jungimo, u\u017etikrindamos visapusi\u0161k\u0105 tiek naudotojo, tiek prijungtos \u012frangos apsaug\u0105.<\/p>\n<p>\n<img decoding=\"async\" border=\"0\" src=\"https:\/\/assets.innpro.pl\/12197\/14462\/4.jpg\"\/>\n<\/p>\n<h3>Modernios technologijos j\u016bs\u0173 rankose<\/h3>\n<p>\u201eBaseus Nomos Qi2\u201c derina inovacijas su funkcionalumu. Integruotas skaitmeninis ekranas leid\u017eia steb\u0117ti akumuliatoriaus \u012fkrovos lyg\u012f realiuoju laiku, o universalus suderinamumas leid\u017eia j\u012f suderinti su \u012fvairiais \u012frenginiais. Tai patikimas ir prakti\u0161kas pasirinkimas, kuris pateisins net reikliausi\u0173 vartotoj\u0173 l\u016bkes\u010dius.<\/p>\n<p>\n<img decoding=\"async\" border=\"0\" src=\"https:\/\/assets.innpro.pl\/12197\/14462\/5.jpg\"\/>\n<\/p>\n<div class=\"table-wrapper\">\n<p>B\u00a0<\/p>\n<h3><\/h3>\n<table>\n<tbody>\n<tr>\n<th>Gamintojas<\/th>\n<td>Baseus<\/td>\n<\/tr>\n<tr>\n<th>Modelis<\/th>\n<td>P10078800123-00<\/td>\n<\/tr>\n<tr>\n<th>Grynasis svoris<\/th>\n<td>232 g<\/td>\n<\/tr>\n<tr>\n<th>Matmenys<\/th>\n<td>67,8 * 106 * 19,6 mm<\/td>\n<\/tr>\n<tr>\n<th>Baterija<\/th>\n<td>Polimerin\u0117 li\u010dio baterija Baterija<\/td>\n<\/tr>\n<tr>\n<th>Talpa<\/th>\n<td>5000mAh*2<\/td>\n<\/tr>\n<tr>\n<th>Nominali talpa<\/th>\n<td>5000mAh 7,2\/36 W<\/td>\n<\/tr>\n<tr>\n<th>USB-C\/USB-C \u012fvestis<\/th>\n<td>5 V 3 A; 9 V 3 A; 12 V 2,5 A; 15 V 2 A<\/td>\n<\/tr>\n<tr>\n<th>USB-C\/USB-C i\u0161vestis<\/th>\n<td>5 V 3 A; 9 V 3 A; 12 V 2,5; 15 V 2,67 A; 10 V 2,25 A (SCP); PPS 5\u201311 V, 5 A (maks. 45 W).<\/td>\n<\/tr>\n<tr>\n<th>Belaid\u0117 i\u0161vestis<\/th>\n<td>5 W \/ 7,5 W \/ 15 W<\/td>\n<\/tr>\n<tr>\n<th>USB-C + USB-C i\u0161vestis<\/th>\n<td>5 V, 3 A<\/td>\n<\/tr>\n<tr>\n<th>Bendra i\u0161vestis<\/th>\n<td>5 V, 3 A<\/td>\n<\/tr>\n<\/tbody>\n<\/table>\n<\/div>\n","protected":false},"excerpt":{"rendered":"<p>\u201eBaseus Nomos Qi2\u201c magnetin\u0117 i\u0161orin\u0117 baterija, USB-C 10000mAh 45W \u201eBaseus Nomos Qi2\u201c magnetin\u0117 i\u0161orin\u0117 baterija yra idealus sprendimas tiems, kurie vertina patikimum\u0105 ir modernum\u0105. Tur\u0117dama 10000mAh talp\u0105 ir 45W greito \u012fkrovimo palaikym\u0105, ji leid\u017eia efektyviai papildyti mobili\u0173j\u0173 \u012frengini\u0173 energij\u0105. D\u0117l magnetinio tvirtinimo ir suderinamumo su \u201eQi2\u201c technologija \u012frenginys sujungia naudojimo patogum\u0105 su pa\u017eangiomis funkcijomis. Greitas [&#8230;]\n","protected":false},"featured_media":15386,"comment_status":"open","ping_status":"closed","template":"","meta":[],"product_brand":[95],"product_cat":[1052],"product_tag":[],"class_list":{"0":"post-15385","1":"product","2":"type-product","3":"status-publish","4":"has-post-thumbnail","6":"product_brand-baseus","7":"product_cat-powerbanks-gsm-accessories","9":"first","10":"outofstock","11":"taxable","12":"shipping-taxable","13":"purchasable","14":"product-type-simple"},"aioseo_notices":[],"_links":{"self":[{"href":"https:\/\/asura.lv\/lt\/wp-json\/wp\/v2\/product\/15385","targetHints":{"allow":["GET"]}}],"collection":[{"href":"https:\/\/asura.lv\/lt\/wp-json\/wp\/v2\/product"}],"about":[{"href":"https:\/\/asura.lv\/lt\/wp-json\/wp\/v2\/types\/product"}],"replies":[{"embeddable":true,"href":"https:\/\/asura.lv\/lt\/wp-json\/wp\/v2\/comments?post=15385"}],"wp:featuredmedia":[{"embeddable":true,"href":"https:\/\/asura.lv\/lt\/wp-json\/wp\/v2\/media\/15386"}],"wp:attachment":[{"href":"https:\/\/asura.lv\/lt\/wp-json\/wp\/v2\/media?parent=15385"}],"wp:term":[{"taxonomy":"product_brand","embeddable":true,"href":"https:\/\/asura.lv\/lt\/wp-json\/wp\/v2\/product_brand?post=15385"},{"taxonomy":"product_cat","embeddable":true,"href":"https:\/\/asura.lv\/lt\/wp-json\/wp\/v2\/product_cat?post=15385"},{"taxonomy":"product_tag","embeddable":true,"href":"https:\/\/asura.lv\/lt\/wp-json\/wp\/v2\/product_tag?post=15385"}],"curies":[{"name":"wp","href":"https:\/\/api.w.org\/{rel}","templated":true}]}}