{"id":15649,"date":"2025-11-28T23:09:00","date_gmt":"2025-11-28T23:09:00","guid":{"rendered":"https:\/\/asura.lv\/product\/petkit-claw-clippers-with-led-light-pro\/"},"modified":"2025-12-12T15:53:58","modified_gmt":"2025-12-12T13:53:58","slug":"petkit-claw-clippers-with-led-light-pro","status":"publish","type":"product","link":"https:\/\/asura.lv\/lt\/produktas\/petkit-claw-clippers-with-led-light-pro\/","title":{"rendered":"\u201ePetKit\u201c nag\u0173 kirpimo ma\u0161in\u0117l\u0117s su LED ap\u0161vietimu PRO"},"content":{"rendered":"<h3>\u201ePetKit\u201c nag\u0173 kirpimo \u017eirklut\u0117s su LED ap\u0161vietimu.<\/h3>\n<p>\u201ePETKIT LED Nail Clipper Pro\u201c \u2013 tai pa\u017eangios \u017eirkl\u0117s, skirtos augintinio nagams kirpti, sukurtos maksimaliam saugumui ir patogumui. Tvirta konstrukcija, pagaminta i\u0161 patvaraus ABS plastiko, ir auk\u0161\u010diausios kokyb\u0117s a\u0161menys leid\u017eia tiksliai ir efektyviai kirpti nagus. Stilingas dizainas su od\u0105 primenan\u010dia tekst\u016bra ir ergonomi\u0161ka rankena garantuoja saug\u0173 ir patog\u0173 sukibim\u0105, suma\u017einant slydimo rizik\u0105. D\u0117l patvaraus pjovimo mechanizmo \u017eirkl\u0117s puikiai tiks tiek kat\u0117s, tiek \u0161uns nag\u0173 prie\u017ei\u016brai.<\/p>\n<p>\n<img decoding=\"async\" border=\"0\" src=\"https:\/\/assets.innpro.pl\/12141\/14390\/1.jpg\"\/>\n<\/p>\n<h3>Novatori\u0161ki saugumo ir higienos sprendimai<\/h3>\n<p>\u201ePETKIT\u201c \u017eirkl\u0117s turi du \u012fmontuotus \u017eibintus: LED lemput\u0119, kuri ap\u0161vie\u010dia nago kraujagysli\u0173 linij\u0105, ir UV lemput\u0119, skirt\u0105 odos problemoms, tokioms kaip grybelis ar dermatitas, aptikti. Tai leid\u017eia tiksliai apkirpti nagus, i\u0161vengiant skausming\u0173 \u012fpjovim\u0173 ir tuo pa\u010diu r\u016bpinantis augintinio sveikata. Integruota dild\u0117, diskreti\u0161kai pasl\u0117pta po rankena, leid\u017eia i\u0161lyginti nag\u0173 kra\u0161tus, apsaugant nuo odos ir audini\u0173 \u012fbr\u0117\u017eim\u0173.<\/p>\n<p>\n<img decoding=\"async\" border=\"0\" src=\"https:\/\/assets.innpro.pl\/12141\/14390\/3.jpg\"\/>\n<\/p>\n<h3>Auk\u0161\u010diausio lygio \u0161vara ir ilgaam\u017ei\u0161kumas<\/h3>\n<p>Permatomas apkirpt\u0173 nag\u0173 konteineris efektyviai apsaugo nuo j\u0173 plitimo, i\u0161laikant \u0161vari\u0105 aplink\u0105. Konteiner\u012f galima lengvai i\u0161tu\u0161tinti ir i\u0161valyti po kiekvieno naudojimo. \u017dirkl\u0117s maitinamos trimis kei\u010diamomis LR44 baterijomis, kurios u\u017etikrina patikim\u0105 veikim\u0105 iki met\u0173. Reguliarus pri\u017ei\u016br\u0117jimas, siekiant pa\u0161alinti nag\u0173 liku\u010dius, u\u017etikrina ilgalaik\u012f veikim\u0105.<\/p>\n<p>\n<img decoding=\"async\" border=\"0\" src=\"https:\/\/assets.innpro.pl\/12141\/14390\/8.jpg\"\/>\n<\/p>\n<h3>J\u016bs\u0173 pasitik\u0117jimas auk\u0161\u010diausia kokybe<\/h3>\n<p>PETKIT LED nag\u0173 kirpimo ma\u0161in\u0117l\u0117 \u201ePro\u201c yra vienas perkamiausi\u0173 savo kategorijos gamini\u0173, kuriuo pasitiki augintini\u0173 \u0161eimininkai visame pasaulyje. Kiekvienas prietaisas yra grie\u017etai kontroliuojamas kokyb\u0117s po\u017ei\u016briu, o tai garantuoja jo saugum\u0105 ir ilgaam\u017ei\u0161kum\u0105. Su \u0161iomis \u017eirkl\u0117mis nag\u0173 prie\u017ei\u016bra taps paprasta, be streso ir higieni\u0161ka. Nepamir\u0161kite laikyti j\u0173 vaikams nepasiekiamoje vietoje ir valydami nenaudoti agresyvi\u0173 chemini\u0173 med\u017eiag\u0173.<\/p>\n<p>\n<img decoding=\"async\" border=\"0\" src=\"https:\/\/assets.innpro.pl\/12141\/14390\/7.jpg\"\/>\n<\/p>\n<h3>Pridedama<\/h3>\n<ul class=\"list-disc pl-5\">\n<li>\u017enypl\u0117s \u017eirkl\u0117s<\/li>\n<li>atsuktuvas<\/li>\n<li>naudojimo instrukcija<\/li>\n<\/ul>\n<div class=\"table-wrapper\">\n<p>\u0412\u00a0<\/p>\n<h3><\/h3>\n<table>\n<tbody>\n<tr>\n<th>Gamintojas<\/th>\n<td>Petkit<\/td>\n<\/tr>\n<tr>\n<th>Konstrukcijos med\u017eiaga<\/th>\n<td>ABS, ner\u016bdijan\u010dio plieno a\u0161menys<\/td>\n<\/tr>\n<tr>\n<th>Savyb\u0117s ir \u012franga<\/th>\n<td>LED lemput\u0117, UV lemput\u0117, integruota dild\u0117, \u017enypl\u0117s konteineris<\/td>\n<\/tr>\n<tr>\n<th>Maitinimo \u0161altinis<\/th>\n<td>3 LR44 baterijos (kei\u010diamos)<\/td>\n<\/tr>\n<tr>\n<th>Veikimo laikas<\/th>\n<td>Iki 1 met\u0173 naudojant \u012fprastai<\/td>\n<\/tr>\n<\/tbody>\n<\/table>\n<\/div>\n","protected":false},"excerpt":{"rendered":"<p>\u201ePetKit\u201c nag\u0173 kirpimo \u017eirklut\u0117s su LED ap\u0161vietimu. \u201ePETKIT LED Nail Clipper Pro\u201c \u2013 tai pa\u017eangios \u017eirkl\u0117s, skirtos augintinio nagams kirpti, sukurtos maksimaliam saugumui ir patogumui. Tvirta konstrukcija, pagaminta i\u0161 patvaraus ABS plastiko, ir auk\u0161\u010diausios kokyb\u0117s a\u0161menys leid\u017eia tiksliai ir efektyviai kirpti nagus. Stilingas dizainas su od\u0105 primenan\u010dia tekst\u016bra ir ergonomi\u0161ka rankena garantuoja saug\u0173 ir patog\u0173 [&#8230;]\n","protected":false},"featured_media":15650,"comment_status":"open","ping_status":"closed","template":"","meta":[],"product_brand":[279],"product_cat":[1241],"product_tag":[],"class_list":{"0":"post-15649","1":"product","2":"type-product","3":"status-publish","4":"has-post-thumbnail","6":"product_brand-petkit","7":"product_cat-animal-care","9":"first","10":"outofstock","11":"taxable","12":"shipping-taxable","13":"purchasable","14":"product-type-simple"},"aioseo_notices":[],"_links":{"self":[{"href":"https:\/\/asura.lv\/lt\/wp-json\/wp\/v2\/product\/15649","targetHints":{"allow":["GET"]}}],"collection":[{"href":"https:\/\/asura.lv\/lt\/wp-json\/wp\/v2\/product"}],"about":[{"href":"https:\/\/asura.lv\/lt\/wp-json\/wp\/v2\/types\/product"}],"replies":[{"embeddable":true,"href":"https:\/\/asura.lv\/lt\/wp-json\/wp\/v2\/comments?post=15649"}],"wp:featuredmedia":[{"embeddable":true,"href":"https:\/\/asura.lv\/lt\/wp-json\/wp\/v2\/media\/15650"}],"wp:attachment":[{"href":"https:\/\/asura.lv\/lt\/wp-json\/wp\/v2\/media?parent=15649"}],"wp:term":[{"taxonomy":"product_brand","embeddable":true,"href":"https:\/\/asura.lv\/lt\/wp-json\/wp\/v2\/product_brand?post=15649"},{"taxonomy":"product_cat","embeddable":true,"href":"https:\/\/asura.lv\/lt\/wp-json\/wp\/v2\/product_cat?post=15649"},{"taxonomy":"product_tag","embeddable":true,"href":"https:\/\/asura.lv\/lt\/wp-json\/wp\/v2\/product_tag?post=15649"}],"curies":[{"name":"wp","href":"https:\/\/api.w.org\/{rel}","templated":true}]}}