{"id":15793,"date":"2025-11-28T23:08:47","date_gmt":"2025-11-28T23:08:47","guid":{"rendered":"https:\/\/asura.lv\/product\/tws-qcy-melobuds-ht12-headphones-black\/"},"modified":"2025-12-12T15:53:49","modified_gmt":"2025-12-12T13:53:49","slug":"tws-qcy-melobuds-ht12-headphones-black","status":"publish","type":"product","link":"https:\/\/asura.lv\/lt\/produktas\/tws-qcy-melobuds-ht12-headphones-black\/","title":{"rendered":"TWS QCY MeloBuds HT12 ausin\u0117s (juodos)"},"content":{"rendered":"<h3>TWS QCY MeloBuds HT12 ausin\u0117s (juodos)<\/h3>\n<p>QCY MeloBuds HT12 \u2013 tai ausin\u0117s tiems, kurie vertina auk\u0161tos kokyb\u0117s gars\u0105, komfort\u0105 ir modernias funkcijas. Nesvarbu, ar klausot\u0117s muzikos, kalbat\u0117s, ar \u017eaid\u017eiate, \u0161ios ausin\u0117s pateisins j\u016bs\u0173 l\u016bkes\u010dius. Rinkit\u0117s \u201eMeloBuds HT12\u201c ir patirkite gars\u0105 visi\u0161kai naujame lygyje.<\/p>\n<p>\n<img decoding=\"async\" border=\"0\" src=\"https:\/\/assets.innpro.pl\/12250\/14543\/6.jpg\"\/>\n<\/p>\n<h3>Auk\u0161\u010diausio lygio i\u0161manus triuk\u0161mo slopinimas<\/h3>\n<p>D\u0117l pa\u017eangios QCY adaptyvios triuk\u0161mo slopinimo technologijos \u201eMeloBuds HT12\u201c efektyviai pa\u0161alina iki 97 % aplinkos gars\u0173, pasiekdamos -45 dB suma\u017einim\u0105. Ausin\u0117s automati\u0161kai pritaiko triuk\u0161mo slopinimo lyg\u012f prie j\u016bs\u0173 aplinkos, si\u016blydamos keturis re\u017eimus: patalp\u0173 viduje, kelyje, minios ir v\u0117jo triuk\u0161mo slopinim\u0105. Taigi galite m\u0117gautis tobulu garsu, nesvarbu, ar esate biure, ar vaik\u0161tote v\u0117juot\u0105 dien\u0105.<\/p>\n<p>\n<img decoding=\"async\" border=\"0\" src=\"https:\/\/assets.innpro.pl\/12250\/14543\/3.jpg\"\/>\n<\/p>\n<h3>Nat\u016bralus bendravimas ir kri\u0161tolo skaidrumo garsas<\/h3>\n<p>\u0160e\u0161i mikrofonai su ENC technologija ir patentuota v\u0117jo triuk\u0161mo slopinimo konstrukcija leid\u017eia kalb\u0117ti be trukd\u017ei\u0173. Ausin\u0117s tiksliai fiksuoja j\u016bs\u0173 bals\u0105, suma\u017eindamos fonin\u012f ir v\u0117jo keliam\u0105 triuk\u0161m\u0105, tod\u0117l jos idealiai tinka tiek darbui, tiek kasdieniam naudojimui.<\/p>\n<p>\n<img decoding=\"async\" border=\"0\" src=\"https:\/\/assets.innpro.pl\/12250\/14543\/2.jpg\"\/>\n<\/p>\n<h3>\u017davingas garsas<\/h3>\n<p>\u012erengtos 12 milimetr\u0173 dinaminiu garsiakalbiu su biomembrana, \u201eMeloBuds HT12\u201c atkuria detaliai sodr\u0173 ir gil\u0173 gars\u0105. Tur\u0117dami devynis i\u0161 anksto nustatytus ekvalaizerio nustatymus, galite pritaikyti gars\u0105 bet kokiam muzikos \u017eanrui \u2013 nuo \u200b\u200broko iki klasikin\u0117s. Speciali QCY program\u0117l\u0117 leid\u017eia lengvai rasti tobulus nustatymus, kad pagerintum\u0117te m\u0117gstamas melodijas.<\/p>\n<p>\n<img decoding=\"async\" border=\"0\" src=\"https:\/\/assets.innpro.pl\/12250\/14543\/5.jpg\"\/>\n<\/p>\n<h3>Ma\u017eo dyd\u017eio, didel\u0117s galimyb\u0117s<\/h3>\n<p>Vienos \u201eMeloBuds HT12\u201c ausin\u0117s sveria vos 4 gramus, tod\u0117l \u0161is modelis yra 15 % ma\u017eesnis nei standartin\u0117s ausin\u0117s. Tai u\u017etikrina i\u0161skirtin\u012f d\u0117v\u0117jimo komfort\u0105 net ir valand\u0173 valandas. D\u0117l IPX4 atsparumo vandeniui jos yra atsparios vandens purslams, tod\u0117l puikiai tiks tiek lietui, tiek intensyvi\u0173 treniruo\u010di\u0173 metu.<\/p>\n<p>\n<img decoding=\"async\" border=\"0\" src=\"https:\/\/assets.innpro.pl\/12250\/14543\/8.jpg\"\/>\n<\/p>\n<h3>Ilgalaikis komfortas ir modernios funkcijos<\/h3>\n<p>Su \u012fkrovimo d\u0117klu galite klausytis muzikos iki 24 valand\u0173. Vos 10 minu\u010di\u0173 \u012fkrovimas leis ausin\u0117ms veikti dar 2 valandas. 68 ms ma\u017eo delsos re\u017eimas u\u017etikrina skland\u017ei\u0105 \u017eaidim\u0173 patirt\u012f, o daugiata\u0161k\u0117 funkcija leid\u017eia vienu metu prijungti du \u012frenginius. D\u0117l jutiklinio valdymo ir suderinamumo su \u201eAndroid\u201c bei \u201eiOS\u201c \u201eMeloBuds HT12\u201c yra patogumo sinonimas.<\/p>\n<p>\n<img decoding=\"async\" border=\"0\" src=\"https:\/\/assets.innpro.pl\/12250\/14543\/1.jpg\"\/>\n<\/p>\n<h3>Suasmeninimas vos vienu spustel\u0117jimu<\/h3>\n<p>\u201eQCY\u201c program\u0117l\u0117 suteikia jums visi\u0161k\u0105 ausini\u0173 valdym\u0105. Vienu spustel\u0117jimu galite tinkinti EQ, keisti jutiklinio valdymo funkcijas, naudoti greit\u0105 susiejim\u0105 ir rasti pamestas ausines. Be to, ausin\u0117se \u012fmontuotas jutiklinis skydelis leis greitai ir patogiai valdyti tokias funkcijas kaip grojam\u0173 dain\u0173 keitimas, skambu\u010di\u0173 atsiliepimas ir atmetimas, balso asistento \u012fjungimas ir daug daugiau.<\/p>\n<p>\n<img decoding=\"async\" border=\"0\" src=\"https:\/\/assets.innpro.pl\/12250\/14543\/4.jpg\"\/>\n<\/p>\n<h3>Pridedama<\/h3>\n<ul class=\"list-disc pl-5\">\n<li>ausin\u0117s<\/li>\n<li>\u012fkrovimo d\u0117klas<\/li>\n<li>naudotojo vadovas<\/li>\n<\/ul>\n<div class=\"table-wrapper\">\n<p>\u0412\u00a0<\/p>\n<h3><\/h3>\n<table>\n<tbody>\n<tr>\n<th>Gamintojas<\/th>\n<td>QCY<\/td>\n<\/tr>\n<tr>\n<th>Modelis<\/th>\n<td>MeloBuds HT12<\/td>\n<\/tr>\n<tr>\n<th>Spalva<\/th>\n<td>juoda<\/td>\n<\/tr>\n<tr>\n<th>\u201eBluetooth\u201c versija<\/th>\n<td>5.4<\/td>\n<\/tr>\n<tr>\n<th>Suderinamos operacin\u0117s sistemos<\/th>\n<td>iOS, \u201eAndroid\u201c<\/td>\n<\/tr>\n<tr>\n<th>\u201eBluetooth\u201c diapazonas<\/th>\n<td>10 metr\u0173<\/td>\n<\/tr>\n<tr>\n<th>Ma\u017eas delsos laikas<\/th>\n<td>68 ms<\/td>\n<\/tr>\n<tr>\n<th>Speciali program\u0117l\u0117<\/th>\n<td>QCY program\u0117l\u0117<\/td>\n<\/tr>\n<tr>\n<th>Keitikliai<\/th>\n<td>12 mm<\/td>\n<\/tr>\n<tr>\n<th>EQ nustatym\u0173 skai\u010dius<\/th>\n<td>9 (\u012fprastas, pop, rokas, \u0161velnus, klasikinis, \u012ftraukiantis, sustiprintas, sustiprintas vokalas, skaidrus)<\/td>\n<\/tr>\n<tr>\n<th>Veikimo laikas<\/th>\n<td>24 valandos su \u012fkrovimo d\u0117klu (18 valand\u0173 su \u012fjungtu ANC), 6 valandos be \u012fkrovimo d\u0117klo (4 valandos su \u012fjungtu ANC)<\/td>\n<\/tr>\n<tr>\n<th>\u201eBluetooth\u201c profiliai<\/th>\n<td>HFP\/A2DP\/AVRCP<\/td>\n<\/tr>\n<tr>\n<th>\u012ekrovimo d\u0117klo akumuliatoriaus talpa<\/th>\n<td>380 mAh<\/td>\n<\/tr>\n<tr>\n<th>Telefono akumuliatoriaus talpa<\/th>\n<td>35 mAh<\/td>\n<\/tr>\n<tr>\n<th>\u012ekrovimo prievadas<\/th>\n<td>USB-C<\/td>\n<\/tr>\n<tr>\n<th>Atsparumas vandeniui<\/th>\n<td>IPX4<\/td>\n<\/tr>\n<tr>\n<th>\u012ekrovimo d\u0117klo matmenys<\/th>\n<td>50,2 x 58 x 25 mm<\/td>\n<\/tr>\n<tr>\n<th>Ausini\u0173 matmenys<\/th>\n<td>55,5 x 24,5 mm<\/td>\n<\/tr>\n<tr>\n<th>Telefono svoris<\/th>\n<td>4 g<\/td>\n<\/tr>\n<tr>\n<th>\u012ekrovimo d\u0117klo skai\u010dius mikrofonai<\/th>\n<td>6<\/td>\n<\/tr>\n<tr>\n<th>ANC re\u017eimai<\/th>\n<td>4 (patalpose, kelyje, minioje, prie\u0161 stipr\u0173 v\u0117j\u0105)<\/td>\n<\/tr>\n<tr>\n<th>Triuk\u0161mo ma\u017einimas<\/th>\n<td>-45 dB, 97 % ma\u017einimas<\/td>\n<\/tr>\n<\/tbody>\n<\/table>\n<\/div>\n","protected":false},"excerpt":{"rendered":"<p>TWS QCY MeloBuds HT12 ausin\u0117s (juodos) QCY MeloBuds HT12 \u2013 tai ausin\u0117s tiems, kurie vertina auk\u0161tos kokyb\u0117s gars\u0105, komfort\u0105 ir modernias funkcijas. Nesvarbu, ar klausot\u0117s muzikos, kalbat\u0117s, ar \u017eaid\u017eiate, \u0161ios ausin\u0117s pateisins j\u016bs\u0173 l\u016bkes\u010dius. Rinkit\u0117s \u201eMeloBuds HT12\u201c ir patirkite gars\u0105 visi\u0161kai naujame lygyje. Auk\u0161\u010diausio lygio i\u0161manus triuk\u0161mo slopinimas D\u0117l pa\u017eangios QCY adaptyvios triuk\u0161mo slopinimo technologijos [&#8230;]\n","protected":false},"featured_media":15794,"comment_status":"open","ping_status":"closed","template":"","meta":[],"product_brand":[396],"product_cat":[956],"product_tag":[],"class_list":{"0":"post-15793","1":"product","2":"type-product","3":"status-publish","4":"has-post-thumbnail","6":"product_brand-qcy","7":"product_cat-tws","9":"first","10":"outofstock","11":"taxable","12":"shipping-taxable","13":"purchasable","14":"product-type-simple"},"aioseo_notices":[],"_links":{"self":[{"href":"https:\/\/asura.lv\/lt\/wp-json\/wp\/v2\/product\/15793","targetHints":{"allow":["GET"]}}],"collection":[{"href":"https:\/\/asura.lv\/lt\/wp-json\/wp\/v2\/product"}],"about":[{"href":"https:\/\/asura.lv\/lt\/wp-json\/wp\/v2\/types\/product"}],"replies":[{"embeddable":true,"href":"https:\/\/asura.lv\/lt\/wp-json\/wp\/v2\/comments?post=15793"}],"wp:featuredmedia":[{"embeddable":true,"href":"https:\/\/asura.lv\/lt\/wp-json\/wp\/v2\/media\/15794"}],"wp:attachment":[{"href":"https:\/\/asura.lv\/lt\/wp-json\/wp\/v2\/media?parent=15793"}],"wp:term":[{"taxonomy":"product_brand","embeddable":true,"href":"https:\/\/asura.lv\/lt\/wp-json\/wp\/v2\/product_brand?post=15793"},{"taxonomy":"product_cat","embeddable":true,"href":"https:\/\/asura.lv\/lt\/wp-json\/wp\/v2\/product_cat?post=15793"},{"taxonomy":"product_tag","embeddable":true,"href":"https:\/\/asura.lv\/lt\/wp-json\/wp\/v2\/product_tag?post=15793"}],"curies":[{"name":"wp","href":"https:\/\/api.w.org\/{rel}","templated":true}]}}