{"id":16063,"date":"2025-11-28T23:08:22","date_gmt":"2025-11-28T23:08:22","guid":{"rendered":"https:\/\/asura.lv\/product\/phomemo-d30-portable-label-printer-black\/"},"modified":"2025-12-12T15:53:32","modified_gmt":"2025-12-12T13:53:32","slug":"phomemo-d30-portable-label-printer-black","status":"publish","type":"product","link":"https:\/\/asura.lv\/lt\/produktas\/phomemo-d30-portable-label-printer-black\/","title":{"rendered":"Ne\u0161iojamas etike\u010di\u0173 spausdintuvas \u201ePhomemo D30\u201c (juodas)"},"content":{"rendered":"<h3>Ne\u0161iojamas etike\u010di\u0173 spausdintuvas \u201ePhomemo D30\u201c (juodas)<\/h3>\n<p>\u201ePhomemo D30\u201c yra patogus etike\u010di\u0173 spausdintuvas, leid\u017eiantis greitai ir lengvai kurti suasmenintas etiketes. D\u0117l kompakti\u0161ko dizaino ir nauding\u0173 funkcij\u0173 \u0161is \u012frenginys idealiai tinka namams, biurui ar mokyklai. Be to, speciali programa leid\u017eia pasirinkti i\u0161 galim\u0173 \u0161ablon\u0173.<\/p>\n<p>\n<img decoding=\"async\" alt=\"\" border=\"0\" src=\"https:\/\/assets.innpro.pl\/11425\/13539\/2.jpg\"\/>\n<\/p>\n<h3>Universalios taikymo sritys<\/h3>\n<p>\u201ePhomemo D30\u201c yra universalus organizavimo \u012frankis. Jis puikiai tinka prieskoni\u0173 indeli\u0173 \u017eenklinimui virtuv\u0117je, kabeli\u0173 etike\u010di\u0173 k\u016brimui biure arba kasdieni\u0173 produkt\u0173 pakuo\u010di\u0173 pasira\u0161ymui. Tur\u0117damas galimyb\u0119 generuoti QR kodus ir br\u016bk\u0161ninius kodus, spausdintuvas taip pat naudojamas profesionaliam produkt\u0173, toki\u0173 kaip papuo\u0161alai ar kosmetika, \u017eenklinimui.<\/p>\n<p>\n<img decoding=\"async\" alt=\"\" border=\"0\" src=\"https:\/\/assets.innpro.pl\/11425\/13539\/8.jpg\"\/>\n<\/p>\n<h3>Intuityvus valdymas<\/h3>\n<p>Spausdintuvas veikia su mobili\u0105ja program\u0117le, skirta \u201eiOS\u201c ir \u201eAndroid\u201c \u012frenginiams. Joje galite rinktis i\u0161 paruo\u0161t\u0173 \u0161ablon\u0173 arba kurti savo dizain\u0105 prid\u0117dami tekst\u0105, piktogramas, r\u0117melius ar kodus. Spausdinimo procesas yra intuityvus, o operacijai atlikti reikia tik vieno paspaudimo.<\/p>\n<p>\n<img decoding=\"async\" alt=\"\" border=\"0\" src=\"https:\/\/assets.innpro.pl\/11425\/13539\/1.jpg\"\/>\n<\/p>\n<h3>Auk\u0161ta kokyb\u0117 ir patvarumas<\/h3>\n<p>\u201ePhomemo D30\u201c spausdintuvas naudoja terminio spausdinimo technologij\u0105, tod\u0117l jam nereikia ra\u0161alo ar toneri\u0173. Etiket\u0117s yra patvarios, atsparios blukimui ir ilgai i\u0161lieka \u012fskaitomos. Spausdintuvas palaiko tiek i\u0161 anksto supjaustytas etiketes, tiek ritin\u0117lius, skirtus nepertraukiamam \u017eenklinimui.<\/p>\n<p>\n<img decoding=\"async\" alt=\"\" border=\"0\" src=\"https:\/\/assets.innpro.pl\/11425\/13539\/6.jpg\"\/>\n<\/p>\n<h3>Pridedama<\/h3>\n<ul class=\"list-disc pl-5\">\n<li>terminis spausdintuvas<\/li>\n<li>naudojimo instrukcija<\/li>\n<li>USB laidas<\/li>\n<li>etike\u010di\u0173 ritin\u0117lis 12 x 40 mm<\/li>\n<\/ul>\n<div class=\"table-wrapper\">\n<p>B\u00a0<\/p>\n<h3><\/h3>\n<table>\n<tbody>\n<tr>\n<th>Gamintojas<\/th>\n<td>Phomemo<\/td>\n<\/tr>\n<tr>\n<th>Modelis<\/th>\n<td>D30-BK<\/td>\n<\/tr>\n<tr>\n<th>Spalva<\/th>\n<td>juoda<\/td>\n<\/tr>\n<tr>\n<th>Spausdinimo plotis<\/th>\n<td>12\u201315 mm<\/td>\n<\/tr>\n<tr>\n<th>Spausdinimo technologija<\/th>\n<td>terminis spausdinimas<\/td>\n<\/tr>\n<tr>\n<th>Spaudini\u0173 tipas<\/th>\n<td>juoda ir balta<\/td>\n<\/tr>\n<tr>\n<th>Rai\u0161ka<\/th>\n<td>203 DPI<\/td>\n<\/tr>\n<tr>\n<th>Ry\u0161ys<\/th>\n<td>\u201eBluetooth\u201c<\/td>\n<\/tr>\n<tr>\n<th>Matmenys<\/th>\n<td>136,5 x 75,5 x 29 mm<\/td>\n<\/tr>\n<tr>\n<th>Svoris<\/th>\n<td>257,8 g<\/td>\n<\/tr>\n<tr>\n<th>\u012e\u0117jimo \u012ftampa<\/th>\n<td>5 V \/ 2 A<\/td>\n<\/tr>\n<tr>\n<th>Suderinamumas<\/th>\n<td>\u201eAndroid\u201c, \u201eiOS\u201c<\/td>\n<\/tr>\n<tr>\n<th>Programa<\/th>\n<td>\u201ePrint Master\u201c<\/td>\n<\/tr>\n<tr>\n<th>Maitinimo \u0161altinis<\/th>\n<td>laidas \/ \u012fkraunama li\u010dio baterija<\/td>\n<\/tr>\n<tr>\n<th>Baterijos talpa<\/th>\n<td>1000 mAh<\/td>\n<\/tr>\n<tr>\n<th>\u012ekrovimo prievadas<\/th>\n<td>\u201emicroUSB\u201c<\/td>\n<\/tr>\n<\/tbody>\n<\/table>\n<\/div>\n","protected":false},"excerpt":{"rendered":"<p>Ne\u0161iojamas etike\u010di\u0173 spausdintuvas \u201ePhomemo D30\u201c (juodas) \u201ePhomemo D30\u201c yra patogus etike\u010di\u0173 spausdintuvas, leid\u017eiantis greitai ir lengvai kurti suasmenintas etiketes. D\u0117l kompakti\u0161ko dizaino ir nauding\u0173 funkcij\u0173 \u0161is \u012frenginys idealiai tinka namams, biurui ar mokyklai. Be to, speciali programa leid\u017eia pasirinkti i\u0161 galim\u0173 \u0161ablon\u0173. Universalios taikymo sritys \u201ePhomemo D30\u201c yra universalus organizavimo \u012frankis. Jis puikiai tinka prieskoni\u0173 [&#8230;]\n","protected":false},"featured_media":16064,"comment_status":"open","ping_status":"closed","template":"","meta":[],"product_brand":[700],"product_cat":[1022],"product_tag":[],"class_list":{"0":"post-16063","1":"product","2":"type-product","3":"status-publish","4":"has-post-thumbnail","6":"product_brand-phomemo","7":"product_cat-labels","9":"first","10":"outofstock","11":"taxable","12":"shipping-taxable","13":"purchasable","14":"product-type-simple"},"aioseo_notices":[],"_links":{"self":[{"href":"https:\/\/asura.lv\/lt\/wp-json\/wp\/v2\/product\/16063","targetHints":{"allow":["GET"]}}],"collection":[{"href":"https:\/\/asura.lv\/lt\/wp-json\/wp\/v2\/product"}],"about":[{"href":"https:\/\/asura.lv\/lt\/wp-json\/wp\/v2\/types\/product"}],"replies":[{"embeddable":true,"href":"https:\/\/asura.lv\/lt\/wp-json\/wp\/v2\/comments?post=16063"}],"wp:featuredmedia":[{"embeddable":true,"href":"https:\/\/asura.lv\/lt\/wp-json\/wp\/v2\/media\/16064"}],"wp:attachment":[{"href":"https:\/\/asura.lv\/lt\/wp-json\/wp\/v2\/media?parent=16063"}],"wp:term":[{"taxonomy":"product_brand","embeddable":true,"href":"https:\/\/asura.lv\/lt\/wp-json\/wp\/v2\/product_brand?post=16063"},{"taxonomy":"product_cat","embeddable":true,"href":"https:\/\/asura.lv\/lt\/wp-json\/wp\/v2\/product_cat?post=16063"},{"taxonomy":"product_tag","embeddable":true,"href":"https:\/\/asura.lv\/lt\/wp-json\/wp\/v2\/product_tag?post=16063"}],"curies":[{"name":"wp","href":"https:\/\/api.w.org\/{rel}","templated":true}]}}