{"id":16087,"date":"2025-11-28T23:08:20","date_gmt":"2025-11-28T23:08:20","guid":{"rendered":"https:\/\/asura.lv\/product\/niimbot-b1-mobile-thermal-label-printer-gray\/"},"modified":"2025-12-12T15:53:29","modified_gmt":"2025-12-12T13:53:29","slug":"niimbot-b1-mobile-thermal-label-printer-gray","status":"publish","type":"product","link":"https:\/\/asura.lv\/lt\/produktas\/niimbot-b1-mobile-thermal-label-printer-gray\/","title":{"rendered":"\u201eNiimbot B1\u201c mobilusis terminis etike\u010di\u0173 spausdintuvas, pilkas"},"content":{"rendered":"<h3><strong>Belaidis etike\u010di\u0173 spausdintuvas \u201eNiimbot B1\u201c (pilkas)<\/strong><\/h3>\n<p>Ne\u0161iojamasis terminis etike\u010di\u0173 spausdintuvas \u201eNiimbot B1\u201c yra dar vienas \u012frenginio modelis, supaprastinantis kasdienes u\u017eduotis. Jis palaiko \u201eBluetooth\u201c ir veikia su \u201eiOS\u201c bei \u201eAndroid\u201c operacin\u0117mis sistemomis, tod\u0117l lengva sukurti tobul\u0105 etiket\u0119 15\u201360 mm plo\u010dio diapazone tiesiai i\u0161 telefono ir atsispausdinti j\u0105 nenaudojant ra\u0161alo. Atsipalaiduokite atlikdami kasdienes u\u017eduotis.<\/p>\n<p>\n<img decoding=\"async\" border=\"0\" src=\"https:\/\/assets.innpro.pl\/11318\/13424\/1.jpg\"\/>\n<\/p>\n<h3><strong>K\u016brybi\u0161ki dizainai<\/strong><\/h3>\n<p>\u201eNiimbot B1\u201c yra nuostabi priemon\u0117 j\u016bs\u0173 k\u016brybiniams projektams. Program\u0117l\u0117je yra biblioteka, kurioje rasite plat\u0173 piktogram\u0173, lenteli\u0173, r\u0117meli\u0173, kod\u0173 ir \u0161rift\u0173 pasirinkim\u0105 i\u0161 skirting\u0173 kategorij\u0173. S\u0117kmingai spausdinsite etiketes, susijusias su \u012fvairiais poreikiais \u2013 parduotuvi\u0173 etiket\u0117mis, konserv\u0173 ir biuro reikmen\u0173 etiket\u0117mis. J\u016bs\u0173 k\u016brybi\u0161kumui rib\u0173 n\u0117ra.<\/p>\n<p>\n<img decoding=\"async\" border=\"0\" src=\"https:\/\/assets.innpro.pl\/11318\/13424\/2.jpg\"\/>\n<\/p>\n<h3><strong>Naudokite be komplikacij\u0173<\/strong><\/h3>\n<p>Nar\u0161yti program\u0105 \u2013 vienas malonumas. Vos keli paspaudimai ekrane ir j\u016bs\u0173 etiket\u0117 paruo\u0161ta. D\u0117l balso atpa\u017einimo ir QR kodo nuskaitymo darbas su \u201eNiimbot B1\u201c tampa dar paprastesnis ir intuityvesnis, ypa\u010d kai reikia spausdinti dideliu mastu. Spausdintuvas palaiko 15\u201360 mm plo\u010dio popieriaus ritin\u0117lius, tod\u0117l galite spausdinti tiek pla\u010dias, tiek gana siauras etiketes, pavyzd\u017eiui, papuo\u0161alams.<\/p>\n<p>\n<img decoding=\"async\" border=\"0\" src=\"https:\/\/assets.innpro.pl\/11318\/13424\/3.jpg\"\/>\n<\/p>\n<h3><strong>Ekologi\u0161kas pasirinkimas<\/strong><\/h3>\n<p>Terminis spausdintuvas yra puikus pasirinkimas tiems, kurie vertina ekologi\u0161k\u0105 po\u017ei\u016br\u012f \u012f kasdien\u012f gyvenim\u0105. \u201eNiimbot B1\u201c nereikia ra\u0161alo, tod\u0117l nereikia reguliariai i\u0161mesti naudot\u0173 dali\u0173 ir pirkti nauj\u0173. Rinkit\u0117s sprendimus, kurie yra draugi\u0161ki aplinkai ir j\u016bs\u0173 piniginei!<\/p>\n<p>\n<img decoding=\"async\" border=\"0\" src=\"https:\/\/assets.innpro.pl\/11318\/13424\/5.jpg\"\/>\n<\/p>\n<h3><strong>Mobilumas ir na\u0161umas<\/strong><\/h3>\n<p>Galinga 1500 mAh baterija u\u017etikrina ilgalaik\u012f naudojim\u0105, o pridedamas USB-C laidas leid\u017eia greitai \u012fkrauti. D\u0117l lengvo ir kompakti\u0161ko dizaino (293 g) \u201eNiimbot B1\u201c idealiai tinka tiems, kuriems reikia spausdintuvo lauke.<\/p>\n<p><\/p>\n<p>\n<img decoding=\"async\" border=\"0\" src=\"https:\/\/assets.innpro.pl\/11318\/13424\/4.jpg\"\/>\n<\/p>\n<h3><strong>Pridedama<\/strong><\/h3>\n<ul class=\"list-disc pl-5\">\n<li>Spausdintuvas<\/li>\n<li>USB laidas<\/li>\n<li>Etiket\u0117s popieriaus ritin\u0117lis<\/li>\n<li>Naudotojo vadovas<\/li>\n<\/ul>\n<div class=\"table-wrapper\">\n<p>B\u00a0<\/p>\n<h3><\/h3>\n<table>\n<tbody>\n<tr>\n<th>Gamintojas<\/th>\n<td>Niimbot<\/td>\n<\/tr>\n<tr>\n<th>Modelis<\/th>\n<td>B1<\/td>\n<\/tr>\n<tr>\n<th>Spalva<\/th>\n<td>Pilka<\/td>\n<\/tr>\n<tr>\n<th>Spausdinimo b\u016bdas<\/th>\n<td>Terminis spausdinimas<\/td>\n<\/tr>\n<tr>\n<th>Spausdinimo plotis<\/th>\n<td>20\u201348 mm<\/td>\n<\/tr>\n<tr>\n<th>Spausdinimo rai\u0161ka<\/th>\n<td>203 dpi<\/td>\n<\/tr>\n<tr>\n<th>\u012ekrovimo laikas<\/th>\n<td>3,5\u20134 valandos<\/td>\n<\/tr>\n<tr>\n<th>Baterijos talpa<\/th>\n<td>1500 mAh<\/td>\n<\/tr>\n<tr>\n<th>\u012ekrovimo prievadas<\/th>\n<td>USB C tipo<\/td>\n<\/tr>\n<tr>\n<th>Ry\u0161is<\/th>\n<td>\u201eBluetooth\u201c, C tipo<\/td>\n<\/tr>\n<tr>\n<th>\u012evestis<\/th>\n<td>5 V nuolatin\u0117 srov\u0117, 1 A<\/td>\n<\/tr>\n<tr>\n<th>Darbin\u0117 temperat\u016bra<\/th>\n<td>5\u201340 \u00b0C<\/td>\n<\/tr>\n<tr>\n<th>Svoris<\/th>\n<td>293 g<\/td>\n<\/tr>\n<tr>\n<th>Matmenys<\/th>\n<td>132 x 91,2 x 61,6 mm<\/td>\n<\/tr>\n<\/tbody>\n<\/table>\n<\/div>\n","protected":false},"excerpt":{"rendered":"<p>Belaidis etike\u010di\u0173 spausdintuvas \u201eNiimbot B1\u201c (pilkas) Ne\u0161iojamasis terminis etike\u010di\u0173 spausdintuvas \u201eNiimbot B1\u201c yra dar vienas \u012frenginio modelis, supaprastinantis kasdienes u\u017eduotis. Jis palaiko \u201eBluetooth\u201c ir veikia su \u201eiOS\u201c bei \u201eAndroid\u201c operacin\u0117mis sistemomis, tod\u0117l lengva sukurti tobul\u0105 etiket\u0119 15\u201360 mm plo\u010dio diapazone tiesiai i\u0161 telefono ir atsispausdinti j\u0105 nenaudojant ra\u0161alo. Atsipalaiduokite atlikdami kasdienes u\u017eduotis. K\u016brybi\u0161ki dizainai \u201eNiimbot [&#8230;]\n","protected":false},"featured_media":16088,"comment_status":"open","ping_status":"closed","template":"","meta":[],"product_brand":[470],"product_cat":[1022],"product_tag":[],"class_list":{"0":"post-16087","1":"product","2":"type-product","3":"status-publish","4":"has-post-thumbnail","6":"product_brand-niimbot","7":"product_cat-labels","9":"first","10":"outofstock","11":"taxable","12":"shipping-taxable","13":"purchasable","14":"product-type-simple"},"aioseo_notices":[],"_links":{"self":[{"href":"https:\/\/asura.lv\/lt\/wp-json\/wp\/v2\/product\/16087","targetHints":{"allow":["GET"]}}],"collection":[{"href":"https:\/\/asura.lv\/lt\/wp-json\/wp\/v2\/product"}],"about":[{"href":"https:\/\/asura.lv\/lt\/wp-json\/wp\/v2\/types\/product"}],"replies":[{"embeddable":true,"href":"https:\/\/asura.lv\/lt\/wp-json\/wp\/v2\/comments?post=16087"}],"wp:featuredmedia":[{"embeddable":true,"href":"https:\/\/asura.lv\/lt\/wp-json\/wp\/v2\/media\/16088"}],"wp:attachment":[{"href":"https:\/\/asura.lv\/lt\/wp-json\/wp\/v2\/media?parent=16087"}],"wp:term":[{"taxonomy":"product_brand","embeddable":true,"href":"https:\/\/asura.lv\/lt\/wp-json\/wp\/v2\/product_brand?post=16087"},{"taxonomy":"product_cat","embeddable":true,"href":"https:\/\/asura.lv\/lt\/wp-json\/wp\/v2\/product_cat?post=16087"},{"taxonomy":"product_tag","embeddable":true,"href":"https:\/\/asura.lv\/lt\/wp-json\/wp\/v2\/product_tag?post=16087"}],"curies":[{"name":"wp","href":"https:\/\/api.w.org\/{rel}","templated":true}]}}