{"id":16309,"date":"2025-11-28T23:07:02","date_gmt":"2025-11-28T23:07:02","guid":{"rendered":"https:\/\/asura.lv\/product\/rojeco-2l-automatic-pet-feeder-button-version\/"},"modified":"2025-12-12T15:52:33","modified_gmt":"2025-12-12T13:52:33","slug":"rojeco-2l-automatic-pet-feeder-button-version","status":"publish","type":"product","link":"https:\/\/asura.lv\/lt\/produktas\/rojeco-2l-automatic-pet-feeder-button-version\/","title":{"rendered":"\u201eRojeco 2L\u201c automatinis namini\u0173 gyv\u016bn\u0117li\u0173 \u0161\u0117rykla su mygtukais"},"content":{"rendered":"<h3>\u201eRojeco\u201c i\u0161manusis 2 l namini\u0173 gyv\u016bn\u0117li\u0173 \u0161\u0117ryklos mygtukin\u0117 versija<\/h3>\n<p>Rinkit\u0117s \u201eRojeco\u201c si\u016blom\u0105 sprendim\u0105, kad pasir\u016bpintum\u0117te tinkama savo augintinio mityba. I\u0161manusis namini\u0173 gyv\u016bn\u0117li\u0173 \u0117dalo dozatorius turi 2 litr\u0173 talpos ind\u0105, kuriame maisto gali u\u017etekti net 10 dien\u0173. Naudodami specialius mygtukus, suplanuosite \u0161\u0117rimo laik\u0105 ir dienos maitinim\u0173 skai\u010di\u0173. \u012erenginys neleid\u017eia maistui \u012fstrigti, o prakti\u0161ki indikatoriai suteikia svarbios informacijos apie jo veikim\u0105. J\u012f galite maitinti dviem b\u016bdais, ir jums nekils joki\u0173 sunkum\u0173 j\u012f valant. D\u0117l rafinuoto dizaino jis tinka augintiniams. <\/p>\n<p><img decoding=\"async\" src=\"https:\/\/b2b.innpro.pl\/data\/include\/cms\/Rojeco\/RWSQ-02\/5.jpg\" alt=\"Rojeco\/RWSQ-02\/5\"><\/p>\n<h3>2 l talpa<\/h3>\n<p>I\u0161manusis \u201eRojeco\u201c maisto dozatorius pasi\u017eymi iki 2 litr\u0173 talpa, tod\u0117l gali apr\u016bpinti kates ar ma\u017eus \u0161unis maistu 10 dien\u0173. Taigi galite nesijaudindami leistis \u012f atostogas, \u017einodami, kad j\u016bs\u0173 mylimas augintinis taip pat bus gerai maitinamas, kol j\u016bs\u0173 n\u0117ra.<\/p>\n<p><img decoding=\"async\" src=\"https:\/\/b2b.innpro.pl\/data\/include\/cms\/Rojeco\/RWSQ-02\/2.jpg\" alt=\"Rojeco\/RWSQ-02\/2\"><\/p>\n<h3>Maisto planavimas<\/h3>\n<p>Suplanuokite maitinimo grafik\u0105, pritaikyt\u0105 j\u016bs\u0173 augintinio poreikiams. I\u0161manusis \u201eRojeco\u201c dozatorius per dien\u0105 j\u016bs\u0173 augintiniui suteikia nuo 1 iki 6 \u0117dal\u0173, kuriuos gali sudaryti iki 16 porcij\u0173 maisto.<\/p>\n<p><img decoding=\"async\" src=\"https:\/\/b2b.innpro.pl\/data\/include\/cms\/Rojeco\/RWSQ-02\/9.jpg\" alt=\"Rojeco\/RWSQ-02\/9\"><\/p>\n<h3>2 maitinimo b\u016bdai<\/h3>\n<p>\u012erengin\u012f galite maitinti dviem b\u016bdais \u2013 naudodami pridedam\u0105 USB laid\u0105 arba 4 AA baterijas (\u012fsigyjamas atskirai). Nutr\u016bkus elektros tiekimui, dozatorius automati\u0161kai persijungia \u012f avarin\u012f maitinimo re\u017eim\u0105, kad j\u016bs\u0173 keturkojis draugas gal\u0117t\u0173 valgyti \u012fprastu laiku.<\/p>\n<p><img decoding=\"async\" src=\"https:\/\/b2b.innpro.pl\/data\/include\/cms\/Rojeco\/RWSQ-02\/8.jpg\" alt=\"Rojeco\/RWSQ-02\/8\"><\/p>\n<h3>Prakti\u0161kas u\u017eraktas ir patogus valdymas<\/h3>\n<p>Prakti\u0161kas u\u017erakto mechanizmas pa\u0161alina rizik\u0105, kad j\u016bs\u0173 augintinis nety\u010dia atidarys dangtel\u012f. Nor\u0117dami papildyti maist\u0105, naudokite special\u0173 jungikl\u012f. Naudodami \u0161\u012f sprendim\u0105 galite b\u016bti tikri, kad j\u016bs\u0173 augintinis laikosi sveikos mitybos ir neu\u017ekand\u017eiauja tarp valgym\u0173. Be to, prakti\u0161ki mygtukai ir lengvai \u012fskaitomas ekranas leid\u017eia lengvai valdyti.<\/p>\n<p><img decoding=\"async\" src=\"https:\/\/b2b.innpro.pl\/data\/include\/cms\/Rojeco\/RWSQ-02\/1.jpg\" alt=\"Rojeco\/RWSQ-02\/1\"><\/p>\n<h3>Galvojant apie j\u016bs\u0173 augintinio saugum\u0105<\/h3>\n<p>Maisto duben\u0117lis pagamintas i\u0161 304 ner\u016bdijan\u010dio plieno ir maistui tinkamos med\u017eiagos, tod\u0117l jis atsparus riebal\u0173 kaupimuisi ir korozijai, ta\u010diau saugus j\u016bs\u0173 augintiniui. Jums nebus problema j\u012f \u0161variai palaikyti.<\/p>\n<p><img decoding=\"async\" src=\"https:\/\/b2b.innpro.pl\/data\/include\/cms\/Rojeco\/RWSQ-02\/4.jpg\" alt=\"Rojeco\/RWSQ-02\/4\"><\/p>\n<h3>Patogu naudoti<\/h3>\n<p>Atskiri dozatoriaus komponentai gali b\u016bti patogiai i\u0161ardomi ir plaunami tekan\u010diu vandeniu, kad b\u016bt\u0173 veiksmingai pa\u0161alintos bakterijos. Permatomas maisto konteineris leid\u017eia patikrinti likus\u012f maisto kiek\u012f. Tai leid\u017eia lengvai patikrinti, kada reikia papildyti. Be to, \u012frenginyje yra \u0161viesos indikatoriai, kurie teikia svarbi\u0105 informacij\u0105 apie i\u0161sikrovusi\u0105 baterij\u0105, ma\u017e\u0105 pa\u0161ar\u0173 kiek\u012f ir galim\u0105 maisto u\u017esikim\u0161im\u0105.<\/p>\n<p><img decoding=\"async\" src=\"https:\/\/b2b.innpro.pl\/data\/include\/cms\/Rojeco\/RWSQ-02\/6.jpg\" alt=\"Rojeco\/RWSQ-02\/6\"><\/p>\n<h3>D\u0117mesys detal\u0117ms<\/h3>\n<p>\u012erenginyje naudojama sistema, kuri neleid\u017eia maistui \u012fstrigti ir automati\u0161kai pakei\u010dia sukimosi krypt\u012f, kai maistas u\u017estringa. Naudojamas sprendimas pa\u0161alina u\u017esikim\u0161im\u0173 rizik\u0105 ir u\u017etikrina nuolatin\u0119 prieig\u0105 prie maisto. Be to, novatori\u0161ka sistema, sudaryta i\u0161 mink\u0161t\u0173 silikonini\u0173 menteli\u0173 ir rotoriaus varom\u0173 peili\u0173, suma\u017eina mechanizmo u\u017estrigimo rizik\u0105. Dozatorius taip pat turi pa\u0161ar\u0173 padavimo ang\u0105, o padidintas pasvirimo kampas leid\u017eia lengvai i\u0161leisti iki 16 mm gr\u016bdus i\u0161 konteinerio. D\u0117l to prietaisas garantuoja reguliar\u0173 maitinim\u0105, o tai rei\u0161kia j\u016bs\u0173 augintinio komfort\u0105 ir sveikat\u0105.<\/p>\n<p><img decoding=\"async\" src=\"https:\/\/b2b.innpro.pl\/data\/include\/cms\/Rojeco\/RWSQ-02\/7.jpg\" alt=\"Rojeco\/RWSQ-02\/7\"><\/p>\n<h3>\u012etraukta:<\/h3>\n<ul>\n<li>Ind\u0117lis<\/li>\n<li>Maisto duben\u0117lis<\/li>\n<li>Duben\u0117lio pad\u0117klas<\/li>\n<li>Indelio dangtis<\/li>\n<li>Ner\u016bdijan\u010dio plieno duben\u0117lis<\/li>\n<li>1,5 m ilgio USB laidas<\/li>\n<li>ES adapteris<\/li>\n<li>Naudotojo vadovas<\/li>\n<\/ul>\n<div class=\"table-wrapper\">\n<table>\n<tbody>\n<tr>\n<th>Gamintojas<\/th>\n<td>Rojeco<\/td>\n<\/tr>\n<tr>\n<th>Modelis<\/th>\n<td>RWSQ-02<\/td>\n<\/tr>\n<tr>\n<th>Talpa<\/th>\n<td>2 l<\/td>\n<\/tr>\n<tr>\n<th>\u012evestis<\/th>\n<td>5 V nuolatin\u0117 srov\u0117 = 1 A<\/td>\n<\/tr>\n<tr>\n<th>Maitinimo \u0161altinis<\/th>\n<td>4 AA baterijos (nepridedamos)<\/td>\n<\/tr>\n<tr>\n<th>Med\u017eiaga<\/th>\n<td>ABS<\/td>\n<\/tr>\n<tr>\n<th>Matmenys<\/th>\n<td>250 x 166 x 285 mm<\/td>\n<\/tr>\n<tr>\n<th>Svoris<\/th>\n<td>ma\u017edaug 1 kg<\/td>\n<\/tr>\n<\/tbody>\n<\/table>\n<\/div>\n","protected":false},"excerpt":{"rendered":"<p>\u201eRojeco\u201c i\u0161manusis 2 l namini\u0173 gyv\u016bn\u0117li\u0173 \u0161\u0117ryklos mygtukin\u0117 versija Rinkit\u0117s \u201eRojeco\u201c si\u016blom\u0105 sprendim\u0105, kad pasir\u016bpintum\u0117te tinkama savo augintinio mityba. I\u0161manusis namini\u0173 gyv\u016bn\u0117li\u0173 \u0117dalo dozatorius turi 2 litr\u0173 talpos ind\u0105, kuriame maisto gali u\u017etekti net 10 dien\u0173. Naudodami specialius mygtukus, suplanuosite \u0161\u0117rimo laik\u0105 ir dienos maitinim\u0173 skai\u010di\u0173. \u012erenginys neleid\u017eia maistui \u012fstrigti, o prakti\u0161ki indikatoriai suteikia svarbios [&#8230;]\n","protected":false},"featured_media":16310,"comment_status":"open","ping_status":"closed","template":"","meta":[],"product_brand":[533],"product_cat":[1031],"product_tag":[],"class_list":{"0":"post-16309","1":"product","2":"type-product","3":"status-publish","4":"has-post-thumbnail","6":"product_brand-rojeco","7":"product_cat-bowls","9":"first","10":"outofstock","11":"taxable","12":"shipping-taxable","13":"purchasable","14":"product-type-simple"},"aioseo_notices":[],"_links":{"self":[{"href":"https:\/\/asura.lv\/lt\/wp-json\/wp\/v2\/product\/16309","targetHints":{"allow":["GET"]}}],"collection":[{"href":"https:\/\/asura.lv\/lt\/wp-json\/wp\/v2\/product"}],"about":[{"href":"https:\/\/asura.lv\/lt\/wp-json\/wp\/v2\/types\/product"}],"replies":[{"embeddable":true,"href":"https:\/\/asura.lv\/lt\/wp-json\/wp\/v2\/comments?post=16309"}],"wp:featuredmedia":[{"embeddable":true,"href":"https:\/\/asura.lv\/lt\/wp-json\/wp\/v2\/media\/16310"}],"wp:attachment":[{"href":"https:\/\/asura.lv\/lt\/wp-json\/wp\/v2\/media?parent=16309"}],"wp:term":[{"taxonomy":"product_brand","embeddable":true,"href":"https:\/\/asura.lv\/lt\/wp-json\/wp\/v2\/product_brand?post=16309"},{"taxonomy":"product_cat","embeddable":true,"href":"https:\/\/asura.lv\/lt\/wp-json\/wp\/v2\/product_cat?post=16309"},{"taxonomy":"product_tag","embeddable":true,"href":"https:\/\/asura.lv\/lt\/wp-json\/wp\/v2\/product_tag?post=16309"}],"curies":[{"name":"wp","href":"https:\/\/api.w.org\/{rel}","templated":true}]}}