{"id":16489,"date":"2025-11-28T23:06:44","date_gmt":"2025-11-28T23:06:44","guid":{"rendered":"https:\/\/asura.lv\/product\/zero-clear-halolock-esr-case-for-iphone-16-plus-black\/"},"modified":"2025-12-12T15:52:19","modified_gmt":"2025-12-12T13:52:19","slug":"zero-clear-halolock-esr-case-for-iphone-16-plus-black","status":"publish","type":"product","link":"https:\/\/asura.lv\/lt\/produktas\/zero-clear-halolock-esr-case-for-iphone-16-plus-black\/","title":{"rendered":"\u201eZero Clear\u201c (\u201eHaloLock\u201c) ESR d\u0117klas, skirtas \u201eiPhone 16 Plus\u201c (juodas)"},"content":{"rendered":"<h3>ESR \u201eZero Clear\u201c (\u201eHaloLock\u201c) d\u0117klas, skirtas \u201eiPhone 16 Plus\u201c (juodas)<\/h3>\n<p>ESR \u201eMagSafe\u201c d\u0117klas \u2013 tai unikalus minimalizmo ir apsaugos derinys, sukurtas specialiai vartotojams, kurie vertina nat\u016brali\u0105 telefono naudojimo patirt\u012f. Vos 25,5 gramo svorio ir 1,2 mm storio d\u0117klas suteikia apsaug\u0105 neprid\u0117damas papildomo svorio \u201eiPhone\u201c, i\u0161laikant original\u0173 dizain\u0105 ir lengvum\u0105.<\/p>\n<p>\n<img decoding=\"async\" border=\"0\" src=\"https:\/\/assets.innpro.pl\/10757\/12675\/1.jpg\"\/>\n<\/p>\n<h3>Patogus ir saugus sukibimas<\/h3>\n<p>Pagamintas i\u0161 auk\u0161tos kokyb\u0117s TPU med\u017eiagos, ESR d\u0117klas u\u017etikrina patog\u0173 ir saug\u0173 sukibim\u0105, kuris neleid\u017eia telefonui nety\u010dia i\u0161slysti i\u0161 rankos. Lygus, malonus liesti pavir\u0161ius leid\u017eia telefonui puikiai priglusti prie rankos, o d\u0117klas apsaugo j\u012f nuo \u012fbr\u0117\u017eim\u0173 ir kasdienio nusid\u0117v\u0117jimo.<\/p>\n<p>\n<img decoding=\"async\" border=\"0\" src=\"https:\/\/assets.innpro.pl\/10757\/12675\/6.jpg\"\/>\n<\/p>\n<h3>Suderinamumas su \u201eMagSafe\u201c ir stipr\u016bs magnetai<\/h3>\n<p>Integruotas magnetinis \u017eiedas, kurio traukos j\u0117ga yra 1200 gf, leid\u017eia stabiliai pritvirtinti telefon\u0105 prie \u201eMagSafe\u201c \u012fkrovikli\u0173 ir kit\u0173 magnetini\u0173 pried\u0173. Tai rei\u0161kia, kad galite lengvai belaid\u017eiu b\u016bdu \u012fkrauti telefon\u0105 ir naudoti automobilio laikiklius ar stovus, b\u016bdami tikri, kad j\u016bs\u0173 telefonas stabiliai laikysis vietoje.<\/p>\n<p>\n<img decoding=\"async\" border=\"0\" src=\"https:\/\/assets.innpro.pl\/10757\/12675\/3.jpg\"\/>\n<\/p>\n<h3>Karinio lygio apsauga<\/h3>\n<p>ESR MagSafe itin plonas d\u0117klas si\u016blo karinio lygio apsaug\u0105, tai rei\u0161kia, kad jis yra sutvirtintas specialiais \u201eAir Guard\u201c kampais, kurie sugeria sm\u016bgius, kai telefonas nukrenta. Tai apsaugo j\u016bs\u0173 telefon\u0105 nuo mechanini\u0173 pa\u017eeidim\u0173 ir suteikia jums ramyb\u0119, kad jis saugus net ir at\u0161iauriomis s\u0105lygomis.<\/p>\n<p>\n<img decoding=\"async\" border=\"0\" src=\"https:\/\/assets.innpro.pl\/10757\/12675\/5.jpg\"\/>\n<\/p>\n<h3>Pakelti kra\u0161tai papildomai apsaugai<\/h3>\n<p>D\u0117klas sukurtas su pakeltais kra\u0161tais, kurie apsaugo ekran\u0105 ir kamer\u0105 nuo \u012fbr\u0117\u017eim\u0173, kai telefonas padedamas ant lygaus pavir\u0161iaus. Kra\u0161tai aplink ekran\u0105 yra pakelti 1 mm, o aplink kamer\u0105 \u2013 0,7 mm, taip sukuriant papildom\u0105 apsaugin\u012f barjer\u0105, neribojant prieigos prie telefono funkcij\u0173.<\/p>\n<p>\n<img decoding=\"async\" border=\"0\" src=\"https:\/\/assets.innpro.pl\/10757\/12675\/2.jpg\"\/>\n<\/p>\n<div class=\"table-wrapper\">\n<p>B\u00a0<\/p>\n<h3><\/h3>\n<table>\n<tbody>\n<tr>\n<th>Gamintojas<\/th>\n<td>ESR<\/td>\n<\/tr>\n<tr>\n<th>Modelis<\/th>\n<td>1A7720202<\/td>\n<\/tr>\n<tr>\n<th>Spalva<\/th>\n<td>juoda<\/td>\n<\/tr>\n<tr>\n<th>Storis<\/th>\n<td>1,22 mm<\/td>\n<\/tr>\n<tr>\n<th>Suderinamas su \u201eMagSafe\u201c<\/th>\n<td>taip<\/td>\n<\/tr>\n<tr>\n<th>Svoris<\/th>\n<td>25,5 g<\/td>\n<\/tr>\n<tr>\n<th>Med\u017eiaga<\/th>\n<td>TPU<\/td>\n<\/tr>\n<tr>\n<th>Suderinamumas<\/th>\n<td>\u201eiPhone 16 Plus\u201c<\/td>\n<\/tr>\n<\/tbody>\n<\/table>\n<\/div>\n","protected":false},"excerpt":{"rendered":"<p>ESR \u201eZero Clear\u201c (\u201eHaloLock\u201c) d\u0117klas, skirtas \u201eiPhone 16 Plus\u201c (juodas) ESR \u201eMagSafe\u201c d\u0117klas \u2013 tai unikalus minimalizmo ir apsaugos derinys, sukurtas specialiai vartotojams, kurie vertina nat\u016brali\u0105 telefono naudojimo patirt\u012f. Vos 25,5 gramo svorio ir 1,2 mm storio d\u0117klas suteikia apsaug\u0105 neprid\u0117damas papildomo svorio \u201eiPhone\u201c, i\u0161laikant original\u0173 dizain\u0105 ir lengvum\u0105. Patogus ir saugus sukibimas Pagamintas i\u0161 [&#8230;]\n","protected":false},"featured_media":16490,"comment_status":"open","ping_status":"closed","template":"","meta":[],"product_brand":[500],"product_cat":[1250],"product_tag":[],"class_list":{"0":"post-16489","1":"product","2":"type-product","3":"status-publish","4":"has-post-thumbnail","6":"product_brand-esr","7":"product_cat-protective-cases-for-smartphones-cases-gsm-accessories","9":"first","10":"outofstock","11":"taxable","12":"shipping-taxable","13":"purchasable","14":"product-type-simple"},"aioseo_notices":[],"_links":{"self":[{"href":"https:\/\/asura.lv\/lt\/wp-json\/wp\/v2\/product\/16489","targetHints":{"allow":["GET"]}}],"collection":[{"href":"https:\/\/asura.lv\/lt\/wp-json\/wp\/v2\/product"}],"about":[{"href":"https:\/\/asura.lv\/lt\/wp-json\/wp\/v2\/types\/product"}],"replies":[{"embeddable":true,"href":"https:\/\/asura.lv\/lt\/wp-json\/wp\/v2\/comments?post=16489"}],"wp:featuredmedia":[{"embeddable":true,"href":"https:\/\/asura.lv\/lt\/wp-json\/wp\/v2\/media\/16490"}],"wp:attachment":[{"href":"https:\/\/asura.lv\/lt\/wp-json\/wp\/v2\/media?parent=16489"}],"wp:term":[{"taxonomy":"product_brand","embeddable":true,"href":"https:\/\/asura.lv\/lt\/wp-json\/wp\/v2\/product_brand?post=16489"},{"taxonomy":"product_cat","embeddable":true,"href":"https:\/\/asura.lv\/lt\/wp-json\/wp\/v2\/product_cat?post=16489"},{"taxonomy":"product_tag","embeddable":true,"href":"https:\/\/asura.lv\/lt\/wp-json\/wp\/v2\/product_tag?post=16489"}],"curies":[{"name":"wp","href":"https:\/\/api.w.org\/{rel}","templated":true}]}}