{"id":16501,"date":"2025-11-28T23:06:42","date_gmt":"2025-11-28T23:06:42","guid":{"rendered":"https:\/\/asura.lv\/product\/esr-classic-kickstand-case-with-halolock-for-iphone-14-plus-transparent\/"},"modified":"2025-12-12T15:52:17","modified_gmt":"2025-12-12T13:52:17","slug":"esr-classic-kickstand-case-with-halolock-for-iphone-14-plus-transparent","status":"publish","type":"product","link":"https:\/\/asura.lv\/lt\/produktas\/esr-classic-kickstand-case-with-halolock-for-iphone-14-plus-transparent\/","title":{"rendered":"ESR klasikinis \u201eiPhone 14 Plus\u201c d\u0117klas su stovu ir \u201eHaloLock\u201c u\u017eraktu (skaidrus)"},"content":{"rendered":"<h3>ESR Classic d\u0117klas su stovu ir \u201eHaloLock\u201c, skirtas \u201eiPhone 14 Plus\u201c (skaidrus)<\/h3>\n<p>Suteikite savo \u201eiPhone\u201c geriausi\u0105 apsaug\u0105 ir m\u0117gaukit\u0117s patogiu naudojimu! ESR Classic d\u0117klas su stovu puikiai apsaugo j\u016bs\u0173 \u012frengin\u012f nuo \u012fbr\u0117\u017eim\u0173, sm\u016bgi\u0173 ar pa\u017eeidim\u0173. \u012emontuotas stovas leis jums patogiai \u017ei\u016br\u0117ti vaizdo \u012fra\u0161us ir efektyviai apsaugoti kameros objektyv\u0105. Jis taip pat puikiai tinka \u201eiPhone 14 Plus\u201c ir yra visi\u0161kai suderinamas su visais \u201eMagsafe\u201c priedais.<\/p>\n<p>\n<img decoding=\"async\" border=\"0\" src=\"https:\/\/assets.innpro.pl\/10713\/12627\/1.jpg\"\/>\n<\/p>\n<h3>J\u016bs\u0173 \u201eiPhone\u201c saugumui<\/h3>\n<p>B\u016bkite tikri, kad j\u016bs\u0173 telefonas yra veiksmingai apsaugotas beveik bet kokioje situacijoje! D\u0117klas patikimai apsaugo j\u016bs\u0173 \u012frengin\u012f nuo atsitiktini\u0173 pa\u017eeidim\u0173. Sustiprinti \u201eAir-Guard\u201c kra\u0161tai sugeria kritimo metu atsirandan\u010dius sm\u016bgius ir puikiai amortizuoja kritimus. Pakelti kra\u0161tai dar labiau apsaugo ekran\u0105 ir objektyv\u0105 nuo \u012fbr\u0117\u017eim\u0173, kai i\u0161manusis telefonas guli ant lygaus pavir\u0161iaus.<\/p>\n<p>\n<img decoding=\"async\" border=\"0\" src=\"https:\/\/assets.innpro.pl\/10713\/12627\/2.jpg\"\/>\n<\/p>\n<h3>D\u0117mesys detal\u0117ms<\/h3>\n<p>\u201eClassic Kickstand\u201c d\u0117klas turi \u012fmontuot\u0105, sulankstom\u0105 stov\u0105, kuris leid\u017eia laisvai \u017ei\u016br\u0117ti vaizdo \u012fra\u0161us, skambinti vaizdo skambu\u010diais ar naudoti programas horizontalioje pad\u0117tyje, nelaikant telefono rankoje. Tai idealus sprendimas tiems, kurie vertina patogum\u0105 naudojantis i\u0161maniuoju telefonu. Be to, galite laisvai reguliuoti jo kamp\u0105 nuo 0 iki 85\u00b0!<\/p>\n<p>\n<img decoding=\"async\" border=\"0\" src=\"https:\/\/assets.innpro.pl\/10713\/12627\/3.jpg\"\/>\n<\/p>\n<h3>Puikiai tinka<\/h3>\n<p>D\u0117klas buvo sukurtas galvojant apie \u201eiPhone 14 Plus\u201c. Jis puikiai jam tinka, o tikslios jung\u010di\u0173 i\u0161pjovos suteikia visi\u0161k\u0105 prieig\u0105 prie i\u0161maniojo telefono s\u0105sajos. Taigi galite laisvai \u012fkrauti telefon\u0105 nei\u0161imdami d\u0117klo \u2013 net ir naudodami belaid\u012f \u012fkrovikl\u012f! \u012emontuoti stipr\u016bs magnetai u\u017etikrina, kad \u201eMagsafe\u201c magnetinis priedas puikiai prilipt\u0173 prie j\u016bs\u0173 i\u0161maniojo telefono.<\/p>\n<p>\n<img decoding=\"async\" border=\"0\" src=\"https:\/\/assets.innpro.pl\/10713\/12627\/6.jpg\"\/>\n<\/p>\n<h3>Patvarus dizainas<\/h3>\n<p>D\u0117l tvirtos konstrukcijos ESR Classic Kickstand d\u0117klas gali atlaikyti net sunkiausias s\u0105lygas \u2013 jis atitinka karinio lygio standart\u0105, \u012frodant\u012f jo ypating\u0105 patvarum\u0105. D\u0117klas taip pat i\u0161siskiria atsparumu pageltimui, o tai rei\u0161kia, kad skaidrus dizainas ilgiau i\u0161liks nepriekai\u0161tingas ir esteti\u0161kai patrauklus. Tod\u0117l j\u016bs\u0173 \u201eiPhone\u201c visada atrodys puikiai!<\/p>\n<p>\n<img decoding=\"async\" border=\"0\" src=\"https:\/\/assets.innpro.pl\/10713\/12627\/5.jpg\"\/>\n<\/p>\n<div class=\"table-wrapper\">\n<p>B\u00a0<\/p>\n<h3><\/h3>\n<table>\n<tbody>\n<tr>\n<th>Gamintojas<\/th>\n<td>ESR<\/td>\n<\/tr>\n<tr>\n<th>Gamintojo kodas<\/th>\n<td>1A6090102<\/td>\n<\/tr>\n<tr>\n<th>Spalva<\/th>\n<td>Skaidri<\/td>\n<\/tr>\n<tr>\n<th>Suderinamumas<\/th>\n<td>iPhone 14 Plus<\/td>\n<\/tr>\n<\/tbody>\n<\/table>\n<\/div>\n","protected":false},"excerpt":{"rendered":"<p>ESR Classic d\u0117klas su stovu ir \u201eHaloLock\u201c, skirtas \u201eiPhone 14 Plus\u201c (skaidrus) Suteikite savo \u201eiPhone\u201c geriausi\u0105 apsaug\u0105 ir m\u0117gaukit\u0117s patogiu naudojimu! ESR Classic d\u0117klas su stovu puikiai apsaugo j\u016bs\u0173 \u012frengin\u012f nuo \u012fbr\u0117\u017eim\u0173, sm\u016bgi\u0173 ar pa\u017eeidim\u0173. \u012emontuotas stovas leis jums patogiai \u017ei\u016br\u0117ti vaizdo \u012fra\u0161us ir efektyviai apsaugoti kameros objektyv\u0105. Jis taip pat puikiai tinka \u201eiPhone 14 [&#8230;]\n","protected":false},"featured_media":16502,"comment_status":"open","ping_status":"closed","template":"","meta":[],"product_brand":[500],"product_cat":[1250],"product_tag":[],"class_list":{"0":"post-16501","1":"product","2":"type-product","3":"status-publish","4":"has-post-thumbnail","6":"product_brand-esr","7":"product_cat-protective-cases-for-smartphones-cases-gsm-accessories","9":"first","10":"outofstock","11":"taxable","12":"shipping-taxable","13":"purchasable","14":"product-type-simple"},"aioseo_notices":[],"_links":{"self":[{"href":"https:\/\/asura.lv\/lt\/wp-json\/wp\/v2\/product\/16501","targetHints":{"allow":["GET"]}}],"collection":[{"href":"https:\/\/asura.lv\/lt\/wp-json\/wp\/v2\/product"}],"about":[{"href":"https:\/\/asura.lv\/lt\/wp-json\/wp\/v2\/types\/product"}],"replies":[{"embeddable":true,"href":"https:\/\/asura.lv\/lt\/wp-json\/wp\/v2\/comments?post=16501"}],"wp:featuredmedia":[{"embeddable":true,"href":"https:\/\/asura.lv\/lt\/wp-json\/wp\/v2\/media\/16502"}],"wp:attachment":[{"href":"https:\/\/asura.lv\/lt\/wp-json\/wp\/v2\/media?parent=16501"}],"wp:term":[{"taxonomy":"product_brand","embeddable":true,"href":"https:\/\/asura.lv\/lt\/wp-json\/wp\/v2\/product_brand?post=16501"},{"taxonomy":"product_cat","embeddable":true,"href":"https:\/\/asura.lv\/lt\/wp-json\/wp\/v2\/product_cat?post=16501"},{"taxonomy":"product_tag","embeddable":true,"href":"https:\/\/asura.lv\/lt\/wp-json\/wp\/v2\/product_tag?post=16501"}],"curies":[{"name":"wp","href":"https:\/\/api.w.org\/{rel}","templated":true}]}}