{"id":16795,"date":"2025-11-28T23:05:23","date_gmt":"2025-11-28T23:05:23","guid":{"rendered":"https:\/\/asura.lv\/product\/joyroom-jr-w12-wireless-foldable-watch-charger-black\/"},"modified":"2025-12-12T15:51:13","modified_gmt":"2025-12-12T13:51:13","slug":"joyroom-jr-w12-wireless-foldable-watch-charger-black","status":"publish","type":"product","link":"https:\/\/asura.lv\/lt\/produktas\/joyroom-jr-w12-wireless-foldable-watch-charger-black\/","title":{"rendered":"\u201eJoyroom JR-W12\u201c belaidis sulankstomas laikrod\u017eio \u012fkroviklis (juodas)"},"content":{"rendered":"<h3>Belaidis sulankstomas laikrod\u017eio \u012fkroviklis \u201eJoyroom JR-W12\u201c (juodas).<\/h3>\n<p>Ie\u0161kote tobulo \u201eApple Watch\u201c \u012fkroviklio, kuris derint\u0173 mobilum\u0105 ir funkcionalum\u0105? \u201eJoyroom JR-W12\u201c yra sprendimas, kuris patenkins j\u016bs\u0173 poreikius! Sulankstomas, kompakti\u0161kas \u012fkroviklis u\u017etikrina greit\u0105 ir saug\u0173 \u012fkrovim\u0105 bet kokioje situacijoje \u2013 namuose ar kelyje. Nepriklausomai nuo j\u016bs\u0173 laikrod\u017eio modelio, galite tik\u0117tis visi\u0161ko patogumo ir patikimumo, kad ir kur b\u016btum\u0117te.<\/p>\n<p>\n<img decoding=\"async\" border=\"0\" src=\"https:\/\/assets.innpro.pl\/10337\/12145\/2.jpg\"\/>\n<\/p>\n<h3>Efektyvus \u012fkrovimas dviejose pad\u0117tyse<\/h3>\n<p>Belaidis \u012fkroviklis \u201eJoyroom JR-W12\u201c si\u016blo patikim\u0105 \u201eApple Watch\u201c \u012fkrovim\u0105 dviejose pad\u0117tyse \u2013 tiek vertikalioje, tiek horizontalioje pad\u0117tyje. Jis idealiai tinka naudoti biure, ant naktinio stalelio ar kelyje, u\u017etikrinant, kad visada tur\u0117tum\u0117te visi\u0161k\u0105 prieig\u0105 prie laikrod\u017eio funkcij\u0173, net ir \u012fkrovimo metu. Naktinio re\u017eimo d\u0117ka galite steb\u0117ti laik\u0105 ir prane\u0161imus nenuimdami laikrod\u017eio nuo \u012fkroviklio.<\/p>\n<p>\n<img decoding=\"async\" border=\"0\" src=\"https:\/\/assets.innpro.pl\/10337\/12145\/1.jpg\"\/>\n<\/p>\n<h3>Magnetinis tvirtinimas<\/h3>\n<p>Jums nebereikia jaudintis d\u0117l netikslaus prigludimo. Pa\u017eangi magnetin\u0117 technologija \u201eJoyroom JR-W12\u201c tiksliai sulygiuoja ir pritraukia j\u016bs\u0173 \u201eApple Watch\u201c \u012f tobul\u0105 \u012fkrovimo pad\u0117t\u012f. N52 magnetai u\u017etikrina tvirt\u0105 laikrod\u012f, u\u017etikrindami stabilum\u0105 ir saugum\u0105 net ir dinami\u0161kiausiomis s\u0105lygomis.<\/p>\n<p>\n<img decoding=\"async\" border=\"0\" src=\"https:\/\/assets.innpro.pl\/10337\/12145\/3.jpg\"\/>\n<\/p>\n<h3>Visa galia vos u\u017e pir\u0161t\u0173 galiuk\u0173<\/h3>\n<p>\u201eJoyroom JR-W12\u201c \u012fkroviklis skirtas greitam ir efektyviam vis\u0173 \u201eApple Watch\u201c modeli\u0173, nuo 1 serijos iki naujausio \u201eUltra 2\u201c, \u012fkrovimui. Naudodami pa\u017eangi\u0105 belaid\u017eio \u012fkrovimo technologij\u0105, laikrod\u012f galite \u012fkrauti grei\u010diau \u2013 nuo \u200b\u200b1 valandos ir 45 minu\u010di\u0173 naujesniems modeliams iki 3,5 valandos \u201eApple Watch Ultra\u201c. Nepriklausomai nuo modelio, j\u016bs\u0173 \u012frenginys bus paruo\u0161tas darbui daug grei\u010diau.<\/p>\n<p>\n<img decoding=\"async\" border=\"0\" src=\"https:\/\/assets.innpro.pl\/10337\/12145\/6.jpg\"\/>\n<\/p>\n<h3>Auk\u0161\u010diausio lygio saugumas<\/h3>\n<p>\u201eJoyroom JR-W12\u201c r\u016bpinasi ne tik greitu ir efektyviu \u012fkrovimu, bet ir j\u016bs\u0173 \u012frenginio saugumu. Integruota apsaugos sistema apsaugo j\u016bs\u0173 \u201eApple Watch\u201c nuo perkaitimo, vir\u0161\u012ftampio, srov\u0117s perkrovos, trumpojo jungimo ir perkrovimo. Taigi galite b\u016bti tikri, kad j\u016bs\u0173 laikrodis bus apsaugotas bet kokioje situacijoje.<\/p>\n<p>\n<img decoding=\"async\" border=\"0\" src=\"https:\/\/assets.innpro.pl\/10337\/12145\/4.jpg\"\/>\n<\/p>\n<div class=\"table-wrapper\">\n<p>B\u00a0<\/p>\n<h3><\/h3>\n<table>\n<tbody>\n<tr>\n<th>Gamintojas<\/th>\n<td>Joyroom<\/td>\n<\/tr>\n<tr>\n<th>Modelis<\/th>\n<td>JR-W12<\/td>\n<\/tr>\n<tr>\n<th>Spalva<\/th>\n<td>Juoda<\/td>\n<\/tr>\n<tr>\n<th>Med\u017eiaga<\/th>\n<td>ABS+PC<\/td>\n<\/tr>\n<tr>\n<th>\u012e\u0117jimo srov\u0117<\/th>\n<td>5V\/1A<\/td>\n<\/tr>\n<tr>\n<th>I\u0161vestis Galia<\/th>\n<td>3W<\/td>\n<\/tr>\n<tr>\n<th>Suderinamumas<\/th>\n<td>\u201eApple Watch Series 1-9\u201c \/ \u201eUltra 1-2\u201c \/ \u201eSE\u201c \/ \u201eNike\u201c \/ \u201eHermes\u201c.<\/td>\n<\/tr>\n<tr>\n<th>Matmenys<\/th>\n<td>90 x 90 x 21 mm<\/td>\n<\/tr>\n<tr>\n<th>Svoris<\/th>\n<td>50 g<\/td>\n<\/tr>\n<\/tbody>\n<\/table>\n<\/div>\n","protected":false},"excerpt":{"rendered":"<p>Belaidis sulankstomas laikrod\u017eio \u012fkroviklis \u201eJoyroom JR-W12\u201c (juodas). Ie\u0161kote tobulo \u201eApple Watch\u201c \u012fkroviklio, kuris derint\u0173 mobilum\u0105 ir funkcionalum\u0105? \u201eJoyroom JR-W12\u201c yra sprendimas, kuris patenkins j\u016bs\u0173 poreikius! Sulankstomas, kompakti\u0161kas \u012fkroviklis u\u017etikrina greit\u0105 ir saug\u0173 \u012fkrovim\u0105 bet kokioje situacijoje \u2013 namuose ar kelyje. Nepriklausomai nuo j\u016bs\u0173 laikrod\u017eio modelio, galite tik\u0117tis visi\u0161ko patogumo ir patikimumo, kad ir kur b\u016btum\u0117te. [&#8230;]\n","protected":false},"featured_media":16796,"comment_status":"open","ping_status":"closed","template":"","meta":[],"product_brand":[443],"product_cat":[1322],"product_tag":[],"class_list":{"0":"post-16795","1":"product","2":"type-product","3":"status-publish","4":"has-post-thumbnail","6":"product_brand-joyroom","7":"product_cat-wireless-chargers-chargers-gsm-accessories","9":"first","10":"outofstock","11":"taxable","12":"shipping-taxable","13":"purchasable","14":"product-type-simple"},"aioseo_notices":[],"_links":{"self":[{"href":"https:\/\/asura.lv\/lt\/wp-json\/wp\/v2\/product\/16795","targetHints":{"allow":["GET"]}}],"collection":[{"href":"https:\/\/asura.lv\/lt\/wp-json\/wp\/v2\/product"}],"about":[{"href":"https:\/\/asura.lv\/lt\/wp-json\/wp\/v2\/types\/product"}],"replies":[{"embeddable":true,"href":"https:\/\/asura.lv\/lt\/wp-json\/wp\/v2\/comments?post=16795"}],"wp:featuredmedia":[{"embeddable":true,"href":"https:\/\/asura.lv\/lt\/wp-json\/wp\/v2\/media\/16796"}],"wp:attachment":[{"href":"https:\/\/asura.lv\/lt\/wp-json\/wp\/v2\/media?parent=16795"}],"wp:term":[{"taxonomy":"product_brand","embeddable":true,"href":"https:\/\/asura.lv\/lt\/wp-json\/wp\/v2\/product_brand?post=16795"},{"taxonomy":"product_cat","embeddable":true,"href":"https:\/\/asura.lv\/lt\/wp-json\/wp\/v2\/product_cat?post=16795"},{"taxonomy":"product_tag","embeddable":true,"href":"https:\/\/asura.lv\/lt\/wp-json\/wp\/v2\/product_tag?post=16795"}],"curies":[{"name":"wp","href":"https:\/\/api.w.org\/{rel}","templated":true}]}}