{"id":16873,"date":"2025-11-28T23:05:16","date_gmt":"2025-11-28T23:05:16","guid":{"rendered":"https:\/\/asura.lv\/product\/vention-kubt0-40-protective-case-for-iphone-14-pro-max-transparent\/"},"modified":"2025-12-12T15:51:08","modified_gmt":"2025-12-12T13:51:08","slug":"vention-kubt0-40-protective-case-for-iphone-14-pro-max-transparent","status":"publish","type":"product","link":"https:\/\/asura.lv\/lt\/produktas\/vention-kubt0-40-protective-case-for-iphone-14-pro-max-transparent\/","title":{"rendered":"\u201eVention KUBT0-40\u201c apsauginis d\u0117klas, skirtas \u201eiPhone 14 Pro Max\u201c (skaidrus)"},"content":{"rendered":"<h3>\u201eVention KUBT0-40\u201c apsauginis d\u0117klas, skirtas \u201eiPhone 14 Pro Max\u201c (skaidrus)<\/h3>\n<p>\u201eVention\u201c d\u0117klas \u2013 tai tobulas funkcionalumo ir apsaugos derinys, sukurtas specialiai \u201eiPhone\u201c naudotojams. Skaidrus dizainas u\u017etikrina originalaus \u012frenginio dizaino matomum\u0105 ir apsaugo j\u012f nuo pa\u017eeidim\u0173. D\u0117klas, palaikantis \u201eMagSafe\u201c, puikiai veikia su belaid\u017eiais \u012fkrovikliais, laikikliais ir magnetiniais priedais. Tai puikus kompromisas tarp patogumo ir saugumo!<\/p>\n<p>\n<img decoding=\"async\" border=\"0\" src=\"https:\/\/assets.innpro.pl\/10555\/12403\/1.jpg\"\/>\n<\/p>\n<h3>Visi\u0161kas suderinamumas su \u201eMagSafe\u201c<\/h3>\n<p>Su 38 \u012fmontuotais galingais magnetais \u201eN52\u201c d\u0117klas u\u017etikrina stabil\u0173 ry\u0161\u012f su \u201eMagSafe\u201c priedais. Magnetin\u0117 galia 8N\u20139N diapazone garantuoja tvirt\u0105 \u012frenginio sukibim\u0105 ir apsaugo nuo atsitiktinio atjungimo. Tai idealiai tinka tiems, kurie naudoja belaid\u017eius \u012fkroviklius, i\u0161orines baterijas ar magnetinius laikiklius.<\/p>\n<p>\n<img decoding=\"async\" border=\"0\" src=\"https:\/\/assets.innpro.pl\/10555\/12403\/4.jpg\"\/>\n<\/p>\n<h3>Auk\u0161\u010diausio lygio apsauga<\/h3>\n<p>D\u0117klas pagamintas i\u0161 polikarbonato (PC) ir termoplastinio poliuretano (TPU) derinio, kuris u\u017etikrina puiki\u0105 apsaug\u0105 nuo kritim\u0173, \u012fbr\u0117\u017eim\u0173 ir kasdienio nusid\u0117v\u0117jimo. Trij\u0173 sluoksni\u0173 konstrukcija su pakeltais r\u0117meliais aplink ekran\u0105 ir kamer\u0105 dar labiau apsaugo jautriausias telefono dalis nuo mechanini\u0173 pa\u017eeidim\u0173. Papildomos \u201eoro pagalv\u0117s\u201c kampuose sugeria sm\u016bgio energij\u0105, suma\u017eindamos ekrano \u012ftr\u016bkimo rizik\u0105.<\/p>\n<p>\n<img decoding=\"async\" border=\"0\" src=\"https:\/\/assets.innpro.pl\/10555\/12403\/3.jpg\"\/>\n<\/p>\n<h3>Tiksl\u016bs i\u0161pjovimai ir visas funkcionalumas<\/h3>\n<p>\u201eVention\u201c d\u0117klas buvo sukurtas atsi\u017evelgiant \u012f smulkiausias detales. Tiksl\u016bs i\u0161pjovimai u\u017etikrina lengv\u0105 prieig\u0105 prie vis\u0173 prievad\u0173 ir mygtuk\u0173, o jautr\u016bs \u201espustel\u0117jimo\u201c mygtukai suteikia komfort\u0105 nereikalaujant papildomo spaudimo.<\/p>\n<p>\n<img decoding=\"async\" border=\"0\" src=\"https:\/\/assets.innpro.pl\/10555\/12403\/7.jpg\"\/>\n<\/p>\n<h3>Stilius ir patogumas<\/h3>\n<p>Be puikios apsaugos, \u201eVention\u201c d\u0117klas i\u0161laiko plon\u0105 profil\u012f, tod\u0117l telefonas neatrodo pernelyg storas. \u0160iek tiek u\u017eapvalinti kra\u0161tai ir matin\u0117 tekst\u016bra u\u017etikrina saug\u0173 sukibim\u0105, o tai rei\u0161kia kasdien\u012f komfort\u0105. Be to, auk\u0161tos kokyb\u0117s skaidrios med\u017eiagos naudojimas u\u017etikrina, kad telefonas visada atrodyt\u0173 tvarkingai, o d\u0117klas laikui b\u0117gant nepageltonuot\u0173.<\/p>\n<p>\n<img decoding=\"async\" border=\"0\" src=\"https:\/\/assets.innpro.pl\/10555\/12403\/6.jpg\"\/>\n<\/p>\n<div class=\"table-wrapper\">\n<p>B\u00a0<\/p>\n<h3><\/h3>\n<table>\n<tbody>\n<tr>\n<th>Gamintojas:<\/th>\n<td>Vention<\/td>\n<\/tr>\n<tr>\n<th>Modelis:<\/th>\n<td>KUBT0-40<\/td>\n<\/tr>\n<tr>\n<th>Spalva:<\/th>\n<td>Skaidri<\/td>\n<\/tr>\n<tr>\n<th>Med\u017eiaga:<\/th>\n<td>PC + TPU<\/td>\n<\/tr>\n<tr>\n<th>Suderinamumas:<\/th>\n<td>iPhone 14 Pro Maks.<\/td>\n<\/tr>\n<tr>\n<th>\u201eMagSafe\u201c palaikymas:<\/th>\n<td>Taip<\/td>\n<\/tr>\n<tr>\n<th>Magnetin\u0117 j\u0117ga:<\/th>\n<td>8N\u20139N<\/td>\n<\/tr>\n<tr>\n<th>Magnetai:<\/th>\n<td>N52 x 38<\/td>\n<\/tr>\n<\/tbody>\n<\/table>\n<\/div>\n","protected":false},"excerpt":{"rendered":"<p>\u201eVention KUBT0-40\u201c apsauginis d\u0117klas, skirtas \u201eiPhone 14 Pro Max\u201c (skaidrus) \u201eVention\u201c d\u0117klas \u2013 tai tobulas funkcionalumo ir apsaugos derinys, sukurtas specialiai \u201eiPhone\u201c naudotojams. Skaidrus dizainas u\u017etikrina originalaus \u012frenginio dizaino matomum\u0105 ir apsaugo j\u012f nuo pa\u017eeidim\u0173. D\u0117klas, palaikantis \u201eMagSafe\u201c, puikiai veikia su belaid\u017eiais \u012fkrovikliais, laikikliais ir magnetiniais priedais. Tai puikus kompromisas tarp patogumo ir saugumo! Visi\u0161kas [&#8230;]\n","protected":false},"featured_media":16874,"comment_status":"open","ping_status":"closed","template":"","meta":[],"product_brand":[474],"product_cat":[1250],"product_tag":[],"class_list":{"0":"post-16873","1":"product","2":"type-product","3":"status-publish","4":"has-post-thumbnail","6":"product_brand-vention","7":"product_cat-protective-cases-for-smartphones-cases-gsm-accessories","9":"first","10":"outofstock","11":"taxable","12":"shipping-taxable","13":"purchasable","14":"product-type-simple"},"aioseo_notices":[],"_links":{"self":[{"href":"https:\/\/asura.lv\/lt\/wp-json\/wp\/v2\/product\/16873","targetHints":{"allow":["GET"]}}],"collection":[{"href":"https:\/\/asura.lv\/lt\/wp-json\/wp\/v2\/product"}],"about":[{"href":"https:\/\/asura.lv\/lt\/wp-json\/wp\/v2\/types\/product"}],"replies":[{"embeddable":true,"href":"https:\/\/asura.lv\/lt\/wp-json\/wp\/v2\/comments?post=16873"}],"wp:featuredmedia":[{"embeddable":true,"href":"https:\/\/asura.lv\/lt\/wp-json\/wp\/v2\/media\/16874"}],"wp:attachment":[{"href":"https:\/\/asura.lv\/lt\/wp-json\/wp\/v2\/media?parent=16873"}],"wp:term":[{"taxonomy":"product_brand","embeddable":true,"href":"https:\/\/asura.lv\/lt\/wp-json\/wp\/v2\/product_brand?post=16873"},{"taxonomy":"product_cat","embeddable":true,"href":"https:\/\/asura.lv\/lt\/wp-json\/wp\/v2\/product_cat?post=16873"},{"taxonomy":"product_tag","embeddable":true,"href":"https:\/\/asura.lv\/lt\/wp-json\/wp\/v2\/product_tag?post=16873"}],"curies":[{"name":"wp","href":"https:\/\/api.w.org\/{rel}","templated":true}]}}